{"id":4010,"date":"2021-10-17T10:20:40","date_gmt":"2021-10-17T10:20:40","guid":{"rendered":"http:\/\/ee.mlfmonde.org\/bata-sogea\/?page_id=4010"},"modified":"2021-10-23T06:19:32","modified_gmt":"2021-10-23T06:19:32","slug":"la-grande-lessive","status":"publish","type":"page","link":"https:\/\/ee.mlfmonde.org\/bata-sogea\/la-grande-lessive\/","title":{"rendered":"La Grande Lessive"},"content":{"rendered":"<table>\n<tbody>\n<tr>\n<td width=\"302\">\n<div class=\"fusion-title title fusion-title-1 fusion-sep-none fusion-title-center fusion-title-text fusion-title-size-two fusion-border-below-title\">\n<p><strong><em>La Grande Lessive<\/em>, c\u2019est quoi ?<\/strong><br \/>\n<strong>C\u2019est une installation artistique \u00e9ph\u00e9m\u00e8re sur un th\u00e8me donn\u00e9.<br \/>\n11,6 millions de participants, 118 pays, 5 continents ont particip\u00e9 \u00e0 cette 30e \u00e9dition !<\/strong><\/p>\n<p><strong><em>Tous des oiseaux ?<\/em><\/strong><br \/>\n<em style=\"font-family: inherit;font-size: inherit;font-weight: 400\">Et si nous \u00e9tions tous des oiseaux\u00a0? La question est d\u2019actualit\u00e9 parce que \u00ab\u00a0les oiseaux ne volent bien que contre le vent\u00a0\u00bb, parce que ceux qui se posent ici aujourd\u2019hui iront ailleurs demain et que nous r\u00eavons d\u2019\u00eatre des leurs pour nous soustraire \u00e0 la gravit\u00e9 et au confinement, \u00ab\u00a0parce que la po\u00e9sie tient de l\u2019oiseau\u00a0\u00bb selon Victor Hugo\u00a0: filons ensemble des m\u00e9taphores, inventons des images et diversifions les repr\u00e9sentations de volatiles.<\/em><\/p>\n<\/div>\n<div class=\"fusion-text\">\n<p>Tel est le projet artistique sur lequel nos \u00e9l\u00e8ves de primaire ont planch\u00e9, avec beaucoup d&rsquo;inspiration et de r\u00e9ussite. Bravo \u00e0 eux et \u00e0 leurs professeurs !<br \/>\nCi-dessous, quelques exemples de r\u00e9alisations de nos artistes en culotte courte.<\/p>\n<\/div>\n<\/td>\n<td width=\"302\"><img fetchpriority=\"high\" decoding=\"async\" class=\"wp-image-4011 size-full alignright\" src=\"http:\/\/ee.mlfmonde.org\/bata-sogea\/wp-content\/uploads\/sites\/16\/2021\/10\/La-Grande-Lessive-20-21.jpg\" alt=\"\" width=\"708\" height=\"355\" srcset=\"https:\/\/ee.mlfmonde.org\/bata-sogea\/wp-content\/uploads\/sites\/16\/2021\/10\/La-Grande-Lessive-20-21.jpg 708w, https:\/\/ee.mlfmonde.org\/bata-sogea\/wp-content\/uploads\/sites\/16\/2021\/10\/La-Grande-Lessive-20-21-300x150.jpg 300w\" sizes=\"(max-width: 708px) 100vw, 708px\" \/><\/td>\n<\/tr>\n<\/tbody>\n<\/table>\n<p>&nbsp;<\/p>\n\n\t\t<style type=\"text\/css\">\n\t\t\t#gallery-1 {\n\t\t\t\tmargin: auto;\n\t\t\t}\n\t\t\t#gallery-1 .gallery-item {\n\t\t\t\tfloat: left;\n\t\t\t\tmargin-top: 10px;\n\t\t\t\ttext-align: center;\n\t\t\t\twidth: 16%;\n\t\t\t}\n\t\t\t#gallery-1 img {\n\t\t\t\tborder: 2px solid #cfcfcf;\n\t\t\t}\n\t\t\t#gallery-1 .gallery-caption {\n\t\t\t\tmargin-left: 0;\n\t\t\t}\n\t\t\t\/* see gallery_shortcode() in wp-includes\/media.php *\/\n\t\t<\/style>\n\t\t<div id='gallery-1' class='gallery galleryid-4010 gallery-columns-6 gallery-size-thumbnail'><dl class='gallery-item'>\n\t\t\t<dt class='gallery-icon landscape'>\n\t\t\t\t<a class=\"grouped_elements\" rel=\"tc-fancybox-group\" href=\"https:\/\/ee.mlfmonde.org\/bata-sogea\/wp-content\/uploads\/sites\/16\/2021\/10\/La-Grande-Lessive-Maria-CM1.jpg\" title=\"La Grande Lessive Maria CM1\"><img decoding=\"async\" width=\"150\" height=\"150\" src=\"https:\/\/ee.mlfmonde.org\/bata-sogea\/wp-content\/uploads\/sites\/16\/2021\/10\/La-Grande-Lessive-Maria-CM1-150x150.jpg\" class=\"attachment-thumbnail size-thumbnail\" alt=\"\" \/><\/a>\n\t\t\t<\/dt><\/dl><dl class='gallery-item'>\n\t\t\t<dt class='gallery-icon landscape'>\n\t\t\t\t<a class=\"grouped_elements\" rel=\"tc-fancybox-group\" href=\"https:\/\/ee.mlfmonde.org\/bata-sogea\/wp-content\/uploads\/sites\/16\/2021\/10\/La-Grande-Lessive-Drolma-CE1.jpg\" title=\"La Grande Lessive Drolma CE1\"><img decoding=\"async\" width=\"150\" height=\"150\" src=\"https:\/\/ee.mlfmonde.org\/bata-sogea\/wp-content\/uploads\/sites\/16\/2021\/10\/La-Grande-Lessive-Drolma-CE1-150x150.jpg\" class=\"attachment-thumbnail size-thumbnail\" alt=\"\" \/><\/a>\n\t\t\t<\/dt><\/dl><dl class='gallery-item'>\n\t\t\t<dt class='gallery-icon landscape'>\n\t\t\t\t<a class=\"grouped_elements\" rel=\"tc-fancybox-group\" href=\"https:\/\/ee.mlfmonde.org\/bata-sogea\/wp-content\/uploads\/sites\/16\/2021\/10\/La-Grande-Lessive-Amira-CM2.jpg\" title=\"La Grande Lessive Amira CM2\"><img loading=\"lazy\" decoding=\"async\" width=\"150\" height=\"150\" src=\"https:\/\/ee.mlfmonde.org\/bata-sogea\/wp-content\/uploads\/sites\/16\/2021\/10\/La-Grande-Lessive-Amira-CM2-150x150.jpg\" class=\"attachment-thumbnail size-thumbnail\" alt=\"\" \/><\/a>\n\t\t\t<\/dt><\/dl><dl class='gallery-item'>\n\t\t\t<dt class='gallery-icon portrait'>\n\t\t\t\t<a class=\"grouped_elements\" rel=\"tc-fancybox-group\" href=\"https:\/\/ee.mlfmonde.org\/bata-sogea\/wp-content\/uploads\/sites\/16\/2021\/10\/La-Grande-Lessive-Ali-CM2.jpg\" title=\"La Grande Lessive Ali CM2\"><img loading=\"lazy\" decoding=\"async\" width=\"150\" height=\"150\" src=\"https:\/\/ee.mlfmonde.org\/bata-sogea\/wp-content\/uploads\/sites\/16\/2021\/10\/La-Grande-Lessive-Ali-CM2-150x150.jpg\" class=\"attachment-thumbnail size-thumbnail\" alt=\"\" \/><\/a>\n\t\t\t<\/dt><\/dl><dl class='gallery-item'>\n\t\t\t<dt class='gallery-icon portrait'>\n\t\t\t\t<a class=\"grouped_elements\" rel=\"tc-fancybox-group\" href=\"https:\/\/ee.mlfmonde.org\/bata-sogea\/wp-content\/uploads\/sites\/16\/2021\/10\/La-Grande-Lessive-Th\u00e9o-PS.jpg\" title=\"La Grande Lessive Th\u00e9o PS\"><img loading=\"lazy\" decoding=\"async\" width=\"150\" height=\"150\" src=\"https:\/\/ee.mlfmonde.org\/bata-sogea\/wp-content\/uploads\/sites\/16\/2021\/10\/La-Grande-Lessive-Th\u00e9o-PS-150x150.jpg\" class=\"attachment-thumbnail size-thumbnail\" alt=\"\" \/><\/a>\n\t\t\t<\/dt><\/dl><dl class='gallery-item'>\n\t\t\t<dt class='gallery-icon portrait'>\n\t\t\t\t<a class=\"grouped_elements\" rel=\"tc-fancybox-group\" href=\"https:\/\/ee.mlfmonde.org\/bata-sogea\/wp-content\/uploads\/sites\/16\/2021\/10\/La-Grande-Lessive-Tracy-PS.jpg\" title=\"La Grande Lessive Tracy PS\"><img loading=\"lazy\" decoding=\"async\" width=\"150\" height=\"150\" src=\"https:\/\/ee.mlfmonde.org\/bata-sogea\/wp-content\/uploads\/sites\/16\/2021\/10\/La-Grande-Lessive-Tracy-PS-150x150.jpg\" class=\"attachment-thumbnail size-thumbnail\" alt=\"\" \/><\/a>\n\t\t\t<\/dt><\/dl><br style=\"clear: both\" \/>\n\t\t<\/div>\n\n","protected":false},"excerpt":{"rendered":"<p>La Grande Lessive, c\u2019est quoi ? C\u2019est une installation artistique \u00e9ph\u00e9m\u00e8re sur un th\u00e8me donn\u00e9. 11,6 millions de participants, 118 pays, 5 continents ont particip\u00e9 \u00e0 cette 30e \u00e9dition ! Tous des oiseaux ? Et si nous \u00e9tions tous des oiseaux\u00a0? La question est d\u2019actualit\u00e9 parce que \u00ab\u00a0les oiseaux ne volent bien que contre le [&hellip;]<\/p>\n","protected":false},"author":115,"featured_media":0,"parent":0,"menu_order":0,"comment_status":"closed","ping_status":"closed","template":"","meta":{"_acf_changed":false,"footnotes":""},"class_list":["post-4010","page","type-page","status-publish","czr-hentry"],"acf":[],"_links":{"self":[{"href":"https:\/\/ee.mlfmonde.org\/bata-sogea\/wp-json\/wp\/v2\/pages\/4010","targetHints":{"allow":["GET"]}}],"collection":[{"href":"https:\/\/ee.mlfmonde.org\/bata-sogea\/wp-json\/wp\/v2\/pages"}],"about":[{"href":"https:\/\/ee.mlfmonde.org\/bata-sogea\/wp-json\/wp\/v2\/types\/page"}],"author":[{"embeddable":true,"href":"https:\/\/ee.mlfmonde.org\/bata-sogea\/wp-json\/wp\/v2\/users\/115"}],"replies":[{"embeddable":true,"href":"https:\/\/ee.mlfmonde.org\/bata-sogea\/wp-json\/wp\/v2\/comments?post=4010"}],"version-history":[{"count":13,"href":"https:\/\/ee.mlfmonde.org\/bata-sogea\/wp-json\/wp\/v2\/pages\/4010\/revisions"}],"predecessor-version":[{"id":4088,"href":"https:\/\/ee.mlfmonde.org\/bata-sogea\/wp-json\/wp\/v2\/pages\/4010\/revisions\/4088"}],"wp:attachment":[{"href":"https:\/\/ee.mlfmonde.org\/bata-sogea\/wp-json\/wp\/v2\/media?parent=4010"}],"curies":[{"name":"wp","href":"https:\/\/api.w.org\/{rel}","templated":true}]}}