{"id":3855,"date":"2021-07-15T08:32:05","date_gmt":"2021-07-15T08:32:05","guid":{"rendered":"http:\/\/ee.mlfmonde.org\/bata-sogea\/?page_id=3855"},"modified":"2021-07-24T04:53:50","modified_gmt":"2021-07-24T04:53:50","slug":"lecole-francaise-de-bata-centre-de-projection-du-festival-festimaj-du-15-nov-au-15-dec-2021","status":"publish","type":"page","link":"https:\/\/ee.mlfmonde.org\/bata-sogea\/lecole-francaise-de-bata-centre-de-projection-du-festival-festimaj-du-15-nov-au-15-dec-2021\/","title":{"rendered":"Notre \u00e9cole sera centre de projection FESTIMAJ, du 15-11 au 15-12-2021"},"content":{"rendered":"<p><img fetchpriority=\"high\" decoding=\"async\" class=\"wp-image-3857 size-full alignright\" src=\"http:\/\/ee.mlfmonde.org\/bata-sogea\/wp-content\/uploads\/sites\/16\/2021\/07\/Affiche-festimaj.jpg\" alt=\"\" width=\"567\" height=\"460\" srcset=\"https:\/\/ee.mlfmonde.org\/bata-sogea\/wp-content\/uploads\/sites\/16\/2021\/07\/Affiche-festimaj.jpg 567w, https:\/\/ee.mlfmonde.org\/bata-sogea\/wp-content\/uploads\/sites\/16\/2021\/07\/Affiche-festimaj-300x243.jpg 300w\" sizes=\"(max-width: 567px) 100vw, 567px\" \/><\/p>\n<p>&nbsp;<\/p>\n<p>L&rsquo;\u00e9cole fran\u00e7aise de Bata participera, du 15 novembre au 15 d\u00e9cembre 2021, \u00e0 la projection d&rsquo;une exceptionnelle \u00e9dition r\u00e9trospective de films d&rsquo;\u00e9cole, \u00e0 l&rsquo;occasion des 18 ans de FESTIMAJ, notre festival du court m\u00e9trage pr\u00e9f\u00e9r\u00e9 !<\/p>\n<p>Nous profitons de cette annonce pour vous faire part d&rsquo;une excellente nouvelle : <span style=\"color: #000000\"><em><strong>Le Bon et le M\u00e9chant<\/strong><\/em><\/span>, notre film en comp\u00e9tition en 2020, apr\u00e8s avoir \u00e9t\u00e9 visionn\u00e9 dans de nombreuses salles \u00e0 travers le monde, a \u00e9t\u00e9 <strong>nomin\u00e9 par le public international !<\/strong> Voir la liste des nominations du public :\u00a0<span style=\"color: #0000ff\"><a style=\"color: #0000ff\" href=\"http:\/\/ee.mlfmonde.org\/bata-sogea\/wp-content\/uploads\/sites\/16\/2021\/07\/FILMS-S\u00c9LECTIONN\u00c9S-MONDE-FESTIMAJ-2020.pdf\" target=\"_blank\" rel=\"noopener\">ici<\/a><\/span><strong><br \/>\n<\/strong><br \/>\nCe prix du public est une magnifique (certains diront la plus belle) reconnaissance du travail accompli par nos \u00e9l\u00e8ves.<\/p>\n<p>Pour clore ce concours, un jury de professionnels se r\u00e9unira le <strong>19 novembre 2021<\/strong>, sous la pr\u00e9sidence de <strong>Christophe Switzer<\/strong>, pour d\u00e9signer les laur\u00e9ats 2020. Et m\u00eame si nous sommes d&rsquo;ores et d\u00e9j\u00e0 tr\u00e8s heureux de notre succ\u00e8s, nous n&rsquo;avons rien contre une \u00e9ventuelle nomination du jury. Croisons les doigts !<\/p>\n<p>Petite s\u00e9ance de rattrapage pour celles et ceux qui auraient manqu\u00e9 notre court m\u00e9trage nomin\u00e9 par le public :<\/p>\n<p><em><strong>Le Bon et le M\u00e9chant<\/strong><\/em> :\u00a0<strong><a href=\"https:\/\/ee.mlfmonde.org\/bata-sogea\/notre-adaptation-du-conte-le-bon-et-le-mechant-bientot-sur-vos-ecrans\/\" target=\"_blank\" rel=\"noopener\">La gen\u00e8se du film<\/a><span style=\"color: #000000\">\u00a0&#8211;\u00a0<\/span><\/strong><a href=\"https:\/\/www.youtube.com\/watch?v=yue26gTCZEQ&amp;list=UURLdOvq32kUDSHmXrqTSvkw&amp;index=3\" target=\"_blank\" rel=\"noopener\"><strong>Le film<\/strong><\/a><\/p>\n","protected":false},"excerpt":{"rendered":"<p>&nbsp; L&rsquo;\u00e9cole fran\u00e7aise de Bata participera, du 15 novembre au 15 d\u00e9cembre 2021, \u00e0 la projection d&rsquo;une exceptionnelle \u00e9dition r\u00e9trospective de films d&rsquo;\u00e9cole, \u00e0 l&rsquo;occasion des 18 ans de FESTIMAJ, notre festival du court m\u00e9trage pr\u00e9f\u00e9r\u00e9 ! Nous profitons de cette annonce pour vous faire part d&rsquo;une excellente nouvelle : Le Bon et le M\u00e9chant, [&hellip;]<\/p>\n","protected":false},"author":115,"featured_media":0,"parent":0,"menu_order":0,"comment_status":"closed","ping_status":"closed","template":"","meta":{"_acf_changed":false,"footnotes":""},"class_list":["post-3855","page","type-page","status-publish","czr-hentry"],"acf":[],"_links":{"self":[{"href":"https:\/\/ee.mlfmonde.org\/bata-sogea\/wp-json\/wp\/v2\/pages\/3855","targetHints":{"allow":["GET"]}}],"collection":[{"href":"https:\/\/ee.mlfmonde.org\/bata-sogea\/wp-json\/wp\/v2\/pages"}],"about":[{"href":"https:\/\/ee.mlfmonde.org\/bata-sogea\/wp-json\/wp\/v2\/types\/page"}],"author":[{"embeddable":true,"href":"https:\/\/ee.mlfmonde.org\/bata-sogea\/wp-json\/wp\/v2\/users\/115"}],"replies":[{"embeddable":true,"href":"https:\/\/ee.mlfmonde.org\/bata-sogea\/wp-json\/wp\/v2\/comments?post=3855"}],"version-history":[{"count":23,"href":"https:\/\/ee.mlfmonde.org\/bata-sogea\/wp-json\/wp\/v2\/pages\/3855\/revisions"}],"predecessor-version":[{"id":3910,"href":"https:\/\/ee.mlfmonde.org\/bata-sogea\/wp-json\/wp\/v2\/pages\/3855\/revisions\/3910"}],"wp:attachment":[{"href":"https:\/\/ee.mlfmonde.org\/bata-sogea\/wp-json\/wp\/v2\/media?parent=3855"}],"curies":[{"name":"wp","href":"https:\/\/api.w.org\/{rel}","templated":true}]}}