{"id":3771,"date":"2021-02-24T05:23:35","date_gmt":"2021-02-24T05:23:35","guid":{"rendered":"http:\/\/ee.mlfmonde.org\/bata-sogea\/?page_id=3771"},"modified":"2021-02-24T05:59:21","modified_gmt":"2021-02-24T05:59:21","slug":"les-gs-decouvrent-le-ukulele","status":"publish","type":"page","link":"https:\/\/ee.mlfmonde.org\/bata-sogea\/les-gs-decouvrent-le-ukulele\/","title":{"rendered":"Les GS d\u00e9couvrent le ukul\u00e9l\u00e9"},"content":{"rendered":"<h4>Depuis quelques semaines, la classe de grande section r\u00e9p\u00e8te une chanson pour le spectacle de fin d\u2019ann\u00e9e.<img fetchpriority=\"high\" decoding=\"async\" class=\"alignright wp-image-3780 size-full\" src=\"http:\/\/ee.mlfmonde.org\/bata-sogea\/wp-content\/uploads\/sites\/16\/2021\/02\/M.Facorat.jpg\" alt=\"\" width=\"618\" height=\"338\" srcset=\"https:\/\/ee.mlfmonde.org\/bata-sogea\/wp-content\/uploads\/sites\/16\/2021\/02\/M.Facorat.jpg 618w, https:\/\/ee.mlfmonde.org\/bata-sogea\/wp-content\/uploads\/sites\/16\/2021\/02\/M.Facorat-300x164.jpg 300w\" sizes=\"(max-width: 618px) 100vw, 618px\" \/><\/h4>\n<h4>Il s\u2019agit de la chanson interpr\u00e9t\u00e9e par Bourvil\u00a0: <em>Salade de fruits<\/em>.<\/h4>\n<h4>Cette chanson aux airs exotiques nous a permis d\u2019introduire un nouvel instrument\u00a0: le ukul\u00e9l\u00e9.<\/h4>\n<h4>Pendant la premi\u00e8re s\u00e9ance de d\u00e9couverte, Monsieur Facorat a pr\u00e9sent\u00e9 l\u2019instrument en nommant ses diff\u00e9rentes parties.<\/h4>\n<h4>Africa connaissait d\u00e9j\u00e0 cet instrument et nous a montr\u00e9 comment en jouer.<\/h4>\n<h4>Chaque \u00e9l\u00e8ve a pu ensuite manipuler le ukul\u00e9l\u00e9 avec plaisir et dext\u00e9rit\u00e9.<\/h4>\n<h4>Toute la classe est tr\u00e8s impatiente de chanter la chanson devant les parents d\u2019\u00e9l\u00e8ves, accompagn\u00e9s au ukul\u00e9l\u00e9.<\/h4>\n<table>\n<tbody>\n<tr>\n<td width=\"359\"><img decoding=\"async\" class=\"aligncenter wp-image-3778 size-full\" src=\"http:\/\/ee.mlfmonde.org\/bata-sogea\/wp-content\/uploads\/sites\/16\/2021\/02\/Africa.jpg\" alt=\"\" width=\"567\" height=\"323\" srcset=\"https:\/\/ee.mlfmonde.org\/bata-sogea\/wp-content\/uploads\/sites\/16\/2021\/02\/Africa.jpg 567w, https:\/\/ee.mlfmonde.org\/bata-sogea\/wp-content\/uploads\/sites\/16\/2021\/02\/Africa-300x171.jpg 300w\" sizes=\"(max-width: 567px) 100vw, 567px\" \/><\/td>\n<td width=\"359\"><img decoding=\"async\" class=\"wp-image-3779 size-full aligncenter\" src=\"http:\/\/ee.mlfmonde.org\/bata-sogea\/wp-content\/uploads\/sites\/16\/2021\/02\/Jules.jpg\" alt=\"\" width=\"451\" height=\"323\" srcset=\"https:\/\/ee.mlfmonde.org\/bata-sogea\/wp-content\/uploads\/sites\/16\/2021\/02\/Jules.jpg 451w, https:\/\/ee.mlfmonde.org\/bata-sogea\/wp-content\/uploads\/sites\/16\/2021\/02\/Jules-300x215.jpg 300w\" sizes=\"(max-width: 451px) 100vw, 451px\" \/><\/td>\n<\/tr>\n<\/tbody>\n<\/table>\n<p>&nbsp;<\/p>\n<p>&nbsp;<\/p>\n","protected":false},"excerpt":{"rendered":"<p>Depuis quelques semaines, la classe de grande section r\u00e9p\u00e8te une chanson pour le spectacle de fin d\u2019ann\u00e9e. Il s\u2019agit de la chanson interpr\u00e9t\u00e9e par Bourvil\u00a0: Salade de fruits. Cette chanson aux airs exotiques nous a permis d\u2019introduire un nouvel instrument\u00a0: le ukul\u00e9l\u00e9. Pendant la premi\u00e8re s\u00e9ance de d\u00e9couverte, Monsieur Facorat a pr\u00e9sent\u00e9 l\u2019instrument en nommant [&hellip;]<\/p>\n","protected":false},"author":115,"featured_media":0,"parent":0,"menu_order":0,"comment_status":"closed","ping_status":"closed","template":"","meta":{"_acf_changed":false,"footnotes":""},"class_list":["post-3771","page","type-page","status-publish","czr-hentry"],"acf":[],"_links":{"self":[{"href":"https:\/\/ee.mlfmonde.org\/bata-sogea\/wp-json\/wp\/v2\/pages\/3771","targetHints":{"allow":["GET"]}}],"collection":[{"href":"https:\/\/ee.mlfmonde.org\/bata-sogea\/wp-json\/wp\/v2\/pages"}],"about":[{"href":"https:\/\/ee.mlfmonde.org\/bata-sogea\/wp-json\/wp\/v2\/types\/page"}],"author":[{"embeddable":true,"href":"https:\/\/ee.mlfmonde.org\/bata-sogea\/wp-json\/wp\/v2\/users\/115"}],"replies":[{"embeddable":true,"href":"https:\/\/ee.mlfmonde.org\/bata-sogea\/wp-json\/wp\/v2\/comments?post=3771"}],"version-history":[{"count":7,"href":"https:\/\/ee.mlfmonde.org\/bata-sogea\/wp-json\/wp\/v2\/pages\/3771\/revisions"}],"predecessor-version":[{"id":3785,"href":"https:\/\/ee.mlfmonde.org\/bata-sogea\/wp-json\/wp\/v2\/pages\/3771\/revisions\/3785"}],"wp:attachment":[{"href":"https:\/\/ee.mlfmonde.org\/bata-sogea\/wp-json\/wp\/v2\/media?parent=3771"}],"curies":[{"name":"wp","href":"https:\/\/api.w.org\/{rel}","templated":true}]}}