{"id":3702,"date":"2021-01-26T10:41:56","date_gmt":"2021-01-26T10:41:56","guid":{"rendered":"http:\/\/ee.mlfmonde.org\/bata-sogea\/?page_id=3702"},"modified":"2021-02-25T04:13:56","modified_gmt":"2021-02-25T04:13:56","slug":"article-a-paraitre-prochainement","status":"publish","type":"page","link":"https:\/\/ee.mlfmonde.org\/bata-sogea\/article-a-paraitre-prochainement\/","title":{"rendered":"Visite guid\u00e9e \u00e0 l&rsquo;abbaye du Mont-Saint-Michel"},"content":{"rendered":"<p><img fetchpriority=\"high\" decoding=\"async\" class=\"wp-image-3749 size-full alignright\" src=\"http:\/\/ee.mlfmonde.org\/bata-sogea\/wp-content\/uploads\/sites\/16\/2021\/02\/Visio-MSM.jpg\" alt=\"\" width=\"567\" height=\"425\" srcset=\"https:\/\/ee.mlfmonde.org\/bata-sogea\/wp-content\/uploads\/sites\/16\/2021\/02\/Visio-MSM.jpg 567w, https:\/\/ee.mlfmonde.org\/bata-sogea\/wp-content\/uploads\/sites\/16\/2021\/02\/Visio-MSM-300x225.jpg 300w\" sizes=\"(max-width: 567px) 100vw, 567px\" \/>Nos \u00e9l\u00e8ves de CE2 \u00e0 5\u00b0 ont r\u00e9alis\u00e9 une visite guid\u00e9e du Mont-Saint-Michel, dans le cadre d\u2019une exp\u00e9rimentation du Centre des Monuments nationaux.<\/p>\n<p>Il s\u2019agit d\u2019une visite \u00e0 distance portant sur le Tr\u00e9sor de l&rsquo;abbaye, sous forme de chasse au tr\u00e9sor, accessible \u00e0 des \u00e9l\u00e8ves de 8 \u00e0 14 ans.<\/p>\n<p>Mme Delphine Davy, notre guide, a pu interagir avec les \u00e9l\u00e8ves, gr\u00e2ce \u00e0 la plateforme Zoom, vid\u00e9oprojet\u00e9e sur tableau banc.<\/p>\n<p>Voici le sc\u00e9nario, de cette chasse au Tr\u00e9sor,\u00a0propos\u00e9 par Mme Davy qui est \u00e9galement professeur des \u00e9cole ma\u00eetre formateur :<\/p>\n<p>\u00ab\u00a0Nous sommes en 1420 vers la fin de la guerre de Cent Ans. Les Anglais cernent le Mont-Saint-Michel.<\/p>\n<p>Malgr\u00e9 tout, Aymeric un voleur de reliques parvient \u00e0 s\u2019introduire dans l\u2019abbaye du Mont-Saint-Michel dans le but de s\u2019emparer du reliquaire du chef de sainte Suzanne et du ciboire aux \u00e9maux.<\/p>\n<p>Vous \u00eates Aymeric ! A vous de d\u00e9jouer les pi\u00e8ges de l\u2019abbaye pour r\u00e9cup\u00e9rer ce tr\u00e9sor inestimable !\u00a0\u00bb<\/p>\n<p>Il n\u2019en fallait pas plus \u00e0 nos \u00e9l\u00e8ves pour s\u2019engouffrer dans l\u2019environnement 3D du Mont-Saint-Michel, et se livrer \u00e0 une chasse au tr\u00e9sor, ponctu\u00e9e des explications de notre guide, sur une quinzaine de points d\u2019int\u00e9r\u00eat.<\/p>\n<p>Cette visite \u00e0 distance nous a permis de mettre en oeuvre des comp\u00e9tences pluridisciplinaires :<\/p>\n<p><u>En Histoire des arts <\/u>: se rep\u00e9rer dans un site patrimonial (visite d\u2019un lieu patrimonial sous forme de jeu de piste).<\/p>\n<p><u>En EMC <\/u>: culture de la sensibilit\u00e9 \u2013 \u00eatre capable de coop\u00e9rer (situation de coop\u00e9ration favorisant les \u00e9changes d\u2019arguments et la confrontation d\u2019id\u00e9es).<\/p>\n<p><u>En Histoire <\/u>: se rep\u00e9rer dans le temps \u2013 construire des rep\u00e8res historiques \/ raisonner, poser des questions, formuler des hypoth\u00e8ses \/ Etude des faits religieux dans leurs contextes culturel et g\u00e9opolitique.<\/p>\n<p>Cette exp\u00e9rience de visite virtuelle, accompagn\u00e9e d\u2019un guide, a rencontr\u00e9 un vif succ\u00e8s parmi les \u00e9l\u00e8ves et leurs professeurs !<\/p>\n<p>Nous ne sommes pas seuls, d&rsquo;autres \u00e9coles profitent de ces visites num\u00e9riques guid\u00e9es : <a href=\"https:\/\/www.mlfmonde.org\/a-la-decouverte-du-patrimoine-avec-le-centre-des-monuments-nationaux\/\" target=\"_blank\" rel=\"noopener\">ici<\/a><\/p>\n<p>Lien vers la visite num\u00e9ris\u00e9e du Mont-Saint-Michel :\u00a0<a href=\"https:\/\/xd.notoryou.com\/3d\/chasse-au-tresor-de-labbaye-du-mont-saint-michel\/fullscreen\/\" target=\"_blank\" rel=\"noopener\">https:\/\/xd.notoryou.com\/3d\/chasse-au-tresor-de-labbaye-du-mont-saint-michel\/fullscreen\/<\/a><\/p>\n<p>Livret documentaire sur le Mont-Saint-Michel <a href=\"http:\/\/ee.mlfmonde.org\/bata-sogea\/wp-content\/uploads\/sites\/16\/2021\/02\/Livret-documentaire-1.pdf\" target=\"_blank\" rel=\"noopener\">ici<\/a><\/p>\n","protected":false},"excerpt":{"rendered":"<p>Nos \u00e9l\u00e8ves de CE2 \u00e0 5\u00b0 ont r\u00e9alis\u00e9 une visite guid\u00e9e du Mont-Saint-Michel, dans le cadre d\u2019une exp\u00e9rimentation du Centre des Monuments nationaux. Il s\u2019agit d\u2019une visite \u00e0 distance portant sur le Tr\u00e9sor de l&rsquo;abbaye, sous forme de chasse au tr\u00e9sor, accessible \u00e0 des \u00e9l\u00e8ves de 8 \u00e0 14 ans. Mme Delphine Davy, notre guide, [&hellip;]<\/p>\n","protected":false},"author":115,"featured_media":0,"parent":0,"menu_order":0,"comment_status":"closed","ping_status":"closed","template":"","meta":{"_acf_changed":false,"footnotes":""},"class_list":["post-3702","page","type-page","status-publish","czr-hentry"],"acf":[],"_links":{"self":[{"href":"https:\/\/ee.mlfmonde.org\/bata-sogea\/wp-json\/wp\/v2\/pages\/3702","targetHints":{"allow":["GET"]}}],"collection":[{"href":"https:\/\/ee.mlfmonde.org\/bata-sogea\/wp-json\/wp\/v2\/pages"}],"about":[{"href":"https:\/\/ee.mlfmonde.org\/bata-sogea\/wp-json\/wp\/v2\/types\/page"}],"author":[{"embeddable":true,"href":"https:\/\/ee.mlfmonde.org\/bata-sogea\/wp-json\/wp\/v2\/users\/115"}],"replies":[{"embeddable":true,"href":"https:\/\/ee.mlfmonde.org\/bata-sogea\/wp-json\/wp\/v2\/comments?post=3702"}],"version-history":[{"count":14,"href":"https:\/\/ee.mlfmonde.org\/bata-sogea\/wp-json\/wp\/v2\/pages\/3702\/revisions"}],"predecessor-version":[{"id":3786,"href":"https:\/\/ee.mlfmonde.org\/bata-sogea\/wp-json\/wp\/v2\/pages\/3702\/revisions\/3786"}],"wp:attachment":[{"href":"https:\/\/ee.mlfmonde.org\/bata-sogea\/wp-json\/wp\/v2\/media?parent=3702"}],"curies":[{"name":"wp","href":"https:\/\/api.w.org\/{rel}","templated":true}]}}