{"id":3653,"date":"2021-01-17T10:31:17","date_gmt":"2021-01-17T10:31:17","guid":{"rendered":"http:\/\/ee.mlfmonde.org\/bata-sogea\/?page_id=3653"},"modified":"2021-02-18T06:13:19","modified_gmt":"2021-02-18T06:13:19","slug":"debut-de-tournage-de-notre-film-la-joie-coulera-a-flots","status":"publish","type":"page","link":"https:\/\/ee.mlfmonde.org\/bata-sogea\/debut-de-tournage-de-notre-film-la-joie-coulera-a-flots\/","title":{"rendered":"Les coll\u00e9giens d\u00e9butent le tournage de leur film : La pr\u00e9monition de Bella"},"content":{"rendered":"<p><img fetchpriority=\"high\" decoding=\"async\" class=\"alignright wp-image-3662 size-full\" src=\"http:\/\/ee.mlfmonde.org\/bata-sogea\/wp-content\/uploads\/sites\/16\/2021\/01\/\u00e9cole.jpg\" alt=\"\" width=\"510\" height=\"399\" srcset=\"https:\/\/ee.mlfmonde.org\/bata-sogea\/wp-content\/uploads\/sites\/16\/2021\/01\/\u00e9cole.jpg 510w, https:\/\/ee.mlfmonde.org\/bata-sogea\/wp-content\/uploads\/sites\/16\/2021\/01\/\u00e9cole-300x235.jpg 300w\" sizes=\"(max-width: 510px) 100vw, 510px\" \/><\/p>\n<p>Apr\u00e8s trois mois de pr\u00e9paration en classe, les coll\u00e9giens et leur animateur cin\u00e9ma, <strong>M. Patricio\u00a0ONDO OBONO<\/strong>, ont d\u00e9marr\u00e9 le tournage de<em><strong> La pr\u00e9monition de Bella<\/strong><\/em>.<br \/>\nIl s&rsquo;agit de l&rsquo;adaptation libre de <em>La joie coulera \u00e0 flots,\u00a0<\/em>une nouvelle<strong><em>\u00a0<\/em><\/strong>ayant pour th\u00e8me\u00a0le r\u00e9chauffement climatique.<br \/>\nL&rsquo;auteur du texte original est Mariam Bah, une guin\u00e9enne de 14 ans ayant remport\u00e9 le concours de nouvelles de la MLF, en 2009. Le directeur a souhait\u00e9 mettre \u00e0 l&rsquo;honneur son ancienne \u00e9l\u00e8ve, en proposant un sc\u00e9nario s&rsquo;inspirant de sa nouvelle.<\/p>\n<p>D\u00e9couvrez la nouvelle ayant servi de source d&rsquo;inspiration \u00e0 ce projet d&rsquo;adaptation libre :\u00a0<strong><a href=\"http:\/\/ee.mlfmonde.org\/bata-sogea\/wp-content\/uploads\/sites\/16\/2021\/01\/La-joie-coulera-\u00e0-flots.pdf\" target=\"_blank\" rel=\"noopener\">lire<\/a><\/strong><\/p>\n<p>Les premi\u00e8res sc\u00e8nes de tournage ont \u00e9t\u00e9 r\u00e9alis\u00e9es \u00e0 Colombo et dans le village de Bicom.<\/p>\n<p>Nos \u00e9l\u00e8ves de 6\u00b0 et de 5\u00b0 tournent avec deux de leurs professeurs : Mme Anne GIGOT et M. S\u00e9bastien GUILLAUMOND.<\/p>\n<p>Notre court-m\u00e9trage sera \u00e0 l&rsquo;affiche, \u00e0 l\u2019occasion de la <strong>f\u00eate de la Francophonie<\/strong>, le 20 mars 2021.<\/p>\n<p>Ce projet cin\u00e9matographique a obtenu le soutien de la D\u00e9l\u00e9gation aux relations europ\u00e9ennes et internationales et \u00e0 la coop\u00e9ration\u00a0du MEN, et sera \u00e9galement diffus\u00e9 dans le cadre de l&rsquo;\u00e9v\u00e9nement international\u00a0<strong>La Saison Africa2020<\/strong>.<\/p>\n<p>D&rsquo;ici l\u00e0, souhaitons bon courage \u00e0 nos jeunes (et moins jeunes) com\u00e9diens en herbe !<\/p>\n<p><strong>Quelques photos de la premi\u00e8re journ\u00e9e de tournage :<\/strong><\/p>\n\n\t\t<style type=\"text\/css\">\n\t\t\t#gallery-1 {\n\t\t\t\tmargin: auto;\n\t\t\t}\n\t\t\t#gallery-1 .gallery-item {\n\t\t\t\tfloat: left;\n\t\t\t\tmargin-top: 10px;\n\t\t\t\ttext-align: center;\n\t\t\t\twidth: 20%;\n\t\t\t}\n\t\t\t#gallery-1 img {\n\t\t\t\tborder: 2px solid #cfcfcf;\n\t\t\t}\n\t\t\t#gallery-1 .gallery-caption {\n\t\t\t\tmargin-left: 0;\n\t\t\t}\n\t\t\t\/* see gallery_shortcode() in wp-includes\/media.php *\/\n\t\t<\/style>\n\t\t<div id='gallery-1' class='gallery galleryid-3653 gallery-columns-5 gallery-size-thumbnail'><dl class='gallery-item'>\n\t\t\t<dt class='gallery-icon landscape'>\n\t\t\t\t<a class=\"grouped_elements\" rel=\"tc-fancybox-group\" href=\"https:\/\/ee.mlfmonde.org\/bata-sogea\/wp-content\/uploads\/sites\/16\/2021\/02\/En-route-pour-Colombo-et-Bicom-nos-deux-sites-de-tournage..jpg\" title=\"En route pour Colombo et Bicom, nos deux sites de tournage.\"><img decoding=\"async\" width=\"150\" height=\"150\" src=\"https:\/\/ee.mlfmonde.org\/bata-sogea\/wp-content\/uploads\/sites\/16\/2021\/02\/En-route-pour-Colombo-et-Bicom-nos-deux-sites-de-tournage.-150x150.jpg\" class=\"attachment-thumbnail size-thumbnail\" alt=\"\" \/><\/a>\n\t\t\t<\/dt><\/dl><dl class='gallery-item'>\n\t\t\t<dt class='gallery-icon landscape'>\n\t\t\t\t<a class=\"grouped_elements\" rel=\"tc-fancybox-group\" href=\"https:\/\/ee.mlfmonde.org\/bata-sogea\/wp-content\/uploads\/sites\/16\/2021\/01\/La-mascotte-du-film-en-classe-VIP-.jpg\" title=\"La mascotte du film, en classe VIP !\"><img decoding=\"async\" width=\"150\" height=\"150\" src=\"https:\/\/ee.mlfmonde.org\/bata-sogea\/wp-content\/uploads\/sites\/16\/2021\/01\/La-mascotte-du-film-en-classe-VIP--150x150.jpg\" class=\"attachment-thumbnail size-thumbnail\" alt=\"\" \/><\/a>\n\t\t\t<\/dt><\/dl><dl class='gallery-item'>\n\t\t\t<dt class='gallery-icon portrait'>\n\t\t\t\t<a class=\"grouped_elements\" rel=\"tc-fancybox-group\" href=\"https:\/\/ee.mlfmonde.org\/bata-sogea\/wp-content\/uploads\/sites\/16\/2021\/01\/Notre-mascotte-a-trouv\u00e9-un-superbe-transate-en-la-personne-de-Yohann-.jpg\" title=\"Notre mascotte a trouv\u00e9 un superbe transate en la personne de Yohann !\"><img loading=\"lazy\" decoding=\"async\" width=\"150\" height=\"150\" src=\"https:\/\/ee.mlfmonde.org\/bata-sogea\/wp-content\/uploads\/sites\/16\/2021\/01\/Notre-mascotte-a-trouv\u00e9-un-superbe-transate-en-la-personne-de-Yohann--150x150.jpg\" class=\"attachment-thumbnail size-thumbnail\" alt=\"\" \/><\/a>\n\t\t\t<\/dt><\/dl><dl class='gallery-item'>\n\t\t\t<dt class='gallery-icon landscape'>\n\t\t\t\t<a class=\"grouped_elements\" rel=\"tc-fancybox-group\" href=\"https:\/\/ee.mlfmonde.org\/bata-sogea\/wp-content\/uploads\/sites\/16\/2021\/02\/Les-Chercheuses-de-poux-dun-certain-po\u00e8te....jpg\" title=\"Les Chercheuses de poux, d&#039;un certain po\u00e8te...\"><img loading=\"lazy\" decoding=\"async\" width=\"150\" height=\"150\" src=\"https:\/\/ee.mlfmonde.org\/bata-sogea\/wp-content\/uploads\/sites\/16\/2021\/02\/Les-Chercheuses-de-poux-dun-certain-po\u00e8te...-150x150.jpg\" class=\"attachment-thumbnail size-thumbnail\" alt=\"\" \/><\/a>\n\t\t\t<\/dt><\/dl><dl class='gallery-item'>\n\t\t\t<dt class='gallery-icon landscape'>\n\t\t\t\t<a class=\"grouped_elements\" rel=\"tc-fancybox-group\" href=\"https:\/\/ee.mlfmonde.org\/bata-sogea\/wp-content\/uploads\/sites\/16\/2021\/01\/L\u00e9quipe-explore-le-site-de-tournage.jpg\" title=\"L&#039;\u00e9quipe explore le site de tournage\"><img loading=\"lazy\" decoding=\"async\" width=\"150\" height=\"150\" src=\"https:\/\/ee.mlfmonde.org\/bata-sogea\/wp-content\/uploads\/sites\/16\/2021\/01\/L\u00e9quipe-explore-le-site-de-tournage-150x150.jpg\" class=\"attachment-thumbnail size-thumbnail\" alt=\"\" \/><\/a>\n\t\t\t<\/dt><\/dl><br style=\"clear: both\" \/><dl class='gallery-item'>\n\t\t\t<dt class='gallery-icon landscape'>\n\t\t\t\t<a class=\"grouped_elements\" rel=\"tc-fancybox-group\" href=\"https:\/\/ee.mlfmonde.org\/bata-sogea\/wp-content\/uploads\/sites\/16\/2021\/01\/Essai-avec-Monica-1.jpg\" title=\"Essai avec Monica\"><img loading=\"lazy\" decoding=\"async\" width=\"150\" height=\"150\" src=\"https:\/\/ee.mlfmonde.org\/bata-sogea\/wp-content\/uploads\/sites\/16\/2021\/01\/Essai-avec-Monica-1-150x150.jpg\" class=\"attachment-thumbnail size-thumbnail\" alt=\"\" \/><\/a>\n\t\t\t<\/dt><\/dl><dl class='gallery-item'>\n\t\t\t<dt class='gallery-icon landscape'>\n\t\t\t\t<a class=\"grouped_elements\" rel=\"tc-fancybox-group\" href=\"https:\/\/ee.mlfmonde.org\/bata-sogea\/wp-content\/uploads\/sites\/16\/2021\/01\/Les-filles-de-la-ma\u00eetresse-dirig\u00e9es-par-Patricio.jpg\" title=\"Les filles de la ma\u00eetresse dirig\u00e9es par Patricio\"><img loading=\"lazy\" decoding=\"async\" width=\"150\" height=\"150\" src=\"https:\/\/ee.mlfmonde.org\/bata-sogea\/wp-content\/uploads\/sites\/16\/2021\/01\/Les-filles-de-la-ma\u00eetresse-dirig\u00e9es-par-Patricio-150x150.jpg\" class=\"attachment-thumbnail size-thumbnail\" alt=\"\" \/><\/a>\n\t\t\t<\/dt><\/dl><dl class='gallery-item'>\n\t\t\t<dt class='gallery-icon landscape'>\n\t\t\t\t<a class=\"grouped_elements\" rel=\"tc-fancybox-group\" href=\"https:\/\/ee.mlfmonde.org\/bata-sogea\/wp-content\/uploads\/sites\/16\/2021\/01\/Sc\u00e8ne-de-classe.jpg\" title=\"Sc\u00e8ne de classe\"><img loading=\"lazy\" decoding=\"async\" width=\"150\" height=\"150\" src=\"https:\/\/ee.mlfmonde.org\/bata-sogea\/wp-content\/uploads\/sites\/16\/2021\/01\/Sc\u00e8ne-de-classe-150x150.jpg\" class=\"attachment-thumbnail size-thumbnail\" alt=\"\" \/><\/a>\n\t\t\t<\/dt><\/dl><dl class='gallery-item'>\n\t\t\t<dt class='gallery-icon landscape'>\n\t\t\t\t<a class=\"grouped_elements\" rel=\"tc-fancybox-group\" href=\"https:\/\/ee.mlfmonde.org\/bata-sogea\/wp-content\/uploads\/sites\/16\/2021\/01\/D\u00e9brief-avec-Patricio-et-ses-acteurs.jpg\" title=\"D\u00e9brief avec Patricio et ses acteurs\"><img loading=\"lazy\" decoding=\"async\" width=\"150\" height=\"150\" src=\"https:\/\/ee.mlfmonde.org\/bata-sogea\/wp-content\/uploads\/sites\/16\/2021\/01\/D\u00e9brief-avec-Patricio-et-ses-acteurs-150x150.jpg\" class=\"attachment-thumbnail size-thumbnail\" alt=\"\" \/><\/a>\n\t\t\t<\/dt><\/dl><dl class='gallery-item'>\n\t\t\t<dt class='gallery-icon landscape'>\n\t\t\t\t<a class=\"grouped_elements\" rel=\"tc-fancybox-group\" href=\"https:\/\/ee.mlfmonde.org\/bata-sogea\/wp-content\/uploads\/sites\/16\/2021\/01\/Moment-de-d\u00e9tente-pour-nos-jeunes-com\u00e9diens.jpg\" title=\"Moment de d\u00e9tente pour nos jeunes com\u00e9diens\"><img loading=\"lazy\" decoding=\"async\" width=\"150\" height=\"150\" src=\"https:\/\/ee.mlfmonde.org\/bata-sogea\/wp-content\/uploads\/sites\/16\/2021\/01\/Moment-de-d\u00e9tente-pour-nos-jeunes-com\u00e9diens-150x150.jpg\" class=\"attachment-thumbnail size-thumbnail\" alt=\"\" \/><\/a>\n\t\t\t<\/dt><\/dl><br style=\"clear: both\" \/>\n\t\t<\/div>\n\n","protected":false},"excerpt":{"rendered":"<p>Apr\u00e8s trois mois de pr\u00e9paration en classe, les coll\u00e9giens et leur animateur cin\u00e9ma, M. Patricio\u00a0ONDO OBONO, ont d\u00e9marr\u00e9 le tournage de La pr\u00e9monition de Bella. Il s&rsquo;agit de l&rsquo;adaptation libre de La joie coulera \u00e0 flots,\u00a0une nouvelle\u00a0ayant pour th\u00e8me\u00a0le r\u00e9chauffement climatique. L&rsquo;auteur du texte original est Mariam Bah, une guin\u00e9enne de 14 ans ayant remport\u00e9 [&hellip;]<\/p>\n","protected":false},"author":115,"featured_media":0,"parent":0,"menu_order":0,"comment_status":"closed","ping_status":"closed","template":"","meta":{"_acf_changed":false,"footnotes":""},"class_list":["post-3653","page","type-page","status-publish","czr-hentry"],"acf":[],"_links":{"self":[{"href":"https:\/\/ee.mlfmonde.org\/bata-sogea\/wp-json\/wp\/v2\/pages\/3653","targetHints":{"allow":["GET"]}}],"collection":[{"href":"https:\/\/ee.mlfmonde.org\/bata-sogea\/wp-json\/wp\/v2\/pages"}],"about":[{"href":"https:\/\/ee.mlfmonde.org\/bata-sogea\/wp-json\/wp\/v2\/types\/page"}],"author":[{"embeddable":true,"href":"https:\/\/ee.mlfmonde.org\/bata-sogea\/wp-json\/wp\/v2\/users\/115"}],"replies":[{"embeddable":true,"href":"https:\/\/ee.mlfmonde.org\/bata-sogea\/wp-json\/wp\/v2\/comments?post=3653"}],"version-history":[{"count":35,"href":"https:\/\/ee.mlfmonde.org\/bata-sogea\/wp-json\/wp\/v2\/pages\/3653\/revisions"}],"predecessor-version":[{"id":3761,"href":"https:\/\/ee.mlfmonde.org\/bata-sogea\/wp-json\/wp\/v2\/pages\/3653\/revisions\/3761"}],"wp:attachment":[{"href":"https:\/\/ee.mlfmonde.org\/bata-sogea\/wp-json\/wp\/v2\/media?parent=3653"}],"curies":[{"name":"wp","href":"https:\/\/api.w.org\/{rel}","templated":true}]}}