{"id":3639,"date":"2021-01-11T16:02:08","date_gmt":"2021-01-11T16:02:08","guid":{"rendered":"http:\/\/ee.mlfmonde.org\/bata-sogea\/?page_id=3639"},"modified":"2021-01-12T03:39:07","modified_gmt":"2021-01-12T03:39:07","slug":"classe-culturelle-numerique-programmation","status":"publish","type":"page","link":"https:\/\/ee.mlfmonde.org\/bata-sogea\/classe-culturelle-numerique-programmation\/","title":{"rendered":"Classe Culturelle Num\u00e9rique programmation"},"content":{"rendered":"<p>L\u2019\u00e9cole fran\u00e7aise de Bata s\u2019est engag\u00e9e dans un projet de Classe Culturelle Num\u00e9rique (CCN) propos\u00e9 au sein du r\u00e9seau de la Mission la\u00efque fran\u00e7aise, autour de <img fetchpriority=\"high\" decoding=\"async\" class=\"wp-image-3646 size-full alignright\" src=\"http:\/\/ee.mlfmonde.org\/bata-sogea\/wp-content\/uploads\/sites\/16\/2021\/01\/Yohann.jpg\" alt=\"\" width=\"567\" height=\"342\" srcset=\"https:\/\/ee.mlfmonde.org\/bata-sogea\/wp-content\/uploads\/sites\/16\/2021\/01\/Yohann.jpg 567w, https:\/\/ee.mlfmonde.org\/bata-sogea\/wp-content\/uploads\/sites\/16\/2021\/01\/Yohann-300x181.jpg 300w\" sizes=\"(max-width: 567px) 100vw, 567px\" \/>l\u2019apprentissage de la programmation\u00a0:<\/p>\n<p>Les classes de 6e et de 5e devront r\u00e9pondre \u00e0 diff\u00e9rentes consignes, tout au long de l\u2019ann\u00e9e scolaire, qui leur permettront de mieux appr\u00e9hender la logique de programmation en se basant sur l\u2019utilisation du logiciel <strong>Scratch<\/strong>.<\/p>\n<p>Ces CCNs s\u2019int\u00e8grent dans le cadre des apprentissages transversaux en permettant, notamment, de travailler les comp\u00e9tences suivantes\u00a0:<\/p>\n<p><strong>En fran\u00e7ais :<\/strong><\/p>\n<ul>\n<li>participer \u00e0 des \u00e9changes en respectant les r\u00e8gles de communication<\/li>\n<li>s\u2019exprimer, argumenter, \u00e9couter et donner son point de vue<\/li>\n<\/ul>\n<p><strong>En math\u00e9matiques :<\/strong><\/p>\n<ul>\n<li>organiser des informations et des donn\u00e9es<\/li>\n<li>r\u00e9soudre des probl\u00e8mes plus ou moins complexes<\/li>\n<\/ul>\n<table style=\"height: 499px\" width=\"1295\">\n<tbody>\n<tr>\n<td width=\"302\"><strong>Autonomie et initiative :<\/strong><\/p>\n<ul>\n<li>travailler en groupe, s\u2019engager dans un projet<\/li>\n<\/ul>\n<p>En d\u00e9cembre, les \u00e9l\u00e8ves ont d\u00fb r\u00e9pondre \u00e0 une premi\u00e8re consigne\u00a0: \u00ab\u00a0 <strong>Entrez dans la danse\u00a0!<\/strong>\u00a0\u00bb<\/p>\n<p><strong>Objectif\u00a0<\/strong>: il faut \u00e9crire un premier programme interactif dans lequel au moins deux personnages dansent.<\/p>\n<p><strong>Vous trouverez ci-dessous, les liens vers les premi\u00e8res r\u00e9alisations\u00a0:<\/strong><\/p>\n<p>Projet de <strong>Monica<\/strong> et <strong>Tamer<\/strong><br \/>\n<a href=\"https:\/\/scratch.mit.edu\/projects\/464051106\/\">https:\/\/scratch.mit.edu\/projects\/464051106\/<\/a><\/p>\n<p>Projet de <strong>Ma\u00efmouna, Lucia<\/strong> et <strong>Yashina<\/strong><br \/>\n<a href=\"https:\/\/scratch.mit.edu\/projects\/464052877\/\">https:\/\/scratch.mit.edu\/projects\/464052877\/<\/a><\/p>\n<p>Projet de <strong>Yohann<\/strong> et<strong> Asil<\/strong><br \/>\n<a href=\"https:\/\/scratch.mit.edu\/projects\/464052330\/\">https:\/\/scratch.mit.edu\/projects\/464052330\/<\/a><\/p>\n<p>Projet de <strong>G\u00e9rard<\/strong><br \/>\n<a href=\"https:\/\/scratch.mit.edu\/projects\/464049607\/\">https:\/\/scratch.mit.edu\/projects\/464049607\/<\/a><\/td>\n<td width=\"302\"><img decoding=\"async\" class=\"alignnone wp-image-3649 size-full\" src=\"http:\/\/ee.mlfmonde.org\/bata-sogea\/wp-content\/uploads\/sites\/16\/2021\/01\/CCN-5.jpg\" alt=\"\" width=\"283\" height=\"464\" srcset=\"https:\/\/ee.mlfmonde.org\/bata-sogea\/wp-content\/uploads\/sites\/16\/2021\/01\/CCN-5.jpg 283w, https:\/\/ee.mlfmonde.org\/bata-sogea\/wp-content\/uploads\/sites\/16\/2021\/01\/CCN-5-183x300.jpg 183w\" sizes=\"(max-width: 283px) 100vw, 283px\" \/><\/td>\n<\/tr>\n<\/tbody>\n<\/table>\n<p>Rendez-vous bient\u00f4t pour la seconde consigne : \u00ab\u00a0<strong>C\u2019est toi l\u2019artiste\u00a0!<\/strong>\u00a0\u00bb<\/p>\n","protected":false},"excerpt":{"rendered":"<p>L\u2019\u00e9cole fran\u00e7aise de Bata s\u2019est engag\u00e9e dans un projet de Classe Culturelle Num\u00e9rique (CCN) propos\u00e9 au sein du r\u00e9seau de la Mission la\u00efque fran\u00e7aise, autour de l\u2019apprentissage de la programmation\u00a0: Les classes de 6e et de 5e devront r\u00e9pondre \u00e0 diff\u00e9rentes consignes, tout au long de l\u2019ann\u00e9e scolaire, qui leur permettront de mieux appr\u00e9hender la [&hellip;]<\/p>\n","protected":false},"author":115,"featured_media":0,"parent":0,"menu_order":0,"comment_status":"closed","ping_status":"closed","template":"","meta":{"_acf_changed":false,"footnotes":""},"class_list":["post-3639","page","type-page","status-publish","czr-hentry"],"acf":[],"_links":{"self":[{"href":"https:\/\/ee.mlfmonde.org\/bata-sogea\/wp-json\/wp\/v2\/pages\/3639","targetHints":{"allow":["GET"]}}],"collection":[{"href":"https:\/\/ee.mlfmonde.org\/bata-sogea\/wp-json\/wp\/v2\/pages"}],"about":[{"href":"https:\/\/ee.mlfmonde.org\/bata-sogea\/wp-json\/wp\/v2\/types\/page"}],"author":[{"embeddable":true,"href":"https:\/\/ee.mlfmonde.org\/bata-sogea\/wp-json\/wp\/v2\/users\/115"}],"replies":[{"embeddable":true,"href":"https:\/\/ee.mlfmonde.org\/bata-sogea\/wp-json\/wp\/v2\/comments?post=3639"}],"version-history":[{"count":9,"href":"https:\/\/ee.mlfmonde.org\/bata-sogea\/wp-json\/wp\/v2\/pages\/3639\/revisions"}],"predecessor-version":[{"id":3652,"href":"https:\/\/ee.mlfmonde.org\/bata-sogea\/wp-json\/wp\/v2\/pages\/3639\/revisions\/3652"}],"wp:attachment":[{"href":"https:\/\/ee.mlfmonde.org\/bata-sogea\/wp-json\/wp\/v2\/media?parent=3639"}],"curies":[{"name":"wp","href":"https:\/\/api.w.org\/{rel}","templated":true}]}}