{"id":3612,"date":"2020-12-11T03:37:58","date_gmt":"2020-12-11T03:37:58","guid":{"rendered":"http:\/\/ee.mlfmonde.org\/bata-sogea\/?page_id=3612"},"modified":"2020-12-11T06:48:15","modified_gmt":"2020-12-11T06:48:15","slug":"intervention-sur-les-premiers-secours","status":"publish","type":"page","link":"https:\/\/ee.mlfmonde.org\/bata-sogea\/intervention-sur-les-premiers-secours\/","title":{"rendered":"Initiation aux premiers secours \u00e0 l&rsquo;\u00c9cole fran\u00e7aise de Bata"},"content":{"rendered":"<table>\n<tbody>\n<tr>\n<td width=\"849\">\n<h4><strong>Les \u00e9l\u00e8ves de Bata, du CE2 \u00e0 la 5<sup>e<\/sup>, vous apprennent \u00e0 sauver des vies<\/strong><\/h4>\n<p>M. Pascal JARSAL\u00c9, militaire \u00e0 l\u2019\u00e9cole navale de Tica, est venu dans notre \u00e9tablissement, le mercredi 9 d\u00e9cembre.<br \/>\nIl nous a donn\u00e9 des conseils et nous a appris quoi faire quand une personne est en <img fetchpriority=\"high\" decoding=\"async\" class=\"wp-image-3613 size-full alignright\" src=\"http:\/\/ee.mlfmonde.org\/bata-sogea\/wp-content\/uploads\/sites\/16\/2020\/12\/Photo-1er-secours-1.jpg\" alt=\"\" width=\"486\" height=\"441\" srcset=\"https:\/\/ee.mlfmonde.org\/bata-sogea\/wp-content\/uploads\/sites\/16\/2020\/12\/Photo-1er-secours-1.jpg 486w, https:\/\/ee.mlfmonde.org\/bata-sogea\/wp-content\/uploads\/sites\/16\/2020\/12\/Photo-1er-secours-1-300x272.jpg 300w\" sizes=\"(max-width: 486px) 100vw, 486px\" \/>danger.<\/p>\n<p><strong><span style=\"color: #808080\">Voici quelques conseils\u00a0:<\/span><\/strong><\/p>\n<p><strong>1. Quand une personne s\u2019\u00e9touffe.<\/strong><\/p>\n<p>Il faut donner 5 tapes dans le dos (entre les omoplates) et v\u00e9rifier si l\u2019individu respire.<\/p>\n<p>Si rien ne marche, on utilise alors la m\u00e9thode de Heimlich. On se place derri\u00e8re la victime. On pose son poing sous le sternum et on remonte (en faisant une virgule) 3 fois. Attention \u00e0 ne pas le faire trop fort pour ne pas casser les c\u00f4tes.<\/p>\n<p><strong>2. Quand une personne saigne.<\/strong><\/p>\n<p>Attention, on ne touche jamais directement le sang. Il faut porter des gants ou se prot\u00e9ger avec un tissu.<\/p>\n<p>La premi\u00e8re chose \u00e0 faire est de stopper le saignement. On va appuyer \u00a0sur la blessure. On peut demander<br \/>\n\u00e0 la victime de le faire. Au bout de 3 minutes, on v\u00e9rifie s\u2019il y a toujours du sang. Si c\u2019est le cas, on continue \u00e0 appuyer.<\/p>\n<p>Si le saignement est trop important, et en dernier recours, on peut faire un garrot avec une ceinture.<\/td>\n<\/tr>\n<tr>\n<td width=\"849\"><strong>3. Quand une personne se sent mal ou perd connaissance, tout en respirant.<\/strong><\/p>\n<p><img decoding=\"async\" class=\"wp-image-3632 size-full alignleft\" src=\"http:\/\/ee.mlfmonde.org\/bata-sogea\/wp-content\/uploads\/sites\/16\/2020\/12\/Photo-1er-secours-2.jpg\" alt=\"\" width=\"486\" height=\"365\" srcset=\"https:\/\/ee.mlfmonde.org\/bata-sogea\/wp-content\/uploads\/sites\/16\/2020\/12\/Photo-1er-secours-2.jpg 486w, https:\/\/ee.mlfmonde.org\/bata-sogea\/wp-content\/uploads\/sites\/16\/2020\/12\/Photo-1er-secours-2-300x225.jpg 300w\" sizes=\"(max-width: 486px) 100vw, 486px\" \/>On cherche \u00e0 lui parler pour la rassurer. On pose aussi des questions pour savoir ce qui lui est arriv\u00e9, o\u00f9 elle a mal. Si la victime respire, on la met en P.L.S, c\u2019est-\u00e0-dire la Position Lat\u00e9rale de S\u00e9curit\u00e9.<\/p>\n<p><strong>4. Quand une personne ne respire plus et que son coeur ne bat plus. <\/strong><\/p>\n<p>Il faut tout suite appeler les secours avant de commencer le massage cardiaque. Ensuite, on essaie de remettre son coeur en route pour donner de l\u2019oxyg\u00e8ne aux organes. Plus de 3 minutes sans oxyg\u00e8ne et le cerveau va \u00eatre en danger\u00a0!<\/p>\n<p>On se place au-dessus du sternum.<\/p>\n<p>Pour un adulte, on tend les bras et on pose les deux mains entre la poitrine.\u00a0 On doit faire 30 compressions et on commence ensuite le bouche \u00e0 bouche. On ne s\u2019arr\u00eate que quand la personne reprend conscience ou quand les secours arrivent.<\/p>\n<p>Pour un nourrisson et pour un enfant jusqu\u2019\u00e0 13 ans, m\u00eame technique mais au lieu des mains on utilise les doigts. Le corps des enfants est plus fragile.<\/p>\n<p><strong>Galerie photo :\u00a0<\/strong>les gestes qui sauvent illustr\u00e9s et comment\u00e9s.<\/p>\n\n\t\t<style type=\"text\/css\">\n\t\t\t#gallery-1 {\n\t\t\t\tmargin: auto;\n\t\t\t}\n\t\t\t#gallery-1 .gallery-item {\n\t\t\t\tfloat: left;\n\t\t\t\tmargin-top: 10px;\n\t\t\t\ttext-align: center;\n\t\t\t\twidth: 14%;\n\t\t\t}\n\t\t\t#gallery-1 img {\n\t\t\t\tborder: 2px solid #cfcfcf;\n\t\t\t}\n\t\t\t#gallery-1 .gallery-caption {\n\t\t\t\tmargin-left: 0;\n\t\t\t}\n\t\t\t\/* see gallery_shortcode() in wp-includes\/media.php *\/\n\t\t<\/style>\n\t\t<div id='gallery-1' class='gallery galleryid-3612 gallery-columns-7 gallery-size-thumbnail'><dl class='gallery-item'>\n\t\t\t<dt class='gallery-icon landscape'>\n\t\t\t\t<a class=\"grouped_elements\" rel=\"tc-fancybox-group\" href=\"https:\/\/ee.mlfmonde.org\/bata-sogea\/wp-content\/uploads\/sites\/16\/2020\/12\/Quand-une-personne-s\u2019\u00e9touffe-on-commence-par-lui-donner-5-tapes-entre-les-omoplates..jpg\" title=\"Quand une personne s\u2019\u00e9touffe on commence par lui donner 5 tapes entre les omoplates.\"><img decoding=\"async\" width=\"150\" height=\"150\" src=\"https:\/\/ee.mlfmonde.org\/bata-sogea\/wp-content\/uploads\/sites\/16\/2020\/12\/Quand-une-personne-s\u2019\u00e9touffe-on-commence-par-lui-donner-5-tapes-entre-les-omoplates.-150x150.jpg\" class=\"attachment-thumbnail size-thumbnail\" alt=\"\" \/><\/a>\n\t\t\t<\/dt><\/dl><dl class='gallery-item'>\n\t\t\t<dt class='gallery-icon landscape'>\n\t\t\t\t<a class=\"grouped_elements\" rel=\"tc-fancybox-group\" href=\"https:\/\/ee.mlfmonde.org\/bata-sogea\/wp-content\/uploads\/sites\/16\/2020\/12\/Si-rien-ne-fonctionne-on-passe-\u00e0-la-m\u00e9thode-de-Heimlich..jpg\" title=\"Si rien ne fonctionne on passe \u00e0 la m\u00e9thode de Heimlich.\"><img loading=\"lazy\" decoding=\"async\" width=\"150\" height=\"150\" src=\"https:\/\/ee.mlfmonde.org\/bata-sogea\/wp-content\/uploads\/sites\/16\/2020\/12\/Si-rien-ne-fonctionne-on-passe-\u00e0-la-m\u00e9thode-de-Heimlich.-150x150.jpg\" class=\"attachment-thumbnail size-thumbnail\" alt=\"\" \/><\/a>\n\t\t\t<\/dt><\/dl><dl class='gallery-item'>\n\t\t\t<dt class='gallery-icon landscape'>\n\t\t\t\t<a class=\"grouped_elements\" rel=\"tc-fancybox-group\" href=\"https:\/\/ee.mlfmonde.org\/bata-sogea\/wp-content\/uploads\/sites\/16\/2020\/12\/En-cas-de-saignement-on-appuie-sur-la-plaie-en-se-prot\u00e9geant-gants-tissu-etc..jpg\" title=\"En cas de saignement, on appuie sur la plaie, en se prot\u00e9geant (gants, tissu, etc).\"><img loading=\"lazy\" decoding=\"async\" width=\"150\" height=\"150\" src=\"https:\/\/ee.mlfmonde.org\/bata-sogea\/wp-content\/uploads\/sites\/16\/2020\/12\/En-cas-de-saignement-on-appuie-sur-la-plaie-en-se-prot\u00e9geant-gants-tissu-etc.-150x150.jpg\" class=\"attachment-thumbnail size-thumbnail\" alt=\"\" \/><\/a>\n\t\t\t<\/dt><\/dl><dl class='gallery-item'>\n\t\t\t<dt class='gallery-icon landscape'>\n\t\t\t\t<a class=\"grouped_elements\" rel=\"tc-fancybox-group\" href=\"https:\/\/ee.mlfmonde.org\/bata-sogea\/wp-content\/uploads\/sites\/16\/2020\/12\/Quand-une-personne-est-\u00e0-terre-on-lui-parle-on-la-rassure.-On-essaie-de-voir-o\u00f9-elle-a-mal-pour-ensuite-agir..jpg\" title=\"Quand une personne est \u00e0 terre, on lui parle, on la rassure. On essaie de voir o\u00f9 elle a mal pour ensuite agir.\"><img loading=\"lazy\" decoding=\"async\" width=\"150\" height=\"150\" src=\"https:\/\/ee.mlfmonde.org\/bata-sogea\/wp-content\/uploads\/sites\/16\/2020\/12\/Quand-une-personne-est-\u00e0-terre-on-lui-parle-on-la-rassure.-On-essaie-de-voir-o\u00f9-elle-a-mal-pour-ensuite-agir.-150x150.jpg\" class=\"attachment-thumbnail size-thumbnail\" alt=\"\" \/><\/a>\n\t\t\t<\/dt><\/dl><dl class='gallery-item'>\n\t\t\t<dt class='gallery-icon landscape'>\n\t\t\t\t<a class=\"grouped_elements\" rel=\"tc-fancybox-group\" href=\"https:\/\/ee.mlfmonde.org\/bata-sogea\/wp-content\/uploads\/sites\/16\/2020\/12\/La-personne-respire-consciente-ou-inconsciente-on-la-met-en-PLS..jpg\" title=\"La personne respire, consciente ou inconsciente, on la met en PLS.\"><img loading=\"lazy\" decoding=\"async\" width=\"150\" height=\"150\" src=\"https:\/\/ee.mlfmonde.org\/bata-sogea\/wp-content\/uploads\/sites\/16\/2020\/12\/La-personne-respire-consciente-ou-inconsciente-on-la-met-en-PLS.-150x150.jpg\" class=\"attachment-thumbnail size-thumbnail\" alt=\"\" \/><\/a>\n\t\t\t<\/dt><\/dl><dl class='gallery-item'>\n\t\t\t<dt class='gallery-icon landscape'>\n\t\t\t\t<a class=\"grouped_elements\" rel=\"tc-fancybox-group\" href=\"https:\/\/ee.mlfmonde.org\/bata-sogea\/wp-content\/uploads\/sites\/16\/2020\/12\/Que-l\u2019on-soit-grand-ou-petit-tout-le-monde-peut-faire-une-PLS..jpg\" title=\"Que l\u2019on soit grand ou petit, tout le monde peut faire une PLS.\"><img loading=\"lazy\" decoding=\"async\" width=\"150\" height=\"150\" src=\"https:\/\/ee.mlfmonde.org\/bata-sogea\/wp-content\/uploads\/sites\/16\/2020\/12\/Que-l\u2019on-soit-grand-ou-petit-tout-le-monde-peut-faire-une-PLS.-150x150.jpg\" class=\"attachment-thumbnail size-thumbnail\" alt=\"\" \/><\/a>\n\t\t\t<\/dt><\/dl><dl class='gallery-item'>\n\t\t\t<dt class='gallery-icon landscape'>\n\t\t\t\t<a class=\"grouped_elements\" rel=\"tc-fancybox-group\" href=\"https:\/\/ee.mlfmonde.org\/bata-sogea\/wp-content\/uploads\/sites\/16\/2020\/12\/Sans-respiration-et-le-c\u0153ur-ne-battant-plus-massage-cardiaque-30-compressions-et-le-bouche-\u00e0-bouche..jpg\" title=\"Sans respiration et le c\u0153ur ne battant plus massage cardiaque (30 compressions et le bouche \u00e0 bouche).\"><img loading=\"lazy\" decoding=\"async\" width=\"150\" height=\"150\" src=\"https:\/\/ee.mlfmonde.org\/bata-sogea\/wp-content\/uploads\/sites\/16\/2020\/12\/Sans-respiration-et-le-c\u0153ur-ne-battant-plus-massage-cardiaque-30-compressions-et-le-bouche-\u00e0-bouche.-150x150.jpg\" class=\"attachment-thumbnail size-thumbnail\" alt=\"\" \/><\/a>\n\t\t\t<\/dt><\/dl><br style=\"clear: both\" \/>\n\t\t<\/div>\n<\/td>\n<\/tr>\n<tr>\n<td width=\"849\">\n<h3 style=\"text-align: center\">Nous avons tous appris plein de choses, voici nos remarques<\/h3>\n<p><em>J\u2019ai appris comment sauver une personne. Tous ces conseils peuvent m\u2019\u00eatre tr\u00e8s utiles en cas de probl\u00e8me, \u00e0 la maison.<\/em> <strong>Abdoul CM2<\/strong><\/p>\n<p><em>J\u2019ai appris comment positionner une personne en PLS. C\u2019est tr\u00e8s important de savoir le faire pour sauver des gens<\/em>. <strong>Lisa CM2<\/strong><\/p>\n<p><em>J\u2019ai appris \u00e0 aider les gens, s\u2019ils sont en danger.<\/em> <strong>Lamis CM2<\/strong><\/p>\n<p><em>J\u2019ai appris \u00e0 agir quand une personne s\u2019\u00e9touffe. Je connaissais la m\u00e9thode mais elle n\u2019\u00e9tait pas tr\u00e8s pr\u00e9cise<\/em>. <strong>Carlos CM2<\/strong><\/p>\n<p><em>J\u2019ai appris comment faire si quelqu\u2019un se coupe, quand on p\u00eache<\/em>. <strong>Alexis CM2<\/strong><\/p>\n<p><em>J\u2019ai appris \u00e0 agir quand tu une personne s\u2019\u00e9touffe, saigne ou perd connaissance.<\/em> <strong>Timoth\u00e9e CM1<\/strong><\/p>\n<p><em>J\u2019ai appris \u00e0 agir quand une personne saigne. On doit appuyer sur la blessure et ne jamais toucher directement le sang<\/em>.<strong> Evan CM1<\/strong><\/p>\n<p><em>J\u2019ai appris \u00e0 contr\u00f4ler ma peur quand je vois quelqu\u2019un saigner. <\/em><strong>Martin CM1<\/strong><\/p>\n<p><em>J\u2019ai appris \u00e0 savoir mieux r\u00e9agir si quelqu\u2019un fait un arr\u00eat cardiaque. <\/em><strong>Amira CM1<\/strong><\/p>\n<p><em>J\u2019ai appris \u00e0 soigner des gens qui perdent connaissance. Il faut surtout v\u00e9rifier qu\u2019ils respirent<\/em>. <strong>Priscillia CM1<\/strong><\/p>\n<p><em>J\u2019ai appris comment faire si quelqu\u2019un s\u2019\u00e9touffe ou s\u2019il saigne. J\u2019ai d\u00e9couvert la PLS. Je sais maintenant \u00e0 quoi elle sert<\/em>. <strong>Kinkaid CM1<\/strong><\/p>\n<p><em>J\u2019ai appris que la langue pouvait nous \u00e9touffer, si elle tombe au fond de la gorge. Il faut donc la tirer avec le doigt<\/em>. <strong>Ali CM1<\/strong><\/p>\n<p><em>J\u2019ai appris que le massage cardiaque pour un enfant et pour un adulte n\u2019est pas le m\u00eame<\/em>. <strong>Linda CM1<\/strong><\/p>\n<p><em>J\u2019ai appris que pour faire un massage cardiaque, on doit faire 30 compressions et 3 insufflations jusqu\u2019\u00e0 l\u2019arriv\u00e9e des secours.<\/em> <strong>Sublime CM1<\/strong><\/p>\n<p><em>J\u2019ai appris qu\u2019il ne fallait pas trop jouer avec des gens asthmatiques car sinon ils risquent d\u2019avoir du mal \u00e0 respirer<\/em>. <strong>Maria CE2<\/strong><\/p>\n<p><em>Quand je verrai une personne en danger, je saurai quoi faire.<\/em> <strong>Bryan CE2<\/strong><\/p>\n<p><strong><u>Quelques num\u00e9ros utiles<\/u><\/strong><strong>\u00a0: <\/strong><\/p>\n<p><span style=\"color: #ff0000\"><strong>Police : 113\u00a0 \u00a0 \u00a0 \u00a0 \u00a0 \u00a0 \u00a0 \u00a0 \u00a0 \u00a0 \u00a0 \u00a0 \u00a0 \u00a0 \u00a0 \u00a0 \u00a0 \u00a0 \u00a0 \u00a0 \u00a0 \u00a0 \u00a0 \u00a0 \u00a0 \u00a0 \u00a0 \u00a0 \u00a0 \u00a0 \u00a0 \u00a0 \u00a0 \u00a0 \u00a0 \u00a0 \u00a0 \u00a0 \u00a0 \u00a0 \u00a0 \u00a0 \u00a0 \u00a0 \u00a0 \u00a0 \u00a0 \u00a0 \u00a0 \u00a0 \u00a0 \u00a0 \u00a0 \u00a0 \u00a0 \u00a0 \u00a0 \u00a0 \u00a0 \u00a0 <span style=\"color: #333333\">\u00a0 \u00a0 \u00a0\u00a0<\/span><\/strong><\/span><br \/>\n<span style=\"color: #ff0000\"><strong>Pompiers : 115<\/strong><\/span><\/td>\n<\/tr>\n<\/tbody>\n<\/table>\n","protected":false},"excerpt":{"rendered":"<p>Les \u00e9l\u00e8ves de Bata, du CE2 \u00e0 la 5e, vous apprennent \u00e0 sauver des vies M. Pascal JARSAL\u00c9, militaire \u00e0 l\u2019\u00e9cole navale de Tica, est venu dans notre \u00e9tablissement, le mercredi 9 d\u00e9cembre. Il nous a donn\u00e9 des conseils et nous a appris quoi faire quand une personne est en danger. Voici quelques conseils\u00a0: 1. [&hellip;]<\/p>\n","protected":false},"author":115,"featured_media":0,"parent":0,"menu_order":0,"comment_status":"closed","ping_status":"closed","template":"","meta":{"_acf_changed":false,"footnotes":""},"class_list":["post-3612","page","type-page","status-publish","czr-hentry"],"acf":[],"_links":{"self":[{"href":"https:\/\/ee.mlfmonde.org\/bata-sogea\/wp-json\/wp\/v2\/pages\/3612","targetHints":{"allow":["GET"]}}],"collection":[{"href":"https:\/\/ee.mlfmonde.org\/bata-sogea\/wp-json\/wp\/v2\/pages"}],"about":[{"href":"https:\/\/ee.mlfmonde.org\/bata-sogea\/wp-json\/wp\/v2\/types\/page"}],"author":[{"embeddable":true,"href":"https:\/\/ee.mlfmonde.org\/bata-sogea\/wp-json\/wp\/v2\/users\/115"}],"replies":[{"embeddable":true,"href":"https:\/\/ee.mlfmonde.org\/bata-sogea\/wp-json\/wp\/v2\/comments?post=3612"}],"version-history":[{"count":10,"href":"https:\/\/ee.mlfmonde.org\/bata-sogea\/wp-json\/wp\/v2\/pages\/3612\/revisions"}],"predecessor-version":[{"id":3635,"href":"https:\/\/ee.mlfmonde.org\/bata-sogea\/wp-json\/wp\/v2\/pages\/3612\/revisions\/3635"}],"wp:attachment":[{"href":"https:\/\/ee.mlfmonde.org\/bata-sogea\/wp-json\/wp\/v2\/media?parent=3612"}],"curies":[{"name":"wp","href":"https:\/\/api.w.org\/{rel}","templated":true}]}}