{"id":3461,"date":"2020-11-29T05:07:28","date_gmt":"2020-11-29T05:07:28","guid":{"rendered":"http:\/\/ee.mlfmonde.org\/bata-sogea\/?page_id=3461"},"modified":"2020-11-30T19:51:53","modified_gmt":"2020-11-30T19:51:53","slug":"visite-de-lambassadeur-de-france","status":"publish","type":"page","link":"https:\/\/ee.mlfmonde.org\/bata-sogea\/visite-de-lambassadeur-de-france\/","title":{"rendered":"L&rsquo;ambassadeur de France en visite \u00e0 l&rsquo;\u00e9cole fran\u00e7aise de Bata"},"content":{"rendered":"<p>Ce lundi 23 novembre 2020, l\u2019\u00e9cole fran\u00e7aise de Bata a re\u00e7u l\u2019ambassadeur de France \u00e0 Malabo, Monsieur Olivier BROCHENIN, pour une visite de l\u2019\u00e9tablissement.<img fetchpriority=\"high\" decoding=\"async\" class=\"alignright wp-image-3468 size-full\" src=\"http:\/\/ee.mlfmonde.org\/bata-sogea\/wp-content\/uploads\/sites\/16\/2020\/11\/ph1.jpg\" alt=\"\" width=\"454\" height=\"473\" srcset=\"https:\/\/ee.mlfmonde.org\/bata-sogea\/wp-content\/uploads\/sites\/16\/2020\/11\/ph1.jpg 454w, https:\/\/ee.mlfmonde.org\/bata-sogea\/wp-content\/uploads\/sites\/16\/2020\/11\/ph1-288x300.jpg 288w\" sizes=\"(max-width: 454px) 100vw, 454px\" \/><\/p>\n<p>A son arriv\u00e9e, monsieur BROCHENIN a \u00e9t\u00e9 accueilli par le directeur de l\u2019\u00e9cole. Ceux-ci ont \u00e9t\u00e9 rejoints quelques minutes plus tard par monsieur GRANDEAU, le directeur g\u00e9n\u00e9ral de SOGEA SATOM.<\/p>\n<p>L&rsquo;ambassadeur de France a rencontr\u00e9 l\u2019ensemble des personnels de l&rsquo;\u00e9tablissement, ainsi que les \u00e9l\u00e8ves, en activit\u00e9, dans les salles de classe. Certaines installations, telles que la BCD et la nouvelle salle informatique, lui ont \u00e9galement \u00e9t\u00e9 pr\u00e9sent\u00e9es.<\/p>\n<p>Les coll\u00e9giens ont profit\u00e9 de cette occasion exceptionnelle pour interviewer l\u2019ambassadeur, dans le cadre de la pr\u00e9paration de leur prochaine \u00e9mission webradio.<\/p>\n<p>Au cours de sa mission \u00e0 Bata, Monsieur BROCHENIN \u00e9tait \u00e9galement charg\u00e9 de remettre une cagnotte \u00e0 l\u2019association \u00e9quato-guin\u00e9en ALDEA INFANTIL SOS de Bata, qui s&rsquo;occupe des enfants en situation difficile.<\/p>\n<p>Association avec laquelle les \u00e9l\u00e8ves de CE2-CM1-CM2 avaient r\u00e9alis\u00e9 un petit film, en lien avec l\u2019article 31 de la convention des droits de l\u2019enfant : le droit de jouer.<\/p>\n<p>Tr\u00e8s naturellement, l\u2019\u00e9cole fran\u00e7aise de Bata a invit\u00e9 le directeur de l&rsquo;association caritative \u00e0 visionner, avec l\u2019ambassadeur, le film r\u00e9alis\u00e9 en 2019-2020, par les \u00e9l\u00e8ves de l&rsquo;\u00e9cole fran\u00e7aise et les enfants de l\u2019association ALDEA INFANTIL SOS de Bata. <strong>Voir le film<\/strong> : <a href=\"https:\/\/www.youtube.com\/watch?v=EV98J50v3eI&amp;feature=youtu.be\" target=\"_blank\" rel=\"noopener\">ici<\/a><\/p>\n<p>La t\u00e9l\u00e9vision locale, ASONGA TV, \u00e9tait \u00e9galement au rendez-vous de cette visite de l\u2019ambassadeur de France, dans les locaux de l\u2019\u00e9cole fran\u00e7aise de Bata.<\/p>\n<p><strong>Interview : <\/strong>l&rsquo;ambassadeur r\u00e9pond aux questions de Lucia FAKIH BACALE 6\u00b0<strong><br \/>\n<\/strong><\/p>\n<!--[if lt IE 9]><script>document.createElement('audio');<\/script><![endif]-->\n<audio class=\"wp-audio-shortcode\" id=\"audio-3461-1\" preload=\"none\" style=\"width: 100%;\" controls=\"controls\"><source type=\"audio\/mpeg\" src=\"http:\/\/ee.mlfmonde.org\/bata-sogea\/wp-content\/uploads\/sites\/16\/2020\/11\/Interview-ambassadeur.mp3?_=1\" \/><a href=\"http:\/\/ee.mlfmonde.org\/bata-sogea\/wp-content\/uploads\/sites\/16\/2020\/11\/Interview-ambassadeur.mp3\">http:\/\/ee.mlfmonde.org\/bata-sogea\/wp-content\/uploads\/sites\/16\/2020\/11\/Interview-ambassadeur.mp3<\/a><\/audio>\n<p><strong>\u00a0<\/strong><\/p>\n\n\t\t<style type=\"text\/css\">\n\t\t\t#gallery-1 {\n\t\t\t\tmargin: auto;\n\t\t\t}\n\t\t\t#gallery-1 .gallery-item {\n\t\t\t\tfloat: left;\n\t\t\t\tmargin-top: 10px;\n\t\t\t\ttext-align: center;\n\t\t\t\twidth: 16%;\n\t\t\t}\n\t\t\t#gallery-1 img {\n\t\t\t\tborder: 2px solid #cfcfcf;\n\t\t\t}\n\t\t\t#gallery-1 .gallery-caption {\n\t\t\t\tmargin-left: 0;\n\t\t\t}\n\t\t\t\/* see gallery_shortcode() in wp-includes\/media.php *\/\n\t\t<\/style>\n\t\t<div id='gallery-1' class='gallery galleryid-3461 gallery-columns-6 gallery-size-thumbnail'><dl class='gallery-item'>\n\t\t\t<dt class='gallery-icon portrait'>\n\t\t\t\t<a class=\"grouped_elements\" rel=\"tc-fancybox-group\" href=\"https:\/\/ee.mlfmonde.org\/bata-sogea\/wp-content\/uploads\/sites\/16\/2020\/11\/M.-Olivier-BROCHENIN-ambassadeur-et-M.-Mohamed-CHOUIKHA-directeur.jpg\" title=\"M. Olivier BROCHENIN ambassadeur et M. Mohamed CHOUIKHA directeur\"><img decoding=\"async\" width=\"150\" height=\"150\" src=\"https:\/\/ee.mlfmonde.org\/bata-sogea\/wp-content\/uploads\/sites\/16\/2020\/11\/M.-Olivier-BROCHENIN-ambassadeur-et-M.-Mohamed-CHOUIKHA-directeur-150x150.jpg\" class=\"attachment-thumbnail size-thumbnail\" alt=\"\" srcset=\"https:\/\/ee.mlfmonde.org\/bata-sogea\/wp-content\/uploads\/sites\/16\/2020\/11\/M.-Olivier-BROCHENIN-ambassadeur-et-M.-Mohamed-CHOUIKHA-directeur-150x150.jpg 150w, https:\/\/ee.mlfmonde.org\/bata-sogea\/wp-content\/uploads\/sites\/16\/2020\/11\/M.-Olivier-BROCHENIN-ambassadeur-et-M.-Mohamed-CHOUIKHA-directeur-298x300.jpg 298w, https:\/\/ee.mlfmonde.org\/bata-sogea\/wp-content\/uploads\/sites\/16\/2020\/11\/M.-Olivier-BROCHENIN-ambassadeur-et-M.-Mohamed-CHOUIKHA-directeur.jpg 436w\" sizes=\"(max-width: 150px) 100vw, 150px\" \/><\/a>\n\t\t\t<\/dt><\/dl><dl class='gallery-item'>\n\t\t\t<dt class='gallery-icon landscape'>\n\t\t\t\t<a class=\"grouped_elements\" rel=\"tc-fancybox-group\" href=\"https:\/\/ee.mlfmonde.org\/bata-sogea\/wp-content\/uploads\/sites\/16\/2020\/11\/Classe-de-TPS-Mme-Franka-RITA-KOSSO.jpg\" title=\"Classe de TPS Mme Franka RITA KOSSO\"><img decoding=\"async\" width=\"150\" height=\"150\" src=\"https:\/\/ee.mlfmonde.org\/bata-sogea\/wp-content\/uploads\/sites\/16\/2020\/11\/Classe-de-TPS-Mme-Franka-RITA-KOSSO-150x150.jpg\" class=\"attachment-thumbnail size-thumbnail\" alt=\"\" \/><\/a>\n\t\t\t<\/dt><\/dl><dl class='gallery-item'>\n\t\t\t<dt class='gallery-icon landscape'>\n\t\t\t\t<a class=\"grouped_elements\" rel=\"tc-fancybox-group\" href=\"https:\/\/ee.mlfmonde.org\/bata-sogea\/wp-content\/uploads\/sites\/16\/2020\/11\/Classe-de-PS-MS-Mme-Gertrude-ABEME.jpg\" title=\"Classe de PS-MS Mme Gertrude ABEME\"><img loading=\"lazy\" decoding=\"async\" width=\"150\" height=\"150\" src=\"https:\/\/ee.mlfmonde.org\/bata-sogea\/wp-content\/uploads\/sites\/16\/2020\/11\/Classe-de-PS-MS-Mme-Gertrude-ABEME-150x150.jpg\" class=\"attachment-thumbnail size-thumbnail\" alt=\"\" \/><\/a>\n\t\t\t<\/dt><\/dl><dl class='gallery-item'>\n\t\t\t<dt class='gallery-icon landscape'>\n\t\t\t\t<a class=\"grouped_elements\" rel=\"tc-fancybox-group\" href=\"https:\/\/ee.mlfmonde.org\/bata-sogea\/wp-content\/uploads\/sites\/16\/2020\/11\/Classe-de-GS-Mme-Anne-GIGOT.jpg\" title=\"Classe de GS Mme Anne GIGOT\"><img loading=\"lazy\" decoding=\"async\" width=\"150\" height=\"150\" src=\"https:\/\/ee.mlfmonde.org\/bata-sogea\/wp-content\/uploads\/sites\/16\/2020\/11\/Classe-de-GS-Mme-Anne-GIGOT-150x150.jpg\" class=\"attachment-thumbnail size-thumbnail\" alt=\"\" \/><\/a>\n\t\t\t<\/dt><\/dl><dl class='gallery-item'>\n\t\t\t<dt class='gallery-icon landscape'>\n\t\t\t\t<a class=\"grouped_elements\" rel=\"tc-fancybox-group\" href=\"https:\/\/ee.mlfmonde.org\/bata-sogea\/wp-content\/uploads\/sites\/16\/2020\/11\/Classe-de-CP-CE1-Mme-Abir-BADIS.jpg\" title=\"Classe de CP-CE1 Mme Abir BADIS\"><img loading=\"lazy\" decoding=\"async\" width=\"150\" height=\"150\" src=\"https:\/\/ee.mlfmonde.org\/bata-sogea\/wp-content\/uploads\/sites\/16\/2020\/11\/Classe-de-CP-CE1-Mme-Abir-BADIS-150x150.jpg\" class=\"attachment-thumbnail size-thumbnail\" alt=\"\" \/><\/a>\n\t\t\t<\/dt><\/dl><dl class='gallery-item'>\n\t\t\t<dt class='gallery-icon landscape'>\n\t\t\t\t<a class=\"grouped_elements\" rel=\"tc-fancybox-group\" href=\"https:\/\/ee.mlfmonde.org\/bata-sogea\/wp-content\/uploads\/sites\/16\/2020\/11\/Interview-de-lambassadeur-par-Lucia-6\u00b0.jpg\" title=\"Interview de l&#039;ambassadeur par Lucia 6\u00b0\"><img loading=\"lazy\" decoding=\"async\" width=\"150\" height=\"150\" src=\"https:\/\/ee.mlfmonde.org\/bata-sogea\/wp-content\/uploads\/sites\/16\/2020\/11\/Interview-de-lambassadeur-par-Lucia-6\u00b0-150x150.jpg\" class=\"attachment-thumbnail size-thumbnail\" alt=\"\" \/><\/a>\n\t\t\t<\/dt><\/dl><br style=\"clear: both\" \/><dl class='gallery-item'>\n\t\t\t<dt class='gallery-icon landscape'>\n\t\t\t\t<a class=\"grouped_elements\" rel=\"tc-fancybox-group\" href=\"https:\/\/ee.mlfmonde.org\/bata-sogea\/wp-content\/uploads\/sites\/16\/2020\/11\/La-classe-de-CE2-CM1-CM2-pr\u00e9sente-son-film-\u00e0-lambassadeur.jpg\" title=\"La classe de CE2-CM1-CM2 pr\u00e9sente son film \u00e0 l&#039;ambassadeur\"><img loading=\"lazy\" decoding=\"async\" width=\"150\" height=\"150\" src=\"https:\/\/ee.mlfmonde.org\/bata-sogea\/wp-content\/uploads\/sites\/16\/2020\/11\/La-classe-de-CE2-CM1-CM2-pr\u00e9sente-son-film-\u00e0-lambassadeur-150x150.jpg\" class=\"attachment-thumbnail size-thumbnail\" alt=\"\" \/><\/a>\n\t\t\t<\/dt><\/dl><dl class='gallery-item'>\n\t\t\t<dt class='gallery-icon landscape'>\n\t\t\t\t<a class=\"grouped_elements\" rel=\"tc-fancybox-group\" href=\"https:\/\/ee.mlfmonde.org\/bata-sogea\/wp-content\/uploads\/sites\/16\/2020\/11\/Lambassadeur-et-le-directeur-de-la-ALDEA-SOS-de-Bata-visionnent-le-film-des-CE2-CM1-CM2-1.jpg\" title=\"L&#039;ambassadeur et le directeur de la ALDEA SOS de Bata visionnent le film des CE2-CM1-CM2\"><img loading=\"lazy\" decoding=\"async\" width=\"150\" height=\"150\" src=\"https:\/\/ee.mlfmonde.org\/bata-sogea\/wp-content\/uploads\/sites\/16\/2020\/11\/Lambassadeur-et-le-directeur-de-la-ALDEA-SOS-de-Bata-visionnent-le-film-des-CE2-CM1-CM2-1-150x150.jpg\" class=\"attachment-thumbnail size-thumbnail\" alt=\"\" \/><\/a>\n\t\t\t<\/dt><\/dl><dl class='gallery-item'>\n\t\t\t<dt class='gallery-icon landscape'>\n\t\t\t\t<a class=\"grouped_elements\" rel=\"tc-fancybox-group\" href=\"https:\/\/ee.mlfmonde.org\/bata-sogea\/wp-content\/uploads\/sites\/16\/2020\/11\/Lambassadeur-re\u00e7oit-la-photo-de-l\u00e9cole-fran\u00e7aise-de-Bata.jpg\" title=\"L&#039;ambassadeur re\u00e7oit la photo de l&#039;\u00e9cole fran\u00e7aise de Bata\"><img loading=\"lazy\" decoding=\"async\" width=\"150\" height=\"150\" src=\"https:\/\/ee.mlfmonde.org\/bata-sogea\/wp-content\/uploads\/sites\/16\/2020\/11\/Lambassadeur-re\u00e7oit-la-photo-de-l\u00e9cole-fran\u00e7aise-de-Bata-150x150.jpg\" class=\"attachment-thumbnail size-thumbnail\" alt=\"\" \/><\/a>\n\t\t\t<\/dt><\/dl><dl class='gallery-item'>\n\t\t\t<dt class='gallery-icon landscape'>\n\t\t\t\t<a class=\"grouped_elements\" rel=\"tc-fancybox-group\" href=\"https:\/\/ee.mlfmonde.org\/bata-sogea\/wp-content\/uploads\/sites\/16\/2020\/11\/Classe-de-6\u00b0-M.-Enrique-FACORAT-DUPLESSIS.jpg\" title=\"Classe de 6\u00b0 M. Enrique FACORAT DUPLESSIS\"><img loading=\"lazy\" decoding=\"async\" width=\"150\" height=\"150\" src=\"https:\/\/ee.mlfmonde.org\/bata-sogea\/wp-content\/uploads\/sites\/16\/2020\/11\/Classe-de-6\u00b0-M.-Enrique-FACORAT-DUPLESSIS-150x150.jpg\" class=\"attachment-thumbnail size-thumbnail\" alt=\"\" \/><\/a>\n\t\t\t<\/dt><\/dl><dl class='gallery-item'>\n\t\t\t<dt class='gallery-icon landscape'>\n\t\t\t\t<a class=\"grouped_elements\" rel=\"tc-fancybox-group\" href=\"https:\/\/ee.mlfmonde.org\/bata-sogea\/wp-content\/uploads\/sites\/16\/2020\/11\/Classe-de-5\u00b0-Mme-Vanina-MEYIA-ENGONGA.jpg\" title=\"Classe de 5\u00b0 Mme Vanina MEYIA ENGONGA\"><img loading=\"lazy\" decoding=\"async\" width=\"150\" height=\"150\" src=\"https:\/\/ee.mlfmonde.org\/bata-sogea\/wp-content\/uploads\/sites\/16\/2020\/11\/Classe-de-5\u00b0-Mme-Vanina-MEYIA-ENGONGA-150x150.jpg\" class=\"attachment-thumbnail size-thumbnail\" alt=\"\" \/><\/a>\n\t\t\t<\/dt><\/dl><dl class='gallery-item'>\n\t\t\t<dt class='gallery-icon portrait'>\n\t\t\t\t<a class=\"grouped_elements\" rel=\"tc-fancybox-group\" href=\"https:\/\/ee.mlfmonde.org\/bata-sogea\/wp-content\/uploads\/sites\/16\/2020\/11\/Lambassadeur-r\u00e9pond-\u00e0-la-presse-locale.jpg\" title=\"L&#039;ambassadeur r\u00e9pond \u00e0 la presse locale\"><img loading=\"lazy\" decoding=\"async\" width=\"150\" height=\"150\" src=\"https:\/\/ee.mlfmonde.org\/bata-sogea\/wp-content\/uploads\/sites\/16\/2020\/11\/Lambassadeur-r\u00e9pond-\u00e0-la-presse-locale-150x150.jpg\" class=\"attachment-thumbnail size-thumbnail\" alt=\"\" \/><\/a>\n\t\t\t<\/dt><\/dl><br style=\"clear: both\" \/>\n\t\t<\/div>\n\n","protected":false},"excerpt":{"rendered":"<p>Ce lundi 23 novembre 2020, l\u2019\u00e9cole fran\u00e7aise de Bata a re\u00e7u l\u2019ambassadeur de France \u00e0 Malabo, Monsieur Olivier BROCHENIN, pour une visite de l\u2019\u00e9tablissement. A son arriv\u00e9e, monsieur BROCHENIN a \u00e9t\u00e9 accueilli par le directeur de l\u2019\u00e9cole. Ceux-ci ont \u00e9t\u00e9 rejoints quelques minutes plus tard par monsieur GRANDEAU, le directeur g\u00e9n\u00e9ral de SOGEA SATOM. L&rsquo;ambassadeur [&hellip;]<\/p>\n","protected":false},"author":115,"featured_media":0,"parent":0,"menu_order":0,"comment_status":"closed","ping_status":"closed","template":"","meta":{"_acf_changed":false,"footnotes":""},"class_list":["post-3461","page","type-page","status-publish","czr-hentry"],"acf":[],"_links":{"self":[{"href":"https:\/\/ee.mlfmonde.org\/bata-sogea\/wp-json\/wp\/v2\/pages\/3461","targetHints":{"allow":["GET"]}}],"collection":[{"href":"https:\/\/ee.mlfmonde.org\/bata-sogea\/wp-json\/wp\/v2\/pages"}],"about":[{"href":"https:\/\/ee.mlfmonde.org\/bata-sogea\/wp-json\/wp\/v2\/types\/page"}],"author":[{"embeddable":true,"href":"https:\/\/ee.mlfmonde.org\/bata-sogea\/wp-json\/wp\/v2\/users\/115"}],"replies":[{"embeddable":true,"href":"https:\/\/ee.mlfmonde.org\/bata-sogea\/wp-json\/wp\/v2\/comments?post=3461"}],"version-history":[{"count":23,"href":"https:\/\/ee.mlfmonde.org\/bata-sogea\/wp-json\/wp\/v2\/pages\/3461\/revisions"}],"predecessor-version":[{"id":3523,"href":"https:\/\/ee.mlfmonde.org\/bata-sogea\/wp-json\/wp\/v2\/pages\/3461\/revisions\/3523"}],"wp:attachment":[{"href":"https:\/\/ee.mlfmonde.org\/bata-sogea\/wp-json\/wp\/v2\/media?parent=3461"}],"curies":[{"name":"wp","href":"https:\/\/api.w.org\/{rel}","templated":true}]}}