{"id":3427,"date":"2020-10-27T15:17:46","date_gmt":"2020-10-27T15:17:46","guid":{"rendered":"http:\/\/ee.mlfmonde.org\/bata-sogea\/?page_id=3427"},"modified":"2020-10-27T15:20:48","modified_gmt":"2020-10-27T15:20:48","slug":"pour-toi-cest-quoi-lafrique","status":"publish","type":"page","link":"https:\/\/ee.mlfmonde.org\/bata-sogea\/pour-toi-cest-quoi-lafrique\/","title":{"rendered":"Pour toi, c\u2019est quoi l\u2019Afrique ?"},"content":{"rendered":"<p>Lors de la premi\u00e8re p\u00e9riode de l\u2019ann\u00e9e les \u00e9l\u00e8ves de la classe de Grande Section ont travaill\u00e9 sur les continents et l\u2019Afrique.<img fetchpriority=\"high\" decoding=\"async\" class=\"wp-image-3428 alignright\" src=\"http:\/\/ee.mlfmonde.org\/bata-sogea\/wp-content\/uploads\/sites\/16\/2020\/10\/Afrique-1024x770.jpg\" alt=\"\" width=\"609\" height=\"458\" srcset=\"https:\/\/ee.mlfmonde.org\/bata-sogea\/wp-content\/uploads\/sites\/16\/2020\/10\/Afrique-1024x770.jpg 1024w, https:\/\/ee.mlfmonde.org\/bata-sogea\/wp-content\/uploads\/sites\/16\/2020\/10\/Afrique-300x226.jpg 300w, https:\/\/ee.mlfmonde.org\/bata-sogea\/wp-content\/uploads\/sites\/16\/2020\/10\/Afrique-768x577.jpg 768w, https:\/\/ee.mlfmonde.org\/bata-sogea\/wp-content\/uploads\/sites\/16\/2020\/10\/Afrique.jpg 1378w\" sizes=\"(max-width: 609px) 100vw, 609px\" \/><\/p>\n<p>Ils ont r\u00e9alis\u00e9 des colliers aux couleurs riches qu\u2019ils ont pu rapporter \u00e0 la maison pour les vacances.<\/p>\n<p>Le dernier jour avant les vacances, la ma\u00eetresse leur a pos\u00e9 la question suivante\u00a0: \u00ab\u00a0Pour toi, c\u2019est quoi l\u2019Afrique\u00a0?\u00a0\u00bb. Et voici leurs r\u00e9ponses\u00a0:<\/p>\n<ul>\n<li>David\u00a0: c\u2019est l\u2019endroit o\u00f9 vivent les Africains.<\/li>\n<li>Mohamad\u00a0: l\u2019Afrique c\u2019est o\u00f9 vivent les animaux comme les lions et les tigres.<\/li>\n<li>Nolan\u00a0: en Afrique, il y a des animaux, des maisons en paille et aussi beaucoup de pays.<\/li>\n<li>Miguel\u00a0: il y a des habits africains qui sont avec des formes g\u00e9om\u00e9triques plein de couleurs.<\/li>\n<li>Aline\u00a0: nous avons colori\u00e9 des masques africains avec beaucoup de couleurs.<\/li>\n<li>Pablo\u00a0: l\u2019Afrique est un continent o\u00f9 il fait tr\u00e8s chaud.<\/li>\n<li>Ziad\u00a0: les gens d\u2019Afrique sont souvent noirs mais pas tous.<\/li>\n<li>Jules\u00a0: il y a des arbres et aussi plein de rochers.<\/li>\n<li>Daniel\u00a0: nous avons coll\u00e9 des photos sur l\u2019Afrique.<\/li>\n<li>Chelsea\u00a0: pour moi l\u2019Afrique c\u2019est un continent o\u00f9 vivent les gorilles, les l\u00e9opards, les z\u00e8bres et les girafes.<\/li>\n<li>Africa\u00a0: nous vivons en Guin\u00e9e \u00e9quatoriale, un pays d\u2019Afrique.<\/li>\n<\/ul>\n","protected":false},"excerpt":{"rendered":"<p>Lors de la premi\u00e8re p\u00e9riode de l\u2019ann\u00e9e les \u00e9l\u00e8ves de la classe de Grande Section ont travaill\u00e9 sur les continents et l\u2019Afrique. Ils ont r\u00e9alis\u00e9 des colliers aux couleurs riches qu\u2019ils ont pu rapporter \u00e0 la maison pour les vacances. Le dernier jour avant les vacances, la ma\u00eetresse leur a pos\u00e9 la question suivante\u00a0: \u00ab\u00a0Pour [&hellip;]<\/p>\n","protected":false},"author":115,"featured_media":0,"parent":0,"menu_order":0,"comment_status":"closed","ping_status":"closed","template":"","meta":{"_acf_changed":false,"footnotes":""},"class_list":["post-3427","page","type-page","status-publish","czr-hentry"],"acf":[],"_links":{"self":[{"href":"https:\/\/ee.mlfmonde.org\/bata-sogea\/wp-json\/wp\/v2\/pages\/3427","targetHints":{"allow":["GET"]}}],"collection":[{"href":"https:\/\/ee.mlfmonde.org\/bata-sogea\/wp-json\/wp\/v2\/pages"}],"about":[{"href":"https:\/\/ee.mlfmonde.org\/bata-sogea\/wp-json\/wp\/v2\/types\/page"}],"author":[{"embeddable":true,"href":"https:\/\/ee.mlfmonde.org\/bata-sogea\/wp-json\/wp\/v2\/users\/115"}],"replies":[{"embeddable":true,"href":"https:\/\/ee.mlfmonde.org\/bata-sogea\/wp-json\/wp\/v2\/comments?post=3427"}],"version-history":[{"count":3,"href":"https:\/\/ee.mlfmonde.org\/bata-sogea\/wp-json\/wp\/v2\/pages\/3427\/revisions"}],"predecessor-version":[{"id":3433,"href":"https:\/\/ee.mlfmonde.org\/bata-sogea\/wp-json\/wp\/v2\/pages\/3427\/revisions\/3433"}],"wp:attachment":[{"href":"https:\/\/ee.mlfmonde.org\/bata-sogea\/wp-json\/wp\/v2\/media?parent=3427"}],"curies":[{"name":"wp","href":"https:\/\/api.w.org\/{rel}","templated":true}]}}