{"id":3346,"date":"2020-10-10T14:29:53","date_gmt":"2020-10-10T14:29:53","guid":{"rendered":"http:\/\/ee.mlfmonde.org\/bata-sogea\/?page_id=3346"},"modified":"2020-10-17T10:08:38","modified_gmt":"2020-10-17T10:08:38","slug":"lecole-francais-de-bata-fait-don-dun-ordinateur-a-lemission-ecole-championne","status":"publish","type":"page","link":"https:\/\/ee.mlfmonde.org\/bata-sogea\/lecole-francais-de-bata-fait-don-dun-ordinateur-a-lemission-ecole-championne\/","title":{"rendered":"L&rsquo;\u00c9cole fran\u00e7ais de Bata offre un ordinateur \u00e0 l&rsquo;\u00e9mission \u00c9cole Championne"},"content":{"rendered":"<h4><\/h4>\n<table style=\"height: 406px\" width=\"1252\">\n<tbody>\n<tr>\n<td width=\"236\"><img fetchpriority=\"high\" decoding=\"async\" class=\"wp-image-3356 alignright\" src=\"http:\/\/ee.mlfmonde.org\/bata-sogea\/wp-content\/uploads\/sites\/16\/2020\/10\/Photo-\u00e9cole-championne.gif\" alt=\"\" width=\"472\" height=\"412\" \/><\/p>\n<h4><\/h4>\n<h4><\/h4>\n<\/td>\n<td width=\"368\">\n<h4>Suite au renouvellement de son parc informatique, et en accord avec la direction g\u00e9n\u00e9rale de SOGEA SATOM, l\u2019\u00c9cole fran\u00e7aise de Bata fait don de l\u2019un de ses\u00a0anciens ordinateurs \u00e0 l\u2019\u00e9mission de promotion de la langue fran\u00e7aise <em>\u00c9cole Championn<\/em><strong><em>e<\/em><\/strong>.<\/h4>\n<h4>A cette occasion, M. Maiga\u00a0Aboubacar Sidiki, le directeur de la c\u00e9l\u00e8bre \u00e9mission de t\u00e9l\u00e9vision, a rencontr\u00e9 le directeur de l\u2019\u00e9tablissement.<\/h4>\n<h4>Cette \u00e9mission jeune public est diffus\u00e9e, sur Canal Sol. Elle\u00a0oppose les \u00e9l\u00e8ves de deux \u00e9coles locales sur des questions de culture g\u00e9n\u00e9rale et d&rsquo;autres \u00e9preuves.<\/h4>\n<h4>L\u2019ordinateur sera mis en jeu et offert \u00e0 l&rsquo;\u00e9cole gagnante de la finale de l\u2019\u00e9mission.<\/h4>\n<h4>M. Maiga\u00a0Aboubacar Sidiki a profit\u00e9 de sa visite pour remercier l&rsquo;\u00c9cole fran\u00e7aise de Bata de sa collaboration et de son soutien au programme\u00a0<em>\u00c9cole Championn<\/em><strong><em>e.<\/em><\/strong><\/h4>\n<h4>Gr\u00e2ce \u00e0 ce don, cet ordinateur, en parfait \u00e9tat, trouvera une seconde et longue vie,\u00a0dans une \u00e9cole locale \u00e9quato-guin\u00e9enne.<\/h4>\n<\/td>\n<\/tr>\n<\/tbody>\n<\/table>\n","protected":false},"excerpt":{"rendered":"<p>Suite au renouvellement de son parc informatique, et en accord avec la direction g\u00e9n\u00e9rale de SOGEA SATOM, l\u2019\u00c9cole fran\u00e7aise de Bata fait don de l\u2019un de ses\u00a0anciens ordinateurs \u00e0 l\u2019\u00e9mission de promotion de la langue fran\u00e7aise \u00c9cole Championne. A cette occasion, M. Maiga\u00a0Aboubacar Sidiki, le directeur de la c\u00e9l\u00e8bre \u00e9mission de t\u00e9l\u00e9vision, a rencontr\u00e9 le [&hellip;]<\/p>\n","protected":false},"author":115,"featured_media":0,"parent":0,"menu_order":0,"comment_status":"closed","ping_status":"closed","template":"","meta":{"_acf_changed":false,"footnotes":""},"class_list":["post-3346","page","type-page","status-publish","czr-hentry"],"acf":[],"_links":{"self":[{"href":"https:\/\/ee.mlfmonde.org\/bata-sogea\/wp-json\/wp\/v2\/pages\/3346","targetHints":{"allow":["GET"]}}],"collection":[{"href":"https:\/\/ee.mlfmonde.org\/bata-sogea\/wp-json\/wp\/v2\/pages"}],"about":[{"href":"https:\/\/ee.mlfmonde.org\/bata-sogea\/wp-json\/wp\/v2\/types\/page"}],"author":[{"embeddable":true,"href":"https:\/\/ee.mlfmonde.org\/bata-sogea\/wp-json\/wp\/v2\/users\/115"}],"replies":[{"embeddable":true,"href":"https:\/\/ee.mlfmonde.org\/bata-sogea\/wp-json\/wp\/v2\/comments?post=3346"}],"version-history":[{"count":22,"href":"https:\/\/ee.mlfmonde.org\/bata-sogea\/wp-json\/wp\/v2\/pages\/3346\/revisions"}],"predecessor-version":[{"id":3385,"href":"https:\/\/ee.mlfmonde.org\/bata-sogea\/wp-json\/wp\/v2\/pages\/3346\/revisions\/3385"}],"wp:attachment":[{"href":"https:\/\/ee.mlfmonde.org\/bata-sogea\/wp-json\/wp\/v2\/media?parent=3346"}],"curies":[{"name":"wp","href":"https:\/\/api.w.org\/{rel}","templated":true}]}}