{"id":3218,"date":"2020-02-26T19:02:59","date_gmt":"2020-02-26T19:02:59","guid":{"rendered":"http:\/\/ee.mlfmonde.org\/bata-sogea\/?page_id=3218"},"modified":"2020-02-28T17:21:05","modified_gmt":"2020-02-28T17:21:05","slug":"3218-2","status":"publish","type":"page","link":"https:\/\/ee.mlfmonde.org\/bata-sogea\/3218-2\/","title":{"rendered":"Inauguration du tournoi inter-\u00e9coles de basket"},"content":{"rendered":"<p>Ce samedi 22-02-20, les \u00e9l\u00e8ves de CM \u00e0 5<sup>\u00e8me<\/sup>\u00a0ont particip\u00e9 \u00e0 la journ\u00e9e d\u2019inauguration du championnat inter-\u00e9coles de basket, en partenariat avec la <img fetchpriority=\"high\" decoding=\"async\" class=\"wp-image-3221 size-full alignright\" src=\"http:\/\/ee.mlfmonde.org\/bata-sogea\/wp-content\/uploads\/sites\/16\/2020\/02\/Match-inaugural..jpg\" alt=\"\" width=\"567\" height=\"380\" srcset=\"https:\/\/ee.mlfmonde.org\/bata-sogea\/wp-content\/uploads\/sites\/16\/2020\/02\/Match-inaugural..jpg 567w, https:\/\/ee.mlfmonde.org\/bata-sogea\/wp-content\/uploads\/sites\/16\/2020\/02\/Match-inaugural.-300x201.jpg 300w\" sizes=\"(max-width: 567px) 100vw, 567px\" \/>fondation Martinez et la f\u00e9d\u00e9ration \u00e9quato-guin\u00e9enne de basket.<\/p>\n<p>Le directeur de la fondation Matinez a salu\u00e9 les \u00e9quipes et a encourag\u00e9 les joueurs \u00e0 conserver un esprit sportif, lors de cette comp\u00e9tition.<\/p>\n<p>Ce championnat opposera onze \u00e9tablissements scolaires de Bata, sur le terrain de basket couvert du complexe sportif de Nkoatoma.<\/p>\n<p>Les \u00e9coles en comp\u00e9tition : MLF-SOGEA SATOM, BISILA, BILINGUE CONCEPTION, ECO DEL FUTURO, MELFISA, ESCOLAPIOS, CUNINOS et DOCTOR PASCUAL MICHA.<\/p>\n<p>A cette occasion, nos \u00e9l\u00e8ves ont pu rencontrer leurs adversaires, assister \u00e0 la c\u00e9r\u00e9monie de pr\u00e9sentation des \u00e9quipes et participer \u00e0 une s\u00e9rie d\u2019activit\u00e9s d&rsquo;\u00e9chauffement, avant d\u2019attaquer les matchs d&rsquo;avant tournoi.<\/p>\n<p>Notre \u00e9quipe a manifestement profit\u00e9 de son exp\u00e9rience du championnat de l&rsquo;an pass\u00e9 ainsi que des entra\u00eenements en activit\u00e9s p\u00e9riscolaires sous la f\u00e9rule d&rsquo;Alfa, notre entra\u00eeneur.<\/p>\n<p>En effet, toutes les rencontres de cette matin\u00e9e inaugurale ont \u00e9t\u00e9 remport\u00e9es par notre \u00e9tablissement ! Voil\u00e0 un d\u00e9but de championnat tr\u00e8s encourageant.<\/p>\n<p>Les parents d\u2019\u00e9l\u00e8ves sont naturellement convi\u00e9s \u00e0 venir encourager notre \u00e9quipe, lors des matchs.<\/p>\n<p><strong>Premi\u00e8res dates du championnat\u00a0<\/strong>:<\/p>\n<div>Dimanche 1er mars, de 10h \u00e0 12h.<\/div>\n<div>Dimanche 8 mars, de 8h \u00e0 10h.<\/div>\n<div>Samedi 14 mars, de 9h \u00e0 11h.<\/div>\n<div>Dimanche 22 mars, de 9h \u00e0 11h.<\/div>\n<div>Dimanche 29 mars, de 10h \u00e0 12h.<\/div>\n<p><strong>Galerie<\/strong>\u00a0<strong>photo<\/strong>\u00a0: cliquer sur l\u2019une des miniatures, ci-dessous, puis faire d\u00e9filer les photos en taille r\u00e9elle.<\/p>\n\n\t\t<style type=\"text\/css\">\n\t\t\t#gallery-1 {\n\t\t\t\tmargin: auto;\n\t\t\t}\n\t\t\t#gallery-1 .gallery-item {\n\t\t\t\tfloat: left;\n\t\t\t\tmargin-top: 10px;\n\t\t\t\ttext-align: center;\n\t\t\t\twidth: 16%;\n\t\t\t}\n\t\t\t#gallery-1 img {\n\t\t\t\tborder: 2px solid #cfcfcf;\n\t\t\t}\n\t\t\t#gallery-1 .gallery-caption {\n\t\t\t\tmargin-left: 0;\n\t\t\t}\n\t\t\t\/* see gallery_shortcode() in wp-includes\/media.php *\/\n\t\t<\/style>\n\t\t<div id='gallery-1' class='gallery galleryid-3218 gallery-columns-6 gallery-size-thumbnail'><dl class='gallery-item'>\n\t\t\t<dt class='gallery-icon landscape'>\n\t\t\t\t<a class=\"grouped_elements\" rel=\"tc-fancybox-group\" href=\"https:\/\/ee.mlfmonde.org\/bata-sogea\/wp-content\/uploads\/sites\/16\/2020\/02\/Les-11-\u00e9coles-disputant-le-tournoi.jpg\" title=\"Les 11 \u00e9coles disputant le tournoi\"><img decoding=\"async\" width=\"150\" height=\"150\" src=\"https:\/\/ee.mlfmonde.org\/bata-sogea\/wp-content\/uploads\/sites\/16\/2020\/02\/Les-11-\u00e9coles-disputant-le-tournoi-150x150.jpg\" class=\"attachment-thumbnail size-thumbnail\" alt=\"\" \/><\/a>\n\t\t\t<\/dt><\/dl><dl class='gallery-item'>\n\t\t\t<dt class='gallery-icon landscape'>\n\t\t\t\t<a class=\"grouped_elements\" rel=\"tc-fancybox-group\" href=\"https:\/\/ee.mlfmonde.org\/bata-sogea\/wp-content\/uploads\/sites\/16\/2020\/02\/Une-partie-de-l\u00e9quipe-pr\u00e9sente-\u00e0-linauguration.jpg\" title=\"Une partie de l&#039;\u00e9quipe pr\u00e9sente \u00e0 l&#039;inauguration\"><img decoding=\"async\" width=\"150\" height=\"150\" src=\"https:\/\/ee.mlfmonde.org\/bata-sogea\/wp-content\/uploads\/sites\/16\/2020\/02\/Une-partie-de-l\u00e9quipe-pr\u00e9sente-\u00e0-linauguration-150x150.jpg\" class=\"attachment-thumbnail size-thumbnail\" alt=\"\" \/><\/a>\n\t\t\t<\/dt><\/dl><dl class='gallery-item'>\n\t\t\t<dt class='gallery-icon landscape'>\n\t\t\t\t<a class=\"grouped_elements\" rel=\"tc-fancybox-group\" href=\"https:\/\/ee.mlfmonde.org\/bata-sogea\/wp-content\/uploads\/sites\/16\/2020\/02\/Echauffement-avant-le-match.jpg\" title=\"Echauffement avant le match\"><img loading=\"lazy\" decoding=\"async\" width=\"150\" height=\"150\" src=\"https:\/\/ee.mlfmonde.org\/bata-sogea\/wp-content\/uploads\/sites\/16\/2020\/02\/Echauffement-avant-le-match-150x150.jpg\" class=\"attachment-thumbnail size-thumbnail\" alt=\"\" \/><\/a>\n\t\t\t<\/dt><\/dl><dl class='gallery-item'>\n\t\t\t<dt class='gallery-icon landscape'>\n\t\t\t\t<a class=\"grouped_elements\" rel=\"tc-fancybox-group\" href=\"https:\/\/ee.mlfmonde.org\/bata-sogea\/wp-content\/uploads\/sites\/16\/2020\/02\/Match-inaugural.jpg\" title=\"Match inaugural\"><img loading=\"lazy\" decoding=\"async\" width=\"150\" height=\"150\" src=\"https:\/\/ee.mlfmonde.org\/bata-sogea\/wp-content\/uploads\/sites\/16\/2020\/02\/Match-inaugural-150x150.jpg\" class=\"attachment-thumbnail size-thumbnail\" alt=\"\" \/><\/a>\n\t\t\t<\/dt><\/dl><dl class='gallery-item'>\n\t\t\t<dt class='gallery-icon landscape'>\n\t\t\t\t<a class=\"grouped_elements\" rel=\"tc-fancybox-group\" href=\"https:\/\/ee.mlfmonde.org\/bata-sogea\/wp-content\/uploads\/sites\/16\/2020\/02\/Les-organisateurs-du-championnat.jpg\" title=\"Les organisateurs du championnat\"><img loading=\"lazy\" decoding=\"async\" width=\"150\" height=\"150\" src=\"https:\/\/ee.mlfmonde.org\/bata-sogea\/wp-content\/uploads\/sites\/16\/2020\/02\/Les-organisateurs-du-championnat-150x150.jpg\" class=\"attachment-thumbnail size-thumbnail\" alt=\"\" \/><\/a>\n\t\t\t<\/dt><\/dl><dl class='gallery-item'>\n\t\t\t<dt class='gallery-icon portrait'>\n\t\t\t\t<a class=\"grouped_elements\" rel=\"tc-fancybox-group\" href=\"https:\/\/ee.mlfmonde.org\/bata-sogea\/wp-content\/uploads\/sites\/16\/2020\/02\/Notre-entra\u00eeneur-Alfa-re\u00e7oit-les-2-ballons-offerts-\u00e0-l\u00e9cole.jpg\" title=\"Notre entra\u00eeneur Alfa re\u00e7oit les 2 ballons offerts \u00e0 l&#039;\u00e9cole\"><img loading=\"lazy\" decoding=\"async\" width=\"150\" height=\"150\" src=\"https:\/\/ee.mlfmonde.org\/bata-sogea\/wp-content\/uploads\/sites\/16\/2020\/02\/Notre-entra\u00eeneur-Alfa-re\u00e7oit-les-2-ballons-offerts-\u00e0-l\u00e9cole-150x150.jpg\" class=\"attachment-thumbnail size-thumbnail\" alt=\"\" \/><\/a>\n\t\t\t<\/dt><\/dl><br style=\"clear: both\" \/>\n\t\t<\/div>\n\n","protected":false},"excerpt":{"rendered":"<p>Ce samedi 22-02-20, les \u00e9l\u00e8ves de CM \u00e0 5\u00e8me\u00a0ont particip\u00e9 \u00e0 la journ\u00e9e d\u2019inauguration du championnat inter-\u00e9coles de basket, en partenariat avec la fondation Martinez et la f\u00e9d\u00e9ration \u00e9quato-guin\u00e9enne de basket. Le directeur de la fondation Matinez a salu\u00e9 les \u00e9quipes et a encourag\u00e9 les joueurs \u00e0 conserver un esprit sportif, lors de cette comp\u00e9tition. [&hellip;]<\/p>\n","protected":false},"author":115,"featured_media":0,"parent":0,"menu_order":0,"comment_status":"closed","ping_status":"closed","template":"","meta":{"_acf_changed":false,"footnotes":""},"class_list":["post-3218","page","type-page","status-publish","czr-hentry"],"acf":[],"_links":{"self":[{"href":"https:\/\/ee.mlfmonde.org\/bata-sogea\/wp-json\/wp\/v2\/pages\/3218","targetHints":{"allow":["GET"]}}],"collection":[{"href":"https:\/\/ee.mlfmonde.org\/bata-sogea\/wp-json\/wp\/v2\/pages"}],"about":[{"href":"https:\/\/ee.mlfmonde.org\/bata-sogea\/wp-json\/wp\/v2\/types\/page"}],"author":[{"embeddable":true,"href":"https:\/\/ee.mlfmonde.org\/bata-sogea\/wp-json\/wp\/v2\/users\/115"}],"replies":[{"embeddable":true,"href":"https:\/\/ee.mlfmonde.org\/bata-sogea\/wp-json\/wp\/v2\/comments?post=3218"}],"version-history":[{"count":5,"href":"https:\/\/ee.mlfmonde.org\/bata-sogea\/wp-json\/wp\/v2\/pages\/3218\/revisions"}],"predecessor-version":[{"id":3233,"href":"https:\/\/ee.mlfmonde.org\/bata-sogea\/wp-json\/wp\/v2\/pages\/3218\/revisions\/3233"}],"wp:attachment":[{"href":"https:\/\/ee.mlfmonde.org\/bata-sogea\/wp-json\/wp\/v2\/media?parent=3218"}],"curies":[{"name":"wp","href":"https:\/\/api.w.org\/{rel}","templated":true}]}}