{"id":3088,"date":"2020-02-13T04:43:24","date_gmt":"2020-02-13T04:43:24","guid":{"rendered":"http:\/\/ee.mlfmonde.org\/bata-sogea\/?page_id=3088"},"modified":"2020-02-17T07:50:14","modified_gmt":"2020-02-17T07:50:14","slug":"visite-de-soeguibe-castel-une-sortie-scolaire-au-top","status":"publish","type":"page","link":"https:\/\/ee.mlfmonde.org\/bata-sogea\/visite-de-soeguibe-castel-une-sortie-scolaire-au-top\/","title":{"rendered":"Visite de SOEGUIBE CASTEL, une sortie scolaire au TOP !"},"content":{"rendered":"<p>Le jeudi matin, 6 f\u00e9vrier 2020, nous avons visit\u00e9 l\u2019entreprise <strong>SOEGUIBE CASTEL<\/strong>, une brasserie implant\u00e9 \u00e0 Bata depuis 2004,<\/p>\n<p><img fetchpriority=\"high\" decoding=\"async\" class=\"wp-image-3133 alignright\" src=\"http:\/\/ee.mlfmonde.org\/bata-sogea\/wp-content\/uploads\/sites\/16\/2020\/02\/Retour-bus..jpg\" alt=\"\" width=\"592\" height=\"486\" srcset=\"https:\/\/ee.mlfmonde.org\/bata-sogea\/wp-content\/uploads\/sites\/16\/2020\/02\/Retour-bus..jpg 529w, https:\/\/ee.mlfmonde.org\/bata-sogea\/wp-content\/uploads\/sites\/16\/2020\/02\/Retour-bus.-300x246.jpg 300w\" sizes=\"(max-width: 592px) 100vw, 592px\" \/>qui produit 200\u00a0000<img decoding=\"async\" class=\"alignright wp-image-3096 size-full\" src=\"http:\/\/ee.mlfmonde.org\/bata-sogea\/wp-content\/uploads\/sites\/16\/2020\/02\/top.jpg\" alt=\"\" width=\"496\" height=\"404\" \/>\u00a0 bouteilles par jour.<\/p>\n<p>L\u2019entreprise r\u00e9alise diff\u00e9rentes boissons\u00a0: de la bi\u00e8re, bien entendu, mais aussi de l\u2019eau et des sodas.<\/p>\n<p>Notre visite \u00e9tait ax\u00e9e sur la fabrication de la bi\u00e8re <em><strong>Castel Beer<\/strong>.<\/em><\/p>\n<p>D\u00e9roulement\u00a0:<\/p>\n<p>Nous sommes partis de l\u2019\u00e9cole, en bus, \u00e0 10h30. A notre arriv\u00e9e, le directeur g\u00e9n\u00e9ral, M. Xavier de Boisset, et son \u00e9pouse, Mme St\u00e9phanie de Boisset, nous ont accueillis \u00e0 la descente du bus.<\/p>\n<p>Des employ\u00e9s de l&rsquo;entreprise nous ont remis les \u00e9quipements de rigueur\u00a0: charlottes, bouchons anti-bruit, pour tous, et gilets fluorescents pour les accompagnateurs.<\/p>\n<p>Sans plus tarder, notre guide nous dirige vers le laboratoire afin de d\u00e9couvrir, \u00e0 petite \u00e9chelle, les grandes \u00e9tapes de fabrication de la bi\u00e8re.<\/p>\n<p>Nous observons, au microscope, l\u2019action de la levure sur l\u2019amidon.<\/p>\n<p>A la sortie du laboratoire nous entamons la visite, grandeur nature, des diff\u00e9rents postes de fabrication et de conditionnement de la bi\u00e8re.<\/p>\n<p>Pour finir, nous sommes convi\u00e9s \u00e0 une petite s\u00e9ance de d\u00e9gustation de sodas fruit\u00e9s de la marque <strong>Top<\/strong>.<\/p>\n<p>Nous sommes tous repartis tr\u00e8s heureux de notre visite et charg\u00e9s de cadeaux\u00a0!<\/p>\n<p><strong><span style=\"color: #000000\">Ce que nous avons appris\u00a0:<\/span><\/strong><\/p>\n<h3><span style=\"color: #333333\"><strong>I. La bi\u00e8re contient 4 composants essentiels \u00e0 sa fabrication<\/strong><\/span><\/h3>\n<p><strong>L\u2019eau<\/strong><br \/>\nLa bi\u00e8re en contient entre 90 et 95%. SOEGUIBE poss\u00e8de ses propres puits, sur site.<\/p>\n<p><strong>Le malt<\/strong><br \/>\nLe malt est une c\u00e9r\u00e9ale qui a germ\u00e9 suivant un travail minutieux.<\/p>\n<p><strong>Le houblon<\/strong><br \/>\nCette plante herbac\u00e9e va apporter l\u2019amertume \u00e0 la bi\u00e8re.<\/p>\n<p><strong>Les levures<\/strong><br \/>\nCe sont des micro-organismes de la famille des champignons. Elles sont primordiales dans la fabrication de la bi\u00e8re car elles permettent la fermentation alcoolique en transformant le sucre en alcool.<\/p>\n<h3><span style=\"color: #333333\"><strong>II. Les grandes \u00e9tapes de la fabrication de la bi\u00e8re<\/strong><\/span><\/h3>\n<ol>\n<li><strong> Le brassage<\/strong><\/li>\n<\/ol>\n<p>Le malt est broy\u00e9 et m\u00e9lang\u00e9 \u00e0 de l\u2019eau. Ce m\u00e9lange est chauff\u00e9 pour extraire l\u2019amidon des c\u00e9r\u00e9ales et obtenir un mo\u00fbt sucr\u00e9.<br \/>\nCe mo\u00fbt est transf\u00e9r\u00e9 dans la cuve d\u2019\u00e9bullition afin d\u2019y \u00eatre cuit et st\u00e9rilis\u00e9. C\u2019est l\u00e0 qu\u2019on ajoute le houblon.<\/p>\n<ol start=\"2\">\n<li><strong> La fermentation<\/strong><\/li>\n<\/ol>\n<p>On place le mo\u00fbt dans une cuve de fermentation pendant 11 jours. Le mo\u00fbt est refroidi \u00e0 la temp\u00e9rature ad\u00e9quate de 12\u00b0, puis on ajoute une levure \u00e0 bi\u00e8re. La levure se d\u00e9veloppe\u00a0: elle se nourrit de sucre (l\u2019amidon) et elle lib\u00e8re de l\u2019alcool et du gaz carbonique. Le mo\u00fbt devient bi\u00e8re au cours de cette op\u00e9ration.<\/p>\n<ol start=\"3\">\n<li><strong> La garde ou maturation<\/strong><\/li>\n<\/ol>\n<p>La bi\u00e8re obtenue est alors conserv\u00e9e dans une cuve de garde pendant plusieurs semaines \u00e0 0\u00b0C. Les levures vont continuer leur travail en enrichissant la bi\u00e8re en gaz carbonique.<\/p>\n<ol start=\"4\">\n<li><strong> La filtration<\/strong><\/li>\n<\/ol>\n<p>On retire les levures r\u00e9siduelles et les impuret\u00e9s afin de produire une bi\u00e8re limpide.<\/p>\n<ol start=\"5\">\n<li><strong> Le conditionnement<\/strong><\/li>\n<\/ol>\n<p>La bi\u00e8re est mise en bouteille par une machine qui s\u2019appelle une embouteilleuse.<\/p>\n<h3><span style=\"color: #333333\"><strong>III. Et c\u00f4t\u00e9 environnement&#8230; ?<\/strong><\/span><\/h3>\n<p>Voici quelques exemples d\u2019actions de SOEGUIBE CASTEL en faveur de l\u2019environnement\u00a0:<\/p>\n<ul>\n<li>De mani\u00e8re g\u00e9n\u00e9rale, l\u2019entreprise pratique un mode de gestion et de production \u00ab\u00a0<strong>LEAN<\/strong>\u00a0\u00bb, c\u2019est-\u00e0-dire\u00a0: maigre \u2013 au plus juste &#8211; sans gaspillage. Ceci est particuli\u00e8rement vrai pour la gestion de l\u2019eau, mais pas seulement\u00a0:<\/li>\n<li>Les bouteilles vides sont consign\u00e9es et r\u00e9utilis\u00e9es de nombreuses fois, apr\u00e8s lavage.<\/li>\n<li>Les vieux casiers en plastique sont broy\u00e9s, fondus et remoul\u00e9s.<\/li>\n<\/ul>\n<h3><span style=\"color: #333333\"><strong>IV. Le mot de la fin\u00a0<\/strong><\/span><\/h3>\n<p>Les \u00e9l\u00e8ves ont unanimement appr\u00e9ci\u00e9 cette visite. L\u2019\u00e9quipe p\u00e9dagogique adresse ses remerciements \u00e0 Mme et M. de Boisset, ainsi qu\u2019aux employ\u00e9s de <strong>SOEGUIBE CASTEL<\/strong>, pour la qualit\u00e9 de leur accueil et leur pr\u00e9cieuse contribution \u00e0 l\u2019organisation de cette sortie scolaire.<\/p>\n<h5 style=\"text-align: right\">Compte rendu de visite r\u00e9dig\u00e9 \u00e0 partir des travaux des \u00e9l\u00e8ves de 6\u00b0-5\u00b0<\/h5>\n<h3><strong><span style=\"color: #333333\">V. Notre visite en photos comment\u00e9es :<\/span><br \/>\n<\/strong><\/h3>\n\n\t\t<style type=\"text\/css\">\n\t\t\t#gallery-1 {\n\t\t\t\tmargin: auto;\n\t\t\t}\n\t\t\t#gallery-1 .gallery-item {\n\t\t\t\tfloat: left;\n\t\t\t\tmargin-top: 10px;\n\t\t\t\ttext-align: center;\n\t\t\t\twidth: 20%;\n\t\t\t}\n\t\t\t#gallery-1 img {\n\t\t\t\tborder: 2px solid #cfcfcf;\n\t\t\t}\n\t\t\t#gallery-1 .gallery-caption {\n\t\t\t\tmargin-left: 0;\n\t\t\t}\n\t\t\t\/* see gallery_shortcode() in wp-includes\/media.php *\/\n\t\t<\/style>\n\t\t<div id='gallery-1' class='gallery galleryid-3088 gallery-columns-5 gallery-size-thumbnail'><dl class='gallery-item'>\n\t\t\t<dt class='gallery-icon landscape'>\n\t\t\t\t<a class=\"grouped_elements\" rel=\"tc-fancybox-group\" href=\"https:\/\/ee.mlfmonde.org\/bata-sogea\/wp-content\/uploads\/sites\/16\/2020\/02\/D\u00e9part-en-bus-et-dans-la-bonne-humeur-.jpg\" title=\"D\u00e9part en bus et dans la bonne humeur !\"><img decoding=\"async\" width=\"150\" height=\"150\" src=\"https:\/\/ee.mlfmonde.org\/bata-sogea\/wp-content\/uploads\/sites\/16\/2020\/02\/D\u00e9part-en-bus-et-dans-la-bonne-humeur--150x150.jpg\" class=\"attachment-thumbnail size-thumbnail\" alt=\"\" \/><\/a>\n\t\t\t<\/dt><\/dl><dl class='gallery-item'>\n\t\t\t<dt class='gallery-icon landscape'>\n\t\t\t\t<a class=\"grouped_elements\" rel=\"tc-fancybox-group\" href=\"https:\/\/ee.mlfmonde.org\/bata-sogea\/wp-content\/uploads\/sites\/16\/2020\/02\/Arriv\u00e9e-\u00e0-lentreprise-SOEGUIBE-CASTEL-de-Bata.jpg\" title=\"Arriv\u00e9e \u00e0 l&#039;entreprise SOEGUIBE CASTEL de Bata\"><img loading=\"lazy\" decoding=\"async\" width=\"150\" height=\"150\" src=\"https:\/\/ee.mlfmonde.org\/bata-sogea\/wp-content\/uploads\/sites\/16\/2020\/02\/Arriv\u00e9e-\u00e0-lentreprise-SOEGUIBE-CASTEL-de-Bata-150x150.jpg\" class=\"attachment-thumbnail size-thumbnail\" alt=\"\" \/><\/a>\n\t\t\t<\/dt><\/dl><dl class='gallery-item'>\n\t\t\t<dt class='gallery-icon landscape'>\n\t\t\t\t<a class=\"grouped_elements\" rel=\"tc-fancybox-group\" href=\"https:\/\/ee.mlfmonde.org\/bata-sogea\/wp-content\/uploads\/sites\/16\/2020\/02\/Les-coll\u00e9giens-en-charlotte-r\u00e9glementaire.jpg\" title=\"Les coll\u00e9giens en charlotte r\u00e9glementaire\"><img loading=\"lazy\" decoding=\"async\" width=\"150\" height=\"150\" src=\"https:\/\/ee.mlfmonde.org\/bata-sogea\/wp-content\/uploads\/sites\/16\/2020\/02\/Les-coll\u00e9giens-en-charlotte-r\u00e9glementaire-150x150.jpg\" class=\"attachment-thumbnail size-thumbnail\" alt=\"\" \/><\/a>\n\t\t\t<\/dt><\/dl><dl class='gallery-item'>\n\t\t\t<dt class='gallery-icon landscape'>\n\t\t\t\t<a class=\"grouped_elements\" rel=\"tc-fancybox-group\" href=\"https:\/\/ee.mlfmonde.org\/bata-sogea\/wp-content\/uploads\/sites\/16\/2020\/02\/Notre-guide-nous-dirige-vers-le-laboratoire.jpg\" title=\"Notre guide nous dirige vers le laboratoire\"><img loading=\"lazy\" decoding=\"async\" width=\"150\" height=\"150\" src=\"https:\/\/ee.mlfmonde.org\/bata-sogea\/wp-content\/uploads\/sites\/16\/2020\/02\/Notre-guide-nous-dirige-vers-le-laboratoire-150x150.jpg\" class=\"attachment-thumbnail size-thumbnail\" alt=\"\" \/><\/a>\n\t\t\t<\/dt><\/dl><dl class='gallery-item'>\n\t\t\t<dt class='gallery-icon landscape'>\n\t\t\t\t<a class=\"grouped_elements\" rel=\"tc-fancybox-group\" href=\"https:\/\/ee.mlfmonde.org\/bata-sogea\/wp-content\/uploads\/sites\/16\/2020\/02\/Au-laboratoire-notre-guide-reconstitue-les-principales-op\u00e9rations-de-fabrication-de-la-bi\u00e8re.jpg\" title=\"Au laboratoire notre guide reconstitue les principales op\u00e9rations de fabrication de la bi\u00e8re\"><img loading=\"lazy\" decoding=\"async\" width=\"150\" height=\"150\" src=\"https:\/\/ee.mlfmonde.org\/bata-sogea\/wp-content\/uploads\/sites\/16\/2020\/02\/Au-laboratoire-notre-guide-reconstitue-les-principales-op\u00e9rations-de-fabrication-de-la-bi\u00e8re-150x150.jpg\" class=\"attachment-thumbnail size-thumbnail\" alt=\"\" \/><\/a>\n\t\t\t<\/dt><\/dl><br style=\"clear: both\" \/><dl class='gallery-item'>\n\t\t\t<dt class='gallery-icon landscape'>\n\t\t\t\t<a class=\"grouped_elements\" rel=\"tc-fancybox-group\" href=\"https:\/\/ee.mlfmonde.org\/bata-sogea\/wp-content\/uploads\/sites\/16\/2020\/02\/Nous-observons-au-microscope-le-travail-des-levures-sur-lamidon.jpg\" title=\"Nous observons au microscope le travail des levures sur l&#039;amidon\"><img loading=\"lazy\" decoding=\"async\" width=\"150\" height=\"150\" src=\"https:\/\/ee.mlfmonde.org\/bata-sogea\/wp-content\/uploads\/sites\/16\/2020\/02\/Nous-observons-au-microscope-le-travail-des-levures-sur-lamidon-150x150.jpg\" class=\"attachment-thumbnail size-thumbnail\" alt=\"\" \/><\/a>\n\t\t\t<\/dt><\/dl><dl class='gallery-item'>\n\t\t\t<dt class='gallery-icon landscape'>\n\t\t\t\t<a class=\"grouped_elements\" rel=\"tc-fancybox-group\" href=\"https:\/\/ee.mlfmonde.org\/bata-sogea\/wp-content\/uploads\/sites\/16\/2020\/02\/Notre-guide-photographie-des-levures-en-action-\u00e0-travers-la-lentille-dun-microscope.jpg\" title=\"Notre guide photographie des levures en action \u00e0 travers la lentille d&#039;un microscope\"><img loading=\"lazy\" decoding=\"async\" width=\"150\" height=\"150\" src=\"https:\/\/ee.mlfmonde.org\/bata-sogea\/wp-content\/uploads\/sites\/16\/2020\/02\/Notre-guide-photographie-des-levures-en-action-\u00e0-travers-la-lentille-dun-microscope-150x150.jpg\" class=\"attachment-thumbnail size-thumbnail\" alt=\"\" \/><\/a>\n\t\t\t<\/dt><\/dl><dl class='gallery-item'>\n\t\t\t<dt class='gallery-icon landscape'>\n\t\t\t\t<a class=\"grouped_elements\" rel=\"tc-fancybox-group\" href=\"https:\/\/ee.mlfmonde.org\/bata-sogea\/wp-content\/uploads\/sites\/16\/2020\/02\/Vue-au-microscope-levures-en-train-de-d\u00e9composer-lamidon-sucre-complexe.jpg\" title=\"Vue au microscope - levures en train de d\u00e9composer l&#039;amidon (sucre complexe)\"><img loading=\"lazy\" decoding=\"async\" width=\"150\" height=\"150\" src=\"https:\/\/ee.mlfmonde.org\/bata-sogea\/wp-content\/uploads\/sites\/16\/2020\/02\/Vue-au-microscope-levures-en-train-de-d\u00e9composer-lamidon-sucre-complexe-150x150.jpg\" class=\"attachment-thumbnail size-thumbnail\" alt=\"\" \/><\/a>\n\t\t\t<\/dt><\/dl><dl class='gallery-item'>\n\t\t\t<dt class='gallery-icon portrait'>\n\t\t\t\t<a class=\"grouped_elements\" rel=\"tc-fancybox-group\" href=\"https:\/\/ee.mlfmonde.org\/bata-sogea\/wp-content\/uploads\/sites\/16\/2020\/02\/Sacs-de-malt-le-principal-ingr\u00e9dient-de-fabrication-de-la-bi\u00e8re-ap\u00e8s-leau.jpg\" title=\"Sacs de malt, le principal ingr\u00e9dient de fabrication de la bi\u00e8re (ap\u00e8s l&#039;eau)\"><img loading=\"lazy\" decoding=\"async\" width=\"150\" height=\"150\" src=\"https:\/\/ee.mlfmonde.org\/bata-sogea\/wp-content\/uploads\/sites\/16\/2020\/02\/Sacs-de-malt-le-principal-ingr\u00e9dient-de-fabrication-de-la-bi\u00e8re-ap\u00e8s-leau-150x150.jpg\" class=\"attachment-thumbnail size-thumbnail\" alt=\"\" \/><\/a>\n\t\t\t<\/dt><\/dl><dl class='gallery-item'>\n\t\t\t<dt class='gallery-icon landscape'>\n\t\t\t\t<a class=\"grouped_elements\" rel=\"tc-fancybox-group\" href=\"https:\/\/ee.mlfmonde.org\/bata-sogea\/wp-content\/uploads\/sites\/16\/2020\/02\/Sacs-de-malt-pr\u00eats-\u00e0-\u00eatre-vid\u00e9s.jpg\" title=\"Sacs de malt pr\u00eats \u00e0 \u00eatre vid\u00e9s\"><img loading=\"lazy\" decoding=\"async\" width=\"150\" height=\"150\" src=\"https:\/\/ee.mlfmonde.org\/bata-sogea\/wp-content\/uploads\/sites\/16\/2020\/02\/Sacs-de-malt-pr\u00eats-\u00e0-\u00eatre-vid\u00e9s-150x150.jpg\" class=\"attachment-thumbnail size-thumbnail\" alt=\"\" \/><\/a>\n\t\t\t<\/dt><\/dl><br style=\"clear: both\" \/><dl class='gallery-item'>\n\t\t\t<dt class='gallery-icon portrait'>\n\t\t\t\t<a class=\"grouped_elements\" rel=\"tc-fancybox-group\" href=\"https:\/\/ee.mlfmonde.org\/bata-sogea\/wp-content\/uploads\/sites\/16\/2020\/02\/Broyeuse-\u00e0-malt.jpg\" title=\"Broyeuse \u00e0 malt\"><img loading=\"lazy\" decoding=\"async\" width=\"150\" height=\"150\" src=\"https:\/\/ee.mlfmonde.org\/bata-sogea\/wp-content\/uploads\/sites\/16\/2020\/02\/Broyeuse-\u00e0-malt-150x150.jpg\" class=\"attachment-thumbnail size-thumbnail\" alt=\"\" \/><\/a>\n\t\t\t<\/dt><\/dl><dl class='gallery-item'>\n\t\t\t<dt class='gallery-icon portrait'>\n\t\t\t\t<a class=\"grouped_elements\" rel=\"tc-fancybox-group\" href=\"https:\/\/ee.mlfmonde.org\/bata-sogea\/wp-content\/uploads\/sites\/16\/2020\/02\/Malt-broy\u00e9.jpg\" title=\"Malt broy\u00e9\"><img loading=\"lazy\" decoding=\"async\" width=\"150\" height=\"150\" src=\"https:\/\/ee.mlfmonde.org\/bata-sogea\/wp-content\/uploads\/sites\/16\/2020\/02\/Malt-broy\u00e9-150x150.jpg\" class=\"attachment-thumbnail size-thumbnail\" alt=\"\" \/><\/a>\n\t\t\t<\/dt><\/dl><dl class='gallery-item'>\n\t\t\t<dt class='gallery-icon portrait'>\n\t\t\t\t<a class=\"grouped_elements\" rel=\"tc-fancybox-group\" href=\"https:\/\/ee.mlfmonde.org\/bata-sogea\/wp-content\/uploads\/sites\/16\/2020\/02\/TOD-Cuves-de-fermentation.jpg\" title=\"TOD - Cuves de fermentation\"><img loading=\"lazy\" decoding=\"async\" width=\"150\" height=\"150\" src=\"https:\/\/ee.mlfmonde.org\/bata-sogea\/wp-content\/uploads\/sites\/16\/2020\/02\/TOD-Cuves-de-fermentation-150x150.jpg\" class=\"attachment-thumbnail size-thumbnail\" alt=\"\" \/><\/a>\n\t\t\t<\/dt><\/dl><dl class='gallery-item'>\n\t\t\t<dt class='gallery-icon landscape'>\n\t\t\t\t<a class=\"grouped_elements\" rel=\"tc-fancybox-group\" href=\"https:\/\/ee.mlfmonde.org\/bata-sogea\/wp-content\/uploads\/sites\/16\/2020\/02\/Syst\u00e8me-de-filtration-du-mo\u00fbt.jpg\" title=\"Syst\u00e8me de filtration du mo\u00fbt\"><img loading=\"lazy\" decoding=\"async\" width=\"150\" height=\"150\" src=\"https:\/\/ee.mlfmonde.org\/bata-sogea\/wp-content\/uploads\/sites\/16\/2020\/02\/Syst\u00e8me-de-filtration-du-mo\u00fbt-150x150.jpg\" class=\"attachment-thumbnail size-thumbnail\" alt=\"\" \/><\/a>\n\t\t\t<\/dt><\/dl><dl class='gallery-item'>\n\t\t\t<dt class='gallery-icon landscape'>\n\t\t\t\t<a class=\"grouped_elements\" rel=\"tc-fancybox-group\" href=\"https:\/\/ee.mlfmonde.org\/bata-sogea\/wp-content\/uploads\/sites\/16\/2020\/02\/Lavage-automatis\u00e9-des-bouteilles-consign\u00e9es.jpg\" title=\"Lavage automatis\u00e9 des bouteilles consign\u00e9es\"><img loading=\"lazy\" decoding=\"async\" width=\"150\" height=\"150\" src=\"https:\/\/ee.mlfmonde.org\/bata-sogea\/wp-content\/uploads\/sites\/16\/2020\/02\/Lavage-automatis\u00e9-des-bouteilles-consign\u00e9es-150x150.jpg\" class=\"attachment-thumbnail size-thumbnail\" alt=\"\" \/><\/a>\n\t\t\t<\/dt><\/dl><br style=\"clear: both\" \/><dl class='gallery-item'>\n\t\t\t<dt class='gallery-icon landscape'>\n\t\t\t\t<a class=\"grouped_elements\" rel=\"tc-fancybox-group\" href=\"https:\/\/ee.mlfmonde.org\/bata-sogea\/wp-content\/uploads\/sites\/16\/2020\/02\/Ecran-de-contr\u00f4le-des-op\u00e9rations-de-nettoyage.jpg\" title=\"Ecran de contr\u00f4le des op\u00e9rations de nettoyage\"><img loading=\"lazy\" decoding=\"async\" width=\"150\" height=\"150\" src=\"https:\/\/ee.mlfmonde.org\/bata-sogea\/wp-content\/uploads\/sites\/16\/2020\/02\/Ecran-de-contr\u00f4le-des-op\u00e9rations-de-nettoyage-150x150.jpg\" class=\"attachment-thumbnail size-thumbnail\" alt=\"\" \/><\/a>\n\t\t\t<\/dt><\/dl><dl class='gallery-item'>\n\t\t\t<dt class='gallery-icon landscape'>\n\t\t\t\t<a class=\"grouped_elements\" rel=\"tc-fancybox-group\" href=\"https:\/\/ee.mlfmonde.org\/bata-sogea\/wp-content\/uploads\/sites\/16\/2020\/02\/Contr\u00f4le-automatis\u00e9-de-conformit\u00e9-et-de-niveau-de-replissage-des-bouteilles.jpg\" title=\"Contr\u00f4le automatis\u00e9 de conformit\u00e9 et de niveau de replissage des bouteilles\"><img loading=\"lazy\" decoding=\"async\" width=\"150\" height=\"150\" src=\"https:\/\/ee.mlfmonde.org\/bata-sogea\/wp-content\/uploads\/sites\/16\/2020\/02\/Contr\u00f4le-automatis\u00e9-de-conformit\u00e9-et-de-niveau-de-replissage-des-bouteilles-150x150.jpg\" class=\"attachment-thumbnail size-thumbnail\" alt=\"\" \/><\/a>\n\t\t\t<\/dt><\/dl><dl class='gallery-item'>\n\t\t\t<dt class='gallery-icon portrait'>\n\t\t\t\t<a class=\"grouped_elements\" rel=\"tc-fancybox-group\" href=\"https:\/\/ee.mlfmonde.org\/bata-sogea\/wp-content\/uploads\/sites\/16\/2020\/02\/Casiers-\u00e0-bi\u00e8re.jpg\" title=\"Casiers \u00e0 bi\u00e8re\"><img loading=\"lazy\" decoding=\"async\" width=\"150\" height=\"150\" src=\"https:\/\/ee.mlfmonde.org\/bata-sogea\/wp-content\/uploads\/sites\/16\/2020\/02\/Casiers-\u00e0-bi\u00e8re-150x150.jpg\" class=\"attachment-thumbnail size-thumbnail\" alt=\"\" \/><\/a>\n\t\t\t<\/dt><\/dl><dl class='gallery-item'>\n\t\t\t<dt class='gallery-icon landscape'>\n\t\t\t\t<a class=\"grouped_elements\" rel=\"tc-fancybox-group\" href=\"https:\/\/ee.mlfmonde.org\/bata-sogea\/wp-content\/uploads\/sites\/16\/2020\/02\/Broyeuse-\u00e0-casier.jpg\" title=\"Broyeuse \u00e0 casier\"><img loading=\"lazy\" decoding=\"async\" width=\"150\" height=\"150\" src=\"https:\/\/ee.mlfmonde.org\/bata-sogea\/wp-content\/uploads\/sites\/16\/2020\/02\/Broyeuse-\u00e0-casier-150x150.jpg\" class=\"attachment-thumbnail size-thumbnail\" alt=\"\" \/><\/a>\n\t\t\t<\/dt><\/dl><dl class='gallery-item'>\n\t\t\t<dt class='gallery-icon landscape'>\n\t\t\t\t<a class=\"grouped_elements\" rel=\"tc-fancybox-group\" href=\"https:\/\/ee.mlfmonde.org\/bata-sogea\/wp-content\/uploads\/sites\/16\/2020\/02\/De-vieux-casiers-broy\u00e9s-avant-d\u00eatre-fondus-et-remoul\u00e9s.jpg\" title=\"De vieux casiers broy\u00e9s avant d&#039;\u00eatre fondus et remoul\u00e9s\"><img loading=\"lazy\" decoding=\"async\" width=\"150\" height=\"150\" src=\"https:\/\/ee.mlfmonde.org\/bata-sogea\/wp-content\/uploads\/sites\/16\/2020\/02\/De-vieux-casiers-broy\u00e9s-avant-d\u00eatre-fondus-et-remoul\u00e9s-150x150.jpg\" class=\"attachment-thumbnail size-thumbnail\" alt=\"\" srcset=\"https:\/\/ee.mlfmonde.org\/bata-sogea\/wp-content\/uploads\/sites\/16\/2020\/02\/De-vieux-casiers-broy\u00e9s-avant-d\u00eatre-fondus-et-remoul\u00e9s-150x150.jpg 150w, https:\/\/ee.mlfmonde.org\/bata-sogea\/wp-content\/uploads\/sites\/16\/2020\/02\/De-vieux-casiers-broy\u00e9s-avant-d\u00eatre-fondus-et-remoul\u00e9s-300x297.jpg 300w\" sizes=\"(max-width: 150px) 100vw, 150px\" \/><\/a>\n\t\t\t<\/dt><\/dl><br style=\"clear: both\" \/><dl class='gallery-item'>\n\t\t\t<dt class='gallery-icon landscape'>\n\t\t\t\t<a class=\"grouped_elements\" rel=\"tc-fancybox-group\" href=\"https:\/\/ee.mlfmonde.org\/bata-sogea\/wp-content\/uploads\/sites\/16\/2020\/02\/Passage-au-salon-de-d\u00e9gustation-apr\u00e8s-la-visite..jpg\" title=\"Passage au salon de d\u00e9gustation apr\u00e8s la visite.\"><img loading=\"lazy\" decoding=\"async\" width=\"150\" height=\"150\" src=\"https:\/\/ee.mlfmonde.org\/bata-sogea\/wp-content\/uploads\/sites\/16\/2020\/02\/Passage-au-salon-de-d\u00e9gustation-apr\u00e8s-la-visite.-150x150.jpg\" class=\"attachment-thumbnail size-thumbnail\" alt=\"\" \/><\/a>\n\t\t\t<\/dt><\/dl><dl class='gallery-item'>\n\t\t\t<dt class='gallery-icon landscape'>\n\t\t\t\t<a class=\"grouped_elements\" rel=\"tc-fancybox-group\" href=\"https:\/\/ee.mlfmonde.org\/bata-sogea\/wp-content\/uploads\/sites\/16\/2020\/02\/Un-groupe-de-visiteur-accompagn\u00e9-du-DG-de-SOEGUIBE.jpg\" title=\"Un groupe de visiteur accompagn\u00e9 du DG de SOEGUIBE\"><img loading=\"lazy\" decoding=\"async\" width=\"150\" height=\"150\" src=\"https:\/\/ee.mlfmonde.org\/bata-sogea\/wp-content\/uploads\/sites\/16\/2020\/02\/Un-groupe-de-visiteur-accompagn\u00e9-du-DG-de-SOEGUIBE-150x150.jpg\" class=\"attachment-thumbnail size-thumbnail\" alt=\"\" \/><\/a>\n\t\t\t<\/dt><\/dl><dl class='gallery-item'>\n\t\t\t<dt class='gallery-icon landscape'>\n\t\t\t\t<a class=\"grouped_elements\" rel=\"tc-fancybox-group\" href=\"https:\/\/ee.mlfmonde.org\/bata-sogea\/wp-content\/uploads\/sites\/16\/2020\/02\/Trajet-retour-\u00e0-l\u00e9cole-les-bras-charg\u00e9s-de-cadeaux.jpg\" title=\"Trajet retour \u00e0 l&#039;\u00e9cole, les bras charg\u00e9s de cadeaux\"><img loading=\"lazy\" decoding=\"async\" width=\"150\" height=\"150\" src=\"https:\/\/ee.mlfmonde.org\/bata-sogea\/wp-content\/uploads\/sites\/16\/2020\/02\/Trajet-retour-\u00e0-l\u00e9cole-les-bras-charg\u00e9s-de-cadeaux-150x150.jpg\" class=\"attachment-thumbnail size-thumbnail\" alt=\"\" \/><\/a>\n\t\t\t<\/dt><\/dl><dl class='gallery-item'>\n\t\t\t<dt class='gallery-icon landscape'>\n\t\t\t\t<a class=\"grouped_elements\" rel=\"tc-fancybox-group\" href=\"https:\/\/ee.mlfmonde.org\/bata-sogea\/wp-content\/uploads\/sites\/16\/2020\/02\/No-comment-.jpg\" title=\"No comment !\"><img loading=\"lazy\" decoding=\"async\" width=\"150\" height=\"150\" src=\"https:\/\/ee.mlfmonde.org\/bata-sogea\/wp-content\/uploads\/sites\/16\/2020\/02\/No-comment--150x150.jpg\" class=\"attachment-thumbnail size-thumbnail\" alt=\"\" \/><\/a>\n\t\t\t<\/dt><\/dl>\n\t\t\t<br style='clear: both' \/>\n\t\t<\/div>\n\n<h3><strong>\u00a0<\/strong><\/h3>\n","protected":false},"excerpt":{"rendered":"<p>Le jeudi matin, 6 f\u00e9vrier 2020, nous avons visit\u00e9 l\u2019entreprise SOEGUIBE CASTEL, une brasserie implant\u00e9 \u00e0 Bata depuis 2004, qui produit 200\u00a0000\u00a0 bouteilles par jour. L\u2019entreprise r\u00e9alise diff\u00e9rentes boissons\u00a0: de la bi\u00e8re, bien entendu, mais aussi de l\u2019eau et des sodas. Notre visite \u00e9tait ax\u00e9e sur la fabrication de la bi\u00e8re Castel Beer. D\u00e9roulement\u00a0: Nous [&hellip;]<\/p>\n","protected":false},"author":115,"featured_media":0,"parent":0,"menu_order":0,"comment_status":"closed","ping_status":"closed","template":"","meta":{"_acf_changed":false,"footnotes":""},"class_list":["post-3088","page","type-page","status-publish","czr-hentry"],"acf":[],"_links":{"self":[{"href":"https:\/\/ee.mlfmonde.org\/bata-sogea\/wp-json\/wp\/v2\/pages\/3088","targetHints":{"allow":["GET"]}}],"collection":[{"href":"https:\/\/ee.mlfmonde.org\/bata-sogea\/wp-json\/wp\/v2\/pages"}],"about":[{"href":"https:\/\/ee.mlfmonde.org\/bata-sogea\/wp-json\/wp\/v2\/types\/page"}],"author":[{"embeddable":true,"href":"https:\/\/ee.mlfmonde.org\/bata-sogea\/wp-json\/wp\/v2\/users\/115"}],"replies":[{"embeddable":true,"href":"https:\/\/ee.mlfmonde.org\/bata-sogea\/wp-json\/wp\/v2\/comments?post=3088"}],"version-history":[{"count":27,"href":"https:\/\/ee.mlfmonde.org\/bata-sogea\/wp-json\/wp\/v2\/pages\/3088\/revisions"}],"predecessor-version":[{"id":3171,"href":"https:\/\/ee.mlfmonde.org\/bata-sogea\/wp-json\/wp\/v2\/pages\/3088\/revisions\/3171"}],"wp:attachment":[{"href":"https:\/\/ee.mlfmonde.org\/bata-sogea\/wp-json\/wp\/v2\/media?parent=3088"}],"curies":[{"name":"wp","href":"https:\/\/api.w.org\/{rel}","templated":true}]}}