{"id":3004,"date":"2019-12-07T15:56:17","date_gmt":"2019-12-07T15:56:17","guid":{"rendered":"http:\/\/ee.mlfmonde.org\/bata-sogea\/?page_id=3004"},"modified":"2019-12-08T04:32:19","modified_gmt":"2019-12-08T04:32:19","slug":"telethon-2019-notre-course-contre-la-maladie","status":"publish","type":"page","link":"https:\/\/ee.mlfmonde.org\/bata-sogea\/telethon-2019-notre-course-contre-la-maladie\/","title":{"rendered":"T\u00e9l\u00e9thon 2019 : notre course contre la maladie"},"content":{"rendered":"<header class=\"entry-header\">\n<hr class=\"featurette-divider __before_content\" \/>\n<\/header>\n<div class=\"entry-content\">\n<p><img fetchpriority=\"high\" decoding=\"async\" class=\"wp-image-3005 alignright\" src=\"http:\/\/ee.mlfmonde.org\/bata-sogea\/wp-content\/uploads\/sites\/16\/2019\/12\/Course-CP-CE1-CE2..jpg\" alt=\"\" width=\"464\" height=\"515\" srcset=\"https:\/\/ee.mlfmonde.org\/bata-sogea\/wp-content\/uploads\/sites\/16\/2019\/12\/Course-CP-CE1-CE2..jpg 560w, https:\/\/ee.mlfmonde.org\/bata-sogea\/wp-content\/uploads\/sites\/16\/2019\/12\/Course-CP-CE1-CE2.-271x300.jpg 271w\" sizes=\"(max-width: 464px) 100vw, 464px\" \/>Merci \u00e0 toutes et \u00e0 tous, parents et enseignants, pour vos contributions \u00e0 la de collecte de fonds au profit de l\u2019association AFM-TELETHON.<\/p>\n<p><strong>361 000 XAF<\/strong>\u00a0(soit 550 euros) ont \u00e9t\u00e9 collect\u00e9s, durant cette campagne 2019, par l\u2019\u00e9cole fran\u00e7aise de Bata.<\/p>\n<p>Cette somme sera revers\u00e9e \u00e0 l\u2019association AFM-TELETHON, par les soins de notre tr\u00e9sori\u00e8re, Anne Gigot.<\/p>\n<p>Bravo \u00e0 tous les participants \u00e0 la course de ce\u00a0<strong>vendredi 6 d\u00e9cembre 2019,\u00a0<\/strong>pour lutter\u00a0contre les maladies rares.<\/p>\n<p>Un grand MERCI \u00e9galement \u00e0 l\u2019entreprise\u00a0<strong>SOEGUIBE<\/strong>\u00a0du groupe\u00a0<strong>CASTEL<\/strong>, qui a pris part \u00e0 cette action \u00e9ducative, en distribuant des boissons aux coureurs et \u00e0 leurs supporters ainsi que de nombreux cadeaux !<\/p>\n<h3><img decoding=\"async\" class=\"alignleft wp-image-3007 size-full\" src=\"http:\/\/ee.mlfmonde.org\/bata-sogea\/wp-content\/uploads\/sites\/16\/2019\/12\/Vainqueurs-toutes-cat\u00e9gories..jpg\" alt=\"\" width=\"567\" height=\"511\" srcset=\"https:\/\/ee.mlfmonde.org\/bata-sogea\/wp-content\/uploads\/sites\/16\/2019\/12\/Vainqueurs-toutes-cat\u00e9gories..jpg 567w, https:\/\/ee.mlfmonde.org\/bata-sogea\/wp-content\/uploads\/sites\/16\/2019\/12\/Vainqueurs-toutes-cat\u00e9gories.-300x270.jpg 300w\" sizes=\"(max-width: 567px) 100vw, 567px\" \/><\/h3>\n<h3><\/h3>\n<h3><\/h3>\n<h4><\/h4>\n<h4><\/h4>\n<h4><strong><br \/>\nVainqueurs par cat\u00e9gorie<\/strong>\u00a0:<\/h4>\n<p>TPS-PS : Maya OULACHGAR<br \/>\nMS-GS : Gonzalo NSUE ESONO<br \/>\nCP-CE1-CE2 : Mateo JORDAN MALDONADO<br \/>\nCM1-CM2-6\u00b0-5\u00b0 : Maxence de BOISSET<br \/>\nParents-professeurs : Mme de BOISSET et S\u00e9bastien GUILLAUMOND<\/p>\n<p>Un grand BRAVO \u00e0 nos champions du T\u00e9l\u00e9thon 2019 !<\/p>\n<p>&nbsp;<\/p>\n<p>&nbsp;<\/p>\n<p><strong>Galerie<\/strong>\u00a0<strong>photo<\/strong>\u00a0: cliquer sur l\u2019une des miniatures, ci-dessous, puis faire d\u00e9filer les photos en taille r\u00e9elle.<\/p>\n\n\t\t<style type=\"text\/css\">\n\t\t\t#gallery-1 {\n\t\t\t\tmargin: auto;\n\t\t\t}\n\t\t\t#gallery-1 .gallery-item {\n\t\t\t\tfloat: left;\n\t\t\t\tmargin-top: 10px;\n\t\t\t\ttext-align: center;\n\t\t\t\twidth: 16%;\n\t\t\t}\n\t\t\t#gallery-1 img {\n\t\t\t\tborder: 2px solid #cfcfcf;\n\t\t\t}\n\t\t\t#gallery-1 .gallery-caption {\n\t\t\t\tmargin-left: 0;\n\t\t\t}\n\t\t\t\/* see gallery_shortcode() in wp-includes\/media.php *\/\n\t\t<\/style>\n\t\t<div id='gallery-1' class='gallery galleryid-3004 gallery-columns-6 gallery-size-thumbnail'><dl class='gallery-item'>\n\t\t\t<dt class='gallery-icon landscape'>\n\t\t\t\t<a class=\"grouped_elements\" rel=\"tc-fancybox-group\" href=\"https:\/\/ee.mlfmonde.org\/bata-sogea\/wp-content\/uploads\/sites\/16\/2019\/12\/D\u00e9part-TPS-PS.jpg\" title=\"D\u00e9part TPS-PS\"><img decoding=\"async\" width=\"150\" height=\"150\" src=\"https:\/\/ee.mlfmonde.org\/bata-sogea\/wp-content\/uploads\/sites\/16\/2019\/12\/D\u00e9part-TPS-PS-150x150.jpg\" class=\"attachment-thumbnail size-thumbnail\" alt=\"\" \/><\/a>\n\t\t\t<\/dt><\/dl><dl class='gallery-item'>\n\t\t\t<dt class='gallery-icon landscape'>\n\t\t\t\t<a class=\"grouped_elements\" rel=\"tc-fancybox-group\" href=\"https:\/\/ee.mlfmonde.org\/bata-sogea\/wp-content\/uploads\/sites\/16\/2019\/12\/Course-TPS-PS.jpg\" title=\"Course TPS-PS\"><img loading=\"lazy\" decoding=\"async\" width=\"150\" height=\"150\" src=\"https:\/\/ee.mlfmonde.org\/bata-sogea\/wp-content\/uploads\/sites\/16\/2019\/12\/Course-TPS-PS-150x150.jpg\" class=\"attachment-thumbnail size-thumbnail\" alt=\"\" \/><\/a>\n\t\t\t<\/dt><\/dl><dl class='gallery-item'>\n\t\t\t<dt class='gallery-icon landscape'>\n\t\t\t\t<a class=\"grouped_elements\" rel=\"tc-fancybox-group\" href=\"https:\/\/ee.mlfmonde.org\/bata-sogea\/wp-content\/uploads\/sites\/16\/2019\/12\/D\u00e9part-MS-GS.jpg\" title=\"D\u00e9part MS-GS\"><img loading=\"lazy\" decoding=\"async\" width=\"150\" height=\"150\" src=\"https:\/\/ee.mlfmonde.org\/bata-sogea\/wp-content\/uploads\/sites\/16\/2019\/12\/D\u00e9part-MS-GS-150x150.jpg\" class=\"attachment-thumbnail size-thumbnail\" alt=\"\" \/><\/a>\n\t\t\t<\/dt><\/dl><dl class='gallery-item'>\n\t\t\t<dt class='gallery-icon landscape'>\n\t\t\t\t<a class=\"grouped_elements\" rel=\"tc-fancybox-group\" href=\"https:\/\/ee.mlfmonde.org\/bata-sogea\/wp-content\/uploads\/sites\/16\/2019\/12\/Course-CP-CE1-CE2.-1.jpg\" title=\"Course CP-CE1-CE2.\"><img loading=\"lazy\" decoding=\"async\" width=\"150\" height=\"150\" src=\"https:\/\/ee.mlfmonde.org\/bata-sogea\/wp-content\/uploads\/sites\/16\/2019\/12\/Course-CP-CE1-CE2.-1-150x150.jpg\" class=\"attachment-thumbnail size-thumbnail\" alt=\"\" \/><\/a>\n\t\t\t<\/dt><\/dl><dl class='gallery-item'>\n\t\t\t<dt class='gallery-icon landscape'>\n\t\t\t\t<a class=\"grouped_elements\" rel=\"tc-fancybox-group\" href=\"https:\/\/ee.mlfmonde.org\/bata-sogea\/wp-content\/uploads\/sites\/16\/2019\/12\/Course-MS-GS..jpg\" title=\"Course MS-GS.\"><img loading=\"lazy\" decoding=\"async\" width=\"150\" height=\"150\" src=\"https:\/\/ee.mlfmonde.org\/bata-sogea\/wp-content\/uploads\/sites\/16\/2019\/12\/Course-MS-GS.-150x150.jpg\" class=\"attachment-thumbnail size-thumbnail\" alt=\"\" \/><\/a>\n\t\t\t<\/dt><\/dl><dl class='gallery-item'>\n\t\t\t<dt class='gallery-icon landscape'>\n\t\t\t\t<a class=\"grouped_elements\" rel=\"tc-fancybox-group\" href=\"https:\/\/ee.mlfmonde.org\/bata-sogea\/wp-content\/uploads\/sites\/16\/2019\/12\/Course-MS-GS.jpg\" title=\"Course MS-GS\"><img loading=\"lazy\" decoding=\"async\" width=\"150\" height=\"150\" src=\"https:\/\/ee.mlfmonde.org\/bata-sogea\/wp-content\/uploads\/sites\/16\/2019\/12\/Course-MS-GS-150x150.jpg\" class=\"attachment-thumbnail size-thumbnail\" alt=\"\" \/><\/a>\n\t\t\t<\/dt><\/dl><br style=\"clear: both\" \/><dl class='gallery-item'>\n\t\t\t<dt class='gallery-icon landscape'>\n\t\t\t\t<a class=\"grouped_elements\" rel=\"tc-fancybox-group\" href=\"https:\/\/ee.mlfmonde.org\/bata-sogea\/wp-content\/uploads\/sites\/16\/2019\/12\/D\u00e9part-CP-CE1-CE2.jpg\" title=\"D\u00e9part CP-CE1-CE2\"><img loading=\"lazy\" decoding=\"async\" width=\"150\" height=\"150\" src=\"https:\/\/ee.mlfmonde.org\/bata-sogea\/wp-content\/uploads\/sites\/16\/2019\/12\/D\u00e9part-CP-CE1-CE2-150x150.jpg\" class=\"attachment-thumbnail size-thumbnail\" alt=\"\" \/><\/a>\n\t\t\t<\/dt><\/dl><dl class='gallery-item'>\n\t\t\t<dt class='gallery-icon landscape'>\n\t\t\t\t<a class=\"grouped_elements\" rel=\"tc-fancybox-group\" href=\"https:\/\/ee.mlfmonde.org\/bata-sogea\/wp-content\/uploads\/sites\/16\/2019\/12\/Stand-SOEGUIBE-CASTEL..jpg\" title=\"Stand SOEGUIBE CASTEL.\"><img loading=\"lazy\" decoding=\"async\" width=\"150\" height=\"150\" src=\"https:\/\/ee.mlfmonde.org\/bata-sogea\/wp-content\/uploads\/sites\/16\/2019\/12\/Stand-SOEGUIBE-CASTEL.-150x150.jpg\" class=\"attachment-thumbnail size-thumbnail\" alt=\"\" \/><\/a>\n\t\t\t<\/dt><\/dl><dl class='gallery-item'>\n\t\t\t<dt class='gallery-icon landscape'>\n\t\t\t\t<a class=\"grouped_elements\" rel=\"tc-fancybox-group\" href=\"https:\/\/ee.mlfmonde.org\/bata-sogea\/wp-content\/uploads\/sites\/16\/2019\/12\/D\u00e9part-CM1-CM2-6\u00b0-5\u00b0.jpg\" title=\"D\u00e9part CM1-CM2-6\u00b0-5\u00b0\"><img loading=\"lazy\" decoding=\"async\" width=\"150\" height=\"150\" src=\"https:\/\/ee.mlfmonde.org\/bata-sogea\/wp-content\/uploads\/sites\/16\/2019\/12\/D\u00e9part-CM1-CM2-6\u00b0-5\u00b0-150x150.jpg\" class=\"attachment-thumbnail size-thumbnail\" alt=\"\" \/><\/a>\n\t\t\t<\/dt><\/dl><dl class='gallery-item'>\n\t\t\t<dt class='gallery-icon landscape'>\n\t\t\t\t<a class=\"grouped_elements\" rel=\"tc-fancybox-group\" href=\"https:\/\/ee.mlfmonde.org\/bata-sogea\/wp-content\/uploads\/sites\/16\/2019\/12\/D\u00e9part-parents-professeurs.jpg\" title=\"D\u00e9part parents-professeurs\"><img loading=\"lazy\" decoding=\"async\" width=\"150\" height=\"150\" src=\"https:\/\/ee.mlfmonde.org\/bata-sogea\/wp-content\/uploads\/sites\/16\/2019\/12\/D\u00e9part-parents-professeurs-150x150.jpg\" class=\"attachment-thumbnail size-thumbnail\" alt=\"\" \/><\/a>\n\t\t\t<\/dt><\/dl><dl class='gallery-item'>\n\t\t\t<dt class='gallery-icon landscape'>\n\t\t\t\t<a class=\"grouped_elements\" rel=\"tc-fancybox-group\" href=\"https:\/\/ee.mlfmonde.org\/bata-sogea\/wp-content\/uploads\/sites\/16\/2019\/12\/Course-parents-professeurs.jpg\" title=\"Course parents-professeurs\"><img loading=\"lazy\" decoding=\"async\" width=\"150\" height=\"150\" src=\"https:\/\/ee.mlfmonde.org\/bata-sogea\/wp-content\/uploads\/sites\/16\/2019\/12\/Course-parents-professeurs-150x150.jpg\" class=\"attachment-thumbnail size-thumbnail\" alt=\"\" \/><\/a>\n\t\t\t<\/dt><\/dl><dl class='gallery-item'>\n\t\t\t<dt class='gallery-icon landscape'>\n\t\t\t\t<a class=\"grouped_elements\" rel=\"tc-fancybox-group\" href=\"https:\/\/ee.mlfmonde.org\/bata-sogea\/wp-content\/uploads\/sites\/16\/2019\/12\/Stand-SOEGUIBE-CASTEL.jpg\" title=\"Stand SOEGUIBE CASTEL\"><img loading=\"lazy\" decoding=\"async\" width=\"150\" height=\"150\" src=\"https:\/\/ee.mlfmonde.org\/bata-sogea\/wp-content\/uploads\/sites\/16\/2019\/12\/Stand-SOEGUIBE-CASTEL-150x150.jpg\" class=\"attachment-thumbnail size-thumbnail\" alt=\"\" \/><\/a>\n\t\t\t<\/dt><\/dl><br style=\"clear: both\" \/><dl class='gallery-item'>\n\t\t\t<dt class='gallery-icon portrait'>\n\t\t\t\t<a class=\"grouped_elements\" rel=\"tc-fancybox-group\" href=\"https:\/\/ee.mlfmonde.org\/bata-sogea\/wp-content\/uploads\/sites\/16\/2019\/12\/Maya-n\u00b01-TPS-PS.jpg\" title=\"Maya n\u00b01 TPS-PS\"><img loading=\"lazy\" decoding=\"async\" width=\"150\" height=\"150\" src=\"https:\/\/ee.mlfmonde.org\/bata-sogea\/wp-content\/uploads\/sites\/16\/2019\/12\/Maya-n\u00b01-TPS-PS-150x150.jpg\" class=\"attachment-thumbnail size-thumbnail\" alt=\"\" \/><\/a>\n\t\t\t<\/dt><\/dl><dl class='gallery-item'>\n\t\t\t<dt class='gallery-icon portrait'>\n\t\t\t\t<a class=\"grouped_elements\" rel=\"tc-fancybox-group\" href=\"https:\/\/ee.mlfmonde.org\/bata-sogea\/wp-content\/uploads\/sites\/16\/2019\/12\/Gonzalo-n\u00b01-MS-GS.jpg\" title=\"Gonzalo n\u00b01 MS-GS\"><img loading=\"lazy\" decoding=\"async\" width=\"150\" height=\"150\" src=\"https:\/\/ee.mlfmonde.org\/bata-sogea\/wp-content\/uploads\/sites\/16\/2019\/12\/Gonzalo-n\u00b01-MS-GS-150x150.jpg\" class=\"attachment-thumbnail size-thumbnail\" alt=\"\" \/><\/a>\n\t\t\t<\/dt><\/dl><dl class='gallery-item'>\n\t\t\t<dt class='gallery-icon landscape'>\n\t\t\t\t<a class=\"grouped_elements\" rel=\"tc-fancybox-group\" href=\"https:\/\/ee.mlfmonde.org\/bata-sogea\/wp-content\/uploads\/sites\/16\/2019\/12\/Maxence-n\u00b01-CM1-CM2-6\u00b0-5\u00b0.jpg\" title=\"Maxence n\u00b01 CM1-CM2-6\u00b0-5\u00b0\"><img loading=\"lazy\" decoding=\"async\" width=\"150\" height=\"150\" src=\"https:\/\/ee.mlfmonde.org\/bata-sogea\/wp-content\/uploads\/sites\/16\/2019\/12\/Maxence-n\u00b01-CM1-CM2-6\u00b0-5\u00b0-150x150.jpg\" class=\"attachment-thumbnail size-thumbnail\" alt=\"\" \/><\/a>\n\t\t\t<\/dt><\/dl><dl class='gallery-item'>\n\t\t\t<dt class='gallery-icon landscape'>\n\t\t\t\t<a class=\"grouped_elements\" rel=\"tc-fancybox-group\" href=\"https:\/\/ee.mlfmonde.org\/bata-sogea\/wp-content\/uploads\/sites\/16\/2019\/12\/Mme-de-Boisset-n\u00b01-f\u00e9minin-parents-professeurs.jpg\" title=\"Mme de Boisset n\u00b01 f\u00e9minin parents-professeurs\"><img loading=\"lazy\" decoding=\"async\" width=\"150\" height=\"150\" src=\"https:\/\/ee.mlfmonde.org\/bata-sogea\/wp-content\/uploads\/sites\/16\/2019\/12\/Mme-de-Boisset-n\u00b01-f\u00e9minin-parents-professeurs-150x150.jpg\" class=\"attachment-thumbnail size-thumbnail\" alt=\"\" \/><\/a>\n\t\t\t<\/dt><\/dl><dl class='gallery-item'>\n\t\t\t<dt class='gallery-icon landscape'>\n\t\t\t\t<a class=\"grouped_elements\" rel=\"tc-fancybox-group\" href=\"https:\/\/ee.mlfmonde.org\/bata-sogea\/wp-content\/uploads\/sites\/16\/2019\/12\/S\u00e9bastien-Guillaumond-n\u00b01-masculin-parents-professeurs.jpg\" title=\"S\u00e9bastien Guillaumond n\u00b01 masculin parents-professeurs\"><img loading=\"lazy\" decoding=\"async\" width=\"150\" height=\"150\" src=\"https:\/\/ee.mlfmonde.org\/bata-sogea\/wp-content\/uploads\/sites\/16\/2019\/12\/S\u00e9bastien-Guillaumond-n\u00b01-masculin-parents-professeurs-150x150.jpg\" class=\"attachment-thumbnail size-thumbnail\" alt=\"\" srcset=\"https:\/\/ee.mlfmonde.org\/bata-sogea\/wp-content\/uploads\/sites\/16\/2019\/12\/S\u00e9bastien-Guillaumond-n\u00b01-masculin-parents-professeurs-150x150.jpg 150w, https:\/\/ee.mlfmonde.org\/bata-sogea\/wp-content\/uploads\/sites\/16\/2019\/12\/S\u00e9bastien-Guillaumond-n\u00b01-masculin-parents-professeurs-300x300.jpg 300w, https:\/\/ee.mlfmonde.org\/bata-sogea\/wp-content\/uploads\/sites\/16\/2019\/12\/S\u00e9bastien-Guillaumond-n\u00b01-masculin-parents-professeurs.jpg 425w\" sizes=\"(max-width: 150px) 100vw, 150px\" \/><\/a>\n\t\t\t<\/dt><\/dl><dl class='gallery-item'>\n\t\t\t<dt class='gallery-icon landscape'>\n\t\t\t\t<a class=\"grouped_elements\" rel=\"tc-fancybox-group\" href=\"https:\/\/ee.mlfmonde.org\/bata-sogea\/wp-content\/uploads\/sites\/16\/2019\/12\/Vainqueurs-toutes-cat\u00e9gories.jpg\" title=\"Vainqueurs toutes cat\u00e9gories\"><img loading=\"lazy\" decoding=\"async\" width=\"150\" height=\"150\" src=\"https:\/\/ee.mlfmonde.org\/bata-sogea\/wp-content\/uploads\/sites\/16\/2019\/12\/Vainqueurs-toutes-cat\u00e9gories-150x150.jpg\" class=\"attachment-thumbnail size-thumbnail\" alt=\"\" \/><\/a>\n\t\t\t<\/dt><\/dl><br style=\"clear: both\" \/>\n\t\t<\/div>\n\n<\/div>\n","protected":false},"excerpt":{"rendered":"<p>Merci \u00e0 toutes et \u00e0 tous, parents et enseignants, pour vos contributions \u00e0 la de collecte de fonds au profit de l\u2019association AFM-TELETHON. 361 000 XAF\u00a0(soit 550 euros) ont \u00e9t\u00e9 collect\u00e9s, durant cette campagne 2019, par l\u2019\u00e9cole fran\u00e7aise de Bata. Cette somme sera revers\u00e9e \u00e0 l\u2019association AFM-TELETHON, par les soins de notre tr\u00e9sori\u00e8re, Anne Gigot. [&hellip;]<\/p>\n","protected":false},"author":115,"featured_media":0,"parent":0,"menu_order":0,"comment_status":"closed","ping_status":"closed","template":"","meta":{"_acf_changed":false,"footnotes":""},"class_list":["post-3004","page","type-page","status-publish","czr-hentry"],"acf":[],"_links":{"self":[{"href":"https:\/\/ee.mlfmonde.org\/bata-sogea\/wp-json\/wp\/v2\/pages\/3004","targetHints":{"allow":["GET"]}}],"collection":[{"href":"https:\/\/ee.mlfmonde.org\/bata-sogea\/wp-json\/wp\/v2\/pages"}],"about":[{"href":"https:\/\/ee.mlfmonde.org\/bata-sogea\/wp-json\/wp\/v2\/types\/page"}],"author":[{"embeddable":true,"href":"https:\/\/ee.mlfmonde.org\/bata-sogea\/wp-json\/wp\/v2\/users\/115"}],"replies":[{"embeddable":true,"href":"https:\/\/ee.mlfmonde.org\/bata-sogea\/wp-json\/wp\/v2\/comments?post=3004"}],"version-history":[{"count":6,"href":"https:\/\/ee.mlfmonde.org\/bata-sogea\/wp-json\/wp\/v2\/pages\/3004\/revisions"}],"predecessor-version":[{"id":3037,"href":"https:\/\/ee.mlfmonde.org\/bata-sogea\/wp-json\/wp\/v2\/pages\/3004\/revisions\/3037"}],"wp:attachment":[{"href":"https:\/\/ee.mlfmonde.org\/bata-sogea\/wp-json\/wp\/v2\/media?parent=3004"}],"curies":[{"name":"wp","href":"https:\/\/api.w.org\/{rel}","templated":true}]}}