{"id":2948,"date":"2019-10-30T19:31:59","date_gmt":"2019-10-30T19:31:59","guid":{"rendered":"http:\/\/ee.mlfmonde.org\/bata-sogea\/?page_id=2948"},"modified":"2019-10-30T19:31:59","modified_gmt":"2019-10-30T19:31:59","slug":"activites-periscolaires-les-cp-et-les-ce1-apprennent-a-jouer-aux-dames","status":"publish","type":"page","link":"https:\/\/ee.mlfmonde.org\/bata-sogea\/activites-periscolaires-les-cp-et-les-ce1-apprennent-a-jouer-aux-dames\/","title":{"rendered":"Activit\u00e9s p\u00e9riscolaires : les CP et les CE1 apprennent \u00e0 jouer aux dames."},"content":{"rendered":"<table>\n<tbody>\n<tr>\n<td colspan=\"3\" width=\"614\">Un nouvel apprentissage pour la plupart des \u00e9l\u00e8ves\u00a0: les dames. Tr\u00e8s rapidement, ils ont compris comment on pouvait \u00ab\u00a0manger\u00a0\u00bb les pi\u00e8ces de l\u2019adversaire et ont d\u00e9velopp\u00e9 des strat\u00e9gies pour ne pas se faire \u00ab\u00a0manger\u00a0\u00bb. Les grands expliquent aux plus petits, et tout se passe dans la bonne humeur et la coop\u00e9ration.<br \/>\nIls ont pris go\u00fbt \u00e0 ce jeu de strat\u00e9gie, certains y ont m\u00eame rejou\u00e9 \u00e0 la maison depuis\u00a0!<\/td>\n<\/tr>\n<tr>\n<td width=\"205\"><img fetchpriority=\"high\" decoding=\"async\" class=\"wp-image-2949 size-full aligncenter\" src=\"http:\/\/ee.mlfmonde.org\/bata-sogea\/wp-content\/uploads\/sites\/16\/2019\/10\/aps-dames-3.jpg\" alt=\"\" width=\"302\" height=\"227\" srcset=\"https:\/\/ee.mlfmonde.org\/bata-sogea\/wp-content\/uploads\/sites\/16\/2019\/10\/aps-dames-3.jpg 302w, https:\/\/ee.mlfmonde.org\/bata-sogea\/wp-content\/uploads\/sites\/16\/2019\/10\/aps-dames-3-300x225.jpg 300w\" sizes=\"(max-width: 302px) 100vw, 302px\" \/><\/td>\n<td width=\"205\"><img decoding=\"async\" class=\"wp-image-2950 size-full aligncenter\" src=\"http:\/\/ee.mlfmonde.org\/bata-sogea\/wp-content\/uploads\/sites\/16\/2019\/10\/aps-dames-2.jpg\" alt=\"\" width=\"302\" height=\"227\" srcset=\"https:\/\/ee.mlfmonde.org\/bata-sogea\/wp-content\/uploads\/sites\/16\/2019\/10\/aps-dames-2.jpg 302w, https:\/\/ee.mlfmonde.org\/bata-sogea\/wp-content\/uploads\/sites\/16\/2019\/10\/aps-dames-2-300x225.jpg 300w\" sizes=\"(max-width: 302px) 100vw, 302px\" \/><\/td>\n<td width=\"205\"><img decoding=\"async\" class=\"wp-image-2951 size-full aligncenter\" src=\"http:\/\/ee.mlfmonde.org\/bata-sogea\/wp-content\/uploads\/sites\/16\/2019\/10\/aps-dames-1.jpg\" alt=\"\" width=\"302\" height=\"227\" srcset=\"https:\/\/ee.mlfmonde.org\/bata-sogea\/wp-content\/uploads\/sites\/16\/2019\/10\/aps-dames-1.jpg 302w, https:\/\/ee.mlfmonde.org\/bata-sogea\/wp-content\/uploads\/sites\/16\/2019\/10\/aps-dames-1-300x225.jpg 300w\" sizes=\"(max-width: 302px) 100vw, 302px\" \/><\/td>\n<\/tr>\n<\/tbody>\n<\/table>\n","protected":false},"excerpt":{"rendered":"<p>Un nouvel apprentissage pour la plupart des \u00e9l\u00e8ves\u00a0: les dames. Tr\u00e8s rapidement, ils ont compris comment on pouvait \u00ab\u00a0manger\u00a0\u00bb les pi\u00e8ces de l\u2019adversaire et ont d\u00e9velopp\u00e9 des strat\u00e9gies pour ne pas se faire \u00ab\u00a0manger\u00a0\u00bb. Les grands expliquent aux plus petits, et tout se passe dans la bonne humeur et la coop\u00e9ration. Ils ont pris go\u00fbt [&hellip;]<\/p>\n","protected":false},"author":115,"featured_media":0,"parent":0,"menu_order":0,"comment_status":"closed","ping_status":"closed","template":"","meta":{"_acf_changed":false,"footnotes":""},"class_list":["post-2948","page","type-page","status-publish","czr-hentry"],"acf":[],"_links":{"self":[{"href":"https:\/\/ee.mlfmonde.org\/bata-sogea\/wp-json\/wp\/v2\/pages\/2948","targetHints":{"allow":["GET"]}}],"collection":[{"href":"https:\/\/ee.mlfmonde.org\/bata-sogea\/wp-json\/wp\/v2\/pages"}],"about":[{"href":"https:\/\/ee.mlfmonde.org\/bata-sogea\/wp-json\/wp\/v2\/types\/page"}],"author":[{"embeddable":true,"href":"https:\/\/ee.mlfmonde.org\/bata-sogea\/wp-json\/wp\/v2\/users\/115"}],"replies":[{"embeddable":true,"href":"https:\/\/ee.mlfmonde.org\/bata-sogea\/wp-json\/wp\/v2\/comments?post=2948"}],"version-history":[{"count":1,"href":"https:\/\/ee.mlfmonde.org\/bata-sogea\/wp-json\/wp\/v2\/pages\/2948\/revisions"}],"predecessor-version":[{"id":2952,"href":"https:\/\/ee.mlfmonde.org\/bata-sogea\/wp-json\/wp\/v2\/pages\/2948\/revisions\/2952"}],"wp:attachment":[{"href":"https:\/\/ee.mlfmonde.org\/bata-sogea\/wp-json\/wp\/v2\/media?parent=2948"}],"curies":[{"name":"wp","href":"https:\/\/api.w.org\/{rel}","templated":true}]}}