{"id":2907,"date":"2019-10-12T09:48:49","date_gmt":"2019-10-12T09:48:49","guid":{"rendered":"http:\/\/ee.mlfmonde.org\/bata-sogea\/?page_id=2907"},"modified":"2019-10-12T10:53:23","modified_gmt":"2019-10-12T10:53:23","slug":"2907-2","status":"publish","type":"page","link":"https:\/\/ee.mlfmonde.org\/bata-sogea\/2907-2\/","title":{"rendered":"Les salades de fruits des \u00e9l\u00e8ves de maternelle"},"content":{"rendered":"<p>\u200b<\/p>\n<table>\n<tbody>\n<tr>\n<td width=\"286\"><strong>Recette de la salade de fruits des \u00e9l\u00e8ves de TPS et PS-MS<\/strong><\/p>\n<p>Cette recette a \u00e9t\u00e9 faite \u00e0 la mani\u00e8re Africaine, c\u2019est \u00e0 dire avec des fruits qu\u2019on trouve en Afrique. Pour cette fois, nous avons utilis\u00e9\u00a0:<\/p>\n<ul>\n<li>des pommes<\/li>\n<li>une past\u00e8que<\/li>\n<li>des ananas<\/li>\n<li>du raisin<\/li>\n<li>des papayes<\/li>\n<\/ul>\n<p>Pour arriver au produit fini, nous avons parcouru les \u00e9tapes suivantes\u00a0:<\/p>\n<ol>\n<li>Bien laver les fruits<\/li>\n<li>Peler les fruits<\/li>\n<li>D\u00e9couper en petits morceaux<\/li>\n<li>M\u00e9langer le tout dans un saladier<\/li>\n<li>Servir \u00e0 l\u2019aide d\u2019une louche.\u00a0 \u00a0 \u00a0 \u00a0 \u00a0 \u00a0 \u00a0 \u00a0 \u00a0 \u00a0 \u00a0 \u00a0<strong><em>\u00a0Bonne d\u00e9gustation !<\/em><\/strong><\/li>\n<\/ol>\n<\/td>\n<td width=\"286\"><img fetchpriority=\"high\" decoding=\"async\" class=\"alignnone wp-image-2931 size-full\" src=\"http:\/\/ee.mlfmonde.org\/bata-sogea\/wp-content\/uploads\/sites\/16\/2019\/10\/Les-fruits-pel\u00e9s-par-les-maitresses.jpg\" alt=\"\" width=\"567\" height=\"335\" srcset=\"https:\/\/ee.mlfmonde.org\/bata-sogea\/wp-content\/uploads\/sites\/16\/2019\/10\/Les-fruits-pel\u00e9s-par-les-maitresses.jpg 567w, https:\/\/ee.mlfmonde.org\/bata-sogea\/wp-content\/uploads\/sites\/16\/2019\/10\/Les-fruits-pel\u00e9s-par-les-maitresses-300x177.jpg 300w\" sizes=\"(max-width: 567px) 100vw, 567px\" \/><\/td>\n<\/tr>\n<tr>\n<td width=\"286\">\u00a0<img decoding=\"async\" class=\"alignnone wp-image-2922 size-large\" src=\"http:\/\/ee.mlfmonde.org\/bata-sogea\/wp-content\/uploads\/sites\/16\/2019\/10\/salade-fruits-MS-GS-1024x929.jpg\" alt=\"\" width=\"1024\" height=\"929\" \/><img decoding=\"async\" class=\"alignnone wp-image-2936 size-large\" src=\"http:\/\/ee.mlfmonde.org\/bata-sogea\/wp-content\/uploads\/sites\/16\/2019\/10\/Ziad-coupe-des-morceaux-de-kiwis.-1024x768.jpg\" alt=\"\" width=\"1024\" height=\"768\" srcset=\"https:\/\/ee.mlfmonde.org\/bata-sogea\/wp-content\/uploads\/sites\/16\/2019\/10\/Ziad-coupe-des-morceaux-de-kiwis.-1024x768.jpg 1024w, https:\/\/ee.mlfmonde.org\/bata-sogea\/wp-content\/uploads\/sites\/16\/2019\/10\/Ziad-coupe-des-morceaux-de-kiwis.-300x225.jpg 300w, https:\/\/ee.mlfmonde.org\/bata-sogea\/wp-content\/uploads\/sites\/16\/2019\/10\/Ziad-coupe-des-morceaux-de-kiwis.-768x576.jpg 768w\" sizes=\"(max-width: 1024px) 100vw, 1024px\" \/><\/td>\n<td width=\"286\"><strong>La salade de fruits chez les MS-GS<\/strong><\/p>\n<p>Mardi 02 Octobre nous avons fait une recette. Cela s\u2019appelle la salade de fruits.<\/p>\n<p>Nous avons mis beaucoup de fruits diff\u00e9rents.<\/p>\n<p>Il a fallu peler des kiwis et des pommes, \u00e9plucher des oranges, d\u00e9noyauter des<\/p>\n<p>prunes, d\u00e9couper \u00a0l\u2019ananas et \u00e9p\u00e9piner le raisin.<\/p>\n<p>Puis nous avons coup\u00e9 tous ces fruits en petits morceaux.<\/p>\n<p>Il faut faire attention aux doigts\u00a0!<\/p>\n<p>Ensuite nous avons ajout\u00e9 un verre de jus d\u2019orange et nous avons tout m\u00e9lang\u00e9.<\/p>\n<p>Chacun a eu un verre rempli de salade de fruits.<\/p>\n<p>Tout le monde s\u2019est r\u00e9gal\u00e9.<\/td>\n<\/tr>\n<tr>\n<td colspan=\"2\" width=\"571\">\n\t\t<style type=\"text\/css\">\n\t\t\t#gallery-1 {\n\t\t\t\tmargin: auto;\n\t\t\t}\n\t\t\t#gallery-1 .gallery-item {\n\t\t\t\tfloat: left;\n\t\t\t\tmargin-top: 10px;\n\t\t\t\ttext-align: center;\n\t\t\t\twidth: 16%;\n\t\t\t}\n\t\t\t#gallery-1 img {\n\t\t\t\tborder: 2px solid #cfcfcf;\n\t\t\t}\n\t\t\t#gallery-1 .gallery-caption {\n\t\t\t\tmargin-left: 0;\n\t\t\t}\n\t\t\t\/* see gallery_shortcode() in wp-includes\/media.php *\/\n\t\t<\/style>\n\t\t<div id='gallery-1' class='gallery galleryid-2907 gallery-columns-6 gallery-size-thumbnail'><dl class='gallery-item'>\n\t\t\t<dt class='gallery-icon landscape'>\n\t\t\t\t<a class=\"grouped_elements\" rel=\"tc-fancybox-group\" href=\"https:\/\/ee.mlfmonde.org\/bata-sogea\/wp-content\/uploads\/sites\/16\/2019\/10\/Les-fruits-pel\u00e9s-par-les-maitresses.jpg\" title=\"Les fruits pel\u00e9s par les maitresses\"><img loading=\"lazy\" decoding=\"async\" width=\"150\" height=\"150\" src=\"https:\/\/ee.mlfmonde.org\/bata-sogea\/wp-content\/uploads\/sites\/16\/2019\/10\/Les-fruits-pel\u00e9s-par-les-maitresses-150x150.jpg\" class=\"attachment-thumbnail size-thumbnail\" alt=\"\" \/><\/a>\n\t\t\t<\/dt><\/dl><dl class='gallery-item'>\n\t\t\t<dt class='gallery-icon landscape'>\n\t\t\t\t<a class=\"grouped_elements\" rel=\"tc-fancybox-group\" href=\"https:\/\/ee.mlfmonde.org\/bata-sogea\/wp-content\/uploads\/sites\/16\/2019\/10\/Voici-notre-salade-de-fruits..jpg\" title=\"Voici notre salade de fruits.\"><img loading=\"lazy\" decoding=\"async\" width=\"150\" height=\"150\" src=\"https:\/\/ee.mlfmonde.org\/bata-sogea\/wp-content\/uploads\/sites\/16\/2019\/10\/Voici-notre-salade-de-fruits.-150x150.jpg\" class=\"attachment-thumbnail size-thumbnail\" alt=\"\" \/><\/a>\n\t\t\t<\/dt><\/dl><dl class='gallery-item'>\n\t\t\t<dt class='gallery-icon landscape'>\n\t\t\t\t<a class=\"grouped_elements\" rel=\"tc-fancybox-group\" href=\"https:\/\/ee.mlfmonde.org\/bata-sogea\/wp-content\/uploads\/sites\/16\/2019\/10\/Aya-MS-Matthew-MS-et-Fransisco-TPS.jpg\" title=\"Aya MS, Matthew MS et Fransisco TPS\"><img loading=\"lazy\" decoding=\"async\" width=\"150\" height=\"150\" src=\"https:\/\/ee.mlfmonde.org\/bata-sogea\/wp-content\/uploads\/sites\/16\/2019\/10\/Aya-MS-Matthew-MS-et-Fransisco-TPS-150x150.jpg\" class=\"attachment-thumbnail size-thumbnail\" alt=\"\" \/><\/a>\n\t\t\t<\/dt><\/dl><dl class='gallery-item'>\n\t\t\t<dt class='gallery-icon portrait'>\n\t\t\t\t<a class=\"grouped_elements\" rel=\"tc-fancybox-group\" href=\"https:\/\/ee.mlfmonde.org\/bata-sogea\/wp-content\/uploads\/sites\/16\/2019\/10\/Rachmi-PS.jpg\" title=\"Rachmi PS\"><img loading=\"lazy\" decoding=\"async\" width=\"150\" height=\"150\" src=\"https:\/\/ee.mlfmonde.org\/bata-sogea\/wp-content\/uploads\/sites\/16\/2019\/10\/Rachmi-PS-150x150.jpg\" class=\"attachment-thumbnail size-thumbnail\" alt=\"\" \/><\/a>\n\t\t\t<\/dt><\/dl><dl class='gallery-item'>\n\t\t\t<dt class='gallery-icon landscape'>\n\t\t\t\t<a class=\"grouped_elements\" rel=\"tc-fancybox-group\" href=\"https:\/\/ee.mlfmonde.org\/bata-sogea\/wp-content\/uploads\/sites\/16\/2019\/10\/Abdallah-PS-et-Maya-PS.jpg\" title=\"Abdallah PS et Maya PS\"><img loading=\"lazy\" decoding=\"async\" width=\"150\" height=\"150\" src=\"https:\/\/ee.mlfmonde.org\/bata-sogea\/wp-content\/uploads\/sites\/16\/2019\/10\/Abdallah-PS-et-Maya-PS-150x150.jpg\" class=\"attachment-thumbnail size-thumbnail\" alt=\"\" \/><\/a>\n\t\t\t<\/dt><\/dl><dl class='gallery-item'>\n\t\t\t<dt class='gallery-icon landscape'>\n\t\t\t\t<a class=\"grouped_elements\" rel=\"tc-fancybox-group\" href=\"https:\/\/ee.mlfmonde.org\/bata-sogea\/wp-content\/uploads\/sites\/16\/2019\/10\/Julia-TPS.jpg\" title=\"Julia TPS\"><img loading=\"lazy\" decoding=\"async\" width=\"150\" height=\"150\" src=\"https:\/\/ee.mlfmonde.org\/bata-sogea\/wp-content\/uploads\/sites\/16\/2019\/10\/Julia-TPS-150x150.jpg\" class=\"attachment-thumbnail size-thumbnail\" alt=\"\" \/><\/a>\n\t\t\t<\/dt><\/dl><br style=\"clear: both\" \/><dl class='gallery-item'>\n\t\t\t<dt class='gallery-icon landscape'>\n\t\t\t\t<a class=\"grouped_elements\" rel=\"tc-fancybox-group\" href=\"https:\/\/ee.mlfmonde.org\/bata-sogea\/wp-content\/uploads\/sites\/16\/2019\/10\/Hamad-MS-et-Lai-MS.jpg\" title=\"Hamad MS et Lai MS\"><img loading=\"lazy\" decoding=\"async\" width=\"150\" height=\"150\" src=\"https:\/\/ee.mlfmonde.org\/bata-sogea\/wp-content\/uploads\/sites\/16\/2019\/10\/Hamad-MS-et-Lai-MS-150x150.jpg\" class=\"attachment-thumbnail size-thumbnail\" alt=\"\" \/><\/a>\n\t\t\t<\/dt><\/dl><dl class='gallery-item'>\n\t\t\t<dt class='gallery-icon landscape'>\n\t\t\t\t<a class=\"grouped_elements\" rel=\"tc-fancybox-group\" href=\"https:\/\/ee.mlfmonde.org\/bata-sogea\/wp-content\/uploads\/sites\/16\/2019\/10\/Ziad-coupe-des-morceaux-de-kiwis..jpg\" title=\"Ziad coupe des morceaux de kiwis.\"><img loading=\"lazy\" decoding=\"async\" width=\"150\" height=\"150\" src=\"https:\/\/ee.mlfmonde.org\/bata-sogea\/wp-content\/uploads\/sites\/16\/2019\/10\/Ziad-coupe-des-morceaux-de-kiwis.-150x150.jpg\" class=\"attachment-thumbnail size-thumbnail\" alt=\"\" \/><\/a>\n\t\t\t<\/dt><\/dl><dl class='gallery-item'>\n\t\t\t<dt class='gallery-icon landscape'>\n\t\t\t\t<a class=\"grouped_elements\" rel=\"tc-fancybox-group\" href=\"https:\/\/ee.mlfmonde.org\/bata-sogea\/wp-content\/uploads\/sites\/16\/2019\/10\/Miguel-coupe-un-raisin-en-deux-et-retire-les-p\u00e9pins..jpg\" title=\"Miguel coupe un raisin en deux et retire les p\u00e9pins.\"><img loading=\"lazy\" decoding=\"async\" width=\"150\" height=\"150\" src=\"https:\/\/ee.mlfmonde.org\/bata-sogea\/wp-content\/uploads\/sites\/16\/2019\/10\/Miguel-coupe-un-raisin-en-deux-et-retire-les-p\u00e9pins.-150x150.jpg\" class=\"attachment-thumbnail size-thumbnail\" alt=\"\" \/><\/a>\n\t\t\t<\/dt><\/dl><dl class='gallery-item'>\n\t\t\t<dt class='gallery-icon portrait'>\n\t\t\t\t<a class=\"grouped_elements\" rel=\"tc-fancybox-group\" href=\"https:\/\/ee.mlfmonde.org\/bata-sogea\/wp-content\/uploads\/sites\/16\/2019\/10\/Jai-tout-mang\u00e9..jpg\" title=\"J&#039;ai tout mang\u00e9.\"><img loading=\"lazy\" decoding=\"async\" width=\"150\" height=\"150\" src=\"https:\/\/ee.mlfmonde.org\/bata-sogea\/wp-content\/uploads\/sites\/16\/2019\/10\/Jai-tout-mang\u00e9.-150x150.jpg\" class=\"attachment-thumbnail size-thumbnail\" alt=\"\" \/><\/a>\n\t\t\t<\/dt><\/dl><dl class='gallery-item'>\n\t\t\t<dt class='gallery-icon portrait'>\n\t\t\t\t<a class=\"grouped_elements\" rel=\"tc-fancybox-group\" href=\"https:\/\/ee.mlfmonde.org\/bata-sogea\/wp-content\/uploads\/sites\/16\/2019\/10\/Cest-tr\u00e8s-bon..jpg\" title=\"C&#039;est tr\u00e8s bon.\"><img loading=\"lazy\" decoding=\"async\" width=\"150\" height=\"150\" src=\"https:\/\/ee.mlfmonde.org\/bata-sogea\/wp-content\/uploads\/sites\/16\/2019\/10\/Cest-tr\u00e8s-bon.-150x150.jpg\" class=\"attachment-thumbnail size-thumbnail\" alt=\"\" \/><\/a>\n\t\t\t<\/dt><\/dl><dl class='gallery-item'>\n\t\t\t<dt class='gallery-icon portrait'>\n\t\t\t\t<a class=\"grouped_elements\" rel=\"tc-fancybox-group\" href=\"https:\/\/ee.mlfmonde.org\/bata-sogea\/wp-content\/uploads\/sites\/16\/2019\/10\/Moi-jaime-bien..jpg\" title=\"Moi, j&#039;aime bien.\"><img loading=\"lazy\" decoding=\"async\" width=\"150\" height=\"150\" src=\"https:\/\/ee.mlfmonde.org\/bata-sogea\/wp-content\/uploads\/sites\/16\/2019\/10\/Moi-jaime-bien.-150x150.jpg\" class=\"attachment-thumbnail size-thumbnail\" alt=\"\" \/><\/a>\n\t\t\t<\/dt><\/dl><br style=\"clear: both\" \/>\n\t\t<\/div>\n<\/td>\n<\/tr>\n<\/tbody>\n<\/table>\n<p>&nbsp;<\/p>\n","protected":false},"excerpt":{"rendered":"<p>\u200b Recette de la salade de fruits des \u00e9l\u00e8ves de TPS et PS-MS Cette recette a \u00e9t\u00e9 faite \u00e0 la mani\u00e8re Africaine, c\u2019est \u00e0 dire avec des fruits qu\u2019on trouve en Afrique. Pour cette fois, nous avons utilis\u00e9\u00a0: des pommes une past\u00e8que des ananas du raisin des papayes Pour arriver au produit fini, nous avons [&hellip;]<\/p>\n","protected":false},"author":115,"featured_media":0,"parent":0,"menu_order":0,"comment_status":"closed","ping_status":"closed","template":"","meta":{"_acf_changed":false,"footnotes":""},"class_list":["post-2907","page","type-page","status-publish","czr-hentry"],"acf":[],"_links":{"self":[{"href":"https:\/\/ee.mlfmonde.org\/bata-sogea\/wp-json\/wp\/v2\/pages\/2907","targetHints":{"allow":["GET"]}}],"collection":[{"href":"https:\/\/ee.mlfmonde.org\/bata-sogea\/wp-json\/wp\/v2\/pages"}],"about":[{"href":"https:\/\/ee.mlfmonde.org\/bata-sogea\/wp-json\/wp\/v2\/types\/page"}],"author":[{"embeddable":true,"href":"https:\/\/ee.mlfmonde.org\/bata-sogea\/wp-json\/wp\/v2\/users\/115"}],"replies":[{"embeddable":true,"href":"https:\/\/ee.mlfmonde.org\/bata-sogea\/wp-json\/wp\/v2\/comments?post=2907"}],"version-history":[{"count":9,"href":"https:\/\/ee.mlfmonde.org\/bata-sogea\/wp-json\/wp\/v2\/pages\/2907\/revisions"}],"predecessor-version":[{"id":2942,"href":"https:\/\/ee.mlfmonde.org\/bata-sogea\/wp-json\/wp\/v2\/pages\/2907\/revisions\/2942"}],"wp:attachment":[{"href":"https:\/\/ee.mlfmonde.org\/bata-sogea\/wp-json\/wp\/v2\/media?parent=2907"}],"curies":[{"name":"wp","href":"https:\/\/api.w.org\/{rel}","templated":true}]}}