{"id":2873,"date":"2019-10-09T15:05:04","date_gmt":"2019-10-09T15:05:04","guid":{"rendered":"http:\/\/ee.mlfmonde.org\/bata-sogea\/?page_id=2873"},"modified":"2019-10-18T11:35:38","modified_gmt":"2019-10-18T11:35:38","slug":"toujours-plus-haut-avec-le-telethon-2019","status":"publish","type":"page","link":"https:\/\/ee.mlfmonde.org\/bata-sogea\/toujours-plus-haut-avec-le-telethon-2019\/","title":{"rendered":"\u00ab\u00a0Toujours plus haut\u00a0\u00bb avec le T\u00e9l\u00e9thon 2019"},"content":{"rendered":"<p style=\"text-align: right\"><img fetchpriority=\"high\" decoding=\"async\" class=\"alignright wp-image-2876 size-full\" src=\"http:\/\/ee.mlfmonde.org\/bata-sogea\/wp-content\/uploads\/sites\/16\/2019\/10\/Telethon-2019.jpg\" alt=\"\" width=\"624\" height=\"416\" srcset=\"https:\/\/ee.mlfmonde.org\/bata-sogea\/wp-content\/uploads\/sites\/16\/2019\/10\/Telethon-2019.jpg 624w, https:\/\/ee.mlfmonde.org\/bata-sogea\/wp-content\/uploads\/sites\/16\/2019\/10\/Telethon-2019-300x200.jpg 300w\" sizes=\"(max-width: 624px) 100vw, 624px\" \/><\/p>\n<p>Port\u00e9 par 200 000 b\u00e9n\u00e9voles, le\u00a0<span class=\"il\">T\u00e9l\u00e9thon<\/span>\u00a0r\u00e9unit chaque ann\u00e9e des millions de personnes. Incarn\u00e9 par l\u2019AFM-<span class=\"il\">T\u00e9l\u00e9thon<\/span>, association de parents et de\u00a0malades qui m\u00e8ne un combat contre les maladies g\u00e9n\u00e9tiques rares et lourdement invalidantes, il s\u2019est ouvert en 2013 aux Fran\u00e7ais de l\u2019\u00e9tranger sous l\u2019\u00e9gide du minist\u00e8re des Affaires \u00e9trang\u00e8res.<\/p>\n<p>La Mission la\u00efque fran\u00e7aise renouvelle cette ann\u00e9e son partenariat nou\u00e9 en 2014 et sa volont\u00e9 de soutenir des actions qui s\u2019inscrivent dans le cadre de son projet p\u00e9dagogique et plus particuli\u00e8rement\u00a0\u00a0l\u2019axe 2 : <strong>devenir citoyen.<\/strong><\/p>\n<p>Le mot d&rsquo;ordre cette ann\u00e9e est\u00a0<em><strong>Toujours plus haut !<\/strong><\/em><br \/>\nIl n&rsquo;en fallait pas moins aux \u00e9l\u00e8ves de MS-GS, pour se pr\u00e9cipiter en haut des tours de la cour de r\u00e9cr\u00e9ation pour arborer, toujours plus haut, le signe de la victoire contre la maladie.<\/p>\n<p>Cette photo inaugure la participation de l&rsquo;\u00e9cole \u00e0 la campagne de lev\u00e9e de fonds 2019, au profit de l&rsquo;AFM-T\u00e9l\u00e9thon.<\/p>\n<p>L&rsquo;op\u00e9ration \u00ab\u00a0photos de rentr\u00e9e\u00a0\u00bb permettra de r\u00e9colter 100 000 XAF, revers\u00e9s \u00e0 l&rsquo;association par notre photographe M. Ignacio MATALA EVITA.<\/p>\n","protected":false},"excerpt":{"rendered":"<p>Port\u00e9 par 200 000 b\u00e9n\u00e9voles, le\u00a0T\u00e9l\u00e9thon\u00a0r\u00e9unit chaque ann\u00e9e des millions de personnes. Incarn\u00e9 par l\u2019AFM-T\u00e9l\u00e9thon, association de parents et de\u00a0malades qui m\u00e8ne un combat contre les maladies g\u00e9n\u00e9tiques rares et lourdement invalidantes, il s\u2019est ouvert en 2013 aux Fran\u00e7ais de l\u2019\u00e9tranger sous l\u2019\u00e9gide du minist\u00e8re des Affaires \u00e9trang\u00e8res. La Mission la\u00efque fran\u00e7aise renouvelle cette ann\u00e9e [&hellip;]<\/p>\n","protected":false},"author":115,"featured_media":0,"parent":0,"menu_order":0,"comment_status":"closed","ping_status":"closed","template":"","meta":{"_acf_changed":false,"footnotes":""},"class_list":["post-2873","page","type-page","status-publish","czr-hentry"],"acf":[],"_links":{"self":[{"href":"https:\/\/ee.mlfmonde.org\/bata-sogea\/wp-json\/wp\/v2\/pages\/2873","targetHints":{"allow":["GET"]}}],"collection":[{"href":"https:\/\/ee.mlfmonde.org\/bata-sogea\/wp-json\/wp\/v2\/pages"}],"about":[{"href":"https:\/\/ee.mlfmonde.org\/bata-sogea\/wp-json\/wp\/v2\/types\/page"}],"author":[{"embeddable":true,"href":"https:\/\/ee.mlfmonde.org\/bata-sogea\/wp-json\/wp\/v2\/users\/115"}],"replies":[{"embeddable":true,"href":"https:\/\/ee.mlfmonde.org\/bata-sogea\/wp-json\/wp\/v2\/comments?post=2873"}],"version-history":[{"count":14,"href":"https:\/\/ee.mlfmonde.org\/bata-sogea\/wp-json\/wp\/v2\/pages\/2873\/revisions"}],"predecessor-version":[{"id":2944,"href":"https:\/\/ee.mlfmonde.org\/bata-sogea\/wp-json\/wp\/v2\/pages\/2873\/revisions\/2944"}],"wp:attachment":[{"href":"https:\/\/ee.mlfmonde.org\/bata-sogea\/wp-json\/wp\/v2\/media?parent=2873"}],"curies":[{"name":"wp","href":"https:\/\/api.w.org\/{rel}","templated":true}]}}