{"id":2779,"date":"2019-05-30T15:39:09","date_gmt":"2019-05-30T15:39:09","guid":{"rendered":"http:\/\/ee.mlfmonde.org\/bata-sogea\/?page_id=2779"},"modified":"2019-06-09T17:06:32","modified_gmt":"2019-06-09T17:06:32","slug":"festival-international-du-film-decole-festimaj-2019","status":"publish","type":"page","link":"https:\/\/ee.mlfmonde.org\/bata-sogea\/festival-international-du-film-decole-festimaj-2019\/","title":{"rendered":"Festival international du film d\u2019\u00e9cole &#8211; FESTIMAJ 2019"},"content":{"rendered":"<h3>S\u00e9ance de projection au Centre culturel espagnol<\/h3>\n<p>Ce vendredi 7 juin 2019, les \u00e9l\u00e8ves de l\u2019\u00e9l\u00e9mentaire et du secondaire ont assist\u00e9\u00a0<img fetchpriority=\"high\" decoding=\"async\" class=\"alignright wp-image-2793 size-full\" src=\"http:\/\/ee.mlfmonde.org\/bata-sogea\/wp-content\/uploads\/sites\/16\/2019\/06\/Projection-CCE-2019.jpg\" alt=\"\" width=\"510\" height=\"391\" srcset=\"https:\/\/ee.mlfmonde.org\/bata-sogea\/wp-content\/uploads\/sites\/16\/2019\/06\/Projection-CCE-2019.jpg 510w, https:\/\/ee.mlfmonde.org\/bata-sogea\/wp-content\/uploads\/sites\/16\/2019\/06\/Projection-CCE-2019-300x230.jpg 300w\" sizes=\"(max-width: 510px) 100vw, 510px\" \/><br \/>\n\u00e0 la projection des films d\u2019\u00e9cole pr\u00e9s\u00e9lectionn\u00e9s par le jury du\u00a0festival.<\/p>\n<p>Deux cat\u00e9gories \u00e9taient \u00e0 l\u2019affiche\u00a0:<\/p>\n<p>La cat\u00e9gorie \u00ab\u00a0\u00e9l\u00e9mentaire\u00a0\u00bb, regroupant quinze r\u00e9alisations, et la cat\u00e9gorie \u00ab\u00a0coll\u00e8ge\u00a0\u00bb, regroupant quatorze films, dont notre court-m\u00e9trage<em>Voyage \u00e0 Cannes<\/em>.<\/p>\n<p>Durant la s\u00e9ance de projection, les \u00e9l\u00e8ves ont \u00e9valu\u00e9 les films en leur attribuant une note sur dix points.<\/p>\n<p>Les notes des spectateurs ont \u00e9t\u00e9 recueillies, et le d\u00e9compte des points de chaque film sera consign\u00e9 sur une plateforme en ligne, afin d&rsquo;attribuer le prix du public, aux meilleures r\u00e9alisations.<\/p>\n<p>Cette ann\u00e9e, l\u2019\u00e9cole fran\u00e7aise de Bata a invit\u00e9 soixante-dix \u00e9l\u00e8ves de l\u2019\u00e9cole bilingue Bata 2, \u00e0 se joindre \u00e0 ce festival. Nos invit\u00e9s ont pris part, avec beaucoup d\u2019implication, \u00e0 l\u2019\u00e9valuation des films.<\/p>\n<p>Les nominations (prix du public et prix du jury) seront publi\u00e9es le 1<sup>er<\/sup> juillet 2019, sur le site internet du festival.<\/p>\n<p>Nous ne r\u00e9sistons pas au plaisir de rappeler \u00e0 nos chers lecteurs que nos deux r\u00e9alisations ayant concouru \u00e0 FESTIMAJ 2018, ont remport\u00e9 le prix du public. Souhaitons autant de succ\u00e8s \u00e0 notre film en comp\u00e9tition, cette ann\u00e9e\u00a0!<\/p>\n<p>Pour finir, n\u2019oublions pas nos cin\u00e9philes de petite, moyenne et grande sections, qui ont \u00e9galement eu droit \u00e0 leur festival, \u00e0 l&rsquo;\u00e9cole, avec une projection de films de la cat\u00e9gorie \u00ab\u00a0maternelle\u00a0\u00bb.<\/p>\n","protected":false},"excerpt":{"rendered":"<p>S\u00e9ance de projection au Centre culturel espagnol Ce vendredi 7 juin 2019, les \u00e9l\u00e8ves de l\u2019\u00e9l\u00e9mentaire et du secondaire ont assist\u00e9\u00a0 \u00e0 la projection des films d\u2019\u00e9cole pr\u00e9s\u00e9lectionn\u00e9s par le jury du\u00a0festival. Deux cat\u00e9gories \u00e9taient \u00e0 l\u2019affiche\u00a0: La cat\u00e9gorie \u00ab\u00a0\u00e9l\u00e9mentaire\u00a0\u00bb, regroupant quinze r\u00e9alisations, et la cat\u00e9gorie \u00ab\u00a0coll\u00e8ge\u00a0\u00bb, regroupant quatorze films, dont notre court-m\u00e9trageVoyage \u00e0 Cannes. [&hellip;]<\/p>\n","protected":false},"author":115,"featured_media":0,"parent":0,"menu_order":0,"comment_status":"closed","ping_status":"closed","template":"","meta":{"_acf_changed":false,"footnotes":""},"class_list":["post-2779","page","type-page","status-publish","czr-hentry"],"acf":[],"_links":{"self":[{"href":"https:\/\/ee.mlfmonde.org\/bata-sogea\/wp-json\/wp\/v2\/pages\/2779","targetHints":{"allow":["GET"]}}],"collection":[{"href":"https:\/\/ee.mlfmonde.org\/bata-sogea\/wp-json\/wp\/v2\/pages"}],"about":[{"href":"https:\/\/ee.mlfmonde.org\/bata-sogea\/wp-json\/wp\/v2\/types\/page"}],"author":[{"embeddable":true,"href":"https:\/\/ee.mlfmonde.org\/bata-sogea\/wp-json\/wp\/v2\/users\/115"}],"replies":[{"embeddable":true,"href":"https:\/\/ee.mlfmonde.org\/bata-sogea\/wp-json\/wp\/v2\/comments?post=2779"}],"version-history":[{"count":9,"href":"https:\/\/ee.mlfmonde.org\/bata-sogea\/wp-json\/wp\/v2\/pages\/2779\/revisions"}],"predecessor-version":[{"id":2797,"href":"https:\/\/ee.mlfmonde.org\/bata-sogea\/wp-json\/wp\/v2\/pages\/2779\/revisions\/2797"}],"wp:attachment":[{"href":"https:\/\/ee.mlfmonde.org\/bata-sogea\/wp-json\/wp\/v2\/media?parent=2779"}],"curies":[{"name":"wp","href":"https:\/\/api.w.org\/{rel}","templated":true}]}}