{"id":2766,"date":"2019-05-27T10:59:48","date_gmt":"2019-05-27T10:59:48","guid":{"rendered":"http:\/\/ee.mlfmonde.org\/bata-sogea\/?page_id=2766"},"modified":"2019-05-27T15:12:01","modified_gmt":"2019-05-27T15:12:01","slug":"bonne-fete-maman","status":"publish","type":"page","link":"https:\/\/ee.mlfmonde.org\/bata-sogea\/bonne-fete-maman\/","title":{"rendered":"Bonne f\u00eate maman !"},"content":{"rendered":"<table>\n<tbody>\n<tr>\n<td width=\"307\">Pour la f\u00eate des mamans, nous avons pr\u00e9par\u00e9 de la confiture de mots doux et une carte. Nous avons \u00e9crit des mots doux sur des coeurs et choisi du tissu pour d\u00e9corer le couvercle du bocal. Nous avons aussi appris une po\u00e9sie. <strong><em>El\u00e8ves de CP<\/em><\/strong><\/p>\n<p style=\"text-align: center\"><img fetchpriority=\"high\" decoding=\"async\" class=\"alignnone wp-image-2771\" src=\"http:\/\/ee.mlfmonde.org\/bata-sogea\/wp-content\/uploads\/sites\/16\/2019\/05\/po\u00e9sie.-cp.jpg\" alt=\"\" width=\"271\" height=\"280\" \/><\/p>\n<\/td>\n<td width=\"307\"><img decoding=\"async\" class=\"alignnone wp-image-2767 \" src=\"http:\/\/ee.mlfmonde.org\/bata-sogea\/wp-content\/uploads\/sites\/16\/2019\/05\/CP_cadeau.jpg\" alt=\"\" width=\"418\" height=\"309\" srcset=\"https:\/\/ee.mlfmonde.org\/bata-sogea\/wp-content\/uploads\/sites\/16\/2019\/05\/CP_cadeau.jpg 500w, https:\/\/ee.mlfmonde.org\/bata-sogea\/wp-content\/uploads\/sites\/16\/2019\/05\/CP_cadeau-300x222.jpg 300w\" sizes=\"(max-width: 418px) 100vw, 418px\" \/><\/td>\n<\/tr>\n<tr>\n<td width=\"307\"><img decoding=\"async\" class=\"wp-image-2768 alignright\" src=\"http:\/\/ee.mlfmonde.org\/bata-sogea\/wp-content\/uploads\/sites\/16\/2019\/05\/GS_cadeau.jpg\" alt=\"\" width=\"363\" height=\"391\" srcset=\"https:\/\/ee.mlfmonde.org\/bata-sogea\/wp-content\/uploads\/sites\/16\/2019\/05\/GS_cadeau.jpg 500w, https:\/\/ee.mlfmonde.org\/bata-sogea\/wp-content\/uploads\/sites\/16\/2019\/05\/GS_cadeau-278x300.jpg 278w\" sizes=\"(max-width: 363px) 100vw, 363px\" \/><\/td>\n<td style=\"text-align: left\" width=\"307\">Les \u00e9l\u00e8ves de GS ont, quant \u00e0 eux, fabriqu\u00e9 un collier avec un pendentif en terre et ont \u00e9galement appris une po\u00e9sie.<\/p>\n<p style=\"text-align: center\"><img loading=\"lazy\" decoding=\"async\" class=\"alignnone wp-image-2773\" src=\"http:\/\/ee.mlfmonde.org\/bata-sogea\/wp-content\/uploads\/sites\/16\/2019\/05\/Sans-titre-3.jpg\" alt=\"\" width=\"272\" height=\"294\" \/><\/p>\n<\/td>\n<\/tr>\n<\/tbody>\n<\/table>\n","protected":false},"excerpt":{"rendered":"<p>Pour la f\u00eate des mamans, nous avons pr\u00e9par\u00e9 de la confiture de mots doux et une carte. Nous avons \u00e9crit des mots doux sur des coeurs et choisi du tissu pour d\u00e9corer le couvercle du bocal. Nous avons aussi appris une po\u00e9sie. El\u00e8ves de CP Les \u00e9l\u00e8ves de GS ont, quant \u00e0 eux, fabriqu\u00e9 un [&hellip;]<\/p>\n","protected":false},"author":115,"featured_media":0,"parent":0,"menu_order":0,"comment_status":"closed","ping_status":"closed","template":"","meta":{"_acf_changed":false,"footnotes":""},"class_list":["post-2766","page","type-page","status-publish","czr-hentry"],"acf":[],"_links":{"self":[{"href":"https:\/\/ee.mlfmonde.org\/bata-sogea\/wp-json\/wp\/v2\/pages\/2766","targetHints":{"allow":["GET"]}}],"collection":[{"href":"https:\/\/ee.mlfmonde.org\/bata-sogea\/wp-json\/wp\/v2\/pages"}],"about":[{"href":"https:\/\/ee.mlfmonde.org\/bata-sogea\/wp-json\/wp\/v2\/types\/page"}],"author":[{"embeddable":true,"href":"https:\/\/ee.mlfmonde.org\/bata-sogea\/wp-json\/wp\/v2\/users\/115"}],"replies":[{"embeddable":true,"href":"https:\/\/ee.mlfmonde.org\/bata-sogea\/wp-json\/wp\/v2\/comments?post=2766"}],"version-history":[{"count":4,"href":"https:\/\/ee.mlfmonde.org\/bata-sogea\/wp-json\/wp\/v2\/pages\/2766\/revisions"}],"predecessor-version":[{"id":2777,"href":"https:\/\/ee.mlfmonde.org\/bata-sogea\/wp-json\/wp\/v2\/pages\/2766\/revisions\/2777"}],"wp:attachment":[{"href":"https:\/\/ee.mlfmonde.org\/bata-sogea\/wp-json\/wp\/v2\/media?parent=2766"}],"curies":[{"name":"wp","href":"https:\/\/api.w.org\/{rel}","templated":true}]}}