{"id":2600,"date":"2019-03-27T15:00:51","date_gmt":"2019-03-27T15:00:51","guid":{"rendered":"http:\/\/ee.mlfmonde.org\/bata-sogea\/?page_id=2600"},"modified":"2019-05-16T14:30:36","modified_gmt":"2019-05-16T14:30:36","slug":"fete-de-la-francophonie-2019","status":"publish","type":"page","link":"https:\/\/ee.mlfmonde.org\/bata-sogea\/fete-de-la-francophonie-2019\/","title":{"rendered":"F\u00eate de la Francophonie 2019"},"content":{"rendered":"<p>&nbsp;<\/p>\n<p><img fetchpriority=\"high\" decoding=\"async\" class=\"wp-image-2603 alignright\" src=\"http:\/\/ee.mlfmonde.org\/bata-sogea\/wp-content\/uploads\/sites\/16\/2019\/03\/Elasa-CE1-1.jpg\" alt=\"\" width=\"412\" height=\"618\" srcset=\"https:\/\/ee.mlfmonde.org\/bata-sogea\/wp-content\/uploads\/sites\/16\/2019\/03\/Elasa-CE1-1.jpg 469w, https:\/\/ee.mlfmonde.org\/bata-sogea\/wp-content\/uploads\/sites\/16\/2019\/03\/Elasa-CE1-1-200x300.jpg 200w\" sizes=\"(max-width: 412px) 100vw, 412px\" \/>A l\u2019occasion de la f\u00eate de la Francophonie, l\u2019\u00e9quipe p\u00e9dagogique et les 83 \u00e9l\u00e8ves de l\u2019\u00e9cole fran\u00e7aise de Bata ont pr\u00e9sent\u00e9 un spectacle devant les parents d\u2019\u00e9l\u00e8ves, au Centre culturel espagnol de Bata, le 23-03-2019, de 9h30 \u00e0 12h30, en pr\u00e9sence de Mr l\u2019Ambassadeur de France \u00e0 Malabo, du Directeur g\u00e9n\u00e9ral et du Directeur administratif et financier de SOGEA SATOM.<\/p>\n<p>Un ap\u00e9ritif a \u00e9galement \u00e9t\u00e9 organis\u00e9 \u00e0 la sortie du spectacle, sous le hall ext\u00e9rieur du Centre culturel espagnol. Ce moment de convivialit\u00e9 a permis \u00e0 l\u2019\u00e9quipe p\u00e9dagogique de recueillir les premi\u00e8res impressions et d\u2019\u00e9changer avec les parents, l\u2019Ambassadeur de France et la Direction de SOGEA SATOM.<\/p>\n<p>Les cha\u00eenes nationales de t\u00e9l\u00e9vision (Asonga TV et TVGE) ont couvert l\u2019\u00e9v\u00e8nement.<\/p>\n<p>Le spectacle a \u00e9t\u00e9 pr\u00e9sent\u00e9 et anim\u00e9 par les \u00e9l\u00e8ves de CE2-CM1-CM2, gr\u00e2ce \u00e0 une \u00e9mission webradio, en direct, face au public.<\/p>\n<p><strong>Au programme\u00a0: <\/strong><\/p>\n<h5><strong>I.\u00a0<\/strong><span style=\"color: #0000ff\">Danse\u00a0niveaux\u00a0: TPS-PS &#8211;<\/span> <strong><em>La danse des marionnettes<\/em><\/strong><br \/>\n<strong>II.\u00a0<\/strong><span style=\"color: #0000ff\">Court-m\u00e9trage niveaux\u00a0: CE1-CE2-CM1<\/span>\u00a0&#8211; <strong><em>Le violon magique<\/em><br \/>\n<\/strong><strong>III.\u00a0<span style=\"color: #0000ff\">Chorale\u00a0niveaux\u00a0: MS-GS-CP<\/span><\/strong><br \/>\n<strong><em>&#8211; Francophonie<\/em><\/strong>\u00a0(paroles et musique de Philippe RICHARD)<br \/>\n<strong><em>&#8211; On \u00e9crit sur les murs<\/em><\/strong>\u00a0(de Demis Roussos, reprise par les Kids United<br \/>\n<strong>IV.\u00a0<\/strong><span style=\"color: #0000ff\">Th\u00e9\u00e2tre\u00a0niveau\u00a0: CE1 &#8211;<\/span> <em><strong>Le roi s\u2019habille<\/strong>\u00a0<\/em>d\u2019Agn\u00e8s ROSENSTHIEL<br \/>\n<strong>V.\u00a0<\/strong><span style=\"color: #0000ff\">Chorale\u00a0niveaux\u00a0: CE1-CE2-CM1-CM2 &#8211;<\/span> <em><strong>Ensemble\u00a0<\/strong><\/em>des Kids United<br \/>\n<strong>VI.\u00a0<\/strong><span style=\"color: #0000ff\">Th\u00e9\u00e2tre\u00a0niveaux\u00a0: CM2-coll\u00e8ge &#8211;<\/span> <strong><em>La farce du cuvier<\/em><\/strong>\u00a0\u00a0(farce m\u00e9di\u00e9vale anonyme)<br \/>\n<strong>VII<\/strong>. <span style=\"color: #0000ff\">Chorale &#8211; niveaux\u00a0: CE1-CE2-CM1-CM2 &#8211;<\/span> <strong><em>La m\u00eame<\/em><\/strong>\u00a0(Ma\u00eetre Gims)<br \/>\n<strong>VIII.\u00a0<\/strong><span style=\"color: #0000ff\">Court-m\u00e9trage &#8211; niveaux\u00a0: CE2-CM1-CM2-coll\u00e8ge &#8211;<\/span> <strong><em>Voyage \u00e0 Cannes<\/em> <\/strong><br \/>\n<strong>IX.\u00a0<\/strong><span style=\"color: #0000ff\">Danse moderne\u00a0&#8211; niveaux\u00a0: CM-coll\u00e8ge &#8211;<\/span> <strong>Chor\u00e9graphie<\/strong>\u00a0sur un titre de Willy William<br \/>\n<strong>X.\u00a0<\/strong><span style=\"color: #0000ff\">Chant final \u2013 tous les \u00e9l\u00e8ves &#8211;<\/span> <strong><em>Papaoutai<\/em><\/strong>\u00a0de Stromae<\/h5>\n<p>Un grand MERCI \u00e0 (aux) :<\/p>\n<ul>\n<li>L&rsquo;Ambassadeur de France \u00e0 Malabo et \u00e0 la Direction de <strong>SOGEA SATOM<\/strong>, qui nous ont honor\u00e9s de leur pr\u00e9sence.<\/li>\n<li>Rufus NGUEUKEU, directeur marketing des magasins <strong>MARTINEZ<\/strong>, pour les nombreuses boissons et les produits de consommation offerts.<\/li>\n<li>Parents d&rsquo;\u00e9l\u00e8ves pour leur importante contribution \u00e0 l&rsquo;ap\u00e9ritif.<\/li>\n<li>Au <strong>Centre culturel espagnol<\/strong> pour la mise \u00e0 disposition de sa salle de spectacle et de son \u00e9quipe technique.<\/li>\n<li>A l&rsquo;entreprise <strong>KTEGI<\/strong> pour la mise \u00e0 disposition de ses bus, lors des s\u00e9ances de r\u00e9p\u00e9tition.<\/li>\n<li>A G\u00e9rard Bessoko et <strong>Asonga TV<\/strong> pour la r\u00e9alisation du court-m\u00e9trage <em>Voyage \u00e0 Cannes<\/em>.<\/li>\n<li>A l&rsquo;\u00e9quipe p\u00e9dagogique et \u00e0 nos \u00e9l\u00e8ves qui ont oeuvr\u00e9 avec ardeur pour faire de cette f\u00eate un succ\u00e8s.<\/li>\n<li>A <strong>SOGEA SATOM<\/strong> pour son soutien mat\u00e9riel, logistique et financier.<\/li>\n<\/ul>\n<p><strong>Galerie photo :<\/strong><\/p>\n\n\t\t<style type=\"text\/css\">\n\t\t\t#gallery-1 {\n\t\t\t\tmargin: auto;\n\t\t\t}\n\t\t\t#gallery-1 .gallery-item {\n\t\t\t\tfloat: left;\n\t\t\t\tmargin-top: 10px;\n\t\t\t\ttext-align: center;\n\t\t\t\twidth: 16%;\n\t\t\t}\n\t\t\t#gallery-1 img {\n\t\t\t\tborder: 2px solid #cfcfcf;\n\t\t\t}\n\t\t\t#gallery-1 .gallery-caption {\n\t\t\t\tmargin-left: 0;\n\t\t\t}\n\t\t\t\/* see gallery_shortcode() in wp-includes\/media.php *\/\n\t\t<\/style>\n\t\t<div id='gallery-1' class='gallery galleryid-2600 gallery-columns-6 gallery-size-thumbnail'><dl class='gallery-item'>\n\t\t\t<dt class='gallery-icon landscape'>\n\t\t\t\t<a class=\"grouped_elements\" rel=\"tc-fancybox-group\" href=\"https:\/\/ee.mlfmonde.org\/bata-sogea\/wp-content\/uploads\/sites\/16\/2019\/03\/Ap\u00e9ritif.jpg\" title=\"Ap\u00e9ritif\"><img decoding=\"async\" width=\"150\" height=\"150\" src=\"https:\/\/ee.mlfmonde.org\/bata-sogea\/wp-content\/uploads\/sites\/16\/2019\/03\/Ap\u00e9ritif-150x150.jpg\" class=\"attachment-thumbnail size-thumbnail\" alt=\"\" \/><\/a>\n\t\t\t<\/dt><\/dl><dl class='gallery-item'>\n\t\t\t<dt class='gallery-icon landscape'>\n\t\t\t\t<a class=\"grouped_elements\" rel=\"tc-fancybox-group\" href=\"https:\/\/ee.mlfmonde.org\/bata-sogea\/wp-content\/uploads\/sites\/16\/2019\/03\/Chorale.jpg\" title=\"Chorale\"><img decoding=\"async\" width=\"150\" height=\"150\" src=\"https:\/\/ee.mlfmonde.org\/bata-sogea\/wp-content\/uploads\/sites\/16\/2019\/03\/Chorale-150x150.jpg\" class=\"attachment-thumbnail size-thumbnail\" alt=\"\" \/><\/a>\n\t\t\t<\/dt><\/dl><dl class='gallery-item'>\n\t\t\t<dt class='gallery-icon landscape'>\n\t\t\t\t<a class=\"grouped_elements\" rel=\"tc-fancybox-group\" href=\"https:\/\/ee.mlfmonde.org\/bata-sogea\/wp-content\/uploads\/sites\/16\/2019\/03\/Danse-chor\u00e9graphique.jpg\" title=\"Danse chor\u00e9graphique\"><img loading=\"lazy\" decoding=\"async\" width=\"150\" height=\"150\" src=\"https:\/\/ee.mlfmonde.org\/bata-sogea\/wp-content\/uploads\/sites\/16\/2019\/03\/Danse-chor\u00e9graphique-150x150.jpg\" class=\"attachment-thumbnail size-thumbnail\" alt=\"\" \/><\/a>\n\t\t\t<\/dt><\/dl><dl class='gallery-item'>\n\t\t\t<dt class='gallery-icon landscape'>\n\t\t\t\t<a class=\"grouped_elements\" rel=\"tc-fancybox-group\" href=\"https:\/\/ee.mlfmonde.org\/bata-sogea\/wp-content\/uploads\/sites\/16\/2019\/03\/DG-SOGEA-SATOM.jpg\" title=\"DG SOGEA SATOM\"><img loading=\"lazy\" decoding=\"async\" width=\"150\" height=\"150\" src=\"https:\/\/ee.mlfmonde.org\/bata-sogea\/wp-content\/uploads\/sites\/16\/2019\/03\/DG-SOGEA-SATOM-150x150.jpg\" class=\"attachment-thumbnail size-thumbnail\" alt=\"\" \/><\/a>\n\t\t\t<\/dt><\/dl><dl class='gallery-item'>\n\t\t\t<dt class='gallery-icon portrait'>\n\t\t\t\t<a class=\"grouped_elements\" rel=\"tc-fancybox-group\" href=\"https:\/\/ee.mlfmonde.org\/bata-sogea\/wp-content\/uploads\/sites\/16\/2019\/03\/Elasa-CE1-2.jpg\" title=\"Elasa CE1\"><img loading=\"lazy\" decoding=\"async\" width=\"150\" height=\"150\" src=\"https:\/\/ee.mlfmonde.org\/bata-sogea\/wp-content\/uploads\/sites\/16\/2019\/03\/Elasa-CE1-2-150x150.jpg\" class=\"attachment-thumbnail size-thumbnail\" alt=\"\" \/><\/a>\n\t\t\t<\/dt><\/dl><dl class='gallery-item'>\n\t\t\t<dt class='gallery-icon landscape'>\n\t\t\t\t<a class=\"grouped_elements\" rel=\"tc-fancybox-group\" href=\"https:\/\/ee.mlfmonde.org\/bata-sogea\/wp-content\/uploads\/sites\/16\/2019\/03\/Equipe-p\u00e9dagogique.jpg\" title=\"Equipe p\u00e9dagogique\"><img loading=\"lazy\" decoding=\"async\" width=\"150\" height=\"150\" src=\"https:\/\/ee.mlfmonde.org\/bata-sogea\/wp-content\/uploads\/sites\/16\/2019\/03\/Equipe-p\u00e9dagogique-150x150.jpg\" class=\"attachment-thumbnail size-thumbnail\" alt=\"\" \/><\/a>\n\t\t\t<\/dt><\/dl><br style=\"clear: both\" \/><dl class='gallery-item'>\n\t\t\t<dt class='gallery-icon portrait'>\n\t\t\t\t<a class=\"grouped_elements\" rel=\"tc-fancybox-group\" href=\"https:\/\/ee.mlfmonde.org\/bata-sogea\/wp-content\/uploads\/sites\/16\/2019\/03\/G\u00e9rard-Bessoko-lambassadeur.jpg\" title=\"G\u00e9rard Bessoko &amp; l&#039;ambassadeur\"><img loading=\"lazy\" decoding=\"async\" width=\"150\" height=\"150\" src=\"https:\/\/ee.mlfmonde.org\/bata-sogea\/wp-content\/uploads\/sites\/16\/2019\/03\/G\u00e9rard-Bessoko-lambassadeur-150x150.jpg\" class=\"attachment-thumbnail size-thumbnail\" alt=\"\" \/><\/a>\n\t\t\t<\/dt><\/dl><dl class='gallery-item'>\n\t\t\t<dt class='gallery-icon landscape'>\n\t\t\t\t<a class=\"grouped_elements\" rel=\"tc-fancybox-group\" href=\"https:\/\/ee.mlfmonde.org\/bata-sogea\/wp-content\/uploads\/sites\/16\/2019\/03\/Hall-du-CCE.jpg\" title=\"Hall du CCE\"><img loading=\"lazy\" decoding=\"async\" width=\"150\" height=\"150\" src=\"https:\/\/ee.mlfmonde.org\/bata-sogea\/wp-content\/uploads\/sites\/16\/2019\/03\/Hall-du-CCE-150x150.jpg\" class=\"attachment-thumbnail size-thumbnail\" alt=\"\" \/><\/a>\n\t\t\t<\/dt><\/dl><dl class='gallery-item'>\n\t\t\t<dt class='gallery-icon landscape'>\n\t\t\t\t<a class=\"grouped_elements\" rel=\"tc-fancybox-group\" href=\"https:\/\/ee.mlfmonde.org\/bata-sogea\/wp-content\/uploads\/sites\/16\/2019\/03\/La-farce-du-cuvier-1.jpg\" title=\"La farce du cuvier 1\"><img loading=\"lazy\" decoding=\"async\" width=\"150\" height=\"150\" src=\"https:\/\/ee.mlfmonde.org\/bata-sogea\/wp-content\/uploads\/sites\/16\/2019\/03\/La-farce-du-cuvier-1-150x150.jpg\" class=\"attachment-thumbnail size-thumbnail\" alt=\"\" \/><\/a>\n\t\t\t<\/dt><\/dl><dl class='gallery-item'>\n\t\t\t<dt class='gallery-icon landscape'>\n\t\t\t\t<a class=\"grouped_elements\" rel=\"tc-fancybox-group\" href=\"https:\/\/ee.mlfmonde.org\/bata-sogea\/wp-content\/uploads\/sites\/16\/2019\/03\/La-farce-du-cuvier-2.jpg\" title=\"La farce du cuvier 2\"><img loading=\"lazy\" decoding=\"async\" width=\"150\" height=\"150\" src=\"https:\/\/ee.mlfmonde.org\/bata-sogea\/wp-content\/uploads\/sites\/16\/2019\/03\/La-farce-du-cuvier-2-150x150.jpg\" class=\"attachment-thumbnail size-thumbnail\" alt=\"\" \/><\/a>\n\t\t\t<\/dt><\/dl><dl class='gallery-item'>\n\t\t\t<dt class='gallery-icon landscape'>\n\t\t\t\t<a class=\"grouped_elements\" rel=\"tc-fancybox-group\" href=\"https:\/\/ee.mlfmonde.org\/bata-sogea\/wp-content\/uploads\/sites\/16\/2019\/03\/La-farce-du-cuvier-3.jpg\" title=\"La farce du cuvier 3\"><img loading=\"lazy\" decoding=\"async\" width=\"150\" height=\"150\" src=\"https:\/\/ee.mlfmonde.org\/bata-sogea\/wp-content\/uploads\/sites\/16\/2019\/03\/La-farce-du-cuvier-3-150x150.jpg\" class=\"attachment-thumbnail size-thumbnail\" alt=\"\" \/><\/a>\n\t\t\t<\/dt><\/dl><dl class='gallery-item'>\n\t\t\t<dt class='gallery-icon landscape'>\n\t\t\t\t<a class=\"grouped_elements\" rel=\"tc-fancybox-group\" href=\"https:\/\/ee.mlfmonde.org\/bata-sogea\/wp-content\/uploads\/sites\/16\/2019\/03\/La-farce-du-cuvier-4.jpg\" title=\"La farce du cuvier 4\"><img loading=\"lazy\" decoding=\"async\" width=\"150\" height=\"150\" src=\"https:\/\/ee.mlfmonde.org\/bata-sogea\/wp-content\/uploads\/sites\/16\/2019\/03\/La-farce-du-cuvier-4-150x150.jpg\" class=\"attachment-thumbnail size-thumbnail\" alt=\"\" \/><\/a>\n\t\t\t<\/dt><\/dl><br style=\"clear: both\" \/><dl class='gallery-item'>\n\t\t\t<dt class='gallery-icon landscape'>\n\t\t\t\t<a class=\"grouped_elements\" rel=\"tc-fancybox-group\" href=\"https:\/\/ee.mlfmonde.org\/bata-sogea\/wp-content\/uploads\/sites\/16\/2019\/03\/La-farce-du-cuvier-5.jpg\" title=\"La farce du cuvier 5\"><img loading=\"lazy\" decoding=\"async\" width=\"150\" height=\"150\" src=\"https:\/\/ee.mlfmonde.org\/bata-sogea\/wp-content\/uploads\/sites\/16\/2019\/03\/La-farce-du-cuvier-5-150x150.jpg\" class=\"attachment-thumbnail size-thumbnail\" alt=\"\" \/><\/a>\n\t\t\t<\/dt><\/dl><dl class='gallery-item'>\n\t\t\t<dt class='gallery-icon landscape'>\n\t\t\t\t<a class=\"grouped_elements\" rel=\"tc-fancybox-group\" href=\"https:\/\/ee.mlfmonde.org\/bata-sogea\/wp-content\/uploads\/sites\/16\/2019\/03\/Le-roi-shabille-1.jpg\" title=\"Le roi s&#039;habille 1\"><img loading=\"lazy\" decoding=\"async\" width=\"150\" height=\"150\" src=\"https:\/\/ee.mlfmonde.org\/bata-sogea\/wp-content\/uploads\/sites\/16\/2019\/03\/Le-roi-shabille-1-150x150.jpg\" class=\"attachment-thumbnail size-thumbnail\" alt=\"\" \/><\/a>\n\t\t\t<\/dt><\/dl><dl class='gallery-item'>\n\t\t\t<dt class='gallery-icon landscape'>\n\t\t\t\t<a class=\"grouped_elements\" rel=\"tc-fancybox-group\" href=\"https:\/\/ee.mlfmonde.org\/bata-sogea\/wp-content\/uploads\/sites\/16\/2019\/03\/Le-roi-shabille-2.jpg\" title=\"Le roi s&#039;habille 2\"><img loading=\"lazy\" decoding=\"async\" width=\"150\" height=\"150\" src=\"https:\/\/ee.mlfmonde.org\/bata-sogea\/wp-content\/uploads\/sites\/16\/2019\/03\/Le-roi-shabille-2-150x150.jpg\" class=\"attachment-thumbnail size-thumbnail\" alt=\"\" \/><\/a>\n\t\t\t<\/dt><\/dl><dl class='gallery-item'>\n\t\t\t<dt class='gallery-icon portrait'>\n\t\t\t\t<a class=\"grouped_elements\" rel=\"tc-fancybox-group\" href=\"https:\/\/ee.mlfmonde.org\/bata-sogea\/wp-content\/uploads\/sites\/16\/2019\/03\/Le-roi-shabille-4.jpg\" title=\"Le roi s&#039;habille 4\"><img loading=\"lazy\" decoding=\"async\" width=\"150\" height=\"150\" src=\"https:\/\/ee.mlfmonde.org\/bata-sogea\/wp-content\/uploads\/sites\/16\/2019\/03\/Le-roi-shabille-4-150x150.jpg\" class=\"attachment-thumbnail size-thumbnail\" alt=\"\" \/><\/a>\n\t\t\t<\/dt><\/dl><dl class='gallery-item'>\n\t\t\t<dt class='gallery-icon landscape'>\n\t\t\t\t<a class=\"grouped_elements\" rel=\"tc-fancybox-group\" href=\"https:\/\/ee.mlfmonde.org\/bata-sogea\/wp-content\/uploads\/sites\/16\/2019\/03\/Photo-de-groupe.jpg\" title=\"Photo de groupe\"><img loading=\"lazy\" decoding=\"async\" width=\"150\" height=\"150\" src=\"https:\/\/ee.mlfmonde.org\/bata-sogea\/wp-content\/uploads\/sites\/16\/2019\/03\/Photo-de-groupe-150x150.jpg\" class=\"attachment-thumbnail size-thumbnail\" alt=\"\" \/><\/a>\n\t\t\t<\/dt><\/dl><dl class='gallery-item'>\n\t\t\t<dt class='gallery-icon landscape'>\n\t\t\t\t<a class=\"grouped_elements\" rel=\"tc-fancybox-group\" href=\"https:\/\/ee.mlfmonde.org\/bata-sogea\/wp-content\/uploads\/sites\/16\/2019\/03\/PS-MS.jpg\" title=\"PS-MS\"><img loading=\"lazy\" decoding=\"async\" width=\"150\" height=\"150\" src=\"https:\/\/ee.mlfmonde.org\/bata-sogea\/wp-content\/uploads\/sites\/16\/2019\/03\/PS-MS-150x150.jpg\" class=\"attachment-thumbnail size-thumbnail\" alt=\"\" \/><\/a>\n\t\t\t<\/dt><\/dl><br style=\"clear: both\" \/>\n\t\t<\/div>\n\n","protected":false},"excerpt":{"rendered":"<p>&nbsp; A l\u2019occasion de la f\u00eate de la Francophonie, l\u2019\u00e9quipe p\u00e9dagogique et les 83 \u00e9l\u00e8ves de l\u2019\u00e9cole fran\u00e7aise de Bata ont pr\u00e9sent\u00e9 un spectacle devant les parents d\u2019\u00e9l\u00e8ves, au Centre culturel espagnol de Bata, le 23-03-2019, de 9h30 \u00e0 12h30, en pr\u00e9sence de Mr l\u2019Ambassadeur de France \u00e0 Malabo, du Directeur g\u00e9n\u00e9ral et du Directeur [&hellip;]<\/p>\n","protected":false},"author":115,"featured_media":0,"parent":0,"menu_order":0,"comment_status":"closed","ping_status":"closed","template":"","meta":{"_acf_changed":false,"footnotes":""},"class_list":["post-2600","page","type-page","status-publish","czr-hentry"],"acf":[],"_links":{"self":[{"href":"https:\/\/ee.mlfmonde.org\/bata-sogea\/wp-json\/wp\/v2\/pages\/2600","targetHints":{"allow":["GET"]}}],"collection":[{"href":"https:\/\/ee.mlfmonde.org\/bata-sogea\/wp-json\/wp\/v2\/pages"}],"about":[{"href":"https:\/\/ee.mlfmonde.org\/bata-sogea\/wp-json\/wp\/v2\/types\/page"}],"author":[{"embeddable":true,"href":"https:\/\/ee.mlfmonde.org\/bata-sogea\/wp-json\/wp\/v2\/users\/115"}],"replies":[{"embeddable":true,"href":"https:\/\/ee.mlfmonde.org\/bata-sogea\/wp-json\/wp\/v2\/comments?post=2600"}],"version-history":[{"count":13,"href":"https:\/\/ee.mlfmonde.org\/bata-sogea\/wp-json\/wp\/v2\/pages\/2600\/revisions"}],"predecessor-version":[{"id":2764,"href":"https:\/\/ee.mlfmonde.org\/bata-sogea\/wp-json\/wp\/v2\/pages\/2600\/revisions\/2764"}],"wp:attachment":[{"href":"https:\/\/ee.mlfmonde.org\/bata-sogea\/wp-json\/wp\/v2\/media?parent=2600"}],"curies":[{"name":"wp","href":"https:\/\/api.w.org\/{rel}","templated":true}]}}