{"id":2572,"date":"2019-03-26T08:15:19","date_gmt":"2019-03-26T08:15:19","guid":{"rendered":"http:\/\/ee.mlfmonde.org\/bata-sogea\/?page_id=2572"},"modified":"2019-03-26T18:37:20","modified_gmt":"2019-03-26T18:37:20","slug":"la-recette-des-gaufres-des-eleves-de-ce1","status":"publish","type":"page","link":"https:\/\/ee.mlfmonde.org\/bata-sogea\/la-recette-des-gaufres-des-eleves-de-ce1\/","title":{"rendered":"La recette des gaufres des \u00e9l\u00e8ves de CE1"},"content":{"rendered":"<table>\n<tbody>\n<tr>\n<td width=\"614\"><strong>Pour le carnaval, la classe de CE1 a cuisin\u00e9 de d\u00e9licieuses gaufres<\/strong>. <img fetchpriority=\"high\" decoding=\"async\" class=\"wp-image-2573 size-full alignright\" src=\"http:\/\/ee.mlfmonde.org\/bata-sogea\/wp-content\/uploads\/sites\/16\/2019\/03\/D\u00e9gustation-des-gaufres.jpg\" alt=\"\" width=\"502\" height=\"385\" srcset=\"https:\/\/ee.mlfmonde.org\/bata-sogea\/wp-content\/uploads\/sites\/16\/2019\/03\/D\u00e9gustation-des-gaufres.jpg 502w, https:\/\/ee.mlfmonde.org\/bata-sogea\/wp-content\/uploads\/sites\/16\/2019\/03\/D\u00e9gustation-des-gaufres-300x230.jpg 300w\" sizes=\"(max-width: 502px) 100vw, 502px\" \/><\/p>\n<p><strong>Ingr\u00e9dients <\/strong>pour 10 gaufres :<\/p>\n<ul>\n<li>125g de farine<\/li>\n<li>\u00bd sachet de levure<\/li>\n<li>50g de sucre<\/li>\n<li>1 cs d\u2019huile<\/li>\n<li>2 \u0153ufs<\/li>\n<li>125 ml de lait<\/li>\n<li>1 pinc\u00e9e de sel<\/li>\n<\/ul>\n<p>1 sachet de sucre vanill\u00e9<\/td>\n<\/tr>\n<\/tbody>\n<\/table>\n<p><strong>Pr\u00e9paration<\/strong><strong>\u00a0:<\/strong><\/p>\n\n\t\t<style type=\"text\/css\">\n\t\t\t#gallery-1 {\n\t\t\t\tmargin: auto;\n\t\t\t}\n\t\t\t#gallery-1 .gallery-item {\n\t\t\t\tfloat: left;\n\t\t\t\tmargin-top: 10px;\n\t\t\t\ttext-align: center;\n\t\t\t\twidth: 33%;\n\t\t\t}\n\t\t\t#gallery-1 img {\n\t\t\t\tborder: 2px solid #cfcfcf;\n\t\t\t}\n\t\t\t#gallery-1 .gallery-caption {\n\t\t\t\tmargin-left: 0;\n\t\t\t}\n\t\t\t\/* see gallery_shortcode() in wp-includes\/media.php *\/\n\t\t<\/style>\n\t\t<div id='gallery-1' class='gallery galleryid-2572 gallery-columns-3 gallery-size-thumbnail'><dl class='gallery-item'>\n\t\t\t<dt class='gallery-icon portrait'>\n\t\t\t\t<a class=\"grouped_elements\" rel=\"tc-fancybox-group\" href=\"https:\/\/ee.mlfmonde.org\/bata-sogea\/wp-content\/uploads\/sites\/16\/2019\/03\/1.jpg\" title=\"1\"><img decoding=\"async\" width=\"150\" height=\"150\" src=\"https:\/\/ee.mlfmonde.org\/bata-sogea\/wp-content\/uploads\/sites\/16\/2019\/03\/1-150x150.jpg\" class=\"attachment-thumbnail size-thumbnail\" alt=\"\" \/><\/a>\n\t\t\t<\/dt>\n\t\t\t\t<dd class='wp-caption-text gallery-caption' id='gallery-1-2577'>\n\t\t\t\t1.\tDans un saladier, mettre la farine et la levure, le sucre et le sel. \n\t\t\t\t<\/dd><\/dl><dl class='gallery-item'>\n\t\t\t<dt class='gallery-icon portrait'>\n\t\t\t\t<a class=\"grouped_elements\" rel=\"tc-fancybox-group\" href=\"https:\/\/ee.mlfmonde.org\/bata-sogea\/wp-content\/uploads\/sites\/16\/2019\/03\/2.jpg\" title=\"2\"><img decoding=\"async\" width=\"150\" height=\"150\" src=\"https:\/\/ee.mlfmonde.org\/bata-sogea\/wp-content\/uploads\/sites\/16\/2019\/03\/2-150x150.jpg\" class=\"attachment-thumbnail size-thumbnail\" alt=\"\" \/><\/a>\n\t\t\t<\/dt>\n\t\t\t\t<dd class='wp-caption-text gallery-caption' id='gallery-1-2578'>\n\t\t\t\t2.\tAjouter les \u0153ufs et le sucre vanill\u00e9. Bien m\u00e9langer. \n\t\t\t\t<\/dd><\/dl><dl class='gallery-item'>\n\t\t\t<dt class='gallery-icon landscape'>\n\t\t\t\t<a class=\"grouped_elements\" rel=\"tc-fancybox-group\" href=\"https:\/\/ee.mlfmonde.org\/bata-sogea\/wp-content\/uploads\/sites\/16\/2019\/03\/3.jpg\" title=\"3\"><img loading=\"lazy\" decoding=\"async\" width=\"150\" height=\"150\" src=\"https:\/\/ee.mlfmonde.org\/bata-sogea\/wp-content\/uploads\/sites\/16\/2019\/03\/3-150x150.jpg\" class=\"attachment-thumbnail size-thumbnail\" alt=\"\" \/><\/a>\n\t\t\t<\/dt>\n\t\t\t\t<dd class='wp-caption-text gallery-caption' id='gallery-1-2579'>\n\t\t\t\t3.\tAjouter l\u2019huile et m\u00e9langer \u00e0 nouveau.  \n\t\t\t\t<\/dd><\/dl><br style=\"clear: both\" \/><dl class='gallery-item'>\n\t\t\t<dt class='gallery-icon landscape'>\n\t\t\t\t<a class=\"grouped_elements\" rel=\"tc-fancybox-group\" href=\"https:\/\/ee.mlfmonde.org\/bata-sogea\/wp-content\/uploads\/sites\/16\/2019\/03\/4.jpg\" title=\"4\"><img loading=\"lazy\" decoding=\"async\" width=\"150\" height=\"150\" src=\"https:\/\/ee.mlfmonde.org\/bata-sogea\/wp-content\/uploads\/sites\/16\/2019\/03\/4-150x150.jpg\" class=\"attachment-thumbnail size-thumbnail\" alt=\"\" \/><\/a>\n\t\t\t<\/dt>\n\t\t\t\t<dd class='wp-caption-text gallery-caption' id='gallery-1-2580'>\n\t\t\t\t4.\tVerser le lait petit \u00e0 petit, et m\u00e9langer jusqu\u2019\u00e0 obtenir une p\u00e2te bien lisse.\n\t\t\t\t<\/dd><\/dl><dl class='gallery-item'>\n\t\t\t<dt class='gallery-icon landscape'>\n\t\t\t\t<a class=\"grouped_elements\" rel=\"tc-fancybox-group\" href=\"https:\/\/ee.mlfmonde.org\/bata-sogea\/wp-content\/uploads\/sites\/16\/2019\/03\/5.jpg\" title=\"5\"><img loading=\"lazy\" decoding=\"async\" width=\"150\" height=\"150\" src=\"https:\/\/ee.mlfmonde.org\/bata-sogea\/wp-content\/uploads\/sites\/16\/2019\/03\/5-150x150.jpg\" class=\"attachment-thumbnail size-thumbnail\" alt=\"\" \/><\/a>\n\t\t\t<\/dt>\n\t\t\t\t<dd class='wp-caption-text gallery-caption' id='gallery-1-2581'>\n\t\t\t\t5.\tChauffer le gaufrier et faire cuire les gaufres. \n\t\t\t\t<\/dd><\/dl><dl class='gallery-item'>\n\t\t\t<dt class='gallery-icon landscape'>\n\t\t\t\t<a class=\"grouped_elements\" rel=\"tc-fancybox-group\" href=\"https:\/\/ee.mlfmonde.org\/bata-sogea\/wp-content\/uploads\/sites\/16\/2019\/03\/6.jpg\" title=\"6\"><img loading=\"lazy\" decoding=\"async\" width=\"150\" height=\"150\" src=\"https:\/\/ee.mlfmonde.org\/bata-sogea\/wp-content\/uploads\/sites\/16\/2019\/03\/6-150x150.jpg\" class=\"attachment-thumbnail size-thumbnail\" alt=\"\" \/><\/a>\n\t\t\t<\/dt>\n\t\t\t\t<dd class='wp-caption-text gallery-caption' id='gallery-1-2582'>\n\t\t\t\t6.\tD\u00e9guster ces gaufres avec plein de chantilly bien entendu !\n\t\t\t\t<\/dd><\/dl><br style=\"clear: both\" \/>\n\t\t<\/div>\n\n<p>&nbsp;<\/p>\n<p>&nbsp;<\/p>\n","protected":false},"excerpt":{"rendered":"<p>Pour le carnaval, la classe de CE1 a cuisin\u00e9 de d\u00e9licieuses gaufres. Ingr\u00e9dients pour 10 gaufres : 125g de farine \u00bd sachet de levure 50g de sucre 1 cs d\u2019huile 2 \u0153ufs 125 ml de lait 1 pinc\u00e9e de sel 1 sachet de sucre vanill\u00e9 Pr\u00e9paration\u00a0: &nbsp; &nbsp;<\/p>\n","protected":false},"author":115,"featured_media":0,"parent":0,"menu_order":0,"comment_status":"closed","ping_status":"closed","template":"","meta":{"_acf_changed":false,"footnotes":""},"class_list":["post-2572","page","type-page","status-publish","czr-hentry"],"acf":[],"_links":{"self":[{"href":"https:\/\/ee.mlfmonde.org\/bata-sogea\/wp-json\/wp\/v2\/pages\/2572","targetHints":{"allow":["GET"]}}],"collection":[{"href":"https:\/\/ee.mlfmonde.org\/bata-sogea\/wp-json\/wp\/v2\/pages"}],"about":[{"href":"https:\/\/ee.mlfmonde.org\/bata-sogea\/wp-json\/wp\/v2\/types\/page"}],"author":[{"embeddable":true,"href":"https:\/\/ee.mlfmonde.org\/bata-sogea\/wp-json\/wp\/v2\/users\/115"}],"replies":[{"embeddable":true,"href":"https:\/\/ee.mlfmonde.org\/bata-sogea\/wp-json\/wp\/v2\/comments?post=2572"}],"version-history":[{"count":5,"href":"https:\/\/ee.mlfmonde.org\/bata-sogea\/wp-json\/wp\/v2\/pages\/2572\/revisions"}],"predecessor-version":[{"id":2594,"href":"https:\/\/ee.mlfmonde.org\/bata-sogea\/wp-json\/wp\/v2\/pages\/2572\/revisions\/2594"}],"wp:attachment":[{"href":"https:\/\/ee.mlfmonde.org\/bata-sogea\/wp-json\/wp\/v2\/media?parent=2572"}],"curies":[{"name":"wp","href":"https:\/\/api.w.org\/{rel}","templated":true}]}}