{"id":2555,"date":"2019-03-25T18:10:05","date_gmt":"2019-03-25T18:10:05","guid":{"rendered":"http:\/\/ee.mlfmonde.org\/bata-sogea\/?page_id=2555"},"modified":"2019-03-27T16:50:27","modified_gmt":"2019-03-27T16:50:27","slug":"les-eleves-de-ce1-ce2-poursuivent-leur-tour-du-monde-en-chanson","status":"publish","type":"page","link":"https:\/\/ee.mlfmonde.org\/bata-sogea\/les-eleves-de-ce1-ce2-poursuivent-leur-tour-du-monde-en-chanson\/","title":{"rendered":"Les \u00e9l\u00e8ves de CE1-CE2 poursuivent leur tour du monde en chansons"},"content":{"rendered":"<table>\n<tbody>\n<tr>\n<td width=\"614\">\n<p style=\"text-align: center\"><img fetchpriority=\"high\" decoding=\"async\" class=\"alignnone wp-image-2556 size-full\" src=\"http:\/\/ee.mlfmonde.org\/bata-sogea\/wp-content\/uploads\/sites\/16\/2019\/03\/Apple-tree..jpg\" alt=\"\" width=\"709\" height=\"281\" srcset=\"https:\/\/ee.mlfmonde.org\/bata-sogea\/wp-content\/uploads\/sites\/16\/2019\/03\/Apple-tree..jpg 709w, https:\/\/ee.mlfmonde.org\/bata-sogea\/wp-content\/uploads\/sites\/16\/2019\/03\/Apple-tree.-300x119.jpg 300w\" sizes=\"(max-width: 709px) 100vw, 709px\" \/><br \/>\n<a href=\"https:\/\/www.youtube.com\/watch?v=7myUw_SIX_k&amp;t=17s\" target=\"_blank\" rel=\"noopener\">Voir la vid\u00e9o<\/a><\/p>\n<\/td>\n<\/tr>\n<tr>\n<td width=\"614\">Les CE1 et CE2 poursuivent leur tout du monde en chansons. Ils sont all\u00e9s aux Etats-Unis, la patrie de Teyen et ont d\u00e9couvert l\u2019apple tree game, le jeu du pommier. Si la pomme tombe sur votre t\u00eate, vous \u00eates \u00e9limin\u00e9. C\u2019est Timoth\u00e9e qui a gagn\u00e9.<\/p>\n<p style=\"text-align: center\"><span style=\"color: #008000\"><strong>Apple tree game<\/strong><\/span><\/p>\n<p style=\"text-align: center\"><strong><span style=\"color: #99cc00\">Apple tree, apple tree,<\/span><br \/>\n<\/strong><strong><span style=\"color: #339966\">Will your apple fall on me ?<\/span><br \/>\n<\/strong><strong><span style=\"color: #99cc00\">I won\u2019t cry, I won\u2019t shout,<\/span><br \/>\n<\/strong><span style=\"color: #339966\"><strong>If your apple knocks me out !<\/strong><\/span><\/p>\n<\/td>\n<\/tr>\n<tr>\n<td width=\"614\">\n<p style=\"text-align: center\"><img decoding=\"async\" class=\"alignnone wp-image-2552 size-full\" src=\"http:\/\/ee.mlfmonde.org\/bata-sogea\/wp-content\/uploads\/sites\/16\/2019\/03\/Liang-zhi-lao-hu..jpg\" alt=\"\" width=\"709\" height=\"288\" srcset=\"https:\/\/ee.mlfmonde.org\/bata-sogea\/wp-content\/uploads\/sites\/16\/2019\/03\/Liang-zhi-lao-hu..jpg 709w, https:\/\/ee.mlfmonde.org\/bata-sogea\/wp-content\/uploads\/sites\/16\/2019\/03\/Liang-zhi-lao-hu.-300x122.jpg 300w\" sizes=\"(max-width: 709px) 100vw, 709px\" \/><br \/>\n<a href=\"https:\/\/youtu.be\/ePvlemGehzE\" target=\"_blank\" rel=\"noopener\">Voir la vid\u00e9o<\/a><\/p>\n<\/td>\n<\/tr>\n<tr>\n<td width=\"614\">Puis ils sont partis en Chine, pour f\u00eater le nouvel an chinois. Nous voici dans l\u2019ann\u00e9e du cochon\u00a0! Gr\u00e2ce \u00e0 Elsa, ils ont appris un chant traditionnel Liang zhi lao hu (Deux tigres) sur l\u2019air de Fr\u00e8re Jacques. Ils l&rsquo;ont m\u00eame chant\u00e9 en canon.<\/p>\n<p style=\"text-align: center\"><strong>Deux tigres (fr\u00e8re Jacques)<\/strong><\/p>\n<p style=\"text-align: center\"><strong><span style=\"color: #ff0000\">Li\u01ceng\u00a0 zh\u012b\u00a0 l\u01ceo h\u01d4, li\u01ceng\u00a0 zh\u012b\u00a0 l\u01ceo h\u01d4<\/span><br \/>\n<\/strong>\u00a0\u4e24\u00a0\u00a0\u00a0\u00a0 \u53ea\u00a0\u00a0\u00a0 \u8001\u00a0 \u864e\u00a0\u00a0\u00a0 \u4e24\u00a0\u00a0\u00a0\u00a0 \u53ea\u00a0\u00a0 \u8001\u00a0 \u864e<br \/>\n<strong>Deux tigres, deux tigres<\/strong><br \/>\n<strong><span style=\"color: #ff0000\">P\u01ceo de ku\u00e0i, p\u01ceo de ku\u00e0<\/span><br \/>\n<\/strong>\u8dd1\u00a0 \u5f97\u00a0\u00a0 \u5feb\u00a0\u00a0\u00a0\u00a0 \u8dd1\u00a0\u00a0 \u5f97\u00a0 \u5feb<br \/>\nCourent si vite, courent si vite<br \/>\n<strong><span style=\"color: #ff0000\">V\u012b zh\u012b m\u00e9i y\u01d2u \u011br duo, v\u012b zh\u012b m\u00e9i y\u01d2u w\u011bi ba<\/span><br \/>\n<\/strong>\u4e00 \u53ea\u00a0 \u6ca1\u00a0\u00a0\u00a0 \u6709\u00a0 \u8033\u00a0\u00a0 \u6735\u00a0\u00a0 \u4e00 \u53ea\u00a0 \u6ca1\u00a0\u00a0\u00a0 \u6709\u00a0\u00a0 \u5c3e\u00a0\u00a0 \u5df4<br \/>\nL&rsquo;un n&rsquo;a pas d&rsquo;oreilles, l&rsquo;autre n&rsquo;a pas de queue<br \/>\n<strong><span style=\"color: #ff0000\">Zh\u0113n q\u00ed gu\u00e0i, zh\u0113n q\u00ed gu\u00e0i<\/span><br \/>\n<\/strong>\u771f\u00a0 \u5947\u00a0\u00a0 \u602a\u00a0\u00a0\u00a0\u00a0\u00a0 \u771f\u00a0\u00a0 \u5947\u00a0 \u602a<br \/>\n<strong>Vraiment \u00e9trange! Vraiment \u00e9trange !<\/strong><\/p>\n<\/td>\n<\/tr>\n<\/tbody>\n<\/table>\n","protected":false},"excerpt":{"rendered":"<p>Voir la vid\u00e9o Les CE1 et CE2 poursuivent leur tout du monde en chansons. Ils sont all\u00e9s aux Etats-Unis, la patrie de Teyen et ont d\u00e9couvert l\u2019apple tree game, le jeu du pommier. Si la pomme tombe sur votre t\u00eate, vous \u00eates \u00e9limin\u00e9. C\u2019est Timoth\u00e9e qui a gagn\u00e9. Apple tree game Apple tree, apple tree, [&hellip;]<\/p>\n","protected":false},"author":115,"featured_media":0,"parent":0,"menu_order":0,"comment_status":"closed","ping_status":"closed","template":"","meta":{"_acf_changed":false,"footnotes":""},"class_list":["post-2555","page","type-page","status-publish","czr-hentry"],"acf":[],"_links":{"self":[{"href":"https:\/\/ee.mlfmonde.org\/bata-sogea\/wp-json\/wp\/v2\/pages\/2555","targetHints":{"allow":["GET"]}}],"collection":[{"href":"https:\/\/ee.mlfmonde.org\/bata-sogea\/wp-json\/wp\/v2\/pages"}],"about":[{"href":"https:\/\/ee.mlfmonde.org\/bata-sogea\/wp-json\/wp\/v2\/types\/page"}],"author":[{"embeddable":true,"href":"https:\/\/ee.mlfmonde.org\/bata-sogea\/wp-json\/wp\/v2\/users\/115"}],"replies":[{"embeddable":true,"href":"https:\/\/ee.mlfmonde.org\/bata-sogea\/wp-json\/wp\/v2\/comments?post=2555"}],"version-history":[{"count":8,"href":"https:\/\/ee.mlfmonde.org\/bata-sogea\/wp-json\/wp\/v2\/pages\/2555\/revisions"}],"predecessor-version":[{"id":2631,"href":"https:\/\/ee.mlfmonde.org\/bata-sogea\/wp-json\/wp\/v2\/pages\/2555\/revisions\/2631"}],"wp:attachment":[{"href":"https:\/\/ee.mlfmonde.org\/bata-sogea\/wp-json\/wp\/v2\/media?parent=2555"}],"curies":[{"name":"wp","href":"https:\/\/api.w.org\/{rel}","templated":true}]}}