{"id":2200,"date":"2018-12-24T06:31:00","date_gmt":"2018-12-24T06:31:00","guid":{"rendered":"http:\/\/ee.mlfmonde.org\/bata-sogea\/?page_id=2200"},"modified":"2018-12-27T05:25:41","modified_gmt":"2018-12-27T05:25:41","slug":"bonnes-fetes-de-fin-dannee","status":"publish","type":"page","link":"https:\/\/ee.mlfmonde.org\/bata-sogea\/bonnes-fetes-de-fin-dannee\/","title":{"rendered":"Bonnes f\u00eates de fin d&rsquo;ann\u00e9e !"},"content":{"rendered":"<p>&nbsp;<\/p>\n<p><img fetchpriority=\"high\" decoding=\"async\" class=\"alignright wp-image-2208 size-full\" src=\"http:\/\/ee.mlfmonde.org\/bata-sogea\/wp-content\/uploads\/sites\/16\/2018\/12\/Sapin2.jpg\" alt=\"\" width=\"425\" height=\"447\" srcset=\"https:\/\/ee.mlfmonde.org\/bata-sogea\/wp-content\/uploads\/sites\/16\/2018\/12\/Sapin2.jpg 425w, https:\/\/ee.mlfmonde.org\/bata-sogea\/wp-content\/uploads\/sites\/16\/2018\/12\/Sapin2-285x300.jpg 285w\" sizes=\"(max-width: 425px) 100vw, 425px\" \/><\/p>\n<p>&nbsp;<\/p>\n<p>&nbsp;<\/p>\n<p>&nbsp;<\/p>\n<h4>A la sortie des classes de ce vendredi 14 d\u00e9cembre, un petit cadeau attendait les \u00e9l\u00e8ves, au pied du sapin. Chacun d&rsquo;eux est reparti avec une bo\u00eete de jeu <em>Vocabulon Junior<\/em>, en r\u00e9compense d&rsquo;un premier trimestre des plus studieux.<br \/>\nLes \u00e9l\u00e8ves pourront ainsi d\u00e9couvrir et m\u00e9moriser d&rsquo;une mani\u00e8re agr\u00e9able et rapide le sens, l&rsquo;orthographe et les synonymes de plus de 2000 mots-cl\u00e9s.<br \/>\nVoil\u00e0 de quoi continuer \u00e0 apprendre, tout en s&rsquo;amusant, durant ces trois semaines de vacances scolaires.<\/h4>\n<h4>Bonnes f\u00eates de fin d&rsquo;ann\u00e9e \u00e0 toutes et \u00e0 tous !<\/h4>\n","protected":false},"excerpt":{"rendered":"<p>&nbsp; &nbsp; &nbsp; &nbsp; A la sortie des classes de ce vendredi 14 d\u00e9cembre, un petit cadeau attendait les \u00e9l\u00e8ves, au pied du sapin. Chacun d&rsquo;eux est reparti avec une bo\u00eete de jeu Vocabulon Junior, en r\u00e9compense d&rsquo;un premier trimestre des plus studieux. Les \u00e9l\u00e8ves pourront ainsi d\u00e9couvrir et m\u00e9moriser d&rsquo;une mani\u00e8re agr\u00e9able et rapide [&hellip;]<\/p>\n","protected":false},"author":115,"featured_media":0,"parent":0,"menu_order":0,"comment_status":"closed","ping_status":"closed","template":"","meta":{"_acf_changed":false,"footnotes":""},"class_list":["post-2200","page","type-page","status-publish","czr-hentry"],"acf":[],"_links":{"self":[{"href":"https:\/\/ee.mlfmonde.org\/bata-sogea\/wp-json\/wp\/v2\/pages\/2200","targetHints":{"allow":["GET"]}}],"collection":[{"href":"https:\/\/ee.mlfmonde.org\/bata-sogea\/wp-json\/wp\/v2\/pages"}],"about":[{"href":"https:\/\/ee.mlfmonde.org\/bata-sogea\/wp-json\/wp\/v2\/types\/page"}],"author":[{"embeddable":true,"href":"https:\/\/ee.mlfmonde.org\/bata-sogea\/wp-json\/wp\/v2\/users\/115"}],"replies":[{"embeddable":true,"href":"https:\/\/ee.mlfmonde.org\/bata-sogea\/wp-json\/wp\/v2\/comments?post=2200"}],"version-history":[{"count":7,"href":"https:\/\/ee.mlfmonde.org\/bata-sogea\/wp-json\/wp\/v2\/pages\/2200\/revisions"}],"predecessor-version":[{"id":2222,"href":"https:\/\/ee.mlfmonde.org\/bata-sogea\/wp-json\/wp\/v2\/pages\/2200\/revisions\/2222"}],"wp:attachment":[{"href":"https:\/\/ee.mlfmonde.org\/bata-sogea\/wp-json\/wp\/v2\/media?parent=2200"}],"curies":[{"name":"wp","href":"https:\/\/api.w.org\/{rel}","templated":true}]}}