{"id":219,"date":"2017-06-15T09:01:57","date_gmt":"2017-06-15T09:01:57","guid":{"rendered":"http:\/\/ee.mlfmonde.org\/qingdao-technip\/?page_id=219"},"modified":"2018-08-24T11:36:28","modified_gmt":"2018-08-24T11:36:28","slug":"webradio","status":"publish","type":"page","link":"https:\/\/ee.mlfmonde.org\/bata-sogea\/webradio\/","title":{"rendered":"Web.r@dio"},"content":{"rendered":"<p>Les \u00e9l\u00e8ves inscrits \u00e0 l&rsquo;activit\u00e9 p\u00e9riscolaire web.r@dio ont enregistr\u00e9 leurs deux premi\u00e8res \u00e9missions radiophoniques. Bravo \u00e0 eux, merci \u00e0 Franck, l&rsquo;animateur de l&rsquo;activit\u00e9, et bonne \u00e9coute !<\/p>\n<!--[if lt IE 9]><script>document.createElement('audio');<\/script><![endif]-->\n<audio class=\"wp-audio-shortcode\" id=\"audio-219-1\" preload=\"none\" style=\"width: 100%;\" controls=\"controls\"><source type=\"audio\/mpeg\" src=\"http:\/\/ee.mlfmonde.org\/bata-sogea\/wp-content\/uploads\/sites\/16\/2018\/01\/Webradio-Gr-1.mp3?_=1\" \/><a href=\"http:\/\/ee.mlfmonde.org\/bata-sogea\/wp-content\/uploads\/sites\/16\/2018\/01\/Webradio-Gr-1.mp3\">http:\/\/ee.mlfmonde.org\/bata-sogea\/wp-content\/uploads\/sites\/16\/2018\/01\/Webradio-Gr-1.mp3<\/a><\/audio>\n<p>&nbsp;<\/p>\n<audio class=\"wp-audio-shortcode\" id=\"audio-219-2\" preload=\"none\" style=\"width: 100%;\" controls=\"controls\"><source type=\"audio\/mpeg\" src=\"http:\/\/ee.mlfmonde.org\/bata-sogea\/wp-content\/uploads\/sites\/16\/2018\/01\/Webradio-Gr-2.mp3?_=2\" \/><a href=\"http:\/\/ee.mlfmonde.org\/bata-sogea\/wp-content\/uploads\/sites\/16\/2018\/01\/Webradio-Gr-2.mp3\">http:\/\/ee.mlfmonde.org\/bata-sogea\/wp-content\/uploads\/sites\/16\/2018\/01\/Webradio-Gr-2.mp3<\/a><\/audio>\n<p>&nbsp;<\/p>\n<p><img fetchpriority=\"high\" decoding=\"async\" class=\"wp-image-1051 size-full aligncenter\" src=\"http:\/\/ee.mlfmonde.org\/bata-sogea\/wp-content\/uploads\/sites\/16\/2018\/01\/Webradio-1.jpg\" alt=\"\" width=\"709\" height=\"399\" \/><\/p>\n","protected":false},"excerpt":{"rendered":"<p>Les \u00e9l\u00e8ves inscrits \u00e0 l&rsquo;activit\u00e9 p\u00e9riscolaire web.r@dio ont enregistr\u00e9 leurs deux premi\u00e8res \u00e9missions radiophoniques. Bravo \u00e0 eux, merci \u00e0 Franck, l&rsquo;animateur de l&rsquo;activit\u00e9, et bonne \u00e9coute ! &nbsp; &nbsp;<\/p>\n","protected":false},"author":115,"featured_media":0,"parent":0,"menu_order":0,"comment_status":"closed","ping_status":"closed","template":"","meta":{"_acf_changed":false,"footnotes":""},"class_list":["post-219","page","type-page","status-publish","czr-hentry"],"acf":[],"_links":{"self":[{"href":"https:\/\/ee.mlfmonde.org\/bata-sogea\/wp-json\/wp\/v2\/pages\/219","targetHints":{"allow":["GET"]}}],"collection":[{"href":"https:\/\/ee.mlfmonde.org\/bata-sogea\/wp-json\/wp\/v2\/pages"}],"about":[{"href":"https:\/\/ee.mlfmonde.org\/bata-sogea\/wp-json\/wp\/v2\/types\/page"}],"author":[{"embeddable":true,"href":"https:\/\/ee.mlfmonde.org\/bata-sogea\/wp-json\/wp\/v2\/users\/115"}],"replies":[{"embeddable":true,"href":"https:\/\/ee.mlfmonde.org\/bata-sogea\/wp-json\/wp\/v2\/comments?post=219"}],"version-history":[{"count":11,"href":"https:\/\/ee.mlfmonde.org\/bata-sogea\/wp-json\/wp\/v2\/pages\/219\/revisions"}],"predecessor-version":[{"id":1638,"href":"https:\/\/ee.mlfmonde.org\/bata-sogea\/wp-json\/wp\/v2\/pages\/219\/revisions\/1638"}],"wp:attachment":[{"href":"https:\/\/ee.mlfmonde.org\/bata-sogea\/wp-json\/wp\/v2\/media?parent=219"}],"curies":[{"name":"wp","href":"https:\/\/api.w.org\/{rel}","templated":true}]}}