{"id":2062,"date":"2018-11-30T16:44:27","date_gmt":"2018-11-30T16:44:27","guid":{"rendered":"http:\/\/ee.mlfmonde.org\/bata-sogea\/?page_id=2062"},"modified":"2018-12-03T13:27:28","modified_gmt":"2018-12-03T13:27:28","slug":"les-activites-periscolaires-de-debut-dannee","status":"publish","type":"page","link":"https:\/\/ee.mlfmonde.org\/bata-sogea\/les-activites-periscolaires-de-debut-dannee\/","title":{"rendered":"Les activit\u00e9s p\u00e9riscolaires de d\u00e9but d&rsquo;ann\u00e9e"},"content":{"rendered":"<table>\n<tbody>\n<tr>\n<td width=\"307\">\n<h3 style=\"text-align: center\"><span style=\"color: #339966\">Jardinage<strong><br \/>\n<\/strong><\/span><\/h3>\n<p style=\"text-align: left\"><span style=\"color: #339966\">L\u2019activit\u00e9 jardinage est anim\u00e9e par Anne et Th\u00e9th\u00e9. Les petites mains vertes <\/span><br \/>\n<span style=\"color: #339966\">n\u2019ont pas ch\u00f4m\u00e9 depuis le d\u00e9but de l\u2019activit\u00e9. Que ce soit en int\u00e9rieur, dans des petits pots, ou \u00e0 l\u2019ext\u00e9rieur, dans les grands bacs en bois, les \u00e9l\u00e8ves ont sem\u00e9 une belle collection de plantes\u00a0: persil, citronnelle, ananas, arachides, manioc, papayer, citrouille. Le climat est tr\u00e8s propice et nos apprentis jardiniers peuvent d\u00e9j\u00e0 observer les premi\u00e8res pousses.<\/span><\/p>\n<\/td>\n<td width=\"307\"><img decoding=\"async\" src=\"http:\/\/ee.mlfmonde.org\/bata-sogea\/wp-content\/uploads\/sites\/16\/2018\/11\/Jardinage-3..jpg\" \/><\/td>\n<\/tr>\n<tr>\n<td width=\"307\"><img fetchpriority=\"high\" decoding=\"async\" class=\"wp-image-1998 size-full alignright\" src=\"http:\/\/ee.mlfmonde.org\/bata-sogea\/wp-content\/uploads\/sites\/16\/2018\/11\/Jardinage-2.jpg\" alt=\"\" width=\"425\" height=\"389\" srcset=\"https:\/\/ee.mlfmonde.org\/bata-sogea\/wp-content\/uploads\/sites\/16\/2018\/11\/Jardinage-2.jpg 425w, https:\/\/ee.mlfmonde.org\/bata-sogea\/wp-content\/uploads\/sites\/16\/2018\/11\/Jardinage-2-300x275.jpg 300w\" sizes=\"(max-width: 425px) 100vw, 425px\" \/><\/td>\n<td width=\"307\"><img decoding=\"async\" class=\"alignnone wp-image-2002 size-full\" src=\"http:\/\/ee.mlfmonde.org\/bata-sogea\/wp-content\/uploads\/sites\/16\/2018\/11\/Jardinage.jpg\" alt=\"\" width=\"425\" height=\"511\" srcset=\"https:\/\/ee.mlfmonde.org\/bata-sogea\/wp-content\/uploads\/sites\/16\/2018\/11\/Jardinage.jpg 425w, https:\/\/ee.mlfmonde.org\/bata-sogea\/wp-content\/uploads\/sites\/16\/2018\/11\/Jardinage-250x300.jpg 250w\" sizes=\"(max-width: 425px) 100vw, 425px\" \/><\/td>\n<\/tr>\n<tr>\n<td width=\"307\"><img decoding=\"async\" class=\"wp-image-1997 size-full alignright\" src=\"http:\/\/ee.mlfmonde.org\/bata-sogea\/wp-content\/uploads\/sites\/16\/2018\/11\/Chorale.jpg\" alt=\"\" width=\"567\" height=\"364\" srcset=\"https:\/\/ee.mlfmonde.org\/bata-sogea\/wp-content\/uploads\/sites\/16\/2018\/11\/Chorale.jpg 567w, https:\/\/ee.mlfmonde.org\/bata-sogea\/wp-content\/uploads\/sites\/16\/2018\/11\/Chorale-300x193.jpg 300w\" sizes=\"(max-width: 567px) 100vw, 567px\" \/><\/td>\n<td width=\"307\">\n<h3 style=\"text-align: center\"><span style=\"color: #ff00ff\"><strong>Chorale<\/strong><\/span><\/h3>\n<p><span style=\"color: #ff00ff\">L\u2019activit\u00e9 chorale est anim\u00e9e par Franka et Evelina. Les \u00e9l\u00e8ves de moyenne<br \/>\net de grande sections de maternelle pr\u00e9parent des chants pour la f\u00eate de la Francophonie. Entre autres titres, figurent au programme\u00a0: <strong><em>Les enfants de<br \/>\nla Terre, Francophonie, On \u00e9crit sur les murs&#8230;<\/em><\/strong><\/span><\/td>\n<\/tr>\n<tr>\n<td width=\"307\">\n<h3 style=\"text-align: center\"><span style=\"color: #ff9900\"><strong>Th\u00e9\u00e2tre<\/strong><\/span><\/h3>\n<p><span style=\"color: #ff9900\">L\u2019activit\u00e9 th\u00e9\u00e2tre est anim\u00e9e par C\u00e9line, une adepte de cet art depuis de nombreuses ann\u00e9es. Durant les premi\u00e8res semaines de l\u2019activit\u00e9, les \u00e9l\u00e8ves de <\/span><span style=\"color: #ff9900\">CE1 ont pratiqu\u00e9 des exercices visant \u00e0 favoriser la coh\u00e9sion du groupe, \u00e0 am\u00e9liorer la concentration, \u00e0 explorer l\u2019espace sc\u00e9nique et \u00e0 poser sa voix. Apr\u00e8s quelques s\u00e9ances d\u2019exercices d\u2019improvisation th\u00e9\u00e2trale, nos jeunes com\u00e9diens seront pr\u00eats \u00e0 s&rsquo;attaquer \u00e0 la pi\u00e8ce <strong><em>Le roi s\u2019habille<\/em><\/strong>. Une\u00a0oeuvre qu\u2019ils pr\u00e9senteront \u00e0 l\u2019occasion de la f\u00eate de la Francophonie.\u00a0<\/span><\/td>\n<td width=\"307\">\n<h3><img loading=\"lazy\" decoding=\"async\" class=\"wp-image-2001 size-full alignright\" src=\"http:\/\/ee.mlfmonde.org\/bata-sogea\/wp-content\/uploads\/sites\/16\/2018\/11\/Th\u00e9\u00e2tre.jpg\" alt=\"\" width=\"567\" height=\"243\" srcset=\"https:\/\/ee.mlfmonde.org\/bata-sogea\/wp-content\/uploads\/sites\/16\/2018\/11\/Th\u00e9\u00e2tre.jpg 567w, https:\/\/ee.mlfmonde.org\/bata-sogea\/wp-content\/uploads\/sites\/16\/2018\/11\/Th\u00e9\u00e2tre-300x129.jpg 300w\" sizes=\"(max-width: 567px) 100vw, 567px\" \/><\/h3>\n<\/td>\n<\/tr>\n<tr>\n<td width=\"307\">\n<h3><img loading=\"lazy\" decoding=\"async\" class=\"wp-image-2000 size-full alignnone\" src=\"http:\/\/ee.mlfmonde.org\/bata-sogea\/wp-content\/uploads\/sites\/16\/2018\/11\/Tai-chi.jpg\" alt=\"\" width=\"567\" height=\"364\" srcset=\"https:\/\/ee.mlfmonde.org\/bata-sogea\/wp-content\/uploads\/sites\/16\/2018\/11\/Tai-chi.jpg 567w, https:\/\/ee.mlfmonde.org\/bata-sogea\/wp-content\/uploads\/sites\/16\/2018\/11\/Tai-chi-300x193.jpg 300w\" sizes=\"(max-width: 567px) 100vw, 567px\" \/><\/h3>\n<\/td>\n<td width=\"307\">\n<h3 style=\"text-align: center\"><span style=\"color: #800080\">\u00a0Tai-chi<\/span><\/h3>\n<p style=\"text-align: left\"><span style=\"color: #800080\">L\u2019activit\u00e9 Tai-chi est anim\u00e9e par Jin Fanghong, une \u00e9tudiante chinoise de l\u2019institut Confusius ratach\u00e9 \u00e0 l&rsquo;universit\u00e9 nationale de Guin\u00e9e \u00e9quatoriale. Le tai-chi est un art martial chinois dit \u00ab interne \u00bb. Une gymnastique de sant\u00e9 du corps et de l\u2019esprit. Il a pour objet le travail de l&rsquo;\u00e9nergie, appel\u00e9e \u00ab\u00a0chi\u00a0\u00bb.<\/span><\/p>\n<\/td>\n<\/tr>\n<tr>\n<td width=\"307\">\n<h3 style=\"text-align: center\"><span style=\"color: #de9023\">Jeu d\u2019\u00e9checs<\/span><\/h3>\n<p><span style=\"color: #de9023\">L\u2019activit\u00e9 est anim\u00e9e par Franck. Les premi\u00e8res semaines ont permis aux n\u00e9ophytes de se familiariser avec les r\u00e8gles du jeu, tandis que les experts se sont remis en jambe. <\/span><br \/>\n<span style=\"color: #de9023\">Nos jeunes strat\u00e8ges ont commenc\u00e9 par s\u2019affrontent sur des \u00e9chiquiers traditionnels, avant de passer aux \u00e9checs en ligne, lors des prochaines s\u00e9ances.<\/span><\/td>\n<td width=\"307\"><img loading=\"lazy\" decoding=\"async\" class=\"alignnone wp-image-2045 size-full\" src=\"http:\/\/ee.mlfmonde.org\/bata-sogea\/wp-content\/uploads\/sites\/16\/2018\/11\/Echecs..jpg\" alt=\"\" width=\"536\" height=\"364\" srcset=\"https:\/\/ee.mlfmonde.org\/bata-sogea\/wp-content\/uploads\/sites\/16\/2018\/11\/Echecs..jpg 536w, https:\/\/ee.mlfmonde.org\/bata-sogea\/wp-content\/uploads\/sites\/16\/2018\/11\/Echecs.-300x204.jpg 300w\" sizes=\"(max-width: 536px) 100vw, 536px\" \/><\/td>\n<\/tr>\n<tr>\n<td width=\"307\"><img loading=\"lazy\" decoding=\"async\" class=\"alignnone wp-image-2036 size-full\" src=\"http:\/\/ee.mlfmonde.org\/bata-sogea\/wp-content\/uploads\/sites\/16\/2018\/11\/cin\u00e9ma.jpg\" alt=\"\" width=\"567\" height=\"305\" srcset=\"https:\/\/ee.mlfmonde.org\/bata-sogea\/wp-content\/uploads\/sites\/16\/2018\/11\/cin\u00e9ma.jpg 567w, https:\/\/ee.mlfmonde.org\/bata-sogea\/wp-content\/uploads\/sites\/16\/2018\/11\/cin\u00e9ma-300x161.jpg 300w\" sizes=\"(max-width: 567px) 100vw, 567px\" \/><\/td>\n<td width=\"307\">\n<h3 style=\"text-align: center\"><span style=\"color: #7f851e\">Cin\u00e9ma<\/span><\/h3>\n<p><span style=\"color: #7f851e\">L\u2019activit\u00e9 cin\u00e9ma est anim\u00e9e par G\u00e9rard Bessoko, \u00e9crivain et cin\u00e9aste camerounais. Durant les premi\u00e8res semaines de l\u2019activit\u00e9, les \u00e9l\u00e8ves de CM1 \u00e0 4<sup>\u00e8me<\/sup>, ont r\u00e9vis\u00e9 les diff\u00e9rentes \u00e9tapes de la r\u00e9alisation d\u2019un court-m\u00e9trage.<\/span><\/p>\n<p><span style=\"color: #7f851e\">A pr\u00e9sent, le groupe travaille \u00e0 l\u2019\u00e9criture d\u2019un sc\u00e9nario dont le titre est <strong><em>Voyage \u00e0 Cannes<\/em><\/strong><em>.<\/em> Comme l\u2019an dernier, le court-m\u00e9trage r\u00e9alis\u00e9 concourra \u00e0 FESTMAJ, le festival mondial du film d\u2019\u00e9cole. <\/span><\/p>\n<p><span style=\"color: #7f851e\">Souhaitons \u00e0 nos jeunes r\u00e9alisateurs et acteurs d\u2019avoir autant de succ\u00e8s qu\u2019avec leur film pr\u00e9c\u00e9dent, <em>L\u2019histoire de Kalvin<\/em>, qui avait obtenu la nomination du public.<\/span><\/td>\n<\/tr>\n<tr>\n<td width=\"307\">\n<h3 style=\"text-align: center\"><span style=\"color: #ff0000\">Th\u00e9\u00e2tre de marionnettes<\/span><\/h3>\n<p><span style=\"color: #ff0000\">L\u2019activit\u00e9 th\u00e9\u00e2tre de marionnettes est anim\u00e9e par Mohamed. Il s\u2019agit de l\u2019adaptation d\u2019un conte, <strong><em>Le violon magique<\/em><\/strong>, en un spectacle de marionnettes. <\/span><\/p>\n<p><span style=\"color: #ff0000\">Au cours de ce projet, les \u00e9l\u00e8ves de CE1, CE2 et CM1 d\u00e9couvriront et travailleront le texte, enregistreront la bande-son de l\u2019histoire, r\u00e9aliseront les marionnettes des personnages du conte, peindront les d\u00e9cors et pr\u00e9senteront <em>Le\u00a0Violon magique<\/em>, \u00e0 l&rsquo;occasion de la f\u00eate de la Francophonie.<\/span><span style=\"color: #ff0000\">\u00a0<\/span><\/td>\n<td width=\"307\"><img loading=\"lazy\" decoding=\"async\" class=\"alignnone wp-image-2076 size-full\" src=\"http:\/\/ee.mlfmonde.org\/bata-sogea\/wp-content\/uploads\/sites\/16\/2018\/12\/Marionnettes.jpg\" alt=\"\" width=\"454\" height=\"307\" srcset=\"https:\/\/ee.mlfmonde.org\/bata-sogea\/wp-content\/uploads\/sites\/16\/2018\/12\/Marionnettes.jpg 454w, https:\/\/ee.mlfmonde.org\/bata-sogea\/wp-content\/uploads\/sites\/16\/2018\/12\/Marionnettes-300x203.jpg 300w\" sizes=\"(max-width: 454px) 100vw, 454px\" \/><\/td>\n<\/tr>\n<tr>\n<td style=\"text-align: center\" width=\"307\">\n<h3><img loading=\"lazy\" decoding=\"async\" class=\"wp-image-2060 size-full alignright\" src=\"http:\/\/ee.mlfmonde.org\/bata-sogea\/wp-content\/uploads\/sites\/16\/2018\/11\/Taekwondo.jpg\" alt=\"\" width=\"454\" height=\"330\" srcset=\"https:\/\/ee.mlfmonde.org\/bata-sogea\/wp-content\/uploads\/sites\/16\/2018\/11\/Taekwondo.jpg 454w, https:\/\/ee.mlfmonde.org\/bata-sogea\/wp-content\/uploads\/sites\/16\/2018\/11\/Taekwondo-300x218.jpg 300w\" sizes=\"(max-width: 454px) 100vw, 454px\" \/><\/h3>\n<\/td>\n<td width=\"307\">\n<h3 style=\"text-align: center\"><span style=\"color: #664e4e\">Taekwondo<\/span><\/h3>\n<p><span style=\"color: #664e4e\">L&rsquo;activit\u00e9 est anim\u00e9e par Ignacio, ceinture noire 3\u00e8me dan de taekwondo.\u00a0<\/span><\/p>\n<p><span style=\"color: #664e4e\">L\u2019initiation au taekwondo est une excellente approche de la coordination motrice.\u00a0<\/span><br \/>\n<span style=\"color: #664e4e\">Les diff\u00e9rentes positions (du tigre, du cavalier, etc.) stimulent chez l\u2019\u00e9l\u00e8ve la perception de son centre de gravit\u00e9. Celui-ci prend conscience de sa force de mouvement, il s&rsquo;exerce \u00e0 sauter, chuter, se baisser et lancer un coup avec ma\u00eetrise.<\/span><\/p>\n<p><span style=\"color: #664e4e\">A travers cette activit\u00e9, les \u00e9l\u00e8ves apprennent \u00e0 mod\u00e9rer leur comportement, <\/span><br \/>\n<span style=\"color: #664e4e\">\u00e0 se contr\u00f4ler et se concentrer pour penser \u00e0 leurs gestes. Comme tous les arts martiaux, ce sport d\u00e9veloppe la confiance en soi.<\/span><\/td>\n<\/tr>\n<tr>\n<td width=\"307\">\n<h3 style=\"text-align: center\"><span style=\"color: #ff00ff\">Jeux de soci\u00e9t\u00e9<\/span><\/h3>\n<p><span style=\"color: #ff00ff\">L\u2019activit\u00e9 jeux de soci\u00e9t\u00e9 est anim\u00e9e par Evelina. Durant ce moment de d\u00e9tente, les \u00e9l\u00e8ves apprennent \u00e0 mobiliser de nombreuses comp\u00e9tences\u00a0: concentration, r\u00e9flexion, strat\u00e9gie, coop\u00e9ration, afin de tenter de remporter la partie, tout en ne perdant pas de vue que l\u2019essentiel est de participer, bien s\u00fbr\u00a0!<\/span><\/td>\n<td width=\"307\"><img loading=\"lazy\" decoding=\"async\" class=\"alignnone wp-image-2066 size-full\" src=\"http:\/\/ee.mlfmonde.org\/bata-sogea\/wp-content\/uploads\/sites\/16\/2018\/11\/Jeux-soci\u00e9t\u00e9.jpg\" alt=\"\" width=\"369\" height=\"343\" srcset=\"https:\/\/ee.mlfmonde.org\/bata-sogea\/wp-content\/uploads\/sites\/16\/2018\/11\/Jeux-soci\u00e9t\u00e9.jpg 369w, https:\/\/ee.mlfmonde.org\/bata-sogea\/wp-content\/uploads\/sites\/16\/2018\/11\/Jeux-soci\u00e9t\u00e9-300x279.jpg 300w, https:\/\/ee.mlfmonde.org\/bata-sogea\/wp-content\/uploads\/sites\/16\/2018\/11\/Jeux-soci\u00e9t\u00e9-270x250.jpg 270w\" sizes=\"(max-width: 369px) 100vw, 369px\" \/><\/td>\n<\/tr>\n<tr>\n<td width=\"307\"><img loading=\"lazy\" decoding=\"async\" class=\"wp-image-2067 size-full alignright\" src=\"http:\/\/ee.mlfmonde.org\/bata-sogea\/wp-content\/uploads\/sites\/16\/2018\/11\/Danse.jpg\" alt=\"\" width=\"567\" height=\"329\" srcset=\"https:\/\/ee.mlfmonde.org\/bata-sogea\/wp-content\/uploads\/sites\/16\/2018\/11\/Danse.jpg 567w, https:\/\/ee.mlfmonde.org\/bata-sogea\/wp-content\/uploads\/sites\/16\/2018\/11\/Danse-300x174.jpg 300w\" sizes=\"(max-width: 567px) 100vw, 567px\" \/><\/td>\n<td width=\"307\">\n<h3 style=\"text-align: center\">Danse moderne<\/h3>\n<p>L\u2019activit\u00e9 danse moderne est anim\u00e9e par Vanina. Les \u00e9l\u00e8ves de CM1 \u00e0 4<sup>\u00e8me<\/sup> pr\u00e9parent une chor\u00e9graphie qu&rsquo;ils pr\u00e9senteront aux parents, \u00e0 l&rsquo;occasion de la f\u00eate de la Francophonie.<\/td>\n<\/tr>\n<\/tbody>\n<\/table>\n","protected":false},"excerpt":{"rendered":"<p>Jardinage L\u2019activit\u00e9 jardinage est anim\u00e9e par Anne et Th\u00e9th\u00e9. Les petites mains vertes n\u2019ont pas ch\u00f4m\u00e9 depuis le d\u00e9but de l\u2019activit\u00e9. Que ce soit en int\u00e9rieur, dans des petits pots, ou \u00e0 l\u2019ext\u00e9rieur, dans les grands bacs en bois, les \u00e9l\u00e8ves ont sem\u00e9 une belle collection de plantes\u00a0: persil, citronnelle, ananas, arachides, manioc, papayer, citrouille. [&hellip;]<\/p>\n","protected":false},"author":115,"featured_media":0,"parent":0,"menu_order":0,"comment_status":"closed","ping_status":"closed","template":"","meta":{"_acf_changed":false,"footnotes":""},"class_list":["post-2062","page","type-page","status-publish","czr-hentry"],"acf":[],"_links":{"self":[{"href":"https:\/\/ee.mlfmonde.org\/bata-sogea\/wp-json\/wp\/v2\/pages\/2062","targetHints":{"allow":["GET"]}}],"collection":[{"href":"https:\/\/ee.mlfmonde.org\/bata-sogea\/wp-json\/wp\/v2\/pages"}],"about":[{"href":"https:\/\/ee.mlfmonde.org\/bata-sogea\/wp-json\/wp\/v2\/types\/page"}],"author":[{"embeddable":true,"href":"https:\/\/ee.mlfmonde.org\/bata-sogea\/wp-json\/wp\/v2\/users\/115"}],"replies":[{"embeddable":true,"href":"https:\/\/ee.mlfmonde.org\/bata-sogea\/wp-json\/wp\/v2\/comments?post=2062"}],"version-history":[{"count":22,"href":"https:\/\/ee.mlfmonde.org\/bata-sogea\/wp-json\/wp\/v2\/pages\/2062\/revisions"}],"predecessor-version":[{"id":2064,"href":"https:\/\/ee.mlfmonde.org\/bata-sogea\/wp-json\/wp\/v2\/pages\/2062\/revisions\/2064"}],"wp:attachment":[{"href":"https:\/\/ee.mlfmonde.org\/bata-sogea\/wp-json\/wp\/v2\/media?parent=2062"}],"curies":[{"name":"wp","href":"https:\/\/api.w.org\/{rel}","templated":true}]}}