{"id":1819,"date":"2018-10-19T11:47:22","date_gmt":"2018-10-19T11:47:22","guid":{"rendered":"http:\/\/ee.mlfmonde.org\/bata-sogea\/?page_id=1819"},"modified":"2018-10-27T03:22:08","modified_gmt":"2018-10-27T03:22:08","slug":"rdio-bata-lemission-2018-periode-1","status":"publish","type":"page","link":"https:\/\/ee.mlfmonde.org\/bata-sogea\/rdio-bata-lemission-2018-periode-1\/","title":{"rendered":"R@dio.Bata radio sympa !"},"content":{"rendered":"<!--[if lt IE 9]><script>document.createElement('audio');<\/script><![endif]-->\n<audio class=\"wp-audio-shortcode\" id=\"audio-1819-1\" preload=\"none\" style=\"width: 100%;\" controls=\"controls\"><source type=\"audio\/mpeg\" src=\"http:\/\/ee.mlfmonde.org\/bata-sogea\/wp-content\/uploads\/sites\/16\/2018\/10\/Radio-Bata-18-10-2018.mp3?_=1\" \/><a href=\"http:\/\/ee.mlfmonde.org\/bata-sogea\/wp-content\/uploads\/sites\/16\/2018\/10\/Radio-Bata-18-10-2018.mp3\">http:\/\/ee.mlfmonde.org\/bata-sogea\/wp-content\/uploads\/sites\/16\/2018\/10\/Radio-Bata-18-10-2018.mp3<\/a><\/audio>\n<p>Mr Franck S\u00e9n\u00e9cal et ses \u00e9l\u00e8ves de CE2-CM1-CM2 ont enregistr\u00e9 leur<img fetchpriority=\"high\" decoding=\"async\" class=\"alignright wp-image-1821 size-full\" src=\"http:\/\/ee.mlfmonde.org\/bata-sogea\/wp-content\/uploads\/sites\/16\/2018\/10\/Ph-web.r@dio.jpg\" alt=\"\" width=\"567\" height=\"352\" srcset=\"https:\/\/ee.mlfmonde.org\/bata-sogea\/wp-content\/uploads\/sites\/16\/2018\/10\/Ph-web.r@dio.jpg 567w, https:\/\/ee.mlfmonde.org\/bata-sogea\/wp-content\/uploads\/sites\/16\/2018\/10\/Ph-web.r@dio-300x186.jpg 300w\" sizes=\"(max-width: 567px) 100vw, 567px\" \/>\u00a0premi\u00e8re \u00e9mission webradio de l&rsquo;ann\u00e9e, sur le th\u00e8me de la rentr\u00e9e scolaire&#8230; Bonne \u00e9coute !<\/p>\n","protected":false},"excerpt":{"rendered":"<p>Mr Franck S\u00e9n\u00e9cal et ses \u00e9l\u00e8ves de CE2-CM1-CM2 ont enregistr\u00e9 leur\u00a0premi\u00e8re \u00e9mission webradio de l&rsquo;ann\u00e9e, sur le th\u00e8me de la rentr\u00e9e scolaire&#8230; Bonne \u00e9coute !<\/p>\n","protected":false},"author":115,"featured_media":0,"parent":0,"menu_order":0,"comment_status":"closed","ping_status":"closed","template":"","meta":{"_acf_changed":false,"footnotes":""},"class_list":["post-1819","page","type-page","status-publish","czr-hentry"],"acf":[],"_links":{"self":[{"href":"https:\/\/ee.mlfmonde.org\/bata-sogea\/wp-json\/wp\/v2\/pages\/1819","targetHints":{"allow":["GET"]}}],"collection":[{"href":"https:\/\/ee.mlfmonde.org\/bata-sogea\/wp-json\/wp\/v2\/pages"}],"about":[{"href":"https:\/\/ee.mlfmonde.org\/bata-sogea\/wp-json\/wp\/v2\/types\/page"}],"author":[{"embeddable":true,"href":"https:\/\/ee.mlfmonde.org\/bata-sogea\/wp-json\/wp\/v2\/users\/115"}],"replies":[{"embeddable":true,"href":"https:\/\/ee.mlfmonde.org\/bata-sogea\/wp-json\/wp\/v2\/comments?post=1819"}],"version-history":[{"count":7,"href":"https:\/\/ee.mlfmonde.org\/bata-sogea\/wp-json\/wp\/v2\/pages\/1819\/revisions"}],"predecessor-version":[{"id":1868,"href":"https:\/\/ee.mlfmonde.org\/bata-sogea\/wp-json\/wp\/v2\/pages\/1819\/revisions\/1868"}],"wp:attachment":[{"href":"https:\/\/ee.mlfmonde.org\/bata-sogea\/wp-json\/wp\/v2\/media?parent=1819"}],"curies":[{"name":"wp","href":"https:\/\/api.w.org\/{rel}","templated":true}]}}