{"id":1782,"date":"2018-10-17T19:25:48","date_gmt":"2018-10-17T19:25:48","guid":{"rendered":"http:\/\/ee.mlfmonde.org\/bata-sogea\/?page_id=1782"},"modified":"2018-10-27T05:24:39","modified_gmt":"2018-10-27T05:24:39","slug":"telethon-2018","status":"publish","type":"page","link":"https:\/\/ee.mlfmonde.org\/bata-sogea\/telethon-2018\/","title":{"rendered":"T\u00e9l\u00e9thon 2018"},"content":{"rendered":"<h2 id=\"page-title\" class=\"title\">V COMME VIE, VAINCRE, VICTOIRES<\/h2>\n<p style=\"text-align: right\"><img fetchpriority=\"high\" decoding=\"async\" class=\"wp-image-1784 size-full alignright\" src=\"http:\/\/ee.mlfmonde.org\/bata-sogea\/wp-content\/uploads\/sites\/16\/2018\/10\/T\u00e9l\u00e9thon-2018-1.jpg\" alt=\"\" width=\"756\" height=\"374\" srcset=\"https:\/\/ee.mlfmonde.org\/bata-sogea\/wp-content\/uploads\/sites\/16\/2018\/10\/T\u00e9l\u00e9thon-2018-1.jpg 756w, https:\/\/ee.mlfmonde.org\/bata-sogea\/wp-content\/uploads\/sites\/16\/2018\/10\/T\u00e9l\u00e9thon-2018-1-300x148.jpg 300w\" sizes=\"(max-width: 756px) 100vw, 756px\" \/><\/p>\n<p style=\"text-align: left\">\nL&rsquo;\u00e9cole fran\u00e7aise de Bata se mobilise de nouveau pour collecter des fonds en faveur de l\u2019association AFM-T\u00e9l\u00e9thon, qui soutient la recherche contre les maladies rares.<\/p>\n<p style=\"text-align: left\">A l&rsquo;occasion des photos de rentr\u00e9e 2018, le photographe, Mr Ignacio MATALA EVITA, s&rsquo;est associ\u00e9 \u00e0 la mobilisation de l\u2019\u00e9cole, en faveur de l\u2019AFM-T\u00e9l\u00e9thon, par un don \u00e0 l\u2019association, d\u2019un montant de 70 000 XAF (106,50 euros), ainsi qu&rsquo;une photo des \u00e9l\u00e8ves et de l&rsquo;\u00e9quipe p\u00e9dagogique, arborant le V de la victoire contre la maladie.<\/p>\n<p style=\"text-align: left\">Cette premi\u00e8re action sera suivie d&rsquo;une course du T\u00e9l\u00e9thon, le vendredi 7 d\u00e9cembre 2018, dans la cour de r\u00e9cr\u00e9ation de l\u2019\u00e9cole fran\u00e7aise de Bata.<\/p>\n<p>&nbsp;<\/p>\n","protected":false},"excerpt":{"rendered":"<p>V COMME VIE, VAINCRE, VICTOIRES L&rsquo;\u00e9cole fran\u00e7aise de Bata se mobilise de nouveau pour collecter des fonds en faveur de l\u2019association AFM-T\u00e9l\u00e9thon, qui soutient la recherche contre les maladies rares. A l&rsquo;occasion des photos de rentr\u00e9e 2018, le photographe, Mr Ignacio MATALA EVITA, s&rsquo;est associ\u00e9 \u00e0 la mobilisation de l\u2019\u00e9cole, en faveur de l\u2019AFM-T\u00e9l\u00e9thon, par [&hellip;]<\/p>\n","protected":false},"author":115,"featured_media":0,"parent":0,"menu_order":0,"comment_status":"closed","ping_status":"closed","template":"","meta":{"_acf_changed":false,"footnotes":""},"class_list":["post-1782","page","type-page","status-publish","czr-hentry"],"acf":[],"_links":{"self":[{"href":"https:\/\/ee.mlfmonde.org\/bata-sogea\/wp-json\/wp\/v2\/pages\/1782","targetHints":{"allow":["GET"]}}],"collection":[{"href":"https:\/\/ee.mlfmonde.org\/bata-sogea\/wp-json\/wp\/v2\/pages"}],"about":[{"href":"https:\/\/ee.mlfmonde.org\/bata-sogea\/wp-json\/wp\/v2\/types\/page"}],"author":[{"embeddable":true,"href":"https:\/\/ee.mlfmonde.org\/bata-sogea\/wp-json\/wp\/v2\/users\/115"}],"replies":[{"embeddable":true,"href":"https:\/\/ee.mlfmonde.org\/bata-sogea\/wp-json\/wp\/v2\/comments?post=1782"}],"version-history":[{"count":23,"href":"https:\/\/ee.mlfmonde.org\/bata-sogea\/wp-json\/wp\/v2\/pages\/1782\/revisions"}],"predecessor-version":[{"id":1883,"href":"https:\/\/ee.mlfmonde.org\/bata-sogea\/wp-json\/wp\/v2\/pages\/1782\/revisions\/1883"}],"wp:attachment":[{"href":"https:\/\/ee.mlfmonde.org\/bata-sogea\/wp-json\/wp\/v2\/media?parent=1782"}],"curies":[{"name":"wp","href":"https:\/\/api.w.org\/{rel}","templated":true}]}}