{"id":1529,"date":"2018-08-14T05:52:52","date_gmt":"2018-08-14T05:52:52","guid":{"rendered":"http:\/\/ee.mlfmonde.org\/bata-sogea\/?page_id=1529"},"modified":"2018-08-18T05:43:02","modified_gmt":"2018-08-18T05:43:02","slug":"festimaj-2018","status":"publish","type":"page","link":"https:\/\/ee.mlfmonde.org\/bata-sogea\/festimaj-2018\/","title":{"rendered":"FESTIMAJ 2018"},"content":{"rendered":"<p><img fetchpriority=\"high\" decoding=\"async\" class=\"wp-image-1537 size-full alignright\" src=\"http:\/\/ee.mlfmonde.org\/bata-sogea\/wp-content\/uploads\/sites\/16\/2018\/08\/Poster-Festimaj-2018.jpg\" alt=\"\" width=\"360\" height=\"509\" srcset=\"https:\/\/ee.mlfmonde.org\/bata-sogea\/wp-content\/uploads\/sites\/16\/2018\/08\/Poster-Festimaj-2018.jpg 360w, https:\/\/ee.mlfmonde.org\/bata-sogea\/wp-content\/uploads\/sites\/16\/2018\/08\/Poster-Festimaj-2018-212x300.jpg 212w\" sizes=\"(max-width: 360px) 100vw, 360px\" \/><\/p>\n<p>&nbsp;<\/p>\n<p>L\u2019\u00e9cole fran\u00e7aise de Bata a particip\u00e9 \u00e0 ce festival en tant que <strong>comp\u00e9titeur<\/strong>, en pr\u00e9sentant deux courts-m\u00e9trages, r\u00e9alis\u00e9s dans le cadre des activit\u00e9s p\u00e9riscolaires (<em>L&rsquo;histoire de Kalvin<\/em> et <em>Le poil de la moustache du tigre<\/em>).<\/p>\n<p>L\u2019\u00e9cole a \u00e9galement particip\u00e9 \u00e0 ce festival en tant que <strong>coorganisatrice<\/strong>, en diffusant les films pr\u00e9s\u00e9lectionn\u00e9s en salle informatique et en permettant \u00e0 nos \u00e9l\u00e8ves de maternelle, de l&rsquo;\u00e9l\u00e9mentaire et du secondaire, de voter, dans leur cat\u00e9gorie, pour les meilleures r\u00e9alisations.<\/p>\n<p><strong>Pr\u00e9sentation de ce festival en quelques mots :<\/strong><\/p>\n<ul>\n<li style=\"font-weight: 400\">Festimaj propose depuis 2004 des projections internationales de courts-m\u00e9trages r\u00e9alis\u00e9s par des enfants et des jeunes de 4 \u00e0 30 ans, et permet \u00e0 tous les organismes du monde de diffuser ou d&rsquo;organiser Festimaj chez eux.<\/li>\n<li style=\"font-weight: 400\">Un festival de la diversit\u00e9\u00a0qui propose des diffusions, dans plus de 35 pays, \u00e0 tous les courts-m\u00e9trages s\u00e9l\u00e9ctionn\u00e9s.<\/li>\n<li style=\"font-weight: 400\">Un r\u00e9seau international\u00a0de r\u00e9alisateurs, coorganisateurs et diffuseurs permettant \u00e0 des enfants, des jeunes et des adultes de voir ces films in\u00e9dits.<\/li>\n<li style=\"font-weight: 400\">Une cin\u00e9matographie \u00e9thique\u00a0: des films engag\u00e9s traitant d\u2019enjeux soci\u00e9taux cruciaux : \u00e9ducation, tol\u00e9rance, migrations, \u00e9ducation \u00e0 la paix, droit des enfants, \u00e9cologie\u2026, lutte contre les discriminations, le harc\u00e8lement \u00e0 l\u2019\u00e9cole, la maltraitance, la corruption\u2026 Autant de sujets pour se construire une identit\u00e9 de citoyens, changer son regard et s\u2019ouvrir \u00e0 l\u2019autre.<\/li>\n<li style=\"font-weight: 400\">Un acc\u00e8s \u00e0 la culture\u00a0pour des milliers d\u2019enfants et de jeunes sur un bassin de plus de 500\u00a0000 spectateurs dans plus de 150 lieux de diffusion.<\/li>\n<\/ul>\n<p><strong>Pour en savoir plus :<\/strong> <a href=\"https:\/\/www.festimaj.fr\/\" target=\"_blank\" rel=\"noopener\">lien vers le site FESTIMAJ<\/a><\/p>\n","protected":false},"excerpt":{"rendered":"<p>&nbsp; L\u2019\u00e9cole fran\u00e7aise de Bata a particip\u00e9 \u00e0 ce festival en tant que comp\u00e9titeur, en pr\u00e9sentant deux courts-m\u00e9trages, r\u00e9alis\u00e9s dans le cadre des activit\u00e9s p\u00e9riscolaires (L&rsquo;histoire de Kalvin et Le poil de la moustache du tigre). L\u2019\u00e9cole a \u00e9galement particip\u00e9 \u00e0 ce festival en tant que coorganisatrice, en diffusant les films pr\u00e9s\u00e9lectionn\u00e9s en salle informatique [&hellip;]<\/p>\n","protected":false},"author":115,"featured_media":0,"parent":0,"menu_order":0,"comment_status":"closed","ping_status":"closed","template":"","meta":{"_acf_changed":false,"footnotes":""},"class_list":["post-1529","page","type-page","status-publish","czr-hentry"],"acf":[],"_links":{"self":[{"href":"https:\/\/ee.mlfmonde.org\/bata-sogea\/wp-json\/wp\/v2\/pages\/1529","targetHints":{"allow":["GET"]}}],"collection":[{"href":"https:\/\/ee.mlfmonde.org\/bata-sogea\/wp-json\/wp\/v2\/pages"}],"about":[{"href":"https:\/\/ee.mlfmonde.org\/bata-sogea\/wp-json\/wp\/v2\/types\/page"}],"author":[{"embeddable":true,"href":"https:\/\/ee.mlfmonde.org\/bata-sogea\/wp-json\/wp\/v2\/users\/115"}],"replies":[{"embeddable":true,"href":"https:\/\/ee.mlfmonde.org\/bata-sogea\/wp-json\/wp\/v2\/comments?post=1529"}],"version-history":[{"count":9,"href":"https:\/\/ee.mlfmonde.org\/bata-sogea\/wp-json\/wp\/v2\/pages\/1529\/revisions"}],"predecessor-version":[{"id":1601,"href":"https:\/\/ee.mlfmonde.org\/bata-sogea\/wp-json\/wp\/v2\/pages\/1529\/revisions\/1601"}],"wp:attachment":[{"href":"https:\/\/ee.mlfmonde.org\/bata-sogea\/wp-json\/wp\/v2\/media?parent=1529"}],"curies":[{"name":"wp","href":"https:\/\/api.w.org\/{rel}","templated":true}]}}