{"id":1426,"date":"2018-08-12T06:25:15","date_gmt":"2018-08-12T06:25:15","guid":{"rendered":"http:\/\/ee.mlfmonde.org\/bata-sogea\/?page_id=1426"},"modified":"2018-08-12T07:13:04","modified_gmt":"2018-08-12T07:13:04","slug":"fete-de-la-francophonie-2017","status":"publish","type":"page","link":"https:\/\/ee.mlfmonde.org\/bata-sogea\/fete-de-la-francophonie-2017\/","title":{"rendered":"F\u00eate de la Francophonie 2017"},"content":{"rendered":"<p><img fetchpriority=\"high\" decoding=\"async\" class=\"alignright wp-image-1427 size-full\" src=\"http:\/\/ee.mlfmonde.org\/bata-sogea\/wp-content\/uploads\/sites\/16\/2018\/08\/Sc\u00e8ne-francophonie-2017.jpg\" alt=\"\" width=\"624\" height=\"368\" srcset=\"https:\/\/ee.mlfmonde.org\/bata-sogea\/wp-content\/uploads\/sites\/16\/2018\/08\/Sc\u00e8ne-francophonie-2017.jpg 624w, https:\/\/ee.mlfmonde.org\/bata-sogea\/wp-content\/uploads\/sites\/16\/2018\/08\/Sc\u00e8ne-francophonie-2017-300x177.jpg 300w\" sizes=\"(max-width: 624px) 100vw, 624px\" \/><\/p>\n<p style=\"font-weight: 400\">L\u2019\u00e9cole fran\u00e7aise de Bata a f\u00eat\u00e9 la Francophonie, le samedi 24 mars apr\u00e8s-midi, en pr\u00e9sentant divers projets de classe, \u00e0 partir de 15h30.<\/p>\n<p style=\"font-weight: 400\">Au programme\u00a0:<\/p>\n<ul>\n<li style=\"font-weight: 400\"><strong>Th\u00e9\u00e2tre<\/strong>\u00a0:\u00a0<em>La farce de ma\u00eetre Pathelin <\/em>(coll\u00e8ge).<\/li>\n<li style=\"font-weight: 400\"><strong>Chorale<\/strong> <strong>de la\u00a0francophonie<\/strong>\u00a0:\u00a0<em>San Fransisco,\u00a0<\/em><em>J\u2019ai demand\u00e9 \u00e0 la lune, T<\/em><em>out le bonheur du monde,\u00a0<\/em><em>Dommage <\/em>(CE2-CM1-CM2).<\/li>\n<li style=\"font-weight: 400\"><strong>Danses traditionnelles\u00a0des r\u00e9gions de France<\/strong> :\u00a0<em>Les moulins,\u00a0<\/em><em>La baleine,\u00a0<\/em><em>Le galon nantais<\/em>,\u00a0<em>Raspa <\/em>(TPS \u00e0 CE1).<\/li>\n<\/ul>\n<p style=\"font-weight: 400\">La f\u00eate s&rsquo;est achev\u00e9e autour d&rsquo;un grand et savoureux buffet, confectionn\u00e9 par les parents d&rsquo;\u00e9l\u00e8ves.<\/p>\n<p style=\"font-weight: 400\">L\u2019\u00e9cole remercie chaleureusement\u00a0SOGEA SATOM, les magasins Martinez, le restaurant Tam Tam Bay et les parents d&rsquo;\u00e9l\u00e8ves pour leur large contribution au succ\u00e8s de cet \u00e9v\u00e9nement !<\/p>\n","protected":false},"excerpt":{"rendered":"<p>L\u2019\u00e9cole fran\u00e7aise de Bata a f\u00eat\u00e9 la Francophonie, le samedi 24 mars apr\u00e8s-midi, en pr\u00e9sentant divers projets de classe, \u00e0 partir de 15h30. Au programme\u00a0: Th\u00e9\u00e2tre\u00a0:\u00a0La farce de ma\u00eetre Pathelin (coll\u00e8ge). Chorale de la\u00a0francophonie\u00a0:\u00a0San Fransisco,\u00a0J\u2019ai demand\u00e9 \u00e0 la lune, Tout le bonheur du monde,\u00a0Dommage (CE2-CM1-CM2). Danses traditionnelles\u00a0des r\u00e9gions de France :\u00a0Les moulins,\u00a0La baleine,\u00a0Le galon nantais,\u00a0Raspa [&hellip;]<\/p>\n","protected":false},"author":115,"featured_media":0,"parent":0,"menu_order":0,"comment_status":"closed","ping_status":"closed","template":"","meta":{"_acf_changed":false,"footnotes":""},"class_list":["post-1426","page","type-page","status-publish","czr-hentry"],"acf":[],"_links":{"self":[{"href":"https:\/\/ee.mlfmonde.org\/bata-sogea\/wp-json\/wp\/v2\/pages\/1426","targetHints":{"allow":["GET"]}}],"collection":[{"href":"https:\/\/ee.mlfmonde.org\/bata-sogea\/wp-json\/wp\/v2\/pages"}],"about":[{"href":"https:\/\/ee.mlfmonde.org\/bata-sogea\/wp-json\/wp\/v2\/types\/page"}],"author":[{"embeddable":true,"href":"https:\/\/ee.mlfmonde.org\/bata-sogea\/wp-json\/wp\/v2\/users\/115"}],"replies":[{"embeddable":true,"href":"https:\/\/ee.mlfmonde.org\/bata-sogea\/wp-json\/wp\/v2\/comments?post=1426"}],"version-history":[{"count":9,"href":"https:\/\/ee.mlfmonde.org\/bata-sogea\/wp-json\/wp\/v2\/pages\/1426\/revisions"}],"predecessor-version":[{"id":1441,"href":"https:\/\/ee.mlfmonde.org\/bata-sogea\/wp-json\/wp\/v2\/pages\/1426\/revisions\/1441"}],"wp:attachment":[{"href":"https:\/\/ee.mlfmonde.org\/bata-sogea\/wp-json\/wp\/v2\/media?parent=1426"}],"curies":[{"name":"wp","href":"https:\/\/api.w.org\/{rel}","templated":true}]}}