{"id":1201,"date":"2018-08-09T19:57:04","date_gmt":"2018-08-09T19:57:04","guid":{"rendered":"http:\/\/ee.mlfmonde.org\/bata-sogea\/?page_id=1201"},"modified":"2018-08-18T04:39:52","modified_gmt":"2018-08-18T04:39:52","slug":"telethon-2017","status":"publish","type":"page","link":"https:\/\/ee.mlfmonde.org\/bata-sogea\/telethon-2017\/","title":{"rendered":"T\u00e9l\u00e9thon 2017"},"content":{"rendered":"<p><img fetchpriority=\"high\" decoding=\"async\" class=\"wp-image-1211 size-full alignright\" src=\"http:\/\/ee.mlfmonde.org\/bata-sogea\/wp-content\/uploads\/sites\/16\/2018\/08\/T\u00e9l\u00e9thon.jpg\" alt=\"\" width=\"553\" height=\"349\" srcset=\"https:\/\/ee.mlfmonde.org\/bata-sogea\/wp-content\/uploads\/sites\/16\/2018\/08\/T\u00e9l\u00e9thon.jpg 553w, https:\/\/ee.mlfmonde.org\/bata-sogea\/wp-content\/uploads\/sites\/16\/2018\/08\/T\u00e9l\u00e9thon-300x189.jpg 300w\" sizes=\"(max-width: 553px) 100vw, 553px\" \/><\/p>\n<p>Dans le cadre de notre projet d\u2019\u00e9cole, l\u2019\u00e9tablissement a organis\u00e9 une action destin\u00e9e \u00e0 collecter des fonds en faveur de l\u2019association AFM-T\u00e9l\u00e9thon, qui soutient la recherche contre les maladies rares.<\/p>\n<p>De nombreuses \u00e9coles \u00e0 travers le monde participent, tous les ans, \u00e0 cette op\u00e9ration porteuse de valeurs essentielles \u00e0 transmettre aux enfants.<\/p>\n<p>A travers cette action, sont inculqu\u00e9es des valeurs de citoyennet\u00e9,\u00a0 de solidarit\u00e9, et le go\u00fbt d\u2019entreprendre collectivement pour servir une cause d\u2019int\u00e9r\u00eat g\u00e9n\u00e9ral.<\/p>\n<p>Pour toutes ces raisons, l\u2019\u00e9quipe p\u00e9dagogique a organis\u00e9 une course du T\u00e9l\u00e9thon, le jeudi 7 d\u00e9cembre 2017, dans la cour de r\u00e9cr\u00e9ation de l\u2019\u00e9cole fran\u00e7aise de Bata.<\/p>\n<p>De nombreux parents sont venus encourager leurs enfants. L&rsquo;op\u00e9ration a \u00e9t\u00e9 tr\u00e8s appr\u00e9ci\u00e9e par notre communaut\u00e9 scolaire.<\/p>\n<p>87 \u00e9l\u00e8ves, de la toute petite section de maternelle \u00e0 la classe de 3\u00b0, ont particip\u00e9 \u00e0 cette course.<\/p>\n<p>L&rsquo;enthousiasme suscit\u00e9 par cette premi\u00e8re participation aux c\u00f4t\u00e9s de l&rsquo;AFM-T\u00e9l\u00e9thon nous encourage \u00e0 r\u00e9\u00e9diter l&rsquo;op\u00e9ration l&rsquo;an prochain\u00a0!<\/p>\n<p><strong>Galerie\u00a0photo<\/strong> : cliquer sur l\u2019une des miniatures, ci-dessous, puis faire d\u00e9filer les photos en taille r\u00e9elle.<\/p>\n\n\t\t<style type=\"text\/css\">\n\t\t\t#gallery-1 {\n\t\t\t\tmargin: auto;\n\t\t\t}\n\t\t\t#gallery-1 .gallery-item {\n\t\t\t\tfloat: left;\n\t\t\t\tmargin-top: 10px;\n\t\t\t\ttext-align: center;\n\t\t\t\twidth: 33%;\n\t\t\t}\n\t\t\t#gallery-1 img {\n\t\t\t\tborder: 2px solid #cfcfcf;\n\t\t\t}\n\t\t\t#gallery-1 .gallery-caption {\n\t\t\t\tmargin-left: 0;\n\t\t\t}\n\t\t\t\/* see gallery_shortcode() in wp-includes\/media.php *\/\n\t\t<\/style>\n\t\t<div id='gallery-1' class='gallery galleryid-1201 gallery-columns-3 gallery-size-thumbnail'><dl class='gallery-item'>\n\t\t\t<dt class='gallery-icon landscape'>\n\t\t\t\t<a class=\"grouped_elements\" rel=\"tc-fancybox-group\" href=\"https:\/\/ee.mlfmonde.org\/bata-sogea\/wp-content\/uploads\/sites\/16\/2018\/08\/TPS.jpg\" title=\"TPS\"><img decoding=\"async\" width=\"150\" height=\"150\" src=\"https:\/\/ee.mlfmonde.org\/bata-sogea\/wp-content\/uploads\/sites\/16\/2018\/08\/TPS-150x150.jpg\" class=\"attachment-thumbnail size-thumbnail\" alt=\"\" \/><\/a>\n\t\t\t<\/dt>\n\t\t\t\t<dd class='wp-caption-text gallery-caption' id='gallery-1-1373'>\n\t\t\t\t               TPS\n\t\t\t\t<\/dd><\/dl><dl class='gallery-item'>\n\t\t\t<dt class='gallery-icon landscape'>\n\t\t\t\t<a class=\"grouped_elements\" rel=\"tc-fancybox-group\" href=\"https:\/\/ee.mlfmonde.org\/bata-sogea\/wp-content\/uploads\/sites\/16\/2018\/08\/PS-MS.jpg\" title=\"PS-MS\"><img decoding=\"async\" width=\"150\" height=\"150\" src=\"https:\/\/ee.mlfmonde.org\/bata-sogea\/wp-content\/uploads\/sites\/16\/2018\/08\/PS-MS-150x150.jpg\" class=\"attachment-thumbnail size-thumbnail\" alt=\"\" \/><\/a>\n\t\t\t<\/dt>\n\t\t\t\t<dd class='wp-caption-text gallery-caption' id='gallery-1-1371'>\n\t\t\t\t              PS-MS\n\t\t\t\t<\/dd><\/dl><dl class='gallery-item'>\n\t\t\t<dt class='gallery-icon landscape'>\n\t\t\t\t<a class=\"grouped_elements\" rel=\"tc-fancybox-group\" href=\"https:\/\/ee.mlfmonde.org\/bata-sogea\/wp-content\/uploads\/sites\/16\/2018\/08\/MS-GS.jpg\" title=\"MS-GS\"><img loading=\"lazy\" decoding=\"async\" width=\"150\" height=\"150\" src=\"https:\/\/ee.mlfmonde.org\/bata-sogea\/wp-content\/uploads\/sites\/16\/2018\/08\/MS-GS-150x150.jpg\" class=\"attachment-thumbnail size-thumbnail\" alt=\"\" \/><\/a>\n\t\t\t<\/dt>\n\t\t\t\t<dd class='wp-caption-text gallery-caption' id='gallery-1-1370'>\n\t\t\t\t             MS-GS\n\t\t\t\t<\/dd><\/dl><br style=\"clear: both\" \/><dl class='gallery-item'>\n\t\t\t<dt class='gallery-icon landscape'>\n\t\t\t\t<a class=\"grouped_elements\" rel=\"tc-fancybox-group\" href=\"https:\/\/ee.mlfmonde.org\/bata-sogea\/wp-content\/uploads\/sites\/16\/2018\/08\/CP-CE1.jpg\" title=\"CP-CE1\"><img loading=\"lazy\" decoding=\"async\" width=\"150\" height=\"150\" src=\"https:\/\/ee.mlfmonde.org\/bata-sogea\/wp-content\/uploads\/sites\/16\/2018\/08\/CP-CE1-150x150.jpg\" class=\"attachment-thumbnail size-thumbnail\" alt=\"\" \/><\/a>\n\t\t\t<\/dt>\n\t\t\t\t<dd class='wp-caption-text gallery-caption' id='gallery-1-1369'>\n\t\t\t\t             CP-CE1\n\t\t\t\t<\/dd><\/dl><dl class='gallery-item'>\n\t\t\t<dt class='gallery-icon landscape'>\n\t\t\t\t<a class=\"grouped_elements\" rel=\"tc-fancybox-group\" href=\"https:\/\/ee.mlfmonde.org\/bata-sogea\/wp-content\/uploads\/sites\/16\/2018\/08\/CE2-CM1-CM2.jpg\" title=\"CE2-CM1-CM2\"><img loading=\"lazy\" decoding=\"async\" width=\"150\" height=\"150\" src=\"https:\/\/ee.mlfmonde.org\/bata-sogea\/wp-content\/uploads\/sites\/16\/2018\/08\/CE2-CM1-CM2-150x150.jpg\" class=\"attachment-thumbnail size-thumbnail\" alt=\"\" \/><\/a>\n\t\t\t<\/dt>\n\t\t\t\t<dd class='wp-caption-text gallery-caption' id='gallery-1-1368'>\n\t\t\t\t       CE2-CM1-CM2\n\t\t\t\t<\/dd><\/dl><dl class='gallery-item'>\n\t\t\t<dt class='gallery-icon landscape'>\n\t\t\t\t<a class=\"grouped_elements\" rel=\"tc-fancybox-group\" href=\"https:\/\/ee.mlfmonde.org\/bata-sogea\/wp-content\/uploads\/sites\/16\/2018\/08\/6\u00b0-5\u00b0-3\u00b0.jpg\" title=\"6\u00b0-5\u00b0-3\u00b0\"><img loading=\"lazy\" decoding=\"async\" width=\"150\" height=\"150\" src=\"https:\/\/ee.mlfmonde.org\/bata-sogea\/wp-content\/uploads\/sites\/16\/2018\/08\/6\u00b0-5\u00b0-3\u00b0-150x150.jpg\" class=\"attachment-thumbnail size-thumbnail\" alt=\"\" \/><\/a>\n\t\t\t<\/dt>\n\t\t\t\t<dd class='wp-caption-text gallery-caption' id='gallery-1-1367'>\n\t\t\t\t            6\u00b0-5\u00b0-3\u00b0\n\t\t\t\t<\/dd><\/dl><br style=\"clear: both\" \/>\n\t\t<\/div>\n\n","protected":false},"excerpt":{"rendered":"<p>Dans le cadre de notre projet d\u2019\u00e9cole, l\u2019\u00e9tablissement a organis\u00e9 une action destin\u00e9e \u00e0 collecter des fonds en faveur de l\u2019association AFM-T\u00e9l\u00e9thon, qui soutient la recherche contre les maladies rares. De nombreuses \u00e9coles \u00e0 travers le monde participent, tous les ans, \u00e0 cette op\u00e9ration porteuse de valeurs essentielles \u00e0 transmettre aux enfants. A travers cette [&hellip;]<\/p>\n","protected":false},"author":115,"featured_media":0,"parent":0,"menu_order":0,"comment_status":"closed","ping_status":"closed","template":"","meta":{"_acf_changed":false,"footnotes":""},"class_list":["post-1201","page","type-page","status-publish","czr-hentry"],"acf":[],"_links":{"self":[{"href":"https:\/\/ee.mlfmonde.org\/bata-sogea\/wp-json\/wp\/v2\/pages\/1201","targetHints":{"allow":["GET"]}}],"collection":[{"href":"https:\/\/ee.mlfmonde.org\/bata-sogea\/wp-json\/wp\/v2\/pages"}],"about":[{"href":"https:\/\/ee.mlfmonde.org\/bata-sogea\/wp-json\/wp\/v2\/types\/page"}],"author":[{"embeddable":true,"href":"https:\/\/ee.mlfmonde.org\/bata-sogea\/wp-json\/wp\/v2\/users\/115"}],"replies":[{"embeddable":true,"href":"https:\/\/ee.mlfmonde.org\/bata-sogea\/wp-json\/wp\/v2\/comments?post=1201"}],"version-history":[{"count":26,"href":"https:\/\/ee.mlfmonde.org\/bata-sogea\/wp-json\/wp\/v2\/pages\/1201\/revisions"}],"predecessor-version":[{"id":1589,"href":"https:\/\/ee.mlfmonde.org\/bata-sogea\/wp-json\/wp\/v2\/pages\/1201\/revisions\/1589"}],"wp:attachment":[{"href":"https:\/\/ee.mlfmonde.org\/bata-sogea\/wp-json\/wp\/v2\/media?parent=1201"}],"curies":[{"name":"wp","href":"https:\/\/api.w.org\/{rel}","templated":true}]}}