{"id":1183,"date":"2018-08-09T13:09:48","date_gmt":"2018-08-09T13:09:48","guid":{"rendered":"http:\/\/ee.mlfmonde.org\/bata-sogea\/?page_id=1183"},"modified":"2018-08-18T05:19:43","modified_gmt":"2018-08-18T05:19:43","slug":"le-poil-de-la-moustache-du-tigre","status":"publish","type":"page","link":"https:\/\/ee.mlfmonde.org\/bata-sogea\/le-poil-de-la-moustache-du-tigre\/","title":{"rendered":"Le poil de la moustache du tigre"},"content":{"rendered":"<p><img fetchpriority=\"high\" decoding=\"async\" class=\"wp-image-1382 size-full alignright\" src=\"http:\/\/ee.mlfmonde.org\/bata-sogea\/wp-content\/uploads\/sites\/16\/2018\/08\/Groupe-marionnettes.jpg\" alt=\"\" width=\"709\" height=\"318\" srcset=\"https:\/\/ee.mlfmonde.org\/bata-sogea\/wp-content\/uploads\/sites\/16\/2018\/08\/Groupe-marionnettes.jpg 709w, https:\/\/ee.mlfmonde.org\/bata-sogea\/wp-content\/uploads\/sites\/16\/2018\/08\/Groupe-marionnettes-300x135.jpg 300w\" sizes=\"(max-width: 709px) 100vw, 709px\" \/><\/p>\n<p>Ce film, r\u00e9alis\u00e9 dans le cadre des activit\u00e9s p\u00e9riscolaires <em>Marionnettes<\/em>, est une adaptation d&rsquo;un conte traditionnel cor\u00e9en.<\/p>\n<p>Ce court-m\u00e9trage a \u00e9t\u00e9 s\u00e9lectionn\u00e9 pour participer au festival international du film d&rsquo;\u00e9cole FESTIMAJ 2018<br \/>\net a remport\u00e9 la nomination du public. Voil\u00e0 une belle reconnaissance pour les \u00e9l\u00e8ves de l&rsquo;\u00e9cole fran\u00e7aise de Bata qui ont particip\u00e9 \u00e0 ce projet !<\/p>\n<p><em>Qui peut le plus peut le moins ! C&rsquo;est ce vieux pr\u00e9cepte, universellement connu, qu&rsquo;enseignera un sage herboriste \u00e0 la brave Yunok, afin de l&rsquo;aider \u00e0 regagner l&rsquo;amour et l&rsquo;attachement de son mari, revenu de la guerre apr\u00e8s trois longues ann\u00e9es d&rsquo;absence&#8230;<\/em><a href=\"https:\/\/youtu.be\/0F-OUkXzzuo\"><strong>Voir<\/strong> le film<\/a><strong>\u00a0 \u00a0 \u00a0\u00a0<\/strong><\/p>\n<p><a href=\"http:\/\/ee.mlfmonde.org\/bata-sogea\/wp-content\/uploads\/sites\/16\/2018\/08\/Laur\u00e9ats-Festimaj-2018.pdf\">T\u00e9l\u00e9charger la liste des films laur\u00e9ats et nomin\u00e9s \u00e0 Festimaj 2018<\/a><\/p>\n<p><strong>\u00c9couter<\/strong> le conte en MP3 : partie 1<\/p>\n<!--[if lt IE 9]><script>document.createElement('audio');<\/script><![endif]-->\n<audio class=\"wp-audio-shortcode\" id=\"audio-1183-1\" preload=\"none\" style=\"width: 100%;\" controls=\"controls\"><source type=\"audio\/mpeg\" src=\"http:\/\/ee.mlfmonde.org\/bata-sogea\/wp-content\/uploads\/sites\/16\/2018\/03\/Un-conte-\u00e0-\u00e9couter-partie-1-Le-poil-de-la-moustache-du-tigre.mp3?_=1\" \/><a href=\"http:\/\/ee.mlfmonde.org\/bata-sogea\/wp-content\/uploads\/sites\/16\/2018\/03\/Un-conte-\u00e0-\u00e9couter-partie-1-Le-poil-de-la-moustache-du-tigre.mp3\">http:\/\/ee.mlfmonde.org\/bata-sogea\/wp-content\/uploads\/sites\/16\/2018\/03\/Un-conte-\u00e0-\u00e9couter-partie-1-Le-poil-de-la-moustache-du-tigre.mp3<\/a><\/audio>\n<p><strong><br \/>\n\u00c9couter<\/strong> le conte en MP3 : partie 2<\/p>\n<audio class=\"wp-audio-shortcode\" id=\"audio-1183-2\" preload=\"none\" style=\"width: 100%;\" controls=\"controls\"><source type=\"audio\/mpeg\" src=\"http:\/\/ee.mlfmonde.org\/bata-sogea\/wp-content\/uploads\/sites\/16\/2018\/03\/Un-conte-\u00e0-\u00e9couter-partie-2-Le-poil-de-la-moustache-du-tigre.mp3?_=2\" \/><a href=\"http:\/\/ee.mlfmonde.org\/bata-sogea\/wp-content\/uploads\/sites\/16\/2018\/03\/Un-conte-\u00e0-\u00e9couter-partie-2-Le-poil-de-la-moustache-du-tigre.mp3\">http:\/\/ee.mlfmonde.org\/bata-sogea\/wp-content\/uploads\/sites\/16\/2018\/03\/Un-conte-\u00e0-\u00e9couter-partie-2-Le-poil-de-la-moustache-du-tigre.mp3<\/a><\/audio>\n","protected":false},"excerpt":{"rendered":"<p>Ce film, r\u00e9alis\u00e9 dans le cadre des activit\u00e9s p\u00e9riscolaires Marionnettes, est une adaptation d&rsquo;un conte traditionnel cor\u00e9en. Ce court-m\u00e9trage a \u00e9t\u00e9 s\u00e9lectionn\u00e9 pour participer au festival international du film d&rsquo;\u00e9cole FESTIMAJ 2018 et a remport\u00e9 la nomination du public. Voil\u00e0 une belle reconnaissance pour les \u00e9l\u00e8ves de l&rsquo;\u00e9cole fran\u00e7aise de Bata qui ont particip\u00e9 \u00e0 [&hellip;]<\/p>\n","protected":false},"author":115,"featured_media":0,"parent":0,"menu_order":0,"comment_status":"closed","ping_status":"closed","template":"","meta":{"_acf_changed":false,"footnotes":""},"class_list":["post-1183","page","type-page","status-publish","czr-hentry"],"acf":[],"_links":{"self":[{"href":"https:\/\/ee.mlfmonde.org\/bata-sogea\/wp-json\/wp\/v2\/pages\/1183","targetHints":{"allow":["GET"]}}],"collection":[{"href":"https:\/\/ee.mlfmonde.org\/bata-sogea\/wp-json\/wp\/v2\/pages"}],"about":[{"href":"https:\/\/ee.mlfmonde.org\/bata-sogea\/wp-json\/wp\/v2\/types\/page"}],"author":[{"embeddable":true,"href":"https:\/\/ee.mlfmonde.org\/bata-sogea\/wp-json\/wp\/v2\/users\/115"}],"replies":[{"embeddable":true,"href":"https:\/\/ee.mlfmonde.org\/bata-sogea\/wp-json\/wp\/v2\/comments?post=1183"}],"version-history":[{"count":29,"href":"https:\/\/ee.mlfmonde.org\/bata-sogea\/wp-json\/wp\/v2\/pages\/1183\/revisions"}],"predecessor-version":[{"id":1597,"href":"https:\/\/ee.mlfmonde.org\/bata-sogea\/wp-json\/wp\/v2\/pages\/1183\/revisions\/1597"}],"wp:attachment":[{"href":"https:\/\/ee.mlfmonde.org\/bata-sogea\/wp-json\/wp\/v2\/media?parent=1183"}],"curies":[{"name":"wp","href":"https:\/\/api.w.org\/{rel}","templated":true}]}}