{"id":1006,"date":"2017-10-07T17:10:23","date_gmt":"2017-10-07T17:10:23","guid":{"rendered":"http:\/\/ee.mlfmonde.org\/bata-sogea\/?page_id=1006"},"modified":"2018-10-16T09:48:41","modified_gmt":"2018-10-16T09:48:41","slug":"photos-de-rentree-2","status":"publish","type":"page","link":"https:\/\/ee.mlfmonde.org\/bata-sogea\/photos-de-rentree-2\/","title":{"rendered":"Rentr\u00e9e 2018"},"content":{"rendered":"<p style=\"text-align: center\"><img fetchpriority=\"high\" decoding=\"async\" class=\"alignnone wp-image-1654 size-full\" src=\"http:\/\/ee.mlfmonde.org\/bata-sogea\/wp-content\/uploads\/sites\/16\/2018\/09\/Photo-de-groupe-rentr\u00e9e-2018.jpg\" alt=\"\" width=\"792\" height=\"476\" srcset=\"https:\/\/ee.mlfmonde.org\/bata-sogea\/wp-content\/uploads\/sites\/16\/2018\/09\/Photo-de-groupe-rentr\u00e9e-2018.jpg 792w, https:\/\/ee.mlfmonde.org\/bata-sogea\/wp-content\/uploads\/sites\/16\/2018\/09\/Photo-de-groupe-rentr\u00e9e-2018-300x180.jpg 300w, https:\/\/ee.mlfmonde.org\/bata-sogea\/wp-content\/uploads\/sites\/16\/2018\/09\/Photo-de-groupe-rentr\u00e9e-2018-768x462.jpg 768w\" sizes=\"(max-width: 792px) 100vw, 792px\" \/><img decoding=\"async\" class=\"alignnone wp-image-995 size-full\" src=\"http:\/\/ee.mlfmonde.org\/bata-sogea\/wp-content\/uploads\/sites\/16\/2017\/06\/Ecole-fran\u00e7aise-de-Bata.jpg\" alt=\"\" width=\"607\" height=\"326\" \/><\/p>\n<p>Une interview consacr\u00e9e \u00e0 la rentr\u00e9e scolaire de l&rsquo;\u00e9cole fran\u00e7aise de Bata a \u00e9t\u00e9 publi\u00e9e sur le site de l&rsquo;ambassade de France \u00e0 Malabo : <a href=\"https:\/\/gq.ambafrance.org\/Rentree-scolaire-a-Bata\" target=\"_blank\" rel=\"noopener\">lire l&rsquo;article<\/a>.<\/p>\n","protected":false},"excerpt":{"rendered":"<p>Une interview consacr\u00e9e \u00e0 la rentr\u00e9e scolaire de l&rsquo;\u00e9cole fran\u00e7aise de Bata a \u00e9t\u00e9 publi\u00e9e sur le site de l&rsquo;ambassade de France \u00e0 Malabo : lire l&rsquo;article.<\/p>\n","protected":false},"author":115,"featured_media":0,"parent":0,"menu_order":0,"comment_status":"closed","ping_status":"closed","template":"","meta":{"_acf_changed":false,"footnotes":""},"class_list":["post-1006","page","type-page","status-publish","czr-hentry"],"acf":[],"_links":{"self":[{"href":"https:\/\/ee.mlfmonde.org\/bata-sogea\/wp-json\/wp\/v2\/pages\/1006","targetHints":{"allow":["GET"]}}],"collection":[{"href":"https:\/\/ee.mlfmonde.org\/bata-sogea\/wp-json\/wp\/v2\/pages"}],"about":[{"href":"https:\/\/ee.mlfmonde.org\/bata-sogea\/wp-json\/wp\/v2\/types\/page"}],"author":[{"embeddable":true,"href":"https:\/\/ee.mlfmonde.org\/bata-sogea\/wp-json\/wp\/v2\/users\/115"}],"replies":[{"embeddable":true,"href":"https:\/\/ee.mlfmonde.org\/bata-sogea\/wp-json\/wp\/v2\/comments?post=1006"}],"version-history":[{"count":17,"href":"https:\/\/ee.mlfmonde.org\/bata-sogea\/wp-json\/wp\/v2\/pages\/1006\/revisions"}],"predecessor-version":[{"id":1781,"href":"https:\/\/ee.mlfmonde.org\/bata-sogea\/wp-json\/wp\/v2\/pages\/1006\/revisions\/1781"}],"wp:attachment":[{"href":"https:\/\/ee.mlfmonde.org\/bata-sogea\/wp-json\/wp\/v2\/media?parent=1006"}],"curies":[{"name":"wp","href":"https:\/\/api.w.org\/{rel}","templated":true}]}}