{"id":945,"date":"2020-01-17T18:46:07","date_gmt":"2020-01-17T13:46:07","guid":{"rendered":"http:\/\/ee.mlfmonde.org\/ashgabat-bouygues\/?page_id=945"},"modified":"2025-07-13T13:33:37","modified_gmt":"2025-07-13T08:33:37","slug":"histoire-et-localisation","status":"publish","type":"page","link":"https:\/\/ee.mlfmonde.org\/ashgabat-bouygues\/histoire-et-localisation\/","title":{"rendered":"Histoire et localisation"},"content":{"rendered":"<p><img fetchpriority=\"high\" decoding=\"async\" class=\"size-full wp-image-2712 aligncenter\" src=\"http:\/\/ee.mlfmonde.org\/ashgabat-bouygues\/wp-content\/uploads\/sites\/15\/2023\/01\/Photo_ecole.jpg\" alt=\"\" width=\"1255\" height=\"439\" srcset=\"https:\/\/ee.mlfmonde.org\/ashgabat-bouygues\/wp-content\/uploads\/sites\/15\/2023\/01\/Photo_ecole.jpg 1255w, https:\/\/ee.mlfmonde.org\/ashgabat-bouygues\/wp-content\/uploads\/sites\/15\/2023\/01\/Photo_ecole-300x105.jpg 300w, https:\/\/ee.mlfmonde.org\/ashgabat-bouygues\/wp-content\/uploads\/sites\/15\/2023\/01\/Photo_ecole-768x269.jpg 768w, https:\/\/ee.mlfmonde.org\/ashgabat-bouygues\/wp-content\/uploads\/sites\/15\/2023\/01\/Photo_ecole-1024x358.jpg 1024w\" sizes=\"(max-width: 1255px) 100vw, 1255px\" \/><\/p>\n<h4>L\u2019 \u00e9cole fran\u00e7aise d\u2019Ashgabat, g\u00e9r\u00e9e p\u00e9dagogiquement par la Mission la\u00efque fran\u00e7aise, a \u00e9t\u00e9 cr\u00e9\u00e9e en 1995 pour scolariser les enfants des familles expatri\u00e9es de la soci\u00e9t\u00e9 Bouygues Turkmen, dans le cadre du syst\u00e8me \u00e9ducatif fran\u00e7ais.<\/h4>\n<h4>L\u2019\u00e9tablissement accueille \u00e9galement, dans la limite des places disponibles, tous les \u00e9l\u00e8ves fran\u00e7ais ou d\u2019autres nationalit\u00e9s qui souhaitent \u00e9tudier dans une \u00e9cole fran\u00e7aise : enfants d\u2019expatri\u00e9s d\u2019entreprises et d\u2019organismes internationaux ou priv\u00e9s.<\/h4>\n<h4>L\u2019\u00c9cole fran\u00e7aise d\u2019Ashgabat est homologu\u00e9e, en primaire, par le Minist\u00e8re de l\u2019\u00c9ducation Nationale et de la Jeunesse : les d\u00e9cisions d\u2019orientation prononc\u00e9es par les conseils de cycle ou de classe et les certificats de scolarit\u00e9 d\u00e9livr\u00e9s par le directeur sont valables de plein droit dans tous les \u00e9tablissements scolaires fran\u00e7ais en vue de la poursuite des \u00e9tudes et de la d\u00e9livrance des dipl\u00f4mes.<\/h4>\n<h4>Au coll\u00e8ge et au lyc\u00e9e, les \u00e9l\u00e8ves suivent les cours du CNED et sont accompagn\u00e9s par des professeurs, sur des emplois du temps respectant les horaires officiels, dans chaque discipline.<\/h4>\n<h4>Les effectifs de l&rsquo;ann\u00e9e scolaire 2025-2026 sont de 31 \u00e9l\u00e8ves r\u00e9partis de la PS de maternelle \u00e0 la Tle de lyc\u00e9e.<\/h4>\n<h4>Les locaux de l\u2019\u00e9cole sont situ\u00e9s dans l\u2019enceinte d\u2019une base-vie o\u00f9 logent les familles.<\/h4>\n<div class=\"su-gmap su-u-responsive-media-yes\"><iframe width=\"600\" height=\"400\" src=\"\/\/maps.google.com\/maps?q=Residential%20complex%20Bouygues%20Turkmen%20Achgabat%2C%20Turkm%C3%A9nistan&amp;output=embed&amp;z=8\" title=\"\"><\/iframe><\/div>\n","protected":false},"excerpt":{"rendered":"<p>L\u2019 \u00e9cole fran\u00e7aise d\u2019Ashgabat, g\u00e9r\u00e9e p\u00e9dagogiquement par la Mission la\u00efque fran\u00e7aise, a \u00e9t\u00e9 cr\u00e9\u00e9e en 1995 pour scolariser les enfants des familles expatri\u00e9es de la soci\u00e9t\u00e9 Bouygues Turkmen, dans le cadre du syst\u00e8me \u00e9ducatif fran\u00e7ais. L\u2019\u00e9tablissement accueille \u00e9galement, dans la limite des places disponibles, tous les \u00e9l\u00e8ves fran\u00e7ais ou d\u2019autres nationalit\u00e9s qui souhaitent \u00e9tudier dans [&hellip;]<\/p>\n","protected":false},"author":106,"featured_media":541,"parent":0,"menu_order":0,"comment_status":"closed","ping_status":"closed","template":"","meta":{"_acf_changed":false,"footnotes":""},"class_list":["post-945","page","type-page","status-publish","has-post-thumbnail","czr-hentry"],"acf":[],"_links":{"self":[{"href":"https:\/\/ee.mlfmonde.org\/ashgabat-bouygues\/wp-json\/wp\/v2\/pages\/945","targetHints":{"allow":["GET"]}}],"collection":[{"href":"https:\/\/ee.mlfmonde.org\/ashgabat-bouygues\/wp-json\/wp\/v2\/pages"}],"about":[{"href":"https:\/\/ee.mlfmonde.org\/ashgabat-bouygues\/wp-json\/wp\/v2\/types\/page"}],"author":[{"embeddable":true,"href":"https:\/\/ee.mlfmonde.org\/ashgabat-bouygues\/wp-json\/wp\/v2\/users\/106"}],"replies":[{"embeddable":true,"href":"https:\/\/ee.mlfmonde.org\/ashgabat-bouygues\/wp-json\/wp\/v2\/comments?post=945"}],"version-history":[{"count":24,"href":"https:\/\/ee.mlfmonde.org\/ashgabat-bouygues\/wp-json\/wp\/v2\/pages\/945\/revisions"}],"predecessor-version":[{"id":5462,"href":"https:\/\/ee.mlfmonde.org\/ashgabat-bouygues\/wp-json\/wp\/v2\/pages\/945\/revisions\/5462"}],"wp:featuredmedia":[{"embeddable":true,"href":"https:\/\/ee.mlfmonde.org\/ashgabat-bouygues\/wp-json\/wp\/v2\/media\/541"}],"wp:attachment":[{"href":"https:\/\/ee.mlfmonde.org\/ashgabat-bouygues\/wp-json\/wp\/v2\/media?parent=945"}],"curies":[{"name":"wp","href":"https:\/\/api.w.org\/{rel}","templated":true}]}}