{"id":926,"date":"2020-11-11T18:44:19","date_gmt":"2020-11-11T13:44:19","guid":{"rendered":"http:\/\/ee.mlfmonde.org\/ashgabat-bouygues\/?page_id=926"},"modified":"2026-03-20T10:37:47","modified_gmt":"2026-03-20T05:37:47","slug":"comptes-rendus-des-conseils-decole","status":"publish","type":"page","link":"https:\/\/ee.mlfmonde.org\/ashgabat-bouygues\/comptes-rendus-des-conseils-decole\/","title":{"rendered":"Comptes rendus des conseils d\u2019\u00e9tablissement"},"content":{"rendered":"<h4><span style=\"color: #0000ff\"><strong>Ann\u00e9e scolaire 2025\/2026 :<br \/>\n<a href=\"http:\/\/ee.mlfmonde.org\/ashgabat-bouygues\/wp-content\/uploads\/sites\/15\/2025\/10\/PV-Elections-representants-des-parents-deleves-2025-2026.pdf\" target=\"_blank\" rel=\"noopener\"><span style=\"color: #0000ff\">PV \u00e9lections des repr\u00e9sentants des parents d&rsquo;\u00e9l\u00e8ves<\/span><\/a><\/strong><\/span><\/h4>\n<h4><span style=\"color: #000000\">&#8211; <i class=\"fas fa-book\"><\/i>Compte rendu du 08\/06\/2026<br \/>\n&#8211;\u00a0<i class=\"fas fa-book\"><\/i><a href=\"http:\/\/ee.mlfmonde.org\/ashgabat-bouygues\/wp-content\/uploads\/sites\/15\/2026\/03\/CR-conseil-detablissement-n\u00b02-2025-2026-1.pdf\" target=\"_blank\" rel=\"noopener\">Compte rendu du 13\/03\/2026<\/a><br \/>\n&#8211;\u00a0<i class=\"fas fa-book\"><\/i><a style=\"color: #000000\" href=\"http:\/\/ee.mlfmonde.org\/ashgabat-bouygues\/wp-content\/uploads\/sites\/15\/2025\/11\/CR-conseil-detablissement-n\u00b01-2025-2026.pdf\" target=\"_blank\" rel=\"noopener\">Compte rendu du 11\/11\/2025<\/a><\/span><\/h4>\n<h4><span style=\"color: #0000ff\"><strong>Ann\u00e9e scolaire 2024\/2025 :<\/strong><\/span><\/h4>\n<h4><span style=\"color: #000000\">&#8211; <i class=\"fas fa-book\"><\/i><a style=\"color: #000000\" href=\"http:\/\/ee.mlfmonde.org\/ashgabat-bouygues\/wp-content\/uploads\/sites\/15\/2025\/06\/CR-conseil-detablissement-n\u00b03-2024-2025.pdf\" target=\"_blank\" rel=\"noopener\">Compte rendu du 10\/06\/2025<\/a><br \/>\n&#8211;\u00a0<i class=\"fas fa-book\"><\/i><a style=\"color: #000000\" href=\"http:\/\/ee.mlfmonde.org\/ashgabat-bouygues\/wp-content\/uploads\/sites\/15\/2025\/04\/CR-conseil-detablissement-n\u00b02-2024-2025.pdf\" target=\"_blank\" rel=\"noopener\">Compte rendu du 01\/03\/2025<\/a><br \/>\n&#8211;\u00a0<i class=\"fas fa-book\"><\/i><a style=\"color: #000000\" href=\"http:\/\/ee.mlfmonde.org\/ashgabat-bouygues\/wp-content\/uploads\/sites\/15\/2024\/11\/CR-conseil-detablissement-n\u00b01-2024-2025.pdf\" target=\"_blank\" rel=\"noopener\">Compte rendu du 21\/11\/2024<\/a><\/span><\/h4>\n<h4><span style=\"color: #0000ff\"><strong><span style=\"color: #0000ff\">Ann\u00e9e scolaire 2023\/2024 :<\/span><br \/>\n<\/strong><\/span><\/h4>\n<h4><span style=\"color: #000000\">&#8211;\u00a0<i class=\"fas fa-book\"><\/i><a style=\"color: #000000\" href=\"http:\/\/ee.mlfmonde.org\/ashgabat-bouygues\/wp-content\/uploads\/sites\/15\/2024\/06\/CR-conseil-d\u00e9tablissement-n\u00b03-2023-2024.pdf\" target=\"_blank\" rel=\"noopener\">Compte rendu du 20\/06\/2024<\/a><br \/>\n<\/span><span style=\"color: #000000\">&#8211;\u00a0<i class=\"fas fa-book\"><\/i><a style=\"color: #000000\" href=\"http:\/\/ee.mlfmonde.org\/ashgabat-bouygues\/wp-content\/uploads\/sites\/15\/2024\/04\/CR-conseil-d\u00e9tablissement-n\u00b02-2023-2024-1-6-2.pdf\" target=\"_blank\" rel=\"noopener\">Compte rendu du 21\/03\/2024<\/a><br \/>\n&#8211;\u00a0<i class=\"fas fa-book\"><\/i><a style=\"color: #000000\" href=\"http:\/\/ee.mlfmonde.org\/ashgabat-bouygues\/wp-content\/uploads\/sites\/15\/2023\/11\/CR-conseil-d\u00e9tablissement-n\u00b01-2023-2024.pdf\" target=\"_blank\" rel=\"noopener\">Compte rendu du 14\/11\/2023<\/a><\/span><\/h4>\n<h4><span style=\"color: #0000ff\"><strong>Ann\u00e9e scolaire 2022\/2023 :<\/strong><\/span><\/h4>\n<h4><span style=\"color: #000000\">&#8211;\u00a0<i class=\"fas fa-book\"><\/i><a style=\"color: #000000\" href=\"http:\/\/ee.mlfmonde.org\/ashgabat-bouygues\/wp-content\/uploads\/sites\/15\/2023\/05\/CR-conseil-d\u00e9tablissement-n\u00b02_-2022-2023.pdf\">Compte rendu du 16\/05\/2023<\/a>\u00a0(conseil d\u00e9cal\u00e9 du fait de la situation sanitaire).<br \/>\n<\/span><span style=\"color: #000000\">&#8211;\u00a0<i class=\"fas fa-book\"><\/i><a style=\"color: #000000\" href=\"http:\/\/ee.mlfmonde.org\/ashgabat-bouygues\/wp-content\/uploads\/sites\/15\/2022\/12\/CR-conseil-d\u00e9tablissement-n\u00b01-2022-2023.pdf\">Compte rendu du 11\/11\/2022<\/a><\/span><\/h4>\n<h4><span style=\"color: #0000ff\"><strong>Ann\u00e9e scolaire 2021\/2022<\/strong> :<\/span><br \/>\n<span style=\"color: #000000\"><em><br \/>\n<\/em>&#8211;\u00a0<i class=\"fas fa-book\"><\/i><a style=\"color: #000000\" href=\"http:\/\/ee.mlfmonde.org\/ashgabat-bouygues\/wp-content\/uploads\/sites\/15\/2022\/12\/Conseil-d\u00e9tablissement-n\u00b03.pdf\">Compte rendu du 06\/06\/2022<\/a><br \/>\n<\/span><span style=\"color: #000000\">&#8211;\u00a0<i class=\"fas fa-book\"><\/i><a style=\"color: #000000\" href=\"http:\/\/ee.mlfmonde.org\/ashgabat-bouygues\/wp-content\/uploads\/sites\/15\/2022\/12\/Conseil-d\u00e9tablissement-n\u00b02.pdf\">Compte rendu du 05\/04\/2022\u00a0<\/a><br \/>\n<\/span><span style=\"color: #000000\">&#8211;\u00a0<i class=\"fas fa-book\"><\/i><a style=\"color: #000000\" href=\"http:\/\/ee.mlfmonde.org\/ashgabat-bouygues\/wp-content\/uploads\/sites\/15\/2022\/02\/211111-Compte-rendu-du-premier-conseil-d\u00e9tablissement.pdf\">Compte rendu du 11\/11\/2021<\/a><\/span><\/h4>\n<h4><span style=\"color: #0000ff\"><strong>Ann\u00e9e scolaire 2020\/2021<\/strong> :<\/span><\/h4>\n<h4><span style=\"color: #000000\">&#8211;\u00a0<i class=\"fas fa-book\"><\/i><a style=\"color: #000000\" href=\"http:\/\/ee.mlfmonde.org\/ashgabat-bouygues\/wp-content\/uploads\/sites\/15\/2022\/02\/210701-Compte-rendu-du-troisi\u00e8me-conseil-d\u00e9tablissement.pdf\">Compte rendu du 22\/06\/2021<\/a><\/span><br \/>\n<span style=\"color: #000000\">&#8211;\u00a0<i class=\"fas fa-book\"><\/i><a style=\"color: #000000\" href=\"http:\/\/ee.mlfmonde.org\/ashgabat-bouygues\/wp-content\/uploads\/sites\/15\/2021\/03\/210316-Compte-rendu-du-second-conseil-d\u00e9tablissement.pdf\">Compte rendu du 16\/03\/2021<\/a><br \/>\n<\/span><span style=\"color: #000000\">&#8211;\u00a0<i class=\"fas fa-book\"><\/i><a style=\"color: #000000\" href=\"http:\/\/ee.mlfmonde.org\/ashgabat-bouygues\/wp-content\/uploads\/sites\/15\/2021\/01\/201110-Compte-rendu-du-premier-conseil-d\u00e9tablissement.pdf\">Compte rendu du 10\/11\/2020<\/a><\/span><\/h4>\n<h4><span style=\"color: #0000ff\"><strong>Ann\u00e9e scolaire 2019\/2020<\/strong> :<br \/>\n<\/span><br \/>\n<span style=\"color: #000000\">&#8211;\u00a0<i class=\"fas fa-book\"><\/i><a style=\"color: #000000\" href=\"http:\/\/ee.mlfmonde.org\/ashgabat-bouygues\/wp-content\/uploads\/sites\/15\/2021\/02\/200623-Compte-rendu-du-troisi\u00e8me-conseil-d\u00e9tablissement-v1.pdf\">Compte rendu du 23\/06\/2020<\/a><\/span><br \/>\n<span style=\"color: #000000\">&#8211;\u00a0<i class=\"fas fa-book\"><\/i><a style=\"color: #000000\" href=\"http:\/\/ee.mlfmonde.org\/ashgabat-bouygues\/wp-content\/uploads\/sites\/15\/2021\/02\/200331-Compte-rendu-du-second-conseil-d\u00e9tablissement-v1.pdf\">Compte rendu du 31\/03\/2020<\/a><\/span><br \/>\n<span style=\"color: #000000\">&#8211;\u00a0<i class=\"fas fa-book\"><\/i><a style=\"color: #000000\" href=\"http:\/\/ee.mlfmonde.org\/ashgabat-bouygues\/wp-content\/uploads\/sites\/15\/2021\/02\/191112-Compte-rendu-du-premier-conseil-d\u00e9tablissement-v3.pdf\">Compte rendu du 12\/11\/2019<\/a><\/span><\/h4>\n<h4><span style=\"color: #0000ff\"><strong>Ann\u00e9e scolaire 2018\/2019<\/strong> :<br \/>\n<\/span><br \/>\n<span style=\"color: #000000\">&#8211;\u00a0<i class=\"fas fa-book\"><\/i><a style=\"color: #000000\" href=\"http:\/\/ee.mlfmonde.org\/ashgabat-bouygues\/wp-content\/uploads\/sites\/15\/2021\/02\/190624-Compte-rendu-du-troisi\u00e8me-conseil-d\u00e9cole.pdf\">Compte rendu du 24\/06\/2019<\/a><\/span><br \/>\n<span style=\"color: #000000\">&#8211;\u00a0<i class=\"fas fa-book\"><\/i><a style=\"color: #000000\" href=\"http:\/\/ee.mlfmonde.org\/ashgabat-bouygues\/wp-content\/uploads\/sites\/15\/2021\/02\/190318-Compte-rendu-du-second-conseil-d\u00e9cole-v1-non-sign\u00e9e.pdf\">Compte rendu du 18\/03\/2019<\/a><\/span><br \/>\n<span style=\"color: #000000\">&#8211;\u00a0<i class=\"fas fa-book\"><\/i><a style=\"color: #000000\" href=\"http:\/\/ee.mlfmonde.org\/ashgabat-bouygues\/wp-content\/uploads\/sites\/15\/2021\/02\/181119-Compte-rendu-du-premier-conseil-d\u00e9cole.pdf\">Compte rendu du 19\/11\/2018<\/a><\/span><\/h4>\n<h4><span style=\"color: #0000ff\"><strong>Ann\u00e9e scolaire 2017\/2018<\/strong> :<br \/>\n<\/span><br \/>\n<span style=\"color: #000000\">&#8211;\u00a0<i class=\"fas fa-book\"><\/i><a style=\"color: #000000\" href=\"http:\/\/ee.mlfmonde.org\/ashgabat-bouygues\/wp-content\/uploads\/sites\/15\/2021\/02\/180618-Compte-rendu-du-troisi\u00e8me-conseil-d\u00e9cole_Ashgabat.pdf\">Compte rendu du 18\/06\/2018<\/a><\/span><br \/>\n<span style=\"color: #000000\">&#8211;\u00a0<i class=\"fas fa-book\"><\/i><a style=\"color: #000000\" href=\"http:\/\/ee.mlfmonde.org\/ashgabat-bouygues\/wp-content\/uploads\/sites\/15\/2021\/02\/180319-Compte-rendu-du-second-conseil-d\u00e9cole_Ashgabat.pdf\">Compte rendu du 19\/03\/2018<\/a><\/span><br \/>\n<span style=\"color: #000000\">&#8211;\u00a0<i class=\"fas fa-book\"><\/i><a style=\"color: #000000\" href=\"http:\/\/ee.mlfmonde.org\/ashgabat-bouygues\/wp-content\/uploads\/sites\/15\/2021\/02\/171106-Compte-rendu-du-premier-conseil-d\u00e9cole.pdf\">Compte rendu du 06\/11\/2017<\/a><\/span><\/h4>\n<h4><span style=\"color: #0000ff\"><strong>Ann\u00e9e scolaire 2016\/2017<\/strong> :<br \/>\n<\/span><br \/>\n<span style=\"color: #000000\">&#8211;\u00a0<i class=\"fas fa-book\"><\/i><a style=\"color: #000000\" href=\"http:\/\/ee.mlfmonde.org\/ashgabat-bouygues\/wp-content\/uploads\/sites\/15\/2021\/02\/170619-Compte-rendu-du-troisi\u00e8me-conseil-d\u00e9cole-Ashgabat.pdf\">Compte rendu du 19\/06\/2017<\/a><\/span><br \/>\n<span style=\"color: #000000\">&#8211;\u00a0<i class=\"fas fa-book\"><\/i><a style=\"color: #000000\" href=\"http:\/\/ee.mlfmonde.org\/ashgabat-bouygues\/wp-content\/uploads\/sites\/15\/2021\/02\/170313-Compte-rendu-du-second-conseil-d\u00e9cole-v4.pdf\">Compte rendu du 13\/03\/2017<\/a><\/span><br \/>\n<span style=\"color: #000000\">&#8211;\u00a0<i class=\"fas fa-book\"><\/i><a style=\"color: #000000\" href=\"http:\/\/ee.mlfmonde.org\/ashgabat-bouygues\/wp-content\/uploads\/sites\/15\/2021\/02\/161103-Compte-rendu-du-premier-conseil-d\u00e9cole-v2.pdf\">Compte rendu du 03\/11\/2016<\/a><\/span><\/h4>\n","protected":false},"excerpt":{"rendered":"<p>Ann\u00e9e scolaire 2025\/2026 : PV \u00e9lections des repr\u00e9sentants des parents d&rsquo;\u00e9l\u00e8ves &#8211; Compte rendu du 08\/06\/2026 &#8211;\u00a0Compte rendu du 13\/03\/2026 &#8211;\u00a0Compte rendu du 11\/11\/2025 Ann\u00e9e scolaire 2024\/2025 : &#8211; Compte rendu du 10\/06\/2025 &#8211;\u00a0Compte rendu du 01\/03\/2025 &#8211;\u00a0Compte rendu du 21\/11\/2024 Ann\u00e9e scolaire 2023\/2024 : &#8211;\u00a0Compte rendu du 20\/06\/2024 &#8211;\u00a0Compte rendu du 21\/03\/2024 &#8211;\u00a0Compte rendu [&hellip;]<\/p>\n","protected":false},"author":106,"featured_media":0,"parent":0,"menu_order":0,"comment_status":"closed","ping_status":"closed","template":"","meta":{"_acf_changed":false,"footnotes":""},"class_list":["post-926","page","type-page","status-publish","czr-hentry"],"acf":[],"_links":{"self":[{"href":"https:\/\/ee.mlfmonde.org\/ashgabat-bouygues\/wp-json\/wp\/v2\/pages\/926","targetHints":{"allow":["GET"]}}],"collection":[{"href":"https:\/\/ee.mlfmonde.org\/ashgabat-bouygues\/wp-json\/wp\/v2\/pages"}],"about":[{"href":"https:\/\/ee.mlfmonde.org\/ashgabat-bouygues\/wp-json\/wp\/v2\/types\/page"}],"author":[{"embeddable":true,"href":"https:\/\/ee.mlfmonde.org\/ashgabat-bouygues\/wp-json\/wp\/v2\/users\/106"}],"replies":[{"embeddable":true,"href":"https:\/\/ee.mlfmonde.org\/ashgabat-bouygues\/wp-json\/wp\/v2\/comments?post=926"}],"version-history":[{"count":60,"href":"https:\/\/ee.mlfmonde.org\/ashgabat-bouygues\/wp-json\/wp\/v2\/pages\/926\/revisions"}],"predecessor-version":[{"id":6034,"href":"https:\/\/ee.mlfmonde.org\/ashgabat-bouygues\/wp-json\/wp\/v2\/pages\/926\/revisions\/6034"}],"wp:attachment":[{"href":"https:\/\/ee.mlfmonde.org\/ashgabat-bouygues\/wp-json\/wp\/v2\/media?parent=926"}],"curies":[{"name":"wp","href":"https:\/\/api.w.org\/{rel}","templated":true}]}}