{"id":922,"date":"2020-10-16T18:43:53","date_gmt":"2020-10-16T13:43:53","guid":{"rendered":"http:\/\/ee.mlfmonde.org\/ashgabat-bouygues\/?page_id=922"},"modified":"2025-07-13T14:36:57","modified_gmt":"2025-07-13T09:36:57","slug":"horaires-de-lecole","status":"publish","type":"page","link":"https:\/\/ee.mlfmonde.org\/ashgabat-bouygues\/horaires-de-lecole\/","title":{"rendered":"Horaires de l\u2019\u00e9cole"},"content":{"rendered":"<h4>Vous trouverez ci-dessous les horaires de l&rsquo;\u00e9cole primaire, ainsi que les emplois du temps des classes du secondaire :<\/h4>\n<h4><span style=\"color: #0000ff\"><strong>Maternelle :<\/strong><\/span><\/h4>\n<h4><i class=\"fas fa-clock\" style=\"color: #b6db37\"><\/i> Matin : accueil de 8h20 \u00e0 8h30 \u2013 classe jusqu\u2019\u00e0 12h00, du lundi au vendredi.<\/h4>\n<h4><i class=\"far fa-clock\" style=\"color: #7e8175\"><\/i> Apr\u00e8s-midi : accueil de 13h50 \u00e0 14h00 \u2013 classe jusqu\u2019\u00e0 16h00, les lundis, mardis, jeudis, vendredis.<\/h4>\n<p><span style=\"color: #0000ff\"><strong>El\u00e9mentaire :<\/strong><\/span><\/p>\n<h4>Matin : accueil de 8h20 \u00e0 8h30 \u2013 classe jusqu\u2019\u00e0 12h00, les lundis, mardis, jeudis, vendredis.<\/h4>\n<h4>Mercredi matin : accueil de 7h50 \u00e0 8h &#8211; classe jusqu&rsquo;\u00e0 12h.<\/h4>\n<h4><i class=\"far fa-clock\" style=\"color: #7e8175\"><\/i> Apr\u00e8s-midi : accueil de 13h50 \u00e0 14h00 \u2013 classe jusqu\u2019\u00e0 16h00, les lundis, mardis, jeudis, vendredis.<\/h4>\n<h4><span style=\"color: #0000ff\"><strong>Secondaire : <\/strong><\/span><\/h4>\n<h4><span style=\"color: #0000ff\"><strong><span style=\"color: #000000\">Les horaires varient en fonction des emplois du temps.<\/span><\/strong><\/span><\/h4>\n<table>\n<tbody>\n<tr>\n<td width=\"170\">\n<h4><span style=\"color: #000000\">Emplois du temps du secondaire<\/span><\/h4>\n<\/td>\n<td width=\"47\">\n<h4 style=\"text-align: center\"><span style=\"color: #000000\">6\u00b0<\/span><\/h4>\n<\/td>\n<td style=\"text-align: center\" width=\"47\">\n<h4><span style=\"color: #000000\">4\u00b0<\/span><\/h4>\n<\/td>\n<td style=\"text-align: center\" width=\"47\">\n<h4><span style=\"color: #000000\">3\u00b0<\/span><\/h4>\n<\/td>\n<td style=\"text-align: center\" width=\"47\">\n<h4><span style=\"color: #000000\">1\u00b0<\/span><\/h4>\n<\/td>\n<td style=\"text-align: center\" width=\"47\">\n<h4><span style=\"color: #000000\">Tle<\/span><\/h4>\n<\/td>\n<td width=\"47\">\n<h4 style=\"text-align: center\"><\/h4>\n<\/td>\n<\/tr>\n<\/tbody>\n<\/table>\n<h4><\/h4>\n","protected":false},"excerpt":{"rendered":"<p>Vous trouverez ci-dessous les horaires de l&rsquo;\u00e9cole primaire, ainsi que les emplois du temps des classes du secondaire : Maternelle : Matin : accueil de 8h20 \u00e0 8h30 \u2013 classe jusqu\u2019\u00e0 12h00, du lundi au vendredi. Apr\u00e8s-midi : accueil de 13h50 \u00e0 14h00 \u2013 classe jusqu\u2019\u00e0 16h00, les lundis, mardis, jeudis, vendredis. El\u00e9mentaire : Matin [&hellip;]<\/p>\n","protected":false},"author":106,"featured_media":0,"parent":0,"menu_order":0,"comment_status":"closed","ping_status":"closed","template":"","meta":{"_acf_changed":false,"footnotes":""},"class_list":["post-922","page","type-page","status-publish","czr-hentry"],"acf":[],"_links":{"self":[{"href":"https:\/\/ee.mlfmonde.org\/ashgabat-bouygues\/wp-json\/wp\/v2\/pages\/922","targetHints":{"allow":["GET"]}}],"collection":[{"href":"https:\/\/ee.mlfmonde.org\/ashgabat-bouygues\/wp-json\/wp\/v2\/pages"}],"about":[{"href":"https:\/\/ee.mlfmonde.org\/ashgabat-bouygues\/wp-json\/wp\/v2\/types\/page"}],"author":[{"embeddable":true,"href":"https:\/\/ee.mlfmonde.org\/ashgabat-bouygues\/wp-json\/wp\/v2\/users\/106"}],"replies":[{"embeddable":true,"href":"https:\/\/ee.mlfmonde.org\/ashgabat-bouygues\/wp-json\/wp\/v2\/comments?post=922"}],"version-history":[{"count":38,"href":"https:\/\/ee.mlfmonde.org\/ashgabat-bouygues\/wp-json\/wp\/v2\/pages\/922\/revisions"}],"predecessor-version":[{"id":5474,"href":"https:\/\/ee.mlfmonde.org\/ashgabat-bouygues\/wp-json\/wp\/v2\/pages\/922\/revisions\/5474"}],"wp:attachment":[{"href":"https:\/\/ee.mlfmonde.org\/ashgabat-bouygues\/wp-json\/wp\/v2\/media?parent=922"}],"curies":[{"name":"wp","href":"https:\/\/api.w.org\/{rel}","templated":true}]}}