{"id":916,"date":"2020-11-11T18:43:17","date_gmt":"2020-11-11T13:43:17","guid":{"rendered":"http:\/\/ee.mlfmonde.org\/ashgabat-bouygues\/?page_id=916"},"modified":"2026-03-10T11:31:45","modified_gmt":"2026-03-10T06:31:45","slug":"projet-decole","status":"publish","type":"page","link":"https:\/\/ee.mlfmonde.org\/ashgabat-bouygues\/projet-decole\/","title":{"rendered":"Projet d\u2019\u00e9tablissement"},"content":{"rendered":"<h4><span style=\"color: #000000\">Projet d&rsquo;\u00e9tablissement 2025-2028 : <a href=\"http:\/\/ee.mlfmonde.org\/ashgabat-bouygues\/wp-content\/uploads\/sites\/15\/2025\/12\/Projet-d_etablissement_Ecole-MLF-Bouygues-d_Ashgabat-2025-2028.pdf\" target=\"_blank\" rel=\"noopener\">t\u00e9l\u00e9charger<\/a><\/span><\/h4>\n<h4><span style=\"color: #000000\">Annexe au projet d&rsquo;\u00e9tablissement : <a href=\"http:\/\/ee.mlfmonde.org\/ashgabat-bouygues\/wp-content\/uploads\/sites\/15\/2026\/03\/Fiche-de-programmation-des-actions-et-projets-pedagogiques-2025-2026.pdf\" target=\"_blank\" rel=\"noopener\">programmation des projets et actions p\u00e9dagogiques 2025-2026<\/a><\/span><\/h4>\n\n\n<p><\/p>\n","protected":false},"excerpt":{"rendered":"<p>Projet d&rsquo;\u00e9tablissement 2025-2028 : t\u00e9l\u00e9charger Annexe au projet d&rsquo;\u00e9tablissement : programmation des projets et actions p\u00e9dagogiques 2025-2026<\/p>\n","protected":false},"author":106,"featured_media":0,"parent":0,"menu_order":0,"comment_status":"closed","ping_status":"closed","template":"","meta":{"_acf_changed":false,"footnotes":""},"class_list":["post-916","page","type-page","status-publish","czr-hentry"],"acf":[],"_links":{"self":[{"href":"https:\/\/ee.mlfmonde.org\/ashgabat-bouygues\/wp-json\/wp\/v2\/pages\/916","targetHints":{"allow":["GET"]}}],"collection":[{"href":"https:\/\/ee.mlfmonde.org\/ashgabat-bouygues\/wp-json\/wp\/v2\/pages"}],"about":[{"href":"https:\/\/ee.mlfmonde.org\/ashgabat-bouygues\/wp-json\/wp\/v2\/types\/page"}],"author":[{"embeddable":true,"href":"https:\/\/ee.mlfmonde.org\/ashgabat-bouygues\/wp-json\/wp\/v2\/users\/106"}],"replies":[{"embeddable":true,"href":"https:\/\/ee.mlfmonde.org\/ashgabat-bouygues\/wp-json\/wp\/v2\/comments?post=916"}],"version-history":[{"count":49,"href":"https:\/\/ee.mlfmonde.org\/ashgabat-bouygues\/wp-json\/wp\/v2\/pages\/916\/revisions"}],"predecessor-version":[{"id":6018,"href":"https:\/\/ee.mlfmonde.org\/ashgabat-bouygues\/wp-json\/wp\/v2\/pages\/916\/revisions\/6018"}],"wp:attachment":[{"href":"https:\/\/ee.mlfmonde.org\/ashgabat-bouygues\/wp-json\/wp\/v2\/media?parent=916"}],"curies":[{"name":"wp","href":"https:\/\/api.w.org\/{rel}","templated":true}]}}