{"id":4462,"date":"2024-05-27T11:27:35","date_gmt":"2024-05-27T06:27:35","guid":{"rendered":"http:\/\/ee.mlfmonde.org\/ashgabat-bouygues\/?page_id=4462"},"modified":"2024-05-28T14:22:07","modified_gmt":"2024-05-28T09:22:07","slug":"frais-de-scolarite","status":"publish","type":"page","link":"https:\/\/ee.mlfmonde.org\/ashgabat-bouygues\/frais-de-scolarite\/","title":{"rendered":"Frais de scolarit\u00e9"},"content":{"rendered":"<p>L&rsquo;\u00e9cole est prise en charge par l&rsquo;entreprise pour les collaborateurs Bouygues TKM.<\/p>\n<p>Les tarifs indiqu\u00e9s, ci-dessous, sont appliqu\u00e9s aux familles externes \u00e0 l&rsquo;entreprise.<\/p>\n<p>Frais de premi\u00e8re inscription : <strong>500 euros<\/strong><br \/>\nFrais d&rsquo;inscription \u00e0 l&rsquo;ann\u00e9e :<br \/>\nMaternelle et \u00e9l\u00e9mentaire : <strong>5 500 euros<br \/>\n<\/strong>Coll\u00e8ge et lyc\u00e9e<strong> : 6 500 euros<\/strong><\/p>\n","protected":false},"excerpt":{"rendered":"<p>L&rsquo;\u00e9cole est prise en charge par l&rsquo;entreprise pour les collaborateurs Bouygues TKM. Les tarifs indiqu\u00e9s, ci-dessous, sont appliqu\u00e9s aux familles externes \u00e0 l&rsquo;entreprise. Frais de premi\u00e8re inscription : 500 euros Frais d&rsquo;inscription \u00e0 l&rsquo;ann\u00e9e : Maternelle et \u00e9l\u00e9mentaire : 5 500 euros Coll\u00e8ge et lyc\u00e9e : 6 500 euros<\/p>\n","protected":false},"author":105,"featured_media":0,"parent":0,"menu_order":0,"comment_status":"closed","ping_status":"closed","template":"","meta":{"_acf_changed":false,"footnotes":""},"class_list":["post-4462","page","type-page","status-publish","czr-hentry"],"acf":[],"_links":{"self":[{"href":"https:\/\/ee.mlfmonde.org\/ashgabat-bouygues\/wp-json\/wp\/v2\/pages\/4462","targetHints":{"allow":["GET"]}}],"collection":[{"href":"https:\/\/ee.mlfmonde.org\/ashgabat-bouygues\/wp-json\/wp\/v2\/pages"}],"about":[{"href":"https:\/\/ee.mlfmonde.org\/ashgabat-bouygues\/wp-json\/wp\/v2\/types\/page"}],"author":[{"embeddable":true,"href":"https:\/\/ee.mlfmonde.org\/ashgabat-bouygues\/wp-json\/wp\/v2\/users\/105"}],"replies":[{"embeddable":true,"href":"https:\/\/ee.mlfmonde.org\/ashgabat-bouygues\/wp-json\/wp\/v2\/comments?post=4462"}],"version-history":[{"count":2,"href":"https:\/\/ee.mlfmonde.org\/ashgabat-bouygues\/wp-json\/wp\/v2\/pages\/4462\/revisions"}],"predecessor-version":[{"id":4480,"href":"https:\/\/ee.mlfmonde.org\/ashgabat-bouygues\/wp-json\/wp\/v2\/pages\/4462\/revisions\/4480"}],"wp:attachment":[{"href":"https:\/\/ee.mlfmonde.org\/ashgabat-bouygues\/wp-json\/wp\/v2\/media?parent=4462"}],"curies":[{"name":"wp","href":"https:\/\/api.w.org\/{rel}","templated":true}]}}