{"id":1015,"date":"2021-01-18T11:16:35","date_gmt":"2021-01-18T06:16:35","guid":{"rendered":"http:\/\/ee.mlfmonde.org\/ashgabat-bouygues\/?page_id=1015"},"modified":"2025-07-13T13:30:41","modified_gmt":"2025-07-13T08:30:41","slug":"effectifs","status":"publish","type":"page","link":"https:\/\/ee.mlfmonde.org\/ashgabat-bouygues\/effectifs\/","title":{"rendered":"Effectifs"},"content":{"rendered":"<h4>Notre \u00e9cole compte 31 \u00e9l\u00e8ves \u00e0 la rentr\u00e9e scolaire 2025<\/h4>\n<table>\n<tbody>\n<tr>\n<td width=\"302\"><strong>\u00a0Classes<\/strong><\/td>\n<td width=\"302\"><strong>\u00a0Effectifs<\/strong><\/td>\n<\/tr>\n<tr>\n<td width=\"302\">\u00a0Maternelle : PS &#8211; MS &#8211; GS<\/td>\n<td width=\"302\">\u00a07 \u00e9l\u00e8ves<\/td>\n<\/tr>\n<tr>\n<td width=\"302\">\u00a0El\u00e9mentaire : CP &#8211; CE1<\/td>\n<td width=\"302\">\u00a05 \u00e9l\u00e8ves<\/td>\n<\/tr>\n<tr>\n<td width=\"302\">\u00a0El\u00e9mentaire : CE2 &#8211; CM1 &#8211; CM2<\/td>\n<td width=\"302\">\u00a07 \u00e9l\u00e8ves<\/td>\n<\/tr>\n<tr>\n<td width=\"302\">\u00a0Coll\u00e8ge : 6\u00b0<\/td>\n<td width=\"302\">\u00a04 \u00e9l\u00e8ves<\/td>\n<\/tr>\n<tr>\n<td width=\"302\">\u00a0Coll\u00e8ge : 4\u00b0 &#8211; 3\u00b0<\/td>\n<td width=\"302\">\u00a05 \u00e9l\u00e8ves<\/td>\n<\/tr>\n<tr>\n<td width=\"302\">\u00a0Lyc\u00e9e : 1\u00b0 &#8211; Tle<\/td>\n<td width=\"302\">3 \u00e9l\u00e8ves<\/td>\n<\/tr>\n<\/tbody>\n<\/table>\n","protected":false},"excerpt":{"rendered":"<p>Notre \u00e9cole compte 31 \u00e9l\u00e8ves \u00e0 la rentr\u00e9e scolaire 2025 \u00a0Classes \u00a0Effectifs \u00a0Maternelle : PS &#8211; MS &#8211; GS \u00a07 \u00e9l\u00e8ves \u00a0El\u00e9mentaire : CP &#8211; CE1 \u00a05 \u00e9l\u00e8ves \u00a0El\u00e9mentaire : CE2 &#8211; CM1 &#8211; CM2 \u00a07 \u00e9l\u00e8ves \u00a0Coll\u00e8ge : 6\u00b0 \u00a04 \u00e9l\u00e8ves \u00a0Coll\u00e8ge : 4\u00b0 &#8211; 3\u00b0 \u00a05 \u00e9l\u00e8ves \u00a0Lyc\u00e9e : 1\u00b0 &#8211; Tle 3 [&hellip;]<\/p>\n","protected":false},"author":106,"featured_media":0,"parent":0,"menu_order":0,"comment_status":"closed","ping_status":"closed","template":"","meta":{"_acf_changed":false,"footnotes":""},"class_list":["post-1015","page","type-page","status-publish","czr-hentry"],"acf":[],"_links":{"self":[{"href":"https:\/\/ee.mlfmonde.org\/ashgabat-bouygues\/wp-json\/wp\/v2\/pages\/1015","targetHints":{"allow":["GET"]}}],"collection":[{"href":"https:\/\/ee.mlfmonde.org\/ashgabat-bouygues\/wp-json\/wp\/v2\/pages"}],"about":[{"href":"https:\/\/ee.mlfmonde.org\/ashgabat-bouygues\/wp-json\/wp\/v2\/types\/page"}],"author":[{"embeddable":true,"href":"https:\/\/ee.mlfmonde.org\/ashgabat-bouygues\/wp-json\/wp\/v2\/users\/106"}],"replies":[{"embeddable":true,"href":"https:\/\/ee.mlfmonde.org\/ashgabat-bouygues\/wp-json\/wp\/v2\/comments?post=1015"}],"version-history":[{"count":24,"href":"https:\/\/ee.mlfmonde.org\/ashgabat-bouygues\/wp-json\/wp\/v2\/pages\/1015\/revisions"}],"predecessor-version":[{"id":5460,"href":"https:\/\/ee.mlfmonde.org\/ashgabat-bouygues\/wp-json\/wp\/v2\/pages\/1015\/revisions\/5460"}],"wp:attachment":[{"href":"https:\/\/ee.mlfmonde.org\/ashgabat-bouygues\/wp-json\/wp\/v2\/media?parent=1015"}],"curies":[{"name":"wp","href":"https:\/\/api.w.org\/{rel}","templated":true}]}}