{"id":5710,"date":"2022-05-19T14:50:18","date_gmt":"2022-05-19T13:50:18","guid":{"rendered":"http:\/\/ee.mlfmonde.org\/aberdeen-total\/?page_id=5710"},"modified":"2024-09-06T14:54:28","modified_gmt":"2024-09-06T13:54:28","slug":"lhomologation","status":"publish","type":"page","link":"https:\/\/ee.mlfmonde.org\/aberdeen-total\/lhomologation\/","title":{"rendered":"L\u2019homologation"},"content":{"rendered":"<p><a href=\"http:\/\/ee.mlfmonde.org\/aberdeen-total\/oip\/\"><img decoding=\"async\" class=\"size-medium wp-image-6672 aligncenter\" src=\"http:\/\/ee.mlfmonde.org\/aberdeen-total\/wp-content\/uploads\/sites\/8\/2024\/09\/OIP-300x132.jpeg\" alt=\"\" width=\"300\" height=\"132\" srcset=\"https:\/\/ee.mlfmonde.org\/aberdeen-total\/wp-content\/uploads\/sites\/8\/2024\/09\/OIP-300x132.jpeg 300w, https:\/\/ee.mlfmonde.org\/aberdeen-total\/wp-content\/uploads\/sites\/8\/2024\/09\/OIP.jpeg 474w\" sizes=\"(max-width: 300px) 100vw, 300px\" \/><\/a><\/p>\n<p>L\u2019\u00e9cole fran\u00e7aise d\u2019Aberdeen fait partie du r\u00e9seau des \u00e9coles d\u2019entreprise de la Mission La\u00efque Fran\u00e7aise (MLF) et est un \u00e9tablissement partenaire de l\u2019Agence pour l\u2019Enseignement Fran\u00e7ais \u00e0 l\u2019Etranger (AEFE).<\/p>\n<p>L\u2019ensemble du primaire ainsi que le secondaire (classes de 6<sup>\u00e8me<\/sup> \u00e0 la 3<sup>\u00e8me<\/sup>) b\u00e9n\u00e9ficient de l\u2019homologation du Minist\u00e8re Fran\u00e7ais de l\u2019Education Nationale, attestant de leur conformit\u00e9 aux programmes, aux objectifs p\u00e9dagogiques et aux principes fondamentaux de l\u2019enseignement public en France. L\u2019expatriation implique souvent des changements d\u2019\u00e9tablissement, aux quatre coins du monde, comme des retours en France. Cette homologation est une garantie de l\u2019enseignement.<\/p>\n<p>&nbsp;<\/p>\n<p>&nbsp;<\/p>\n<p>&nbsp;<\/p>\n<p>&nbsp;<\/p>\n<p><a href=\"http:\/\/ee.mlfmonde.org\/aberdeen-total\/wp-content\/uploads\/sites\/8\/2022\/05\/PNG-image.png\">\u00a0<\/a><\/p>\n","protected":false},"excerpt":{"rendered":"<p>L\u2019\u00e9cole fran\u00e7aise d\u2019Aberdeen fait partie du r\u00e9seau des \u00e9coles d\u2019entreprise de la Mission La\u00efque Fran\u00e7aise (MLF) et est un \u00e9tablissement partenaire de l\u2019Agence pour l\u2019Enseignement Fran\u00e7ais \u00e0 l\u2019Etranger (AEFE). L\u2019ensemble du primaire ainsi que le secondaire (classes de 6\u00e8me \u00e0 la 3\u00e8me) b\u00e9n\u00e9ficient de l\u2019homologation du Minist\u00e8re Fran\u00e7ais de l\u2019Education Nationale, attestant de leur conformit\u00e9 [&hellip;]<\/p>\n","protected":false},"author":156,"featured_media":0,"parent":0,"menu_order":0,"comment_status":"closed","ping_status":"closed","template":"","meta":{"_acf_changed":false,"footnotes":""},"class_list":["post-5710","page","type-page","status-publish","czr-hentry"],"acf":[],"_links":{"self":[{"href":"https:\/\/ee.mlfmonde.org\/aberdeen-total\/wp-json\/wp\/v2\/pages\/5710","targetHints":{"allow":["GET"]}}],"collection":[{"href":"https:\/\/ee.mlfmonde.org\/aberdeen-total\/wp-json\/wp\/v2\/pages"}],"about":[{"href":"https:\/\/ee.mlfmonde.org\/aberdeen-total\/wp-json\/wp\/v2\/types\/page"}],"author":[{"embeddable":true,"href":"https:\/\/ee.mlfmonde.org\/aberdeen-total\/wp-json\/wp\/v2\/users\/156"}],"replies":[{"embeddable":true,"href":"https:\/\/ee.mlfmonde.org\/aberdeen-total\/wp-json\/wp\/v2\/comments?post=5710"}],"version-history":[{"count":4,"href":"https:\/\/ee.mlfmonde.org\/aberdeen-total\/wp-json\/wp\/v2\/pages\/5710\/revisions"}],"predecessor-version":[{"id":6673,"href":"https:\/\/ee.mlfmonde.org\/aberdeen-total\/wp-json\/wp\/v2\/pages\/5710\/revisions\/6673"}],"wp:attachment":[{"href":"https:\/\/ee.mlfmonde.org\/aberdeen-total\/wp-json\/wp\/v2\/media?parent=5710"}],"curies":[{"name":"wp","href":"https:\/\/api.w.org\/{rel}","templated":true}]}}