{"id":5610,"date":"2022-02-18T10:21:56","date_gmt":"2022-02-18T10:21:56","guid":{"rendered":"http:\/\/ee.mlfmonde.org\/aberdeen-total\/?page_id=5610"},"modified":"2025-01-21T17:36:07","modified_gmt":"2025-01-21T17:36:07","slug":"projet-detablissement","status":"publish","type":"page","link":"https:\/\/ee.mlfmonde.org\/aberdeen-total\/projet-detablissement\/","title":{"rendered":"Projet d&rsquo;\u00e9tablissement"},"content":{"rendered":"<p>Vous pourrez t\u00e9l\u00e9charger le projet d&rsquo;\u00e9tablissement ci-dessous.<\/p>\n<p><a href=\"https:\/\/ee.mlfmonde.org\/aberdeen-total\/projet-detablissement\/projet-detablissement-2023-2027\/\" rel=\"attachment wp-att-7029\">Projet d&rsquo;\u00e9tablissement 2023-2027<\/a><\/p>\n<p><a href=\"http:\/\/ee.mlfmonde.org\/aberdeen-total\/wp-content\/uploads\/sites\/8\/2022\/02\/PE-2019-2023_Ecole-Total-Aberdeen.pdf\">Projet d&rsquo;\u00e9tablissement 2019-2023<\/a><\/p>\n\n\n<p><\/p>\n","protected":false},"excerpt":{"rendered":"<p>Vous pourrez t\u00e9l\u00e9charger le projet d&rsquo;\u00e9tablissement ci-dessous. Projet d&rsquo;\u00e9tablissement 2023-2027 Projet d&rsquo;\u00e9tablissement 2019-2023<\/p>\n","protected":false},"author":156,"featured_media":0,"parent":0,"menu_order":0,"comment_status":"closed","ping_status":"closed","template":"","meta":{"_acf_changed":false,"footnotes":""},"class_list":["post-5610","page","type-page","status-publish","czr-hentry"],"acf":[],"_links":{"self":[{"href":"https:\/\/ee.mlfmonde.org\/aberdeen-total\/wp-json\/wp\/v2\/pages\/5610","targetHints":{"allow":["GET"]}}],"collection":[{"href":"https:\/\/ee.mlfmonde.org\/aberdeen-total\/wp-json\/wp\/v2\/pages"}],"about":[{"href":"https:\/\/ee.mlfmonde.org\/aberdeen-total\/wp-json\/wp\/v2\/types\/page"}],"author":[{"embeddable":true,"href":"https:\/\/ee.mlfmonde.org\/aberdeen-total\/wp-json\/wp\/v2\/users\/156"}],"replies":[{"embeddable":true,"href":"https:\/\/ee.mlfmonde.org\/aberdeen-total\/wp-json\/wp\/v2\/comments?post=5610"}],"version-history":[{"count":2,"href":"https:\/\/ee.mlfmonde.org\/aberdeen-total\/wp-json\/wp\/v2\/pages\/5610\/revisions"}],"predecessor-version":[{"id":7030,"href":"https:\/\/ee.mlfmonde.org\/aberdeen-total\/wp-json\/wp\/v2\/pages\/5610\/revisions\/7030"}],"wp:attachment":[{"href":"https:\/\/ee.mlfmonde.org\/aberdeen-total\/wp-json\/wp\/v2\/media?parent=5610"}],"curies":[{"name":"wp","href":"https:\/\/api.w.org\/{rel}","templated":true}]}}