{"id":4884,"date":"2020-11-19T16:40:39","date_gmt":"2020-11-19T16:40:39","guid":{"rendered":"http:\/\/ee.mlfmonde.org\/aberdeen-total\/?page_id=4884"},"modified":"2025-08-08T10:46:46","modified_gmt":"2025-08-08T09:46:46","slug":"paroles-deleves","status":"publish","type":"page","link":"https:\/\/ee.mlfmonde.org\/aberdeen-total\/paroles-deleves\/","title":{"rendered":"T\u00e9moignages !"},"content":{"rendered":"<p>D\u00e9couvrez ici quelques t\u00e9moignages de nos anciennes familles !<\/p>\n<p>Merci \u00e0 elles !<\/p>\n<div style=\"width: 1140px;\" class=\"wp-video\"><!--[if lt IE 9]><script>document.createElement('video');<\/script><![endif]-->\n<video class=\"wp-video-shortcode\" id=\"video-4884-1\" width=\"1140\" height=\"641\" preload=\"metadata\" controls=\"controls\"><source type=\"video\/mp4\" src=\"http:\/\/ee.mlfmonde.org\/aberdeen-total\/wp-content\/uploads\/sites\/8\/2021\/04\/T\u00e9moignage-famille.mp4?_=1\" \/><a href=\"http:\/\/ee.mlfmonde.org\/aberdeen-total\/wp-content\/uploads\/sites\/8\/2021\/04\/T\u00e9moignage-famille.mp4\">http:\/\/ee.mlfmonde.org\/aberdeen-total\/wp-content\/uploads\/sites\/8\/2021\/04\/T\u00e9moignage-famille.mp4<\/a><\/video><\/div>\n<p>&nbsp;<\/p>\n<p><a href=\"http:\/\/ee.mlfmonde.org\/aberdeen-total\/wp-content\/uploads\/sites\/8\/2021\/06\/1.png\"><img fetchpriority=\"high\" decoding=\"async\" class=\"aligncenter size-full wp-image-5417\" src=\"http:\/\/ee.mlfmonde.org\/aberdeen-total\/wp-content\/uploads\/sites\/8\/2021\/06\/1.png\" alt=\"\" width=\"2000\" height=\"1414\" srcset=\"https:\/\/ee.mlfmonde.org\/aberdeen-total\/wp-content\/uploads\/sites\/8\/2021\/06\/1.png 2000w, https:\/\/ee.mlfmonde.org\/aberdeen-total\/wp-content\/uploads\/sites\/8\/2021\/06\/1-300x212.png 300w, https:\/\/ee.mlfmonde.org\/aberdeen-total\/wp-content\/uploads\/sites\/8\/2021\/06\/1-768x543.png 768w, https:\/\/ee.mlfmonde.org\/aberdeen-total\/wp-content\/uploads\/sites\/8\/2021\/06\/1-1024x724.png 1024w, https:\/\/ee.mlfmonde.org\/aberdeen-total\/wp-content\/uploads\/sites\/8\/2021\/06\/1-570x403.png 570w\" sizes=\"(max-width: 2000px) 100vw, 2000px\" \/><\/a> <a href=\"http:\/\/ee.mlfmonde.org\/aberdeen-total\/wp-content\/uploads\/sites\/8\/2021\/06\/2.png\"><img decoding=\"async\" class=\"aligncenter size-full wp-image-5418\" src=\"http:\/\/ee.mlfmonde.org\/aberdeen-total\/wp-content\/uploads\/sites\/8\/2021\/06\/2.png\" alt=\"\" width=\"2000\" height=\"1414\" srcset=\"https:\/\/ee.mlfmonde.org\/aberdeen-total\/wp-content\/uploads\/sites\/8\/2021\/06\/2.png 2000w, https:\/\/ee.mlfmonde.org\/aberdeen-total\/wp-content\/uploads\/sites\/8\/2021\/06\/2-300x212.png 300w, https:\/\/ee.mlfmonde.org\/aberdeen-total\/wp-content\/uploads\/sites\/8\/2021\/06\/2-768x543.png 768w, https:\/\/ee.mlfmonde.org\/aberdeen-total\/wp-content\/uploads\/sites\/8\/2021\/06\/2-1024x724.png 1024w, https:\/\/ee.mlfmonde.org\/aberdeen-total\/wp-content\/uploads\/sites\/8\/2021\/06\/2-570x403.png 570w\" sizes=\"(max-width: 2000px) 100vw, 2000px\" \/><\/a><\/p>\n<p>&nbsp;<\/p>\n<p><img decoding=\"async\" class=\"aligncenter size-full wp-image-4987\" src=\"http:\/\/ee.mlfmonde.org\/aberdeen-total\/wp-content\/uploads\/sites\/8\/2020\/12\/1.png\" alt=\"\" width=\"2000\" height=\"1414\" srcset=\"https:\/\/ee.mlfmonde.org\/aberdeen-total\/wp-content\/uploads\/sites\/8\/2020\/12\/1.png 2000w, https:\/\/ee.mlfmonde.org\/aberdeen-total\/wp-content\/uploads\/sites\/8\/2020\/12\/1-300x212.png 300w, https:\/\/ee.mlfmonde.org\/aberdeen-total\/wp-content\/uploads\/sites\/8\/2020\/12\/1-768x543.png 768w, https:\/\/ee.mlfmonde.org\/aberdeen-total\/wp-content\/uploads\/sites\/8\/2020\/12\/1-1024x724.png 1024w, https:\/\/ee.mlfmonde.org\/aberdeen-total\/wp-content\/uploads\/sites\/8\/2020\/12\/1-570x403.png 570w\" sizes=\"(max-width: 2000px) 100vw, 2000px\" \/> <img loading=\"lazy\" decoding=\"async\" class=\"aligncenter size-full wp-image-4988\" src=\"http:\/\/ee.mlfmonde.org\/aberdeen-total\/wp-content\/uploads\/sites\/8\/2020\/12\/2.png\" alt=\"\" width=\"2000\" height=\"1414\" srcset=\"https:\/\/ee.mlfmonde.org\/aberdeen-total\/wp-content\/uploads\/sites\/8\/2020\/12\/2.png 2000w, https:\/\/ee.mlfmonde.org\/aberdeen-total\/wp-content\/uploads\/sites\/8\/2020\/12\/2-300x212.png 300w, https:\/\/ee.mlfmonde.org\/aberdeen-total\/wp-content\/uploads\/sites\/8\/2020\/12\/2-768x543.png 768w, https:\/\/ee.mlfmonde.org\/aberdeen-total\/wp-content\/uploads\/sites\/8\/2020\/12\/2-1024x724.png 1024w, https:\/\/ee.mlfmonde.org\/aberdeen-total\/wp-content\/uploads\/sites\/8\/2020\/12\/2-570x403.png 570w\" sizes=\"(max-width: 2000px) 100vw, 2000px\" \/><\/p>\n<p>&nbsp;<\/p>\n<p>&nbsp;<\/p>\n<p><img loading=\"lazy\" decoding=\"async\" class=\"aligncenter size-full wp-image-4990\" src=\"http:\/\/ee.mlfmonde.org\/aberdeen-total\/wp-content\/uploads\/sites\/8\/2020\/12\/4.png\" alt=\"\" width=\"2000\" height=\"1414\" srcset=\"https:\/\/ee.mlfmonde.org\/aberdeen-total\/wp-content\/uploads\/sites\/8\/2020\/12\/4.png 2000w, https:\/\/ee.mlfmonde.org\/aberdeen-total\/wp-content\/uploads\/sites\/8\/2020\/12\/4-300x212.png 300w, https:\/\/ee.mlfmonde.org\/aberdeen-total\/wp-content\/uploads\/sites\/8\/2020\/12\/4-768x543.png 768w, https:\/\/ee.mlfmonde.org\/aberdeen-total\/wp-content\/uploads\/sites\/8\/2020\/12\/4-1024x724.png 1024w, https:\/\/ee.mlfmonde.org\/aberdeen-total\/wp-content\/uploads\/sites\/8\/2020\/12\/4-570x403.png 570w\" sizes=\"(max-width: 2000px) 100vw, 2000px\" \/><\/p>\n<p>&nbsp;<\/p>\n<p>&nbsp;<\/p>\n<p>&nbsp;<\/p>\n<p><img loading=\"lazy\" decoding=\"async\" class=\"aligncenter size-full wp-image-4989\" src=\"http:\/\/ee.mlfmonde.org\/aberdeen-total\/wp-content\/uploads\/sites\/8\/2020\/12\/3.png\" alt=\"\" width=\"2000\" height=\"1414\" srcset=\"https:\/\/ee.mlfmonde.org\/aberdeen-total\/wp-content\/uploads\/sites\/8\/2020\/12\/3.png 2000w, https:\/\/ee.mlfmonde.org\/aberdeen-total\/wp-content\/uploads\/sites\/8\/2020\/12\/3-300x212.png 300w, https:\/\/ee.mlfmonde.org\/aberdeen-total\/wp-content\/uploads\/sites\/8\/2020\/12\/3-768x543.png 768w, https:\/\/ee.mlfmonde.org\/aberdeen-total\/wp-content\/uploads\/sites\/8\/2020\/12\/3-1024x724.png 1024w, https:\/\/ee.mlfmonde.org\/aberdeen-total\/wp-content\/uploads\/sites\/8\/2020\/12\/3-570x403.png 570w\" sizes=\"(max-width: 2000px) 100vw, 2000px\" \/><\/p>\n<p>&nbsp;<\/p>\n\n","protected":false},"excerpt":{"rendered":"<p>D\u00e9couvrez ici quelques t\u00e9moignages de nos anciennes familles ! Merci \u00e0 elles ! &nbsp; &nbsp; &nbsp; &nbsp; &nbsp; &nbsp; &nbsp; &nbsp;<\/p>\n","protected":false},"author":156,"featured_media":7336,"parent":0,"menu_order":0,"comment_status":"closed","ping_status":"closed","template":"","meta":{"_acf_changed":false,"footnotes":""},"class_list":["post-4884","page","type-page","status-publish","has-post-thumbnail","czr-hentry"],"acf":[],"_links":{"self":[{"href":"https:\/\/ee.mlfmonde.org\/aberdeen-total\/wp-json\/wp\/v2\/pages\/4884","targetHints":{"allow":["GET"]}}],"collection":[{"href":"https:\/\/ee.mlfmonde.org\/aberdeen-total\/wp-json\/wp\/v2\/pages"}],"about":[{"href":"https:\/\/ee.mlfmonde.org\/aberdeen-total\/wp-json\/wp\/v2\/types\/page"}],"author":[{"embeddable":true,"href":"https:\/\/ee.mlfmonde.org\/aberdeen-total\/wp-json\/wp\/v2\/users\/156"}],"replies":[{"embeddable":true,"href":"https:\/\/ee.mlfmonde.org\/aberdeen-total\/wp-json\/wp\/v2\/comments?post=4884"}],"version-history":[{"count":5,"href":"https:\/\/ee.mlfmonde.org\/aberdeen-total\/wp-json\/wp\/v2\/pages\/4884\/revisions"}],"predecessor-version":[{"id":5419,"href":"https:\/\/ee.mlfmonde.org\/aberdeen-total\/wp-json\/wp\/v2\/pages\/4884\/revisions\/5419"}],"wp:featuredmedia":[{"embeddable":true,"href":"https:\/\/ee.mlfmonde.org\/aberdeen-total\/wp-json\/wp\/v2\/media\/7336"}],"wp:attachment":[{"href":"https:\/\/ee.mlfmonde.org\/aberdeen-total\/wp-json\/wp\/v2\/media?parent=4884"}],"curies":[{"name":"wp","href":"https:\/\/api.w.org\/{rel}","templated":true}]}}