{"id":290,"date":"2015-11-06T14:46:40","date_gmt":"2015-11-06T14:46:40","guid":{"rendered":"http:\/\/ee.mlfmonde.org\/aberdeen-total\/?page_id=290"},"modified":"2025-08-08T11:09:32","modified_gmt":"2025-08-08T10:09:32","slug":"orientation","status":"publish","type":"page","link":"https:\/\/ee.mlfmonde.org\/aberdeen-total\/orientation\/","title":{"rendered":"Orientation"},"content":{"rendered":"<h2 style=\"text-align: center\"><span style=\"color: #0000ff\"><strong>L&rsquo;orientation est une \u00e9tape cl\u00e9 de la scolarit\u00e9<\/strong><\/span><\/h2>\n<p>Pour vous aider dans vos d\u00e9marches et vous permettre d&rsquo;obtenir des informations pertinentes, vous trouverez ci-dessous des liens vers des sites sp\u00e9cialis\u00e9s dans l&rsquo;orientation.<\/p>\n<table style=\"height: 395px\" width=\"719\">\n<tbody>\n<tr>\n<td width=\"234\"><a href=\"http:\/\/www.onisep.fr\/\"><img decoding=\"async\" class=\"alignnone wp-image-202\" src=\"http:\/\/ee.mlfmonde.org\/aberdeen-total\/wp-content\/uploads\/sites\/8\/2015\/10\/logo-ONISEP.jpg\" alt=\"logo ONISEP\" width=\"150\" height=\"183\" \/><\/a><\/td>\n<td width=\"478\"><strong><a href=\"http:\/\/www.onisep.fr\/\" target=\"_blank\" rel=\"noopener\">L\u2019ONISEP<\/a><\/strong>L\u2019Onisep (office national d\u2019information sur les enseignements et les professions) est un \u00e9tablissement public qui d\u00e9pend des minist\u00e8res de l\u2019\u00c9ducation nationale et de l\u2019Enseignement sup\u00e9rieur et de la Recherche. \u00c9diteur public, l\u2019Onisep produit et diffuse toute l\u2019information sur les formations et les m\u00e9tiers.<\/p>\n<p>D\u00e9couvrez ici le dernier guide !<\/p>\n<p><a href=\"https:\/\/www.onisep.fr\/orientation\/le-college\/apres-la-3-telechargez-le-guide-gratuit\">https:\/\/www.onisep.fr\/orientation\/le-college\/apres-la-3-telechargez-le-guide-gratuit<\/a><\/td>\n<\/tr>\n<tr>\n<td width=\"234\"><\/td>\n<td width=\"478\"><\/td>\n<\/tr>\n<tr>\n<td width=\"234\"><\/td>\n<td width=\"478\"><\/td>\n<\/tr>\n<tr>\n<td width=\"234\"><\/td>\n<td width=\"478\"><\/td>\n<\/tr>\n<tr>\n<td width=\"234\"><\/td>\n<td width=\"478\"><\/td>\n<\/tr>\n<\/tbody>\n<\/table>\n","protected":false},"excerpt":{"rendered":"<p>L&rsquo;orientation est une \u00e9tape cl\u00e9 de la scolarit\u00e9 Pour vous aider dans vos d\u00e9marches et vous permettre d&rsquo;obtenir des informations pertinentes, vous trouverez ci-dessous des liens vers des sites sp\u00e9cialis\u00e9s dans l&rsquo;orientation. L\u2019ONISEPL\u2019Onisep (office national d\u2019information sur les enseignements et les professions) est un \u00e9tablissement public qui d\u00e9pend des minist\u00e8res de l\u2019\u00c9ducation nationale et de [&hellip;]<\/p>\n","protected":false},"author":36,"featured_media":0,"parent":0,"menu_order":0,"comment_status":"closed","ping_status":"closed","template":"","meta":{"_acf_changed":false,"footnotes":""},"class_list":["post-290","page","type-page","status-publish","czr-hentry"],"acf":[],"_links":{"self":[{"href":"https:\/\/ee.mlfmonde.org\/aberdeen-total\/wp-json\/wp\/v2\/pages\/290","targetHints":{"allow":["GET"]}}],"collection":[{"href":"https:\/\/ee.mlfmonde.org\/aberdeen-total\/wp-json\/wp\/v2\/pages"}],"about":[{"href":"https:\/\/ee.mlfmonde.org\/aberdeen-total\/wp-json\/wp\/v2\/types\/page"}],"author":[{"embeddable":true,"href":"https:\/\/ee.mlfmonde.org\/aberdeen-total\/wp-json\/wp\/v2\/users\/36"}],"replies":[{"embeddable":true,"href":"https:\/\/ee.mlfmonde.org\/aberdeen-total\/wp-json\/wp\/v2\/comments?post=290"}],"version-history":[{"count":19,"href":"https:\/\/ee.mlfmonde.org\/aberdeen-total\/wp-json\/wp\/v2\/pages\/290\/revisions"}],"predecessor-version":[{"id":7357,"href":"https:\/\/ee.mlfmonde.org\/aberdeen-total\/wp-json\/wp\/v2\/pages\/290\/revisions\/7357"}],"wp:attachment":[{"href":"https:\/\/ee.mlfmonde.org\/aberdeen-total\/wp-json\/wp\/v2\/media?parent=290"}],"curies":[{"name":"wp","href":"https:\/\/api.w.org\/{rel}","templated":true}]}}