{"id":215,"date":"2015-11-02T17:36:47","date_gmt":"2015-11-02T17:36:47","guid":{"rendered":"http:\/\/ee.mlfmonde.org\/aberdeen-total\/?page_id=215"},"modified":"2021-04-22T15:28:28","modified_gmt":"2021-04-22T14:28:28","slug":"pedagogie","status":"publish","type":"page","link":"https:\/\/ee.mlfmonde.org\/aberdeen-total\/pedagogie\/","title":{"rendered":"P\u00e9dagogie"},"content":{"rendered":"<p>Sur cette page, vous trouver des liens vers :<\/p>\n<ul>\n<li>Notre page<a href=\"http:\/\/ee.mlfmonde.org\/aberdeen-total\/orientation\/\"> orientation<\/a> ;<\/li>\n<li>Vers<a href=\"http:\/\/eduscol.education.fr\/\" target=\"_blank\" rel=\"noopener\"> EDUSCOL, le portail du minist\u00e8re de l&rsquo;\u00e9ducation nationale<\/a> ;<\/li>\n<li>Vers la page d&rsquo;accueil du<a href=\"http:\/\/preparer-assr.education-securite-routiere.fr\/\" target=\"_blank\" rel=\"noopener\"> site officiel de pr\u00e9paration \u00e0 l&rsquo;ASSR<\/a> (Attestation Scolaire de S\u00e9curit\u00e9 Routi\u00e8re).<\/li>\n<\/ul>\n\n","protected":false},"excerpt":{"rendered":"<p>Sur cette page, vous trouver des liens vers : Notre page orientation ; Vers EDUSCOL, le portail du minist\u00e8re de l&rsquo;\u00e9ducation nationale ; Vers la page d&rsquo;accueil du site officiel de pr\u00e9paration \u00e0 l&rsquo;ASSR (Attestation Scolaire de S\u00e9curit\u00e9 Routi\u00e8re).<\/p>\n","protected":false},"author":36,"featured_media":0,"parent":0,"menu_order":0,"comment_status":"closed","ping_status":"closed","template":"","meta":{"_acf_changed":false,"footnotes":""},"class_list":["post-215","page","type-page","status-publish","czr-hentry"],"acf":[],"_links":{"self":[{"href":"https:\/\/ee.mlfmonde.org\/aberdeen-total\/wp-json\/wp\/v2\/pages\/215","targetHints":{"allow":["GET"]}}],"collection":[{"href":"https:\/\/ee.mlfmonde.org\/aberdeen-total\/wp-json\/wp\/v2\/pages"}],"about":[{"href":"https:\/\/ee.mlfmonde.org\/aberdeen-total\/wp-json\/wp\/v2\/types\/page"}],"author":[{"embeddable":true,"href":"https:\/\/ee.mlfmonde.org\/aberdeen-total\/wp-json\/wp\/v2\/users\/36"}],"replies":[{"embeddable":true,"href":"https:\/\/ee.mlfmonde.org\/aberdeen-total\/wp-json\/wp\/v2\/comments?post=215"}],"version-history":[{"count":5,"href":"https:\/\/ee.mlfmonde.org\/aberdeen-total\/wp-json\/wp\/v2\/pages\/215\/revisions"}],"predecessor-version":[{"id":5215,"href":"https:\/\/ee.mlfmonde.org\/aberdeen-total\/wp-json\/wp\/v2\/pages\/215\/revisions\/5215"}],"wp:attachment":[{"href":"https:\/\/ee.mlfmonde.org\/aberdeen-total\/wp-json\/wp\/v2\/media?parent=215"}],"curies":[{"name":"wp","href":"https:\/\/api.w.org\/{rel}","templated":true}]}}