{"id":150,"date":"2015-10-29T20:15:11","date_gmt":"2015-10-29T20:15:11","guid":{"rendered":"http:\/\/ee.mlfmonde.org\/aberdeen-total\/?page_id=150"},"modified":"2025-08-06T15:33:57","modified_gmt":"2025-08-06T14:33:57","slug":"administration","status":"publish","type":"page","link":"https:\/\/ee.mlfmonde.org\/aberdeen-total\/administration\/","title":{"rendered":"Administration"},"content":{"rendered":"<p>Pour tout renseignement , contacter la Direction de l&rsquo;\u00e9tablissement :<\/p>\n<p>T\u00e9l\u00e9phone : 0044 (0)1 224 329 884<\/p>\n<p>Mail :\u00a0<a href=\"mailto:direction.aberdeen@mlfmonde.org\">direction.aberdeen@mlfmonde.org<\/a> \u00a0\u00a0 \u00a0\u00a0 \u00a0\u00a0<a href=\"mailto:frenchschool@albynschool.org\">frenchschool@albynschool.org<\/a><\/p>\n\n","protected":false},"excerpt":{"rendered":"<p>Pour tout renseignement , contacter la Direction de l&rsquo;\u00e9tablissement : T\u00e9l\u00e9phone : 0044 (0)1 224 329 884 Mail :\u00a0direction.aberdeen@mlfmonde.org \u00a0\u00a0 \u00a0\u00a0 \u00a0\u00a0frenchschool@albynschool.org<\/p>\n","protected":false},"author":36,"featured_media":0,"parent":0,"menu_order":0,"comment_status":"closed","ping_status":"closed","template":"","meta":{"_acf_changed":false,"footnotes":""},"class_list":["post-150","page","type-page","status-publish","czr-hentry"],"acf":[],"_links":{"self":[{"href":"https:\/\/ee.mlfmonde.org\/aberdeen-total\/wp-json\/wp\/v2\/pages\/150","targetHints":{"allow":["GET"]}}],"collection":[{"href":"https:\/\/ee.mlfmonde.org\/aberdeen-total\/wp-json\/wp\/v2\/pages"}],"about":[{"href":"https:\/\/ee.mlfmonde.org\/aberdeen-total\/wp-json\/wp\/v2\/types\/page"}],"author":[{"embeddable":true,"href":"https:\/\/ee.mlfmonde.org\/aberdeen-total\/wp-json\/wp\/v2\/users\/36"}],"replies":[{"embeddable":true,"href":"https:\/\/ee.mlfmonde.org\/aberdeen-total\/wp-json\/wp\/v2\/comments?post=150"}],"version-history":[{"count":16,"href":"https:\/\/ee.mlfmonde.org\/aberdeen-total\/wp-json\/wp\/v2\/pages\/150\/revisions"}],"predecessor-version":[{"id":7328,"href":"https:\/\/ee.mlfmonde.org\/aberdeen-total\/wp-json\/wp\/v2\/pages\/150\/revisions\/7328"}],"wp:attachment":[{"href":"https:\/\/ee.mlfmonde.org\/aberdeen-total\/wp-json\/wp\/v2\/media?parent=150"}],"curies":[{"name":"wp","href":"https:\/\/api.w.org\/{rel}","templated":true}]}}